{"id":3821,"date":"2025-04-02T16:43:54","date_gmt":"2025-04-02T08:43:54","guid":{"rendered":"https:\/\/www.woseal.com\/?post_type=product&#038;p=3821"},"modified":"2025-04-11T11:26:57","modified_gmt":"2025-04-11T03:26:57","slug":"cbs-011-high-security-logistics-wire-seal-quality-anti-theft-wire-cable-for-truck-container-sealing-strip-cable-tag","status":"publish","type":"product","link":"https:\/\/www.woseal.com\/fr\/produit\/cbs-011-high-security-logistics-wire-seal-quality-anti-theft-wire-cable-for-truck-container-sealing-strip-cable-tag","title":{"rendered":"CBS-011 Scell\u00e9 de haute s\u00e9curit\u00e9 pour logistique C\u00e2ble de qualit\u00e9 antivol pour camion, conteneur, bande de scellage, \u00e9tiquette de c\u00e2ble"},"content":{"rendered":"<table class=\"has-title all magic-7\">\n<tbody>\n<tr>\n<td colspan=\"1\" rowspan=\"1\">\n<div class=\"magic-8\" data-spm-anchor-id=\"a2700.details.0.i75.6c4610dfKxytoo\">Nom<\/div>\n<\/td>\n<td colspan=\"1\" rowspan=\"1\">\n<div class=\"magic-9\">CBS-011<\/div>\n<\/td>\n<\/tr>\n<tr>\n<td colspan=\"1\" rowspan=\"1\">\n<div class=\"magic-8\">mat\u00e9riel<\/div>\n<\/td>\n<td colspan=\"1\" rowspan=\"1\">\n<div class=\"magic-9\">ABS, m\u00e9tallurgie des poudres, c\u00e2ble A3, 7*7<\/div>\n<\/td>\n<\/tr>\n<tr>\n<td colspan=\"1\" rowspan=\"1\">\n<div class=\"magic-8\">Taille du corps de serrure<\/div>\n<\/td>\n<td colspan=\"1\" rowspan=\"1\">\n<div class=\"magic-9\">23*18*11mm<\/div>\n<\/td>\n<\/tr>\n<tr>\n<td colspan=\"1\" rowspan=\"1\">\n<div class=\"magic-8\">Diam\u00e8tre<\/div>\n<\/td>\n<td colspan=\"1\" rowspan=\"1\">\n<div class=\"magic-9\">1,8 mm<\/div>\n<\/td>\n<\/tr>\n<tr>\n<td colspan=\"1\" rowspan=\"1\">\n<div class=\"magic-8\">Processus de fabrication<\/div>\n<\/td>\n<td colspan=\"1\" rowspan=\"1\">\n<div class=\"magic-9\">injection\uff0cStampage<\/div>\n<\/td>\n<\/tr>\n<tr>\n<td colspan=\"1\" rowspan=\"1\">\n<div class=\"magic-8\">Couleur<\/div>\n<\/td>\n<td colspan=\"1\" rowspan=\"1\">\n<div class=\"magic-9\">Rouge, jaune, autres, bleu, vert, etc.<\/div>\n<\/td>\n<\/tr>\n<tr>\n<td colspan=\"1\" rowspan=\"1\">\n<div class=\"magic-8\">Mat\u00e9riau du c\u00e2ble<\/div>\n<\/td>\n<td colspan=\"1\" rowspan=\"1\">\n<div class=\"magic-9\">Acier A3<\/div>\n<\/td>\n<\/tr>\n<tr>\n<td colspan=\"1\" rowspan=\"1\">\n<div class=\"magic-8\">Longueur du c\u00e2ble<\/div>\n<\/td>\n<td colspan=\"1\" rowspan=\"1\">\n<div class=\"magic-9\">Longueur 25cm, 30cm, toute longueur peut \u00eatre personnalis\u00e9e.<\/div>\n<\/td>\n<\/tr>\n<tr>\n<td colspan=\"1\" rowspan=\"1\">\n<div class=\"magic-8\">Type d'impression<\/div>\n<\/td>\n<td colspan=\"1\" rowspan=\"1\">\n<div class=\"magic-9\">Marquage laser<\/div>\n<\/td>\n<\/tr>\n<tr>\n<td colspan=\"1\" rowspan=\"1\">\n<div class=\"magic-8\">Marquage des contenus<\/div>\n<\/td>\n<td colspan=\"1\" rowspan=\"1\">\n<div class=\"magic-9\">Chiffres, lettres, marques, codes \u00e0 barres<\/div>\n<\/td>\n<\/tr>\n<tr>\n<td colspan=\"1\" rowspan=\"1\">\n<div class=\"magic-8\">Application<\/div>\n<\/td>\n<td colspan=\"1\" rowspan=\"1\">\n<div class=\"magic-9\">Supermarch\u00e9s, p\u00e9trole, conteneurs, conteneurs ferroviaires, bo\u00eetes de compteurs, portefeuilles bancaires, etc.<\/div>\n<\/td>\n<\/tr>\n<tr>\n<td colspan=\"1\" rowspan=\"1\">\n<div class=\"magic-8\">Emballage<\/div>\n<\/td>\n<td colspan=\"1\" rowspan=\"1\">\n<div class=\"magic-9\">100pcs\/sac en plastique, 1000pcs\/carton, 2000pcs\/carton<\/div>\n<\/td>\n<\/tr>\n<tr>\n<td colspan=\"1\" rowspan=\"1\">\n<div class=\"magic-8\">Certificat d'entreprise<\/div>\n<\/td>\n<td colspan=\"1\" rowspan=\"1\">\n<div class=\"magic-9\">ISO17712,ISO9001,ISO14001,ISO45001<\/div>\n<\/td>\n<\/tr>\n<\/tbody>\n<\/table>\n<p>Am\u00e9liorez la s\u00e9curit\u00e9 de la cha\u00eene d'approvisionnement avec le scell\u00e9 \u00e0 fil logistique de haute s\u00e9curit\u00e9 CBS-011, con\u00e7u pour offrir une protection antivol in\u00e9gal\u00e9e pour les conteneurs de camions, les remorques de fret et la logistique du fret. Dot\u00e9 d'un c\u00e2ble en acier renforc\u00e9 et d'un m\u00e9canisme de verrouillage moul\u00e9 avec pr\u00e9cision, ce scell\u00e9 inviolable r\u00e9siste aux coupures, \u00e0 la corrosion et aux conditions environnementales difficiles, garantissant ainsi son int\u00e9grit\u00e9 pendant le transport. La conception \u00e0 double couche du CBS-011 associe une bande de scellage durable \u00e0 une \u00e9tiquette de c\u00e2ble personnalisable, offrant des alertes visuelles claires en cas d'alt\u00e9ration et une identification unique gr\u00e2ce \u00e0 des num\u00e9ros de s\u00e9rie grav\u00e9s au laser. Id\u00e9al pour les industries \u00e0 haut risque comme les produits pharmaceutiques, l'\u00e9lectronique et les exp\u00e9ditions transfrontali\u00e8res, il est conforme aux normes ISO 17712 et prend en charge la personnalisation de la marque. Faites confiance au CBS-011 pour s\u00e9curiser vos biens, dissuader les vols et rationaliser les audits de conformit\u00e9.<\/p>","protected":false},"excerpt":{"rendered":"<p>Le scell\u00e9 m\u00e9tallique de haute s\u00e9curit\u00e9 CBS-011 prot\u00e8ge les conteneurs de camions avec des c\u00e2bles en acier antivol, des \u00e9tiquettes inviolables et une durabilit\u00e9 conforme \u00e0 la norme ISO. Il est parfait pour la logistique, le fret et la protection des cargaisons.<\/p>","protected":false},"featured_media":3822,"template":"","meta":[],"product_brand":[],"product_cat":[168],"product_tag":[278,279,280,281,282,283,284,285,286,287],"class_list":{"0":"post-3821","1":"product","2":"type-product","3":"status-publish","4":"has-post-thumbnail","6":"product_cat-cable-seal","7":"product_tag-cbs-011-high-security-wire-seal","8":"product_tag-anti-theft-logistics-cable-seal","9":"product_tag-truck-container-security-locks","10":"product_tag-tamper-evident-cargo-seals","11":"product_tag-iso-17712-compliant-seals","12":"product_tag-reinforced-steel-wire-cable","13":"product_tag-logistics-sealing-strip-tags","14":"product_tag-freight-trailer-security-seals","15":"product_tag-customizable-cable-tags","16":"product_tag-supply-chain-anti-tampering-solutions","18":"first","19":"instock","20":"shipping-taxable","21":"product-type-simple"},"_links":{"self":[{"href":"https:\/\/www.woseal.com\/fr\/wp-json\/wp\/v2\/product\/3821","targetHints":{"allow":["GET"]}}],"collection":[{"href":"https:\/\/www.woseal.com\/fr\/wp-json\/wp\/v2\/product"}],"about":[{"href":"https:\/\/www.woseal.com\/fr\/wp-json\/wp\/v2\/types\/product"}],"version-history":[{"count":1,"href":"https:\/\/www.woseal.com\/fr\/wp-json\/wp\/v2\/product\/3821\/revisions"}],"predecessor-version":[{"id":3830,"href":"https:\/\/www.woseal.com\/fr\/wp-json\/wp\/v2\/product\/3821\/revisions\/3830"}],"wp:featuredmedia":[{"embeddable":true,"href":"https:\/\/www.woseal.com\/fr\/wp-json\/wp\/v2\/media\/3822"}],"wp:attachment":[{"href":"https:\/\/www.woseal.com\/fr\/wp-json\/wp\/v2\/media?parent=3821"}],"wp:term":[{"taxonomy":"product_brand","embeddable":true,"href":"https:\/\/www.woseal.com\/fr\/wp-json\/wp\/v2\/product_brand?post=3821"},{"taxonomy":"product_cat","embeddable":true,"href":"https:\/\/www.woseal.com\/fr\/wp-json\/wp\/v2\/product_cat?post=3821"},{"taxonomy":"product_tag","embeddable":true,"href":"https:\/\/www.woseal.com\/fr\/wp-json\/wp\/v2\/product_tag?post=3821"}],"curies":[{"name":"wp","href":"https:\/\/api.w.org\/{rel}","templated":true}]}}