{"id":3831,"date":"2025-04-02T17:11:26","date_gmt":"2025-04-02T09:11:26","guid":{"rendered":"https:\/\/www.woseal.com\/?post_type=product&#038;p=3831"},"modified":"2025-04-02T17:11:30","modified_gmt":"2025-04-02T09:11:30","slug":"cbs-012-newly-designed-double-lock-tension-steel-wire-seal-with-dual-anti-theft-truck-cable-seal","status":"publish","type":"product","link":"https:\/\/www.woseal.com\/fr\/produit\/cbs-012-newly-designed-double-lock-tension-steel-wire-seal-with-dual-anti-theft-truck-cable-seal","title":{"rendered":"CBS-012 Scell\u00e9 en fil d'acier \u00e0 double verrouillage et tension, de conception nouvelle, avec double scell\u00e9 antivol pour c\u00e2ble de camion"},"content":{"rendered":"<table class=\"has-title all magic-7\">\n<tbody>\n<tr>\n<td colspan=\"1\" rowspan=\"1\">\n<div class=\"magic-8\" data-spm-anchor-id=\"a2700.details.0.i73.1eb26e23uJQgG6\">Nom<\/div>\n<\/td>\n<td colspan=\"1\" rowspan=\"1\">\n<div class=\"magic-9\">CBS-012<\/div>\n<\/td>\n<\/tr>\n<tr>\n<td colspan=\"1\" rowspan=\"1\">\n<div class=\"magic-8\">mat\u00e9riel<\/div>\n<\/td>\n<td colspan=\"1\" rowspan=\"1\">\n<div class=\"magic-9\">C\u00e2ble ABS, A3<\/div>\n<\/td>\n<\/tr>\n<tr>\n<td colspan=\"1\" rowspan=\"1\">\n<div class=\"magic-8\">Taille du corps de serrure<\/div>\n<\/td>\n<td colspan=\"1\" rowspan=\"1\">\n<div class=\"magic-9\">300*28*10mm<\/div>\n<\/td>\n<\/tr>\n<tr>\n<td colspan=\"1\" rowspan=\"1\">\n<div class=\"magic-8\">Diam\u00e8tre<\/div>\n<\/td>\n<td colspan=\"1\" rowspan=\"1\">\n<div class=\"magic-9\">2,2 mm<\/div>\n<\/td>\n<\/tr>\n<tr>\n<td colspan=\"1\" rowspan=\"1\">\n<div class=\"magic-8\">Processus de fabrication<\/div>\n<\/td>\n<td colspan=\"1\" rowspan=\"1\">\n<div class=\"magic-9\">injection\uff0cStampage<\/div>\n<\/td>\n<\/tr>\n<tr>\n<td colspan=\"1\" rowspan=\"1\">\n<div class=\"magic-8\">Couleur<\/div>\n<\/td>\n<td colspan=\"1\" rowspan=\"1\">\n<div class=\"magic-9\">Rouge, jaune, blanc, bleu, vert, etc.<\/div>\n<\/td>\n<\/tr>\n<tr>\n<td colspan=\"1\" rowspan=\"1\">\n<div class=\"magic-8\">Mat\u00e9riau du c\u00e2ble<\/div>\n<\/td>\n<td colspan=\"1\" rowspan=\"1\">\n<div class=\"magic-9\">Acier A3<\/div>\n<\/td>\n<\/tr>\n<tr>\n<td colspan=\"1\" rowspan=\"1\">\n<div class=\"magic-8\">Longueur du c\u00e2ble<\/div>\n<\/td>\n<td colspan=\"1\" rowspan=\"1\">\n<div class=\"magic-9\">Longueur 25cm, 30cm, toute longueur peut \u00eatre personnalis\u00e9e.<\/div>\n<\/td>\n<\/tr>\n<tr>\n<td colspan=\"1\" rowspan=\"1\">\n<div class=\"magic-8\">Type d'impression<\/div>\n<\/td>\n<td colspan=\"1\" rowspan=\"1\">\n<div class=\"magic-9\">Marquage laser<\/div>\n<\/td>\n<\/tr>\n<tr>\n<td colspan=\"1\" rowspan=\"1\">\n<div class=\"magic-8\">Marquage des contenus<\/div>\n<\/td>\n<td colspan=\"1\" rowspan=\"1\">\n<div class=\"magic-9\">Chiffres, lettres, marques, codes \u00e0 barres<\/div>\n<\/td>\n<\/tr>\n<tr>\n<td colspan=\"1\" rowspan=\"1\">\n<div class=\"magic-8\">Application<\/div>\n<\/td>\n<td colspan=\"1\" rowspan=\"1\">\n<div class=\"magic-9\">Supermarch\u00e9s, p\u00e9trole, conteneurs, conteneurs ferroviaires, bo\u00eetes de compteurs, portefeuilles bancaires, etc.<\/div>\n<\/td>\n<\/tr>\n<tr>\n<td colspan=\"1\" rowspan=\"1\">\n<div class=\"magic-8\">Emballage<\/div>\n<\/td>\n<td colspan=\"1\" rowspan=\"1\">\n<div class=\"magic-9\">100pcs\/sac en plastique, 1000pcs\/carton, 2000pcs\/carton<\/div>\n<\/td>\n<\/tr>\n<tr>\n<td colspan=\"1\" rowspan=\"1\">\n<div class=\"magic-8\">Certificat d'entreprise<\/div>\n<\/td>\n<td colspan=\"1\" rowspan=\"1\">\n<div class=\"magic-9\">ISO17712,ISO9001,ISO14001,ISO45001<\/div>\n<\/td>\n<\/tr>\n<\/tbody>\n<\/table>\n<p>Am\u00e9liorez la s\u00e9curit\u00e9 de votre cargaison avec le scell\u00e9 en fil d'acier \u00e0 double verrouillage CBS-012, une solution antivol de pointe con\u00e7ue pour une fiabilit\u00e9 maximale dans les camions, les conteneurs et les applications logistiques de grande valeur. Dot\u00e9 d'un\u00a0<strong>m\u00e9canisme \u00e0 double verrouillage<\/strong>\u00a0Gr\u00e2ce \u00e0 son c\u00e2ble en acier r\u00e9sistant \u00e0 la corrosion et \u00e0 sa construction en fil d'acier renforc\u00e9, ce scell\u00e9 offre une r\u00e9sistance \u00e0 l'effraction \u00e0 deux niveaux, emp\u00eachant tout acc\u00e8s non autoris\u00e9, m\u00eame en cas de tension extr\u00eame ou de tentatives de d\u00e9coupage. Le c\u00e2ble en acier r\u00e9sistant \u00e0 la corrosion et la t\u00eate de verrouillage moul\u00e9e avec pr\u00e9cision garantissent la durabilit\u00e9 dans des conditions m\u00e9t\u00e9orologiques difficiles, tandis que le scell\u00e9 \u00e0 double couche emp\u00eache l'acc\u00e8s non autoris\u00e9, m\u00eame en cas de tension extr\u00eame.\u00a0<strong>conception \u00e0 tension contr\u00f4l\u00e9e<\/strong>\u00a0maintient l'int\u00e9grit\u00e9 de l'\u00e9tanch\u00e9it\u00e9 pendant le transport longue distance. Chaque CBS-012 comporte un code-barres s\u00e9rialis\u00e9 unique et une num\u00e9rotation grav\u00e9e au laser pour une v\u00e9rification instantan\u00e9e et une conformit\u00e9 aux normes ISO 17712, C-TPAT et TAPA. Personnalisable en termes de couleurs, de longueurs de c\u00e2ble et de marquage, il est id\u00e9al pour s\u00e9curiser les exp\u00e9ditions transfrontali\u00e8res, les mati\u00e8res dangereuses et les cargaisons sensibles.<\/p>","protected":false},"excerpt":{"rendered":"<p>Le scell\u00e9 \u00e0 c\u00e2ble \u00e0 double serrure CBS-012 combine deux serrures antivol et un fil d'acier r\u00e9sistant \u00e0 la tension pour une s\u00e9curit\u00e9 inviolable des camions, des conteneurs et de la logistique - certifi\u00e9 ISO et personnalisable.<\/p>","protected":false},"featured_media":3832,"template":"","meta":[],"product_brand":[],"product_cat":[168],"product_tag":[296,297,288,289,290,291,292,293,294,295],"class_list":{"0":"post-3831","1":"product","2":"type-product","3":"status-publish","4":"has-post-thumbnail","6":"product_cat-cable-seal","7":"product_tag-customizable-steel-wire-seals","8":"product_tag-cross-border-freight-security-solutions","9":"product_tag-cbs-012-double-lock-cable-seal","10":"product_tag-dual-anti-theft-truck-seals","11":"product_tag-tension-resistant-steel-wire-seals","12":"product_tag-iso-17712-compliant-cable-locks","13":"product_tag-tamper-proof-container-security-seals","14":"product_tag-heavy-duty-logistics-wire-seals","15":"product_tag-cargo-barcode-security-tags","16":"product_tag-high-tension-truck-cable-locks","18":"first","19":"instock","20":"shipping-taxable","21":"product-type-simple"},"_links":{"self":[{"href":"https:\/\/www.woseal.com\/fr\/wp-json\/wp\/v2\/product\/3831","targetHints":{"allow":["GET"]}}],"collection":[{"href":"https:\/\/www.woseal.com\/fr\/wp-json\/wp\/v2\/product"}],"about":[{"href":"https:\/\/www.woseal.com\/fr\/wp-json\/wp\/v2\/types\/product"}],"version-history":[{"count":1,"href":"https:\/\/www.woseal.com\/fr\/wp-json\/wp\/v2\/product\/3831\/revisions"}],"predecessor-version":[{"id":3839,"href":"https:\/\/www.woseal.com\/fr\/wp-json\/wp\/v2\/product\/3831\/revisions\/3839"}],"wp:featuredmedia":[{"embeddable":true,"href":"https:\/\/www.woseal.com\/fr\/wp-json\/wp\/v2\/media\/3832"}],"wp:attachment":[{"href":"https:\/\/www.woseal.com\/fr\/wp-json\/wp\/v2\/media?parent=3831"}],"wp:term":[{"taxonomy":"product_brand","embeddable":true,"href":"https:\/\/www.woseal.com\/fr\/wp-json\/wp\/v2\/product_brand?post=3831"},{"taxonomy":"product_cat","embeddable":true,"href":"https:\/\/www.woseal.com\/fr\/wp-json\/wp\/v2\/product_cat?post=3831"},{"taxonomy":"product_tag","embeddable":true,"href":"https:\/\/www.woseal.com\/fr\/wp-json\/wp\/v2\/product_tag?post=3831"}],"curies":[{"name":"wp","href":"https:\/\/api.w.org\/{rel}","templated":true}]}}