{"id":3880,"date":"2025-04-07T11:50:06","date_gmt":"2025-04-07T03:50:06","guid":{"rendered":"https:\/\/www.woseal.com\/?post_type=product&#038;p=3880"},"modified":"2025-04-11T11:10:49","modified_gmt":"2025-04-11T03:10:49","slug":"pts-003-new-design-adjustable-plastic-seal-security-seals-for-fire-extinguisher-sealing-strip-zip-tie-tag","status":"publish","type":"product","link":"https:\/\/www.woseal.com\/fr\/produit\/pts-003-new-design-adjustable-plastic-seal-security-seals-for-fire-extinguisher-sealing-strip-zip-tie-tag","title":{"rendered":"PTS-003 Scell\u00e9s de s\u00e9curit\u00e9 en plastique ajustables pour extincteurs d'incendie Bande de scellage Zip Tie Tag"},"content":{"rendered":"<table class=\"has-title all magic-7\">\n<tbody>\n<tr>\n<td colspan=\"1\" rowspan=\"1\">\n<div class=\"magic-8\" data-spm-anchor-id=\"a2700.details.0.i74.1a1c5bb49NBSjN\">Lieu d'origine<\/div>\n<\/td>\n<td colspan=\"1\" rowspan=\"1\">\n<div class=\"magic-9\">Chine<\/div>\n<\/td>\n<\/tr>\n<tr>\n<td colspan=\"1\" rowspan=\"1\">\n<div class=\"magic-8\">Objet<\/div>\n<\/td>\n<td colspan=\"1\" rowspan=\"1\">\n<div class=\"magic-9\">Sceau en plastique<\/div>\n<\/td>\n<\/tr>\n<tr>\n<td colspan=\"1\" rowspan=\"1\">\n<div class=\"magic-8\">Mod\u00e8le<\/div>\n<\/td>\n<td colspan=\"1\" rowspan=\"1\">\n<div class=\"magic-9\">TPS-003<\/div>\n<\/td>\n<\/tr>\n<tr>\n<td colspan=\"1\" rowspan=\"1\">\n<div class=\"magic-8\">Mat\u00e9riau<\/div>\n<\/td>\n<td colspan=\"1\" rowspan=\"1\">\n<div class=\"magic-9\">PP+PE<\/div>\n<\/td>\n<\/tr>\n<tr>\n<td colspan=\"1\" rowspan=\"1\">\n<div class=\"magic-8\">Taille du corps de serrure<\/div>\n<\/td>\n<td colspan=\"1\" rowspan=\"1\">\n<div class=\"magic-9\">32*22*5.5mm<\/div>\n<\/td>\n<\/tr>\n<tr>\n<td colspan=\"1\" rowspan=\"1\">\n<div class=\"magic-8\">Longueur<\/div>\n<\/td>\n<td colspan=\"1\" rowspan=\"1\">\n<div class=\"magic-9\">400\/500\/600\/700mm<\/div>\n<\/td>\n<\/tr>\n<tr>\n<td colspan=\"1\" rowspan=\"1\">\n<div class=\"magic-8\">Couleur<\/div>\n<\/td>\n<td colspan=\"1\" rowspan=\"1\">\n<div class=\"magic-9\">Jaune, blanc, bleu, vert, rouge, etc.<\/div>\n<\/td>\n<\/tr>\n<tr>\n<td colspan=\"1\" rowspan=\"1\">\n<div class=\"magic-8\">Type d'impression<\/div>\n<\/td>\n<td colspan=\"1\" rowspan=\"1\">\n<div class=\"magic-9\">Marquage laser ou \u00e0 chaud, s\u00e9rigraphie, tto<\/div>\n<\/td>\n<\/tr>\n<tr>\n<td colspan=\"1\" rowspan=\"1\">\n<div class=\"magic-8\">Marquer le contenu<\/div>\n<\/td>\n<td colspan=\"1\" rowspan=\"1\">\n<div class=\"magic-9\">Chiffres, lettres, marques, codes \u00e0 barres, etc.<\/div>\n<\/td>\n<\/tr>\n<tr>\n<td colspan=\"1\" rowspan=\"1\">\n<div class=\"magic-8\">Paquet<\/div>\n<\/td>\n<td colspan=\"1\" rowspan=\"1\">\n<div class=\"magic-9\">100pcs\/sac en plastique, 1000pcs\/carton, 2000pcs\/carton<\/div>\n<\/td>\n<\/tr>\n<tr>\n<td colspan=\"1\" rowspan=\"1\">\n<div class=\"magic-8\">Application<\/div>\n<\/td>\n<td colspan=\"1\" rowspan=\"1\">\n<div class=\"magic-9\">Supermarch\u00e9s, p\u00e9trole, conteneurs, conteneurs ferroviaires, bo\u00eetes de compteurs, portefeuilles bancaires, etc.<\/div>\n<\/td>\n<\/tr>\n<tr>\n<td colspan=\"1\" rowspan=\"1\">\n<div class=\"magic-8\">Certificat d'entreprise<\/div>\n<\/td>\n<td colspan=\"1\" rowspan=\"1\">\n<div class=\"magic-9\">REACH,ISO9001,ISO14001,ISO45001<\/div>\n<\/td>\n<\/tr>\n<\/tbody>\n<\/table>\n<p>Garantissez la conformit\u00e9 aux normes de s\u00e9curit\u00e9 incendie et une protection inviolable avec le scell\u00e9 plastique ajustable PTS-003, con\u00e7u sp\u00e9cifiquement pour s\u00e9curiser les extincteurs et les \u00e9quipements de s\u00e9curit\u00e9 critiques. Dot\u00e9 d'un\u00a0<strong>nouvelle conception ergonomique<\/strong>Ce joint de type \"zip tie\" offre une taille ajustable pour s'adapter \u00e0 une large gamme de vannes d'extincteurs, de tuyaux ou de poign\u00e9es d'\u00e9quipement. Fabriqu\u00e9 en\u00a0<strong>plastique haute r\u00e9sistance, r\u00e9sistant aux UV<\/strong>Il r\u00e9siste aux temp\u00e9ratures extr\u00eames, \u00e0 l'humidit\u00e9 et \u00e0 l'usure physique tout en restant visible gr\u00e2ce \u00e0 sa bande d'\u00e9tanch\u00e9it\u00e9 lumineuse et personnalisable. Les\u00a0<strong>m\u00e9canisme autobloquant<\/strong>\u00a0offre une s\u00e9curit\u00e9 inviolable : une fois serr\u00e9, il ne peut \u00eatre rouvert sans dommages visibles, ce qui dissuade tout acc\u00e8s non autoris\u00e9. Id\u00e9al pour les b\u00e2timents commerciaux, les installations industrielles et les espaces publics, le PTS-003 comprend en option la num\u00e9rotation de s\u00e9rie ou l'impression d'un logo pour faciliter le suivi des inspections et les audits de conformit\u00e9. L\u00e9ger, facile \u00e0 installer et rentable, c'est la solution id\u00e9ale pour maintenir les normes de s\u00e9curit\u00e9 et l'int\u00e9grit\u00e9 des \u00e9quipements.<\/p>","protected":false},"excerpt":{"rendered":"<p>Le scell\u00e9 plastique ajustable PTS-003 garantit l'inviolabilit\u00e9 des extincteurs gr\u00e2ce \u00e0 une fermeture \u00e0 glissi\u00e8re flexible et r\u00e9sistante aux UV, ce qui permet de garantir la conformit\u00e9 et de faciliter les inspections.<\/p>","protected":false},"featured_media":3881,"template":"","meta":[],"product_brand":[],"product_cat":[169],"product_tag":[191,370,371,372,373,374,375,376],"class_list":{"0":"post-3880","1":"product","2":"type-product","3":"status-publish","4":"has-post-thumbnail","6":"product_cat-plastic-seal","7":"product_tag-security-plastic-seal","8":"product_tag-adjustable-fire-extinguisher-seals","9":"product_tag-pts-003-plastic-zip-ties","10":"product_tag-tamper-proof-safety-tags","11":"product_tag-uv-resistant-security-seals","12":"product_tag-customizable-sealing-strips","13":"product_tag-safety-plastic-seal","14":"product_tag-shipping-plastic-seal","16":"first","17":"instock","18":"featured","19":"shipping-taxable","20":"product-type-simple"},"_links":{"self":[{"href":"https:\/\/www.woseal.com\/fr\/wp-json\/wp\/v2\/product\/3880","targetHints":{"allow":["GET"]}}],"collection":[{"href":"https:\/\/www.woseal.com\/fr\/wp-json\/wp\/v2\/product"}],"about":[{"href":"https:\/\/www.woseal.com\/fr\/wp-json\/wp\/v2\/types\/product"}],"version-history":[{"count":1,"href":"https:\/\/www.woseal.com\/fr\/wp-json\/wp\/v2\/product\/3880\/revisions"}],"predecessor-version":[{"id":3888,"href":"https:\/\/www.woseal.com\/fr\/wp-json\/wp\/v2\/product\/3880\/revisions\/3888"}],"wp:featuredmedia":[{"embeddable":true,"href":"https:\/\/www.woseal.com\/fr\/wp-json\/wp\/v2\/media\/3881"}],"wp:attachment":[{"href":"https:\/\/www.woseal.com\/fr\/wp-json\/wp\/v2\/media?parent=3880"}],"wp:term":[{"taxonomy":"product_brand","embeddable":true,"href":"https:\/\/www.woseal.com\/fr\/wp-json\/wp\/v2\/product_brand?post=3880"},{"taxonomy":"product_cat","embeddable":true,"href":"https:\/\/www.woseal.com\/fr\/wp-json\/wp\/v2\/product_cat?post=3880"},{"taxonomy":"product_tag","embeddable":true,"href":"https:\/\/www.woseal.com\/fr\/wp-json\/wp\/v2\/product_tag?post=3880"}],"curies":[{"name":"wp","href":"https:\/\/api.w.org\/{rel}","templated":true}]}}