{"id":3897,"date":"2025-04-07T17:00:35","date_gmt":"2025-04-07T09:00:35","guid":{"rendered":"https:\/\/www.woseal.com\/?post_type=product&#038;p=3897"},"modified":"2025-04-11T11:01:34","modified_gmt":"2025-04-11T03:01:34","slug":"pts-008-410mm-custom-label-tag-disposable-plastic-garment-security-seals-off-hang-tags-white-zip-ties-for-clothes-shoes-bag","status":"publish","type":"product","link":"https:\/\/www.woseal.com\/fr\/produit\/pts-008-410mm-custom-label-tag-disposable-plastic-garment-security-seals-off-hang-tags-white-zip-ties-for-clothes-shoes-bag","title":{"rendered":"PTS-008 410mm Etiquette Personnalis\u00e9e Plastique Jetable Scell\u00e9s de S\u00e9curit\u00e9 pour V\u00eatements Etiquettes de Suspension Zip Blancs pour V\u00eatements Chaussures Sacs"},"content":{"rendered":"<table class=\"has-title all magic-7\">\n<tbody>\n<tr>\n<td colspan=\"1\" rowspan=\"1\">\n<div class=\"magic-8\" data-spm-anchor-id=\"a2700.details-description.0.i0.1e22Y3vZY3vZR6\">Lieu d'origine<\/div>\n<\/td>\n<td colspan=\"1\" rowspan=\"1\">\n<div class=\"magic-9\">Chine<\/div>\n<\/td>\n<\/tr>\n<tr>\n<td colspan=\"1\" rowspan=\"1\">\n<div class=\"magic-8\">Objet<\/div>\n<\/td>\n<td colspan=\"1\" rowspan=\"1\">\n<div class=\"magic-9\">Sceau en plastique<\/div>\n<\/td>\n<\/tr>\n<tr>\n<td colspan=\"1\" rowspan=\"1\">\n<div class=\"magic-8\">Mod\u00e8le<\/div>\n<\/td>\n<td colspan=\"1\" rowspan=\"1\">\n<div class=\"magic-9\">TPS-008<\/div>\n<\/td>\n<\/tr>\n<tr>\n<td colspan=\"1\" rowspan=\"1\">\n<div class=\"magic-8\">Mat\u00e9riau<\/div>\n<\/td>\n<td colspan=\"1\" rowspan=\"1\">\n<div class=\"magic-9\">PP+PE<\/div>\n<\/td>\n<\/tr>\n<tr>\n<td colspan=\"1\" rowspan=\"1\">\n<div class=\"magic-8\">Taille du corps de serrure<\/div>\n<\/td>\n<td colspan=\"1\" rowspan=\"1\">\n<div class=\"magic-9\">66*31*15mm<\/div>\n<\/td>\n<\/tr>\n<tr>\n<td colspan=\"1\" rowspan=\"1\">\n<div class=\"magic-8\">Longueur<\/div>\n<\/td>\n<td colspan=\"1\" rowspan=\"1\">\n<div class=\"magic-9\">410mm<\/div>\n<\/td>\n<\/tr>\n<tr>\n<td colspan=\"1\" rowspan=\"1\">\n<div class=\"magic-8\">Couleur<\/div>\n<\/td>\n<td colspan=\"1\" rowspan=\"1\">\n<div class=\"magic-9\">Jaune, blanc, bleu, vert, rouge, etc.<\/div>\n<\/td>\n<\/tr>\n<tr>\n<td colspan=\"1\" rowspan=\"1\">\n<div class=\"magic-8\">Type d'impression<\/div>\n<\/td>\n<td colspan=\"1\" rowspan=\"1\">\n<div class=\"magic-9\">Marquage laser ou \u00e0 chaud, s\u00e9rigraphie, tto<\/div>\n<\/td>\n<\/tr>\n<tr>\n<td colspan=\"1\" rowspan=\"1\">\n<div class=\"magic-8\">Marquer le contenu<\/div>\n<\/td>\n<td colspan=\"1\" rowspan=\"1\">\n<div class=\"magic-9\">Chiffres, lettres, marques, codes \u00e0 barres, etc.<\/div>\n<\/td>\n<\/tr>\n<tr>\n<td colspan=\"1\" rowspan=\"1\">\n<div class=\"magic-8\">Paquet<\/div>\n<\/td>\n<td colspan=\"1\" rowspan=\"1\">\n<div class=\"magic-9\">100pcs\/sac en plastique, 1000pcs\/carton, 2000pcs\/carton<\/div>\n<\/td>\n<\/tr>\n<tr>\n<td colspan=\"1\" rowspan=\"1\">\n<div class=\"magic-8\">Application<\/div>\n<\/td>\n<td colspan=\"1\" rowspan=\"1\">\n<div class=\"magic-9\">Supermarch\u00e9s, p\u00e9trole, conteneurs, conteneurs ferroviaires, bo\u00eetes de compteurs, portefeuilles bancaires, etc.<\/div>\n<\/td>\n<\/tr>\n<tr>\n<td colspan=\"1\" rowspan=\"1\">\n<div class=\"magic-8\">Certificat d'entreprise<\/div>\n<\/td>\n<td colspan=\"1\" rowspan=\"1\">\n<div class=\"magic-9\">REACH,ISO9001,ISO14001,ISO45001<\/div>\n<\/td>\n<\/tr>\n<\/tbody>\n<\/table>\n<p>Prot\u00e9gez vos marchandises avec les scell\u00e9s de s\u00e9curit\u00e9 en plastique \u00e0 \u00e9tiquette personnalis\u00e9e PTS-008 410 mm, con\u00e7us pour assurer une s\u00e9curit\u00e9 inviolable et la visibilit\u00e9 de la marque dans les secteurs de l'habillement, de la chaussure et des sacs. Ces scell\u00e9s blancs de type zip tie combinent un\u00a0<strong>conception jetable, \u00e0 usage unique<\/strong>\u00a0avec un\u00a0<strong>\u00e9tiquette personnalisable<\/strong>\u00a0pour y apposer une marque, un code-barres ou des informations de suivi. La longueur de 410 mm garantit la flexibilit\u00e9 n\u00e9cessaire pour s\u00e9curiser les articles plus volumineux tels que les \u00e9tag\u00e8res \u00e0 v\u00eatements, les chaussures ou les bagages, tandis que la construction en plastique durable r\u00e9siste \u00e0 la d\u00e9chirure et \u00e0 la falsification. Id\u00e9al pour les magasins de d\u00e9tail, les entrep\u00f4ts et la logistique, le PTS-008 fournit une preuve claire de l'acc\u00e8s non autoris\u00e9 et rationalise la gestion des stocks. L\u00e9gers, faciles \u00e0 appliquer et rentables, ces scell\u00e9s prot\u00e8gent vos produits tout en am\u00e9liorant l'aspect professionnel de votre marque.<\/p>","protected":false},"excerpt":{"rendered":"<p>Les scell\u00e9s jetables en plastique PTS-008 410 mm offrent un \u00e9tiquetage personnalisable et une s\u00e9curit\u00e9 inviolable pour les v\u00eatements, les chaussures et les sacs gr\u00e2ce \u00e0 des attaches zipp\u00e9es blanches et \u00e0 une fonctionnalit\u00e9 d'\u00e9tiquette suspendue.<\/p>","protected":false},"featured_media":3898,"template":"","meta":[],"product_brand":[],"product_cat":[169],"product_tag":[190,191,375,376,377,378,379,380,381],"class_list":{"0":"post-3897","1":"product","2":"type-product","3":"status-publish","4":"has-post-thumbnail","6":"product_cat-plastic-seal","7":"product_tag-plastic-seal","8":"product_tag-security-plastic-seal","9":"product_tag-safety-plastic-seal","10":"product_tag-shipping-plastic-seal","11":"product_tag-custom-garment-security-seals","12":"product_tag-disposable-plastic-zip-ties","13":"product_tag-pts-008-hang-tags","14":"product_tag-410mm-white-zip-ties","15":"product_tag-clothing-bag-security-tags","17":"first","18":"instock","19":"featured","20":"shipping-taxable","21":"product-type-simple"},"_links":{"self":[{"href":"https:\/\/www.woseal.com\/fr\/wp-json\/wp\/v2\/product\/3897","targetHints":{"allow":["GET"]}}],"collection":[{"href":"https:\/\/www.woseal.com\/fr\/wp-json\/wp\/v2\/product"}],"about":[{"href":"https:\/\/www.woseal.com\/fr\/wp-json\/wp\/v2\/types\/product"}],"version-history":[{"count":1,"href":"https:\/\/www.woseal.com\/fr\/wp-json\/wp\/v2\/product\/3897\/revisions"}],"predecessor-version":[{"id":3905,"href":"https:\/\/www.woseal.com\/fr\/wp-json\/wp\/v2\/product\/3897\/revisions\/3905"}],"wp:featuredmedia":[{"embeddable":true,"href":"https:\/\/www.woseal.com\/fr\/wp-json\/wp\/v2\/media\/3898"}],"wp:attachment":[{"href":"https:\/\/www.woseal.com\/fr\/wp-json\/wp\/v2\/media?parent=3897"}],"wp:term":[{"taxonomy":"product_brand","embeddable":true,"href":"https:\/\/www.woseal.com\/fr\/wp-json\/wp\/v2\/product_brand?post=3897"},{"taxonomy":"product_cat","embeddable":true,"href":"https:\/\/www.woseal.com\/fr\/wp-json\/wp\/v2\/product_cat?post=3897"},{"taxonomy":"product_tag","embeddable":true,"href":"https:\/\/www.woseal.com\/fr\/wp-json\/wp\/v2\/product_tag?post=3897"}],"curies":[{"name":"wp","href":"https:\/\/api.w.org\/{rel}","templated":true}]}}