{"id":3906,"date":"2025-04-07T17:17:07","date_gmt":"2025-04-07T09:17:07","guid":{"rendered":"https:\/\/www.woseal.com\/?post_type=product&#038;p=3906"},"modified":"2025-04-11T10:55:19","modified_gmt":"2025-04-11T02:55:19","slug":"pts-017-300mm-customized-disposable-plastic-seals-for-shoes-and-clothing-tightening-seal-anti-tamper-plastic-seal","status":"publish","type":"product","link":"https:\/\/www.woseal.com\/fr\/produit\/pts-017-300mm-customized-disposable-plastic-seals-for-shoes-and-clothing-tightening-seal-anti-tamper-plastic-seal","title":{"rendered":"PTS-017 300mm Scell\u00e9s en plastique jetables personnalis\u00e9s pour chaussures et v\u00eatements Scell\u00e9 de serrage Scell\u00e9 en plastique anti-violation"},"content":{"rendered":"<table class=\"has-title all magic-7\">\n<tbody>\n<tr>\n<td colspan=\"1\" rowspan=\"1\">\n<div class=\"magic-8\" data-spm-anchor-id=\"a2700.details-description.0.i0.4333pO24pO24Sh\">Lieu d'origine<\/div>\n<\/td>\n<td colspan=\"1\" rowspan=\"1\">\n<div class=\"magic-9\">Chine<\/div>\n<\/td>\n<\/tr>\n<tr>\n<td colspan=\"1\" rowspan=\"1\">\n<div class=\"magic-8\">Objet<\/div>\n<\/td>\n<td colspan=\"1\" rowspan=\"1\">\n<div class=\"magic-9\">Sceau en plastique<\/div>\n<\/td>\n<\/tr>\n<tr>\n<td colspan=\"1\" rowspan=\"1\">\n<div class=\"magic-8\">Mod\u00e8le<\/div>\n<\/td>\n<td colspan=\"1\" rowspan=\"1\">\n<div class=\"magic-9\">TPS-017<\/div>\n<\/td>\n<\/tr>\n<tr>\n<td colspan=\"1\" rowspan=\"1\">\n<div class=\"magic-8\">Mat\u00e9riau<\/div>\n<\/td>\n<td colspan=\"1\" rowspan=\"1\">\n<div class=\"magic-9\">PP+PE<\/div>\n<\/td>\n<\/tr>\n<tr>\n<td colspan=\"1\" rowspan=\"1\">\n<div class=\"magic-8\">Taille du corps de serrure<\/div>\n<\/td>\n<td colspan=\"1\" rowspan=\"1\">\n<div class=\"magic-9\">58*20*6mm<\/div>\n<\/td>\n<\/tr>\n<tr>\n<td colspan=\"1\" rowspan=\"1\">\n<div class=\"magic-8\">Longueur<\/div>\n<\/td>\n<td colspan=\"1\" rowspan=\"1\">\n<div class=\"magic-9\">200mm\/300mm\/400mm\/500mm<\/div>\n<\/td>\n<\/tr>\n<tr>\n<td colspan=\"1\" rowspan=\"1\">\n<div class=\"magic-8\">Couleur<\/div>\n<\/td>\n<td colspan=\"1\" rowspan=\"1\">\n<div class=\"magic-9\">Jaune, blanc, bleu, vert, rouge, etc.<\/div>\n<\/td>\n<\/tr>\n<tr>\n<td colspan=\"1\" rowspan=\"1\">\n<div class=\"magic-8\">Type d'impression<\/div>\n<\/td>\n<td colspan=\"1\" rowspan=\"1\">\n<div class=\"magic-9\">Marquage laser ou \u00e0 chaud, s\u00e9rigraphie, tto<\/div>\n<\/td>\n<\/tr>\n<tr>\n<td colspan=\"1\" rowspan=\"1\">\n<div class=\"magic-8\">Marquer le contenu<\/div>\n<\/td>\n<td colspan=\"1\" rowspan=\"1\">\n<div class=\"magic-9\">Chiffres, lettres, marques, codes \u00e0 barres, etc.<\/div>\n<\/td>\n<\/tr>\n<tr>\n<td colspan=\"1\" rowspan=\"1\">\n<div class=\"magic-8\">Paquet<\/div>\n<\/td>\n<td colspan=\"1\" rowspan=\"1\">\n<div class=\"magic-9\">100pcs\/sac en plastique, 1000pcs\/carton, 2000pcs\/carton<\/div>\n<\/td>\n<\/tr>\n<tr>\n<td colspan=\"1\" rowspan=\"1\">\n<div class=\"magic-8\">Application<\/div>\n<\/td>\n<td colspan=\"1\" rowspan=\"1\">\n<div class=\"magic-9\">Supermarch\u00e9s, p\u00e9trole, conteneurs, conteneurs ferroviaires, bo\u00eetes de compteurs, portefeuilles bancaires, etc.<\/div>\n<\/td>\n<\/tr>\n<tr>\n<td colspan=\"1\" rowspan=\"1\">\n<div class=\"magic-8\">Certificat d'entreprise<\/div>\n<\/td>\n<td colspan=\"1\" rowspan=\"1\">\n<div class=\"magic-9\">REACH,ISO9001,ISO14001,ISO45001<\/div>\n<\/td>\n<\/tr>\n<\/tbody>\n<\/table>\n<p>Prot\u00e9gez vos stocks de chaussures et de v\u00eatements avec les scell\u00e9s en plastique jetables personnalis\u00e9s PTS-017 de 300 mm, con\u00e7us pour assurer une s\u00e9curit\u00e9 inviolable et une logistique rationalis\u00e9e. Con\u00e7us sp\u00e9cifiquement pour les chaussures, les v\u00eatements et les accessoires, ces scell\u00e9s allong\u00e9s de 300 mm sont dot\u00e9s d'un syst\u00e8me d'ouverture et d'un syst\u00e8me de fermeture.\u00a0<strong>m\u00e9canisme de serrage<\/strong>\u00a0pour fixer des objets en toute s\u00e9curit\u00e9 tout en emp\u00eachant l'acc\u00e8s non autoris\u00e9. Fabriqu\u00e9s en plastique souple et durable, ils r\u00e9sistent aux manipulations et \u00e0 l'usure de l'environnement.\u00a0<strong>conception \u00e0 usage unique<\/strong>\u00a0qui assure une protection irr\u00e9versible. Personnalisez les scell\u00e9s avec des logos, des codes-barres ou des codes QR pour am\u00e9liorer la visibilit\u00e9 de la marque, suivre les stocks et simplifier les audits. Id\u00e9al pour l'emballage de d\u00e9tail, le stockage en entrep\u00f4t et l'exp\u00e9dition en ligne, le PTS-017 offre une s\u00e9curit\u00e9 l\u00e9g\u00e8re et rentable tout en pr\u00e9servant l'int\u00e9grit\u00e9 du produit.<\/p>","protected":false},"excerpt":{"rendered":"<p>Les scell\u00e9s en plastique jetables PTS-017 300 mm offrent une s\u00e9curit\u00e9 de serrage anti-sabotage pour les chaussures, les v\u00eatements et les accessoires, avec un marquage personnalisable pour le commerce de d\u00e9tail et la logistique.<\/p>","protected":false},"featured_media":3907,"template":"","meta":[],"product_brand":[],"product_cat":[169],"product_tag":[375,382,383,384,385,386,190,191],"class_list":{"0":"post-3906","1":"product","2":"type-product","3":"status-publish","4":"has-post-thumbnail","6":"product_cat-plastic-seal","7":"product_tag-safety-plastic-seal","8":"product_tag-customized-shoe-seals","9":"product_tag-disposable-clothing-security-tags","10":"product_tag-anti-tamper-plastic-seals","11":"product_tag-pts-017-tightening-seals","12":"product_tag-300mm-disposable-security-ties","13":"product_tag-plastic-seal","14":"product_tag-security-plastic-seal","16":"first","17":"instock","18":"shipping-taxable","19":"product-type-simple"},"_links":{"self":[{"href":"https:\/\/www.woseal.com\/fr\/wp-json\/wp\/v2\/product\/3906","targetHints":{"allow":["GET"]}}],"collection":[{"href":"https:\/\/www.woseal.com\/fr\/wp-json\/wp\/v2\/product"}],"about":[{"href":"https:\/\/www.woseal.com\/fr\/wp-json\/wp\/v2\/types\/product"}],"version-history":[{"count":1,"href":"https:\/\/www.woseal.com\/fr\/wp-json\/wp\/v2\/product\/3906\/revisions"}],"predecessor-version":[{"id":3915,"href":"https:\/\/www.woseal.com\/fr\/wp-json\/wp\/v2\/product\/3906\/revisions\/3915"}],"wp:featuredmedia":[{"embeddable":true,"href":"https:\/\/www.woseal.com\/fr\/wp-json\/wp\/v2\/media\/3907"}],"wp:attachment":[{"href":"https:\/\/www.woseal.com\/fr\/wp-json\/wp\/v2\/media?parent=3906"}],"wp:term":[{"taxonomy":"product_brand","embeddable":true,"href":"https:\/\/www.woseal.com\/fr\/wp-json\/wp\/v2\/product_brand?post=3906"},{"taxonomy":"product_cat","embeddable":true,"href":"https:\/\/www.woseal.com\/fr\/wp-json\/wp\/v2\/product_cat?post=3906"},{"taxonomy":"product_tag","embeddable":true,"href":"https:\/\/www.woseal.com\/fr\/wp-json\/wp\/v2\/product_tag?post=3906"}],"curies":[{"name":"wp","href":"https:\/\/api.w.org\/{rel}","templated":true}]}}