{"id":3916,"date":"2025-04-07T17:36:03","date_gmt":"2025-04-07T09:36:03","guid":{"rendered":"https:\/\/www.woseal.com\/?post_type=product&#038;p=3916"},"modified":"2025-04-11T10:53:08","modified_gmt":"2025-04-11T02:53:08","slug":"pts-018-high-quality-safety-number-tensioning-plastic-seal-with-metal-insertion-oil-style-freight-plastic-zip-tie-tag-seal","status":"publish","type":"product","link":"https:\/\/www.woseal.com\/fr\/produit\/pts-018-high-quality-safety-number-tensioning-plastic-seal-with-metal-insertion-oil-style-freight-plastic-zip-tie-tag-seal","title":{"rendered":"PTS-018 Scell\u00e9 plastique \u00e0 num\u00e9ro de s\u00e9curit\u00e9 de haute qualit\u00e9 avec insertion m\u00e9tallique Scell\u00e9 plastique pour \u00e9tiquettes de fret \u00e0 fermeture \u00e9clair de haute qualit\u00e9"},"content":{"rendered":"<table class=\"has-title all magic-7\">\n<tbody>\n<tr>\n<td colspan=\"1\" rowspan=\"1\">\n<div class=\"magic-8\" data-spm-anchor-id=\"a2700.details-description.0.i0.4407mrb8mrb8Q5\">Lieu d'origine<\/div>\n<\/td>\n<td colspan=\"1\" rowspan=\"1\">\n<div class=\"magic-9\">Chine<\/div>\n<\/td>\n<\/tr>\n<tr>\n<td colspan=\"1\" rowspan=\"1\">\n<div class=\"magic-8\">Objet<\/div>\n<\/td>\n<td colspan=\"1\" rowspan=\"1\">\n<div class=\"magic-9\">Sceau en plastique<\/div>\n<\/td>\n<\/tr>\n<tr>\n<td colspan=\"1\" rowspan=\"1\">\n<div class=\"magic-8\">Mod\u00e8le<\/div>\n<\/td>\n<td colspan=\"1\" rowspan=\"1\">\n<div class=\"magic-9\">TPS-018<\/div>\n<\/td>\n<\/tr>\n<tr>\n<td colspan=\"1\" rowspan=\"1\">\n<div class=\"magic-8\">Mat\u00e9riau<\/div>\n<\/td>\n<td colspan=\"1\" rowspan=\"1\">\n<div class=\"magic-9\">PP+PE<\/div>\n<\/td>\n<\/tr>\n<tr>\n<td colspan=\"1\" rowspan=\"1\">\n<div class=\"magic-8\">Taille du corps de serrure<\/div>\n<\/td>\n<td colspan=\"1\" rowspan=\"1\">\n<div class=\"magic-9\">75*25*6mm<\/div>\n<\/td>\n<\/tr>\n<tr>\n<td colspan=\"1\" rowspan=\"1\">\n<div class=\"magic-8\">Longueur<\/div>\n<\/td>\n<td colspan=\"1\" rowspan=\"1\">\n<div class=\"magic-9\">300\/400mm<\/div>\n<\/td>\n<\/tr>\n<tr>\n<td colspan=\"1\" rowspan=\"1\">\n<div class=\"magic-8\">Couleur<\/div>\n<\/td>\n<td colspan=\"1\" rowspan=\"1\">\n<div class=\"magic-9\">Jaune, blanc, bleu, vert, rouge, etc.<\/div>\n<\/td>\n<\/tr>\n<tr>\n<td colspan=\"1\" rowspan=\"1\">\n<div class=\"magic-8\">Type d'impression<\/div>\n<\/td>\n<td colspan=\"1\" rowspan=\"1\">\n<div class=\"magic-9\">Marquage laser ou \u00e0 chaud, s\u00e9rigraphie, tto<\/div>\n<\/td>\n<\/tr>\n<tr>\n<td colspan=\"1\" rowspan=\"1\">\n<div class=\"magic-8\">Marquer le contenu<\/div>\n<\/td>\n<td colspan=\"1\" rowspan=\"1\">\n<div class=\"magic-9\">Chiffres, lettres, marques, codes \u00e0 barres, etc.<\/div>\n<\/td>\n<\/tr>\n<tr>\n<td colspan=\"1\" rowspan=\"1\">\n<div class=\"magic-8\">Paquet<\/div>\n<\/td>\n<td colspan=\"1\" rowspan=\"1\">\n<div class=\"magic-9\">100pcs\/sac en plastique, 1000pcs\/carton, 2000pcs\/carton<\/div>\n<\/td>\n<\/tr>\n<tr>\n<td colspan=\"1\" rowspan=\"1\">\n<div class=\"magic-8\">Application<\/div>\n<\/td>\n<td colspan=\"1\" rowspan=\"1\">\n<div class=\"magic-9\">Livraison express, logistique, restauration, h\u00f4pitaux, services postaux, v\u00eatements, chaussures, sacs, bo\u00eetes, etc.<\/div>\n<\/td>\n<\/tr>\n<tr>\n<td colspan=\"1\" rowspan=\"1\">\n<div class=\"magic-8\">Certificat d'entreprise<\/div>\n<\/td>\n<td colspan=\"1\" rowspan=\"1\">\n<div class=\"magic-9\">REACH,ISO9001,ISO14001,ISO45001<\/div>\n<\/td>\n<\/tr>\n<\/tbody>\n<\/table>\n<p>Assurez une s\u00e9curit\u00e9 inviolable pour les marchandises \u00e0 haut risque avec le scell\u00e9 plastique \u00e0 tension pour num\u00e9ro de s\u00e9curit\u00e9 de haute qualit\u00e9 PTS-018. Con\u00e7u pour les applications industrielles et logistiques, ce scell\u00e9 \u00e0 fermeture \u00e0 glissi\u00e8re tr\u00e8s r\u00e9sistant int\u00e8gre un syst\u00e8me de tension du num\u00e9ro de s\u00e9curit\u00e9.\u00a0<strong>insertion de m\u00e9tal<\/strong>\u00a0\u00e0 l'int\u00e9rieur de son corps en plastique, ce qui renforce la r\u00e9sistance \u00e0 la traction et la r\u00e9sistance aux coupures, aux entailles ou \u00e0 l'enl\u00e8vement forc\u00e9. Le syst\u00e8me de\u00a0<strong>num\u00e9rotation unique de s\u00e9curit\u00e9<\/strong>\u00a0Le m\u00e9canisme de tension r\u00e9glable assure un ajustement serr\u00e9 et s\u00fbr autour des vannes, des f\u00fbts de p\u00e9trole ou des cargaisons. Sa conception robuste de type \"p\u00e9trole\" r\u00e9siste aux environnements difficiles, notamment \u00e0 l'humidit\u00e9, aux produits chimiques et aux temp\u00e9ratures extr\u00eames, ce qui le rend id\u00e9al pour les industries du p\u00e9trole et du gaz, du transport maritime et de la machinerie lourde. Personnalisable avec des logos ou des codes-barres, le PTS-018 allie durabilit\u00e9, tra\u00e7abilit\u00e9 et inviolabilit\u00e9 pour prot\u00e9ger les actifs critiques.<\/p>","protected":false},"excerpt":{"rendered":"<p>Le scell\u00e9 \u00e0 fermeture \u00e9clair en plastique PTS-018 est dot\u00e9 d'une s\u00e9curit\u00e9 renforc\u00e9e en m\u00e9tal, d'une num\u00e9rotation de s\u00e9curit\u00e9 et d'une durabilit\u00e9 de type huile pour une protection inviolable du fret, des vannes et des cargaisons industrielles.<\/p>","protected":false},"featured_media":3920,"template":"","meta":[],"product_brand":[],"product_cat":[169],"product_tag":[376,387,388,389,390,391,190,191,375],"class_list":{"0":"post-3916","1":"product","2":"type-product","3":"status-publish","4":"has-post-thumbnail","6":"product_cat-plastic-seal","7":"product_tag-shipping-plastic-seal","8":"product_tag-metal-insertion-plastic-seals","9":"product_tag-safety-number-zip-ties","10":"product_tag-pts-018-tensioning-seals","11":"product_tag-oil-style-freight-security-tags","12":"product_tag-industrial-tamper-proof-seals","13":"product_tag-plastic-seal","14":"product_tag-security-plastic-seal","15":"product_tag-safety-plastic-seal","17":"first","18":"instock","19":"shipping-taxable","20":"product-type-simple"},"_links":{"self":[{"href":"https:\/\/www.woseal.com\/fr\/wp-json\/wp\/v2\/product\/3916","targetHints":{"allow":["GET"]}}],"collection":[{"href":"https:\/\/www.woseal.com\/fr\/wp-json\/wp\/v2\/product"}],"about":[{"href":"https:\/\/www.woseal.com\/fr\/wp-json\/wp\/v2\/types\/product"}],"version-history":[{"count":1,"href":"https:\/\/www.woseal.com\/fr\/wp-json\/wp\/v2\/product\/3916\/revisions"}],"predecessor-version":[{"id":3927,"href":"https:\/\/www.woseal.com\/fr\/wp-json\/wp\/v2\/product\/3916\/revisions\/3927"}],"wp:featuredmedia":[{"embeddable":true,"href":"https:\/\/www.woseal.com\/fr\/wp-json\/wp\/v2\/media\/3920"}],"wp:attachment":[{"href":"https:\/\/www.woseal.com\/fr\/wp-json\/wp\/v2\/media?parent=3916"}],"wp:term":[{"taxonomy":"product_brand","embeddable":true,"href":"https:\/\/www.woseal.com\/fr\/wp-json\/wp\/v2\/product_brand?post=3916"},{"taxonomy":"product_cat","embeddable":true,"href":"https:\/\/www.woseal.com\/fr\/wp-json\/wp\/v2\/product_cat?post=3916"},{"taxonomy":"product_tag","embeddable":true,"href":"https:\/\/www.woseal.com\/fr\/wp-json\/wp\/v2\/product_tag?post=3916"}],"curies":[{"name":"wp","href":"https:\/\/api.w.org\/{rel}","templated":true}]}}