{"id":3929,"date":"2025-04-08T10:46:12","date_gmt":"2025-04-08T02:46:12","guid":{"rendered":"https:\/\/www.woseal.com\/?post_type=product&#038;p=3929"},"modified":"2025-04-11T10:50:01","modified_gmt":"2025-04-11T02:50:01","slug":"pts-019-customizable-full-plastic-trips-security-seal-non-slip-tail-staples-for-security-seals-plastic","status":"publish","type":"product","link":"https:\/\/www.woseal.com\/fr\/produit\/pts-019-customizable-full-plastic-trips-security-seal-non-slip-tail-staples-for-security-seals-plastic","title":{"rendered":"PTS-019 Agrafes de queue antid\u00e9rapantes personnalisables pour scell\u00e9s de s\u00e9curit\u00e9 en plastique"},"content":{"rendered":"<table class=\"has-title all magic-7\">\n<tbody>\n<tr>\n<td colspan=\"1\" rowspan=\"1\">\n<div class=\"magic-8\" data-spm-anchor-id=\"a2700.details-description.0.i0.31ffbwsDbwsDbr\">Lieu d'origine<\/div>\n<\/td>\n<td colspan=\"1\" rowspan=\"1\">\n<div class=\"magic-9\">Chine<\/div>\n<\/td>\n<\/tr>\n<tr>\n<td colspan=\"1\" rowspan=\"1\">\n<div class=\"magic-8\">Objet<\/div>\n<\/td>\n<td colspan=\"1\" rowspan=\"1\">\n<div class=\"magic-9\">Sceau en plastique<\/div>\n<\/td>\n<\/tr>\n<tr>\n<td colspan=\"1\" rowspan=\"1\">\n<div class=\"magic-8\">Mod\u00e8le<\/div>\n<\/td>\n<td colspan=\"1\" rowspan=\"1\">\n<div class=\"magic-9\">TPS-019<\/div>\n<\/td>\n<\/tr>\n<tr>\n<td colspan=\"1\" rowspan=\"1\">\n<div class=\"magic-8\">Mat\u00e9riau<\/div>\n<\/td>\n<td colspan=\"1\" rowspan=\"1\">\n<div class=\"magic-9\">PP+PE<\/div>\n<\/td>\n<\/tr>\n<tr>\n<td colspan=\"1\" rowspan=\"1\">\n<div class=\"magic-8\">Taille du corps de serrure<\/div>\n<\/td>\n<td colspan=\"1\" rowspan=\"1\">\n<div class=\"magic-9\">66*30*15mm<\/div>\n<\/td>\n<\/tr>\n<tr>\n<td colspan=\"1\" rowspan=\"1\">\n<div class=\"magic-8\">Longueur<\/div>\n<\/td>\n<td colspan=\"1\" rowspan=\"1\">\n<div class=\"magic-9\">300mm<\/div>\n<\/td>\n<\/tr>\n<tr>\n<td colspan=\"1\" rowspan=\"1\">\n<div class=\"magic-8\">Couleur<\/div>\n<\/td>\n<td colspan=\"1\" rowspan=\"1\">\n<div class=\"magic-9\">Jaune, blanc, bleu, vert, rouge, etc.<\/div>\n<\/td>\n<\/tr>\n<tr>\n<td colspan=\"1\" rowspan=\"1\">\n<div class=\"magic-8\">Type d'impression<\/div>\n<\/td>\n<td colspan=\"1\" rowspan=\"1\">\n<div class=\"magic-9\">Marquage laser ou \u00e0 chaud, s\u00e9rigraphie, tto<\/div>\n<\/td>\n<\/tr>\n<tr>\n<td colspan=\"1\" rowspan=\"1\">\n<div class=\"magic-8\">Marquer le contenu<\/div>\n<\/td>\n<td colspan=\"1\" rowspan=\"1\">\n<div class=\"magic-9\">Chiffres, lettres, marques, codes \u00e0 barres, etc.<\/div>\n<\/td>\n<\/tr>\n<tr>\n<td colspan=\"1\" rowspan=\"1\">\n<div class=\"magic-8\">Paquet<\/div>\n<\/td>\n<td colspan=\"1\" rowspan=\"1\">\n<div class=\"magic-9\">100pcs\/sac en plastique, 1000pcs\/carton, 2000pcs\/carton<\/div>\n<\/td>\n<\/tr>\n<tr>\n<td colspan=\"1\" rowspan=\"1\">\n<div class=\"magic-8\">Application<\/div>\n<\/td>\n<td colspan=\"1\" rowspan=\"1\">\n<div class=\"magic-9\">Supermarch\u00e9s, p\u00e9trole, conteneurs, conteneurs ferroviaires, bo\u00eetes de compteurs, portefeuilles bancaires, etc.<\/div>\n<\/td>\n<\/tr>\n<tr>\n<td colspan=\"1\" rowspan=\"1\">\n<div class=\"magic-8\">Certificat d'entreprise<\/div>\n<\/td>\n<td colspan=\"1\" rowspan=\"1\">\n<div class=\"magic-9\">REACH,ISO9001,ISO14001,ISO45001<\/div>\n<\/td>\n<\/tr>\n<\/tbody>\n<\/table>\n<p>Le scell\u00e9 de s\u00e9curit\u00e9 personnalisable PTS-019, con\u00e7u pour la fiabilit\u00e9 et la polyvalence dans les applications logistiques, industrielles et de fret, permet d'am\u00e9liorer la s\u00e9curit\u00e9 contre les manipulations. Dot\u00e9 d'un\u00a0<strong>agrafe de queue antid\u00e9rapante<\/strong>\u00a0et enti\u00e8rement en plastique, ce scell\u00e9 assure une prise \u00e9tanche et irr\u00e9versible qui r\u00e9siste au desserrage ou \u00e0 la manipulation pendant le transport. Le scell\u00e9\u00a0<strong>surface personnalisable<\/strong>\u00a0permet d'apposer une marque, une num\u00e9rotation s\u00e9quentielle ou un code-barres, ce qui simplifie le suivi des stocks et les audits de conformit\u00e9. Id\u00e9al pour s\u00e9curiser les colis, les conteneurs ou les \u00e9quipements, son mat\u00e9riau durable en polypropyl\u00e8ne r\u00e9siste aux manipulations difficiles, \u00e0 l'humidit\u00e9 et aux fluctuations de temp\u00e9rature. La conception unique des \"trips\" offre plusieurs points de verrouillage pour une s\u00e9curit\u00e9 accrue, tandis que la construction l\u00e9g\u00e8re et r\u00e9sistante \u00e0 la corrosion simplifie l'application et l'inspection. Faites confiance au PTS-019 pour prot\u00e9ger vos exp\u00e9ditions et vos biens avec une pr\u00e9cision \u00e0 toute \u00e9preuve.<\/p>","protected":false},"excerpt":{"rendered":"<p>Le scell\u00e9 plastique PTS-019 offre des agrafes de queue antid\u00e9rapantes et une s\u00e9curit\u00e9 enti\u00e8rement personnalisable pour les besoins de scellage inviolable dans les domaines de la logistique, du fret et de l'industrie.<\/p>","protected":false},"featured_media":3930,"template":"","meta":[],"product_brand":[],"product_cat":[169],"product_tag":[392,393,394,395,190,191,376,391],"class_list":{"0":"post-3929","1":"product","2":"type-product","3":"status-publish","4":"has-post-thumbnail","6":"product_cat-plastic-seal","7":"product_tag-non-slip-plastic-seals","8":"product_tag-customizable-trips-security-tags","9":"product_tag-pts-019-tail-staples","10":"product_tag-full-plastic-security-seals","11":"product_tag-plastic-seal","12":"product_tag-security-plastic-seal","13":"product_tag-shipping-plastic-seal","14":"product_tag-industrial-tamper-proof-seals","16":"first","17":"instock","18":"shipping-taxable","19":"product-type-simple"},"_links":{"self":[{"href":"https:\/\/www.woseal.com\/fr\/wp-json\/wp\/v2\/product\/3929","targetHints":{"allow":["GET"]}}],"collection":[{"href":"https:\/\/www.woseal.com\/fr\/wp-json\/wp\/v2\/product"}],"about":[{"href":"https:\/\/www.woseal.com\/fr\/wp-json\/wp\/v2\/types\/product"}],"version-history":[{"count":2,"href":"https:\/\/www.woseal.com\/fr\/wp-json\/wp\/v2\/product\/3929\/revisions"}],"predecessor-version":[{"id":3938,"href":"https:\/\/www.woseal.com\/fr\/wp-json\/wp\/v2\/product\/3929\/revisions\/3938"}],"wp:featuredmedia":[{"embeddable":true,"href":"https:\/\/www.woseal.com\/fr\/wp-json\/wp\/v2\/media\/3930"}],"wp:attachment":[{"href":"https:\/\/www.woseal.com\/fr\/wp-json\/wp\/v2\/media?parent=3929"}],"wp:term":[{"taxonomy":"product_brand","embeddable":true,"href":"https:\/\/www.woseal.com\/fr\/wp-json\/wp\/v2\/product_brand?post=3929"},{"taxonomy":"product_cat","embeddable":true,"href":"https:\/\/www.woseal.com\/fr\/wp-json\/wp\/v2\/product_cat?post=3929"},{"taxonomy":"product_tag","embeddable":true,"href":"https:\/\/www.woseal.com\/fr\/wp-json\/wp\/v2\/product_tag?post=3929"}],"curies":[{"name":"wp","href":"https:\/\/api.w.org\/{rel}","templated":true}]}}