{"id":3948,"date":"2025-04-08T14:45:58","date_gmt":"2025-04-08T06:45:58","guid":{"rendered":"https:\/\/www.woseal.com\/?post_type=product&#038;p=3948"},"modified":"2025-04-11T10:46:20","modified_gmt":"2025-04-11T02:46:20","slug":"pts-027-large-logistics-signboard-hanging-tag-plastic-seal-one-time-hanging-for-garden-logistics-zip-tie-tag","status":"publish","type":"product","link":"https:\/\/www.woseal.com\/fr\/produit\/pts-027-large-logistics-signboard-hanging-tag-plastic-seal-one-time-hanging-for-garden-logistics-zip-tie-tag","title":{"rendered":"PTS-027 Large Logistics Signboard Hanging Tag Plastic Seal One Time Hanging for Garden Logistics Zip Tie Tag"},"content":{"rendered":"<table class=\"has-title all magic-7\">\n<tbody>\n<tr>\n<td colspan=\"1\" rowspan=\"1\">\n<div class=\"magic-8\" data-spm-anchor-id=\"a2700.details.0.i77.370242693KRA4y\">Lieu d'origine<\/div>\n<\/td>\n<td colspan=\"1\" rowspan=\"1\">\n<div class=\"magic-9\">Chine<\/div>\n<\/td>\n<\/tr>\n<tr>\n<td colspan=\"1\" rowspan=\"1\">\n<div class=\"magic-8\">Objet<\/div>\n<\/td>\n<td colspan=\"1\" rowspan=\"1\">\n<div class=\"magic-9\">Sceau en plastique<\/div>\n<\/td>\n<\/tr>\n<tr>\n<td colspan=\"1\" rowspan=\"1\">\n<div class=\"magic-8\">Mod\u00e8le<\/div>\n<\/td>\n<td colspan=\"1\" rowspan=\"1\">\n<div class=\"magic-9\">TPS-027<\/div>\n<\/td>\n<\/tr>\n<tr>\n<td colspan=\"1\" rowspan=\"1\">\n<div class=\"magic-8\">Mat\u00e9riau<\/div>\n<\/td>\n<td colspan=\"1\" rowspan=\"1\">\n<div class=\"magic-9\">PP+PE<\/div>\n<\/td>\n<\/tr>\n<tr>\n<td colspan=\"1\" rowspan=\"1\">\n<div class=\"magic-8\">Taille du corps de serrure<\/div>\n<\/td>\n<td colspan=\"1\" rowspan=\"1\">\n<div class=\"magic-9\">100*83*6.5mm<\/div>\n<\/td>\n<\/tr>\n<tr>\n<td colspan=\"1\" rowspan=\"1\">\n<div class=\"magic-8\">Longueur<\/div>\n<\/td>\n<td colspan=\"1\" rowspan=\"1\">\n<div class=\"magic-9\">250mm<\/div>\n<\/td>\n<\/tr>\n<tr>\n<td colspan=\"1\" rowspan=\"1\">\n<div class=\"magic-8\">Couleur<\/div>\n<\/td>\n<td colspan=\"1\" rowspan=\"1\">\n<div class=\"magic-9\">Jaune, blanc, bleu, vert, rouge, etc.<\/div>\n<\/td>\n<\/tr>\n<tr>\n<td colspan=\"1\" rowspan=\"1\">\n<div class=\"magic-8\">Type d'impression<\/div>\n<\/td>\n<td colspan=\"1\" rowspan=\"1\">\n<div class=\"magic-9\">Marquage laser ou \u00e0 chaud, s\u00e9rigraphie, tto<\/div>\n<\/td>\n<\/tr>\n<tr>\n<td colspan=\"1\" rowspan=\"1\">\n<div class=\"magic-8\">Marquer le contenu<\/div>\n<\/td>\n<td colspan=\"1\" rowspan=\"1\">\n<div class=\"magic-9\">Chiffres, lettres, marques, codes \u00e0 barres, etc.<\/div>\n<\/td>\n<\/tr>\n<tr>\n<td colspan=\"1\" rowspan=\"1\">\n<div class=\"magic-8\">Paquet<\/div>\n<\/td>\n<td colspan=\"1\" rowspan=\"1\">\n<div class=\"magic-9\">100pcs\/sac en plastique, 1000pcs\/carton, 2000pcs\/carton<\/div>\n<\/td>\n<\/tr>\n<tr>\n<td colspan=\"1\" rowspan=\"1\">\n<div class=\"magic-8\">Application<\/div>\n<\/td>\n<td colspan=\"1\" rowspan=\"1\">\n<div class=\"magic-9\">Supermarch\u00e9s, p\u00e9trole, conteneurs, conteneurs ferroviaires, bo\u00eetes de compteurs, portefeuilles bancaires, etc.<\/div>\n<\/td>\n<\/tr>\n<tr>\n<td colspan=\"1\" rowspan=\"1\">\n<div class=\"magic-8\">Certificat d'entreprise<\/div>\n<\/td>\n<td colspan=\"1\" rowspan=\"1\">\n<div class=\"magic-9\">REACH,ISO9001,ISO14001,ISO45001<\/div>\n<\/td>\n<\/tr>\n<\/tbody>\n<\/table>\n<p>S\u00e9curisez votre logistique et votre signalisation ext\u00e9rieure avec le scell\u00e9 en plastique PTS-027 Large Logistics Signboard Hanging Tag, con\u00e7u pour une utilisation unique et inviolable dans les applications industrielles et de logistique de jardin. Dot\u00e9 d'une fermeture \u00e0 glissi\u00e8re en plastique surdimensionn\u00e9e et durable et d'une \u00e9tiquette suspendue, ce scell\u00e9 est id\u00e9al pour fixer des panneaux, des instructions ou des avertissements sur des caisses, des palettes ou des \u00e9quipements d'ext\u00e9rieur. Le scell\u00e9\u00a0<strong>m\u00e9canisme de verrouillage m\u00e9tallique int\u00e9gr\u00e9<\/strong>\u00a0assure une s\u00e9curit\u00e9 irr\u00e9versible, laissant une preuve visible de la manipulation, tandis que sa construction r\u00e9sistante aux UV et aux intemp\u00e9ries r\u00e9siste \u00e0 la pluie, \u00e0 la lumi\u00e8re du soleil et aux fluctuations de temp\u00e9rature. Personnalisable avec des logos, des codes-barres ou du texte sur l'\u00e9tiquette suspendue, il rationalise le suivi des stocks et la conformit\u00e9 dans les jardineries, les chantiers de construction ou les entrep\u00f4ts \u00e0 grande \u00e9chelle. L\u00e9ger mais robuste, le PTS-027 simplifie l'\u00e9tiquetage s\u00e9curis\u00e9 pour les besoins logistiques \u00e0 haute visibilit\u00e9.<\/p>","protected":false},"excerpt":{"rendered":"<p>Le scell\u00e9 \u00e0 fermeture \u00e9clair en plastique PTS-027 offre une s\u00e9curit\u00e9 de suspension unique avec une grande \u00e9tiquette de signalisation, parfaite pour la logistique des jardins, la signalisation ext\u00e9rieure et l'\u00e9tiquetage inviolable des cargaisons.<\/p>","protected":false},"featured_media":3949,"template":"","meta":[],"product_brand":[],"product_cat":[169],"product_tag":[190,191,401,402,403,404,405,406],"class_list":{"0":"post-3948","1":"product","2":"type-product","3":"status-publish","4":"has-post-thumbnail","6":"product_cat-plastic-seal","7":"product_tag-plastic-seal","8":"product_tag-security-plastic-seal","9":"product_tag-large-lable-plastic-seal","10":"product_tag-large-signboard-plastic-seals","11":"product_tag-pts-027-hanging-tags","12":"product_tag-garden-logistics-seals","13":"product_tag-one-time-zip-tie-seals","14":"product_tag-weatherproof-cargo-tags","16":"first","17":"instock","18":"shipping-taxable","19":"product-type-simple"},"_links":{"self":[{"href":"https:\/\/www.woseal.com\/fr\/wp-json\/wp\/v2\/product\/3948","targetHints":{"allow":["GET"]}}],"collection":[{"href":"https:\/\/www.woseal.com\/fr\/wp-json\/wp\/v2\/product"}],"about":[{"href":"https:\/\/www.woseal.com\/fr\/wp-json\/wp\/v2\/types\/product"}],"version-history":[{"count":1,"href":"https:\/\/www.woseal.com\/fr\/wp-json\/wp\/v2\/product\/3948\/revisions"}],"predecessor-version":[{"id":3956,"href":"https:\/\/www.woseal.com\/fr\/wp-json\/wp\/v2\/product\/3948\/revisions\/3956"}],"wp:featuredmedia":[{"embeddable":true,"href":"https:\/\/www.woseal.com\/fr\/wp-json\/wp\/v2\/media\/3949"}],"wp:attachment":[{"href":"https:\/\/www.woseal.com\/fr\/wp-json\/wp\/v2\/media?parent=3948"}],"wp:term":[{"taxonomy":"product_brand","embeddable":true,"href":"https:\/\/www.woseal.com\/fr\/wp-json\/wp\/v2\/product_brand?post=3948"},{"taxonomy":"product_cat","embeddable":true,"href":"https:\/\/www.woseal.com\/fr\/wp-json\/wp\/v2\/product_cat?post=3948"},{"taxonomy":"product_tag","embeddable":true,"href":"https:\/\/www.woseal.com\/fr\/wp-json\/wp\/v2\/product_tag?post=3948"}],"curies":[{"name":"wp","href":"https:\/\/api.w.org\/{rel}","templated":true}]}}