{"id":3957,"date":"2025-04-08T14:56:08","date_gmt":"2025-04-08T06:56:08","guid":{"rendered":"https:\/\/www.woseal.com\/?post_type=product&#038;p=3957"},"modified":"2025-04-11T10:42:54","modified_gmt":"2025-04-11T02:42:54","slug":"pts-032-plastic-security-seals-for-apparel-footwear-round-large-tag-with-hole-durable-tamper-proof-seals-for-clothing-shoes","status":"publish","type":"product","link":"https:\/\/www.woseal.com\/fr\/produit\/pts-032-plastic-security-seals-for-apparel-footwear-round-large-tag-with-hole-durable-tamper-proof-seals-for-clothing-shoes","title":{"rendered":"PTS-032 Scell\u00e9s de s\u00e9curit\u00e9 en plastique pour v\u00eatements et chaussures \u00c9tiquette ronde de grande taille avec trou Scell\u00e9s d'inviolabilit\u00e9 durables pour v\u00eatements et chaussures"},"content":{"rendered":"<table class=\"has-title all magic-7\">\n<tbody>\n<tr>\n<td colspan=\"1\" rowspan=\"1\">\n<div class=\"magic-8\" data-spm-anchor-id=\"a2700.details.0.i80.1305246aiv6mUu\">Lieu d'origine<\/div>\n<\/td>\n<td colspan=\"1\" rowspan=\"1\">\n<div class=\"magic-9\">Chine<\/div>\n<\/td>\n<\/tr>\n<tr>\n<td colspan=\"1\" rowspan=\"1\">\n<div class=\"magic-8\">Objet<\/div>\n<\/td>\n<td colspan=\"1\" rowspan=\"1\">\n<div class=\"magic-9\">Sceau en plastique<\/div>\n<\/td>\n<\/tr>\n<tr>\n<td colspan=\"1\" rowspan=\"1\">\n<div class=\"magic-8\">Mod\u00e8le<\/div>\n<\/td>\n<td colspan=\"1\" rowspan=\"1\">\n<div class=\"magic-9\">TPS-032<\/div>\n<\/td>\n<\/tr>\n<tr>\n<td colspan=\"1\" rowspan=\"1\">\n<div class=\"magic-8\">Mat\u00e9riau<\/div>\n<\/td>\n<td colspan=\"1\" rowspan=\"1\">\n<div class=\"magic-9\">PTFE<\/div>\n<\/td>\n<\/tr>\n<tr>\n<td colspan=\"1\" rowspan=\"1\">\n<div class=\"magic-8\">Taille du corps de serrure<\/div>\n<\/td>\n<td colspan=\"1\" rowspan=\"1\">\n<div class=\"magic-9\">58*20*6mm<\/div>\n<\/td>\n<\/tr>\n<tr>\n<td colspan=\"1\" rowspan=\"1\">\n<div class=\"magic-8\">Longueur<\/div>\n<\/td>\n<td colspan=\"1\" rowspan=\"1\">\n<div class=\"magic-9\">210mm<\/div>\n<\/td>\n<\/tr>\n<tr>\n<td colspan=\"1\" rowspan=\"1\">\n<div class=\"magic-8\">Couleur<\/div>\n<\/td>\n<td colspan=\"1\" rowspan=\"1\">\n<div class=\"magic-9\">Jaune, blanc, bleu, vert, rouge, etc.<\/div>\n<\/td>\n<\/tr>\n<tr>\n<td colspan=\"1\" rowspan=\"1\">\n<div class=\"magic-8\">Type d'impression<\/div>\n<\/td>\n<td colspan=\"1\" rowspan=\"1\">\n<div class=\"magic-9\">Marquage laser ou \u00e0 chaud, s\u00e9rigraphie, tto<\/div>\n<\/td>\n<\/tr>\n<tr>\n<td colspan=\"1\" rowspan=\"1\">\n<div class=\"magic-8\">Marquer le contenu<\/div>\n<\/td>\n<td colspan=\"1\" rowspan=\"1\">\n<div class=\"magic-9\">Chiffres, lettres, marques, codes \u00e0 barres, etc.<\/div>\n<\/td>\n<\/tr>\n<tr>\n<td colspan=\"1\" rowspan=\"1\">\n<div class=\"magic-8\">Paquet<\/div>\n<\/td>\n<td colspan=\"1\" rowspan=\"1\">\n<div class=\"magic-9\">100pcs\/sac en plastique, 1000pcs\/carton, 2000pcs\/carton<\/div>\n<\/td>\n<\/tr>\n<tr>\n<td colspan=\"1\" rowspan=\"1\">\n<div class=\"magic-8\">Application<\/div>\n<\/td>\n<td colspan=\"1\" rowspan=\"1\">\n<div class=\"magic-9\">Supermarch\u00e9s, p\u00e9trole, conteneurs, conteneurs ferroviaires, bo\u00eetes de compteurs, portefeuilles bancaires, etc.<\/div>\n<\/td>\n<\/tr>\n<tr>\n<td colspan=\"1\" rowspan=\"1\">\n<div class=\"magic-8\">Certificat d'entreprise<\/div>\n<\/td>\n<td colspan=\"1\" rowspan=\"1\">\n<div class=\"magic-9\">REACH,ISO9001,ISO14001,ISO45001<\/div>\n<\/td>\n<\/tr>\n<\/tbody>\n<\/table>\n<p>Protect your apparel and footwear inventory with the PTS-032 Plastic Security Seals, designed for tamper-proof security and brand visibility. Featuring a\u00a0<strong>round large tag with a reinforced hole<\/strong>, these durable seals are perfect for attaching to clothing, shoes, or accessories, ensuring items remain intact during transit and display. Made from high-strength, flexible plastic, they resist tearing, moisture, and tampering, while the\u00a0<strong>one-time locking mechanism<\/strong>\u00a0provides irreversible security with visible evidence of unauthorized access. Customize the tag with logos, barcodes, or tracking numbers to enhance brand recognition and streamline inventory management. Ideal for retail stores, warehouses, and logistics, the PTS-032 combines lightweight convenience with industrial-grade durability, safeguarding your products from theft or damage.<\/p>","protected":false},"excerpt":{"rendered":"<p>The PTS-032 Tamper-Proof Plastic Seals offer durable, round large tags with holes for secure apparel, footwear, and retail logistics protection.<\/p>","protected":false},"featured_media":3958,"template":"","meta":[],"product_brand":[],"product_cat":[169],"product_tag":[190,407,408,409,410,411,412,413,414,415,416,417],"class_list":{"0":"post-3957","1":"product","2":"type-product","3":"status-publish","4":"has-post-thumbnail","6":"product_cat-plastic-seal","7":"product_tag-plastic-seal","8":"product_tag-plastic-security-seal","9":"product_tag-round-large-tag","10":"product_tag-durable-tamper-proof-seals","11":"product_tag-apparel-footwear-seals","12":"product_tag-plastic-security-seals-for-clothing","13":"product_tag-plastic-security-seals-for-shoes","14":"product_tag-pts-032-plastic-seals","15":"product_tag-apparel-security-tags","16":"product_tag-tamper-proof-footwear-seals","17":"product_tag-round-clothing-tags","18":"product_tag-durable-retail-security-seals","20":"first","21":"instock","22":"shipping-taxable","23":"product-type-simple"},"_links":{"self":[{"href":"https:\/\/www.woseal.com\/fr\/wp-json\/wp\/v2\/product\/3957","targetHints":{"allow":["GET"]}}],"collection":[{"href":"https:\/\/www.woseal.com\/fr\/wp-json\/wp\/v2\/product"}],"about":[{"href":"https:\/\/www.woseal.com\/fr\/wp-json\/wp\/v2\/types\/product"}],"version-history":[{"count":1,"href":"https:\/\/www.woseal.com\/fr\/wp-json\/wp\/v2\/product\/3957\/revisions"}],"predecessor-version":[{"id":3965,"href":"https:\/\/www.woseal.com\/fr\/wp-json\/wp\/v2\/product\/3957\/revisions\/3965"}],"wp:featuredmedia":[{"embeddable":true,"href":"https:\/\/www.woseal.com\/fr\/wp-json\/wp\/v2\/media\/3958"}],"wp:attachment":[{"href":"https:\/\/www.woseal.com\/fr\/wp-json\/wp\/v2\/media?parent=3957"}],"wp:term":[{"taxonomy":"product_brand","embeddable":true,"href":"https:\/\/www.woseal.com\/fr\/wp-json\/wp\/v2\/product_brand?post=3957"},{"taxonomy":"product_cat","embeddable":true,"href":"https:\/\/www.woseal.com\/fr\/wp-json\/wp\/v2\/product_cat?post=3957"},{"taxonomy":"product_tag","embeddable":true,"href":"https:\/\/www.woseal.com\/fr\/wp-json\/wp\/v2\/product_tag?post=3957"}],"curies":[{"name":"wp","href":"https:\/\/api.w.org\/{rel}","templated":true}]}}