{"id":3549,"date":"2025-03-27T17:31:42","date_gmt":"2025-03-27T09:31:42","guid":{"rendered":"https:\/\/www.woseal.com\/?post_type=product&#038;p=3549"},"modified":"2025-04-11T13:57:37","modified_gmt":"2025-04-11T05:57:37","slug":"pts-009-seals-extinguisher-customizable-printed-text-logo-stretchable-plastic-zip-tie-tag-seal","status":"publish","type":"product","link":"https:\/\/www.woseal.com\/it\/prodotto\/pts-009-seals-extinguisher-customizable-printed-text-logo-stretchable-plastic-zip-tie-tag-seal","title":{"rendered":"PTS-009 Sigilli estintore Logo testo stampato personalizzabile Etichetta di plastica estensibile con fascetta di chiusura a zip"},"content":{"rendered":"<table class=\"has-title all magic-7\">\n<tbody>\n<tr>\n<td colspan=\"1\" rowspan=\"1\">\n<div class=\"magic-8\" data-spm-anchor-id=\"a2700.details.0.i73.4193684fm4sSVz\">Luogo di origine<\/div>\n<\/td>\n<td colspan=\"1\" rowspan=\"1\">\n<div class=\"magic-9\">Cina<\/div>\n<\/td>\n<\/tr>\n<tr>\n<td colspan=\"1\" rowspan=\"1\">\n<div class=\"magic-8\">Articolo<\/div>\n<\/td>\n<td colspan=\"1\" rowspan=\"1\">\n<div class=\"magic-9\">Guarnizione di plastica<\/div>\n<\/td>\n<\/tr>\n<tr>\n<td colspan=\"1\" rowspan=\"1\">\n<div class=\"magic-8\">Modello<\/div>\n<\/td>\n<td colspan=\"1\" rowspan=\"1\">\n<div class=\"magic-9\">TPS-009<\/div>\n<\/td>\n<\/tr>\n<tr>\n<td colspan=\"1\" rowspan=\"1\">\n<div class=\"magic-8\">Materiale<\/div>\n<\/td>\n<td colspan=\"1\" rowspan=\"1\">\n<div class=\"magic-9\">PP+PE<\/div>\n<\/td>\n<\/tr>\n<tr>\n<td colspan=\"1\" rowspan=\"1\">\n<div class=\"magic-8\">Dimensioni del corpo del lucchetto<\/div>\n<\/td>\n<td colspan=\"1\" rowspan=\"1\">\n<div class=\"magic-9\">57*19*15,5 mm<\/div>\n<\/td>\n<\/tr>\n<tr>\n<td colspan=\"1\" rowspan=\"1\">\n<div class=\"magic-8\">Lunghezza<\/div>\n<\/td>\n<td colspan=\"1\" rowspan=\"1\">\n<div class=\"magic-9\">250\/300\/400 mm<\/div>\n<\/td>\n<\/tr>\n<tr>\n<td colspan=\"1\" rowspan=\"1\">\n<div class=\"magic-8\">Colore<\/div>\n<\/td>\n<td colspan=\"1\" rowspan=\"1\">\n<div class=\"magic-9\">Giallo, bianco, blu, verde, rosso, ecc.<\/div>\n<\/td>\n<\/tr>\n<tr>\n<td colspan=\"1\" rowspan=\"1\">\n<div class=\"magic-8\">Tipo di stampa<\/div>\n<\/td>\n<td colspan=\"1\" rowspan=\"1\">\n<div class=\"magic-9\">Marcatura laser o stampa a caldo, serigrafia, tto<\/div>\n<\/td>\n<\/tr>\n<tr>\n<td colspan=\"1\" rowspan=\"1\">\n<div class=\"magic-8\">Marcatura del contenuto<\/div>\n<\/td>\n<td colspan=\"1\" rowspan=\"1\">\n<div class=\"magic-9\">Numeri, lettere, marchi, codici a barre ecc.<\/div>\n<\/td>\n<\/tr>\n<tr>\n<td colspan=\"1\" rowspan=\"1\">\n<div class=\"magic-8\">Pacchetto<\/div>\n<\/td>\n<td colspan=\"1\" rowspan=\"1\">\n<div class=\"magic-9\">100pcs\/sacchetto di plastica, 1000pcs\/cartone, 2000pcs\/cartone<\/div>\n<\/td>\n<\/tr>\n<tr>\n<td colspan=\"1\" rowspan=\"1\">\n<div class=\"magic-8\">Applicazione<\/div>\n<\/td>\n<td colspan=\"1\" rowspan=\"1\">\n<div class=\"magic-9\">Supermercati, olio, container, contenitori ferroviari, cassette dei contatori, borsellini bancari e cos\u00ec via.<\/div>\n<\/td>\n<\/tr>\n<tr>\n<td colspan=\"1\" rowspan=\"1\">\n<div class=\"magic-8\">Certificato aziendale<\/div>\n<\/td>\n<td colspan=\"1\" rowspan=\"1\">\n<div class=\"magic-9\">REACH,ISO9001,ISO14001,ISO45001<\/div>\n<\/td>\n<\/tr>\n<\/tbody>\n<\/table>\n<p>Migliorate la sicurezza e la conformit\u00e0 con il sigillo per estintori PTS-009, una fascetta di plastica estensibile e personalizzabile, progettata per garantire la sicurezza contro le manomissioni. Ideale per estintori, valvole e attrezzature di sicurezza, questo sigillo \u00e8 dotato di testo o logo stampato ad alta visibilit\u00e0 per garantire il riconoscimento del marchio e il monitoraggio della conformit\u00e0. Realizzato in plastica durevole e resistente ai raggi UV, resiste alle sollecitazioni ambientali, mentre il suo design estensibile si adatta a varie forme e dimensioni per applicazioni versatili. Il meccanismo monouso fornisce una chiara prova di manomissione, scoraggiando l'accesso non autorizzato e garantendo l'integrit\u00e0 delle apparecchiature. \u00c8 possibile personalizzarlo con numeri di serie, codici a barre o marchi aziendali per semplificare le ispezioni e i controlli. Leggero ma robusto, il PTS-009 \u00e8 perfetto per gli impianti industriali, la sicurezza pubblica e la manutenzione delle apparecchiature.<\/p>\n<p>&nbsp;<\/p>","protected":false},"excerpt":{"rendered":"<p>Il modello PTS-009, di nuova concezione, \u00e8 un sigillo di sicurezza antimanomissione regolabile, disponibile con cinghia da 10\u2033 o 16\u2033. L'ampia linguetta di stampa visualizza testi, codici a barre e numeri di facile lettura. Ideale per porte di rimorchi, autocisterne, vagoni ferroviari, cassette e altro ancora. I sigilli in stock vengono spediti subito, quelli stampati su misura richiedono fino a 4 settimane.<\/p>","protected":false},"featured_media":3550,"template":"","meta":[],"product_brand":[],"product_cat":[169],"product_tag":[191,192,193,194,195,196,197,198,199,190],"class_list":{"0":"post-3549","1":"product","2":"type-product","3":"status-publish","4":"has-post-thumbnail","6":"product_cat-plastic-seal","7":"product_tag-security-plastic-seal","8":"product_tag-container-plastic-seal","9":"product_tag-high-security-plastic-seal","10":"product_tag-pp-plastic-seal","11":"product_tag-custom-plastic-seal","12":"product_tag-container-security-seals","13":"product_tag-logistics-plastic-seals","14":"product_tag-industrial-sealing-solutions","15":"product_tag-seals-extinguisher","16":"product_tag-plastic-seal","18":"first","19":"instock","20":"featured","21":"shipping-taxable","22":"product-type-simple"},"_links":{"self":[{"href":"https:\/\/www.woseal.com\/it\/wp-json\/wp\/v2\/product\/3549","targetHints":{"allow":["GET"]}}],"collection":[{"href":"https:\/\/www.woseal.com\/it\/wp-json\/wp\/v2\/product"}],"about":[{"href":"https:\/\/www.woseal.com\/it\/wp-json\/wp\/v2\/types\/product"}],"version-history":[{"count":3,"href":"https:\/\/www.woseal.com\/it\/wp-json\/wp\/v2\/product\/3549\/revisions"}],"predecessor-version":[{"id":3864,"href":"https:\/\/www.woseal.com\/it\/wp-json\/wp\/v2\/product\/3549\/revisions\/3864"}],"wp:featuredmedia":[{"embeddable":true,"href":"https:\/\/www.woseal.com\/it\/wp-json\/wp\/v2\/media\/3550"}],"wp:attachment":[{"href":"https:\/\/www.woseal.com\/it\/wp-json\/wp\/v2\/media?parent=3549"}],"wp:term":[{"taxonomy":"product_brand","embeddable":true,"href":"https:\/\/www.woseal.com\/it\/wp-json\/wp\/v2\/product_brand?post=3549"},{"taxonomy":"product_cat","embeddable":true,"href":"https:\/\/www.woseal.com\/it\/wp-json\/wp\/v2\/product_cat?post=3549"},{"taxonomy":"product_tag","embeddable":true,"href":"https:\/\/www.woseal.com\/it\/wp-json\/wp\/v2\/product_tag?post=3549"}],"curies":[{"name":"wp","href":"https:\/\/api.w.org\/{rel}","templated":true}]}}