{"id":3564,"date":"2025-03-27T18:35:34","date_gmt":"2025-03-27T10:35:34","guid":{"rendered":"https:\/\/www.woseal.com\/?post_type=product&#038;p=3564"},"modified":"2025-04-11T13:51:54","modified_gmt":"2025-04-11T05:51:54","slug":"pts-001-wholesale-cheap-label-seals-customized-strip-shaped-sealing-plastic-seal-strips","status":"publish","type":"product","link":"https:\/\/www.woseal.com\/it\/prodotto\/pts-001-wholesale-cheap-label-seals-customized-strip-shaped-sealing-plastic-seal-strips","title":{"rendered":"PTS-001 all'ingrosso sigilli etichetta personalizzata striscia a forma di sigillo strisce di sigillo in plastica"},"content":{"rendered":"<table class=\"has-title all magic-7\">\n<tbody>\n<tr>\n<td colspan=\"1\" rowspan=\"1\">\n<div class=\"magic-8\" data-spm-anchor-id=\"a2700.details.0.i80.6c85278cVONPQ6\">Luogo di origine<\/div>\n<\/td>\n<td colspan=\"1\" rowspan=\"1\">\n<div class=\"magic-9\">Cina<\/div>\n<\/td>\n<\/tr>\n<tr>\n<td colspan=\"1\" rowspan=\"1\">\n<div class=\"magic-8\">Articolo<\/div>\n<\/td>\n<td colspan=\"1\" rowspan=\"1\">\n<div class=\"magic-9\">Guarnizione di plastica<\/div>\n<\/td>\n<\/tr>\n<tr>\n<td colspan=\"1\" rowspan=\"1\">\n<div class=\"magic-8\">Modello<\/div>\n<\/td>\n<td colspan=\"1\" rowspan=\"1\">\n<div class=\"magic-9\">TPS-001<\/div>\n<\/td>\n<\/tr>\n<tr>\n<td colspan=\"1\" rowspan=\"1\">\n<div class=\"magic-8\">Materiale<\/div>\n<\/td>\n<td colspan=\"1\" rowspan=\"1\">\n<div class=\"magic-9\">PP+PE<\/div>\n<\/td>\n<\/tr>\n<tr>\n<td colspan=\"1\" rowspan=\"1\">\n<div class=\"magic-8\">Dimensioni del corpo del lucchetto<\/div>\n<\/td>\n<td colspan=\"1\" rowspan=\"1\">\n<div class=\"magic-9\">70*14*5,5 mm<\/div>\n<\/td>\n<\/tr>\n<tr>\n<td colspan=\"1\" rowspan=\"1\">\n<div class=\"magic-8\">Colore<\/div>\n<\/td>\n<td colspan=\"1\" rowspan=\"1\">\n<div class=\"magic-9\">Giallo, bianco, blu, verde, rosso, ecc.<\/div>\n<\/td>\n<\/tr>\n<tr>\n<td colspan=\"1\" rowspan=\"1\">\n<div class=\"magic-8\">Tipo di stampa<\/div>\n<\/td>\n<td colspan=\"1\" rowspan=\"1\">\n<div class=\"magic-9\">Marcatura laser o stampa a caldo, serigrafia, tto<\/div>\n<\/td>\n<\/tr>\n<tr>\n<td colspan=\"1\" rowspan=\"1\">\n<div class=\"magic-8\">Marcatura del contenuto<\/div>\n<\/td>\n<td colspan=\"1\" rowspan=\"1\">\n<div class=\"magic-9\">Numeri, lettere, marchi, codici a barre ecc.<\/div>\n<\/td>\n<\/tr>\n<tr>\n<td colspan=\"1\" rowspan=\"1\">\n<div class=\"magic-8\">Pacchetto<\/div>\n<\/td>\n<td colspan=\"1\" rowspan=\"1\">\n<div class=\"magic-9\">100pcs\/sacchetto di plastica, 1000pcs\/cartone, 2000pcs\/cartone<\/div>\n<\/td>\n<\/tr>\n<tr>\n<td colspan=\"1\" rowspan=\"1\">\n<div class=\"magic-8\">Applicazione<\/div>\n<\/td>\n<td colspan=\"1\" rowspan=\"1\">\n<div class=\"magic-9\">Supermercati, olio, container, contenitori ferroviari, cassette dei contatori, borsellini bancari e cos\u00ec via.<\/div>\n<\/td>\n<\/tr>\n<tr>\n<td colspan=\"1\" rowspan=\"1\">\n<div class=\"magic-8\">Certificato aziendale<\/div>\n<\/td>\n<td colspan=\"1\" rowspan=\"1\">\n<div class=\"magic-9\">REACH,ISO9001,ISO14001,ISO45001<\/div>\n<\/td>\n<\/tr>\n<\/tbody>\n<\/table>\n<p>Proteggete le vostre spedizioni in modo conveniente con le strisce di sigillo in plastica personalizzate all'ingrosso di PTS-001, progettate per una sigillatura economica e a prova di manomissione. Questi sigilli di plastica a forma di striscia sono perfetti per gli acquirenti di grandi quantit\u00e0 che cercano una sicurezza affidabile a prezzi all'ingrosso. Realizzati in polietilene durevole e flessibile, resistono agli strappi e all'usura ambientale e forniscono una chiara prova di manomissione. \u00c8 possibile personalizzarli con loghi, codici a barre o identificatori unici per migliorare la visibilit\u00e0 del marchio e semplificare la tracciabilit\u00e0 dell'inventario. Ideale per l'imballaggio, la logistica, la vendita al dettaglio e la sigillatura di documenti, il PTS-001 offre un'applicazione semplice e un design leggero. Rispettate gli standard di sicurezza di base senza spendere troppo: affidatevi a questi sigilli per salvaguardare pacchi, scatole e contenitori mantenendo l'efficienza operativa.<\/p>","protected":false},"excerpt":{"rendered":"<p>Il modello PTS-001 presenta un nuovo design, un materiale pi\u00f9 resistente, una lunghezza di 11\u2033 e grandi etichette stampate con testo, codici a barre e numeri di facile lettura. Sono perfette per le porte di rimorchi, autocisterne, vagoni ferroviari, cassoni e altro ancora. Disponibili in una variet\u00e0 di colori personalizzati, tra cui bianco, giallo, blu, verde, rosso e altri ancora. I sigilli in stock sono disponibili per la spedizione immediata, quelli stampati su misura possono richiedere fino a 4 settimane.<\/p>","protected":false},"featured_media":3566,"template":"","meta":[],"product_brand":[],"product_cat":[169],"product_tag":[178,179,180,190,191,192,193,194,195,200,201],"class_list":{"0":"post-3564","1":"product","2":"type-product","3":"status-publish","4":"has-post-thumbnail","6":"product_cat-plastic-seal","7":"product_tag-security-seal","8":"product_tag-shipping-seal","9":"product_tag-safety-seal","10":"product_tag-plastic-seal","11":"product_tag-security-plastic-seal","12":"product_tag-container-plastic-seal","13":"product_tag-high-security-plastic-seal","14":"product_tag-pp-plastic-seal","15":"product_tag-custom-plastic-seal","16":"product_tag-strip-shaped-seal","17":"product_tag-logistics-plastic-seal","19":"first","20":"instock","21":"featured","22":"shipping-taxable","23":"product-type-simple"},"_links":{"self":[{"href":"https:\/\/www.woseal.com\/it\/wp-json\/wp\/v2\/product\/3564","targetHints":{"allow":["GET"]}}],"collection":[{"href":"https:\/\/www.woseal.com\/it\/wp-json\/wp\/v2\/product"}],"about":[{"href":"https:\/\/www.woseal.com\/it\/wp-json\/wp\/v2\/types\/product"}],"version-history":[{"count":3,"href":"https:\/\/www.woseal.com\/it\/wp-json\/wp\/v2\/product\/3564\/revisions"}],"predecessor-version":[{"id":3862,"href":"https:\/\/www.woseal.com\/it\/wp-json\/wp\/v2\/product\/3564\/revisions\/3862"}],"wp:featuredmedia":[{"embeddable":true,"href":"https:\/\/www.woseal.com\/it\/wp-json\/wp\/v2\/media\/3566"}],"wp:attachment":[{"href":"https:\/\/www.woseal.com\/it\/wp-json\/wp\/v2\/media?parent=3564"}],"wp:term":[{"taxonomy":"product_brand","embeddable":true,"href":"https:\/\/www.woseal.com\/it\/wp-json\/wp\/v2\/product_brand?post=3564"},{"taxonomy":"product_cat","embeddable":true,"href":"https:\/\/www.woseal.com\/it\/wp-json\/wp\/v2\/product_cat?post=3564"},{"taxonomy":"product_tag","embeddable":true,"href":"https:\/\/www.woseal.com\/it\/wp-json\/wp\/v2\/product_tag?post=3564"}],"curies":[{"name":"wp","href":"https:\/\/api.w.org\/{rel}","templated":true}]}}