{"id":3574,"date":"2025-03-28T10:53:00","date_gmt":"2025-03-28T02:53:00","guid":{"rendered":"https:\/\/www.woseal.com\/?post_type=product&#038;p=3574"},"modified":"2025-04-11T13:49:18","modified_gmt":"2025-04-11T05:49:18","slug":"bts-001-truck-van-door-with-logo-barcod-high-security-iso17712-container-lock-bolt-seals","status":"publish","type":"product","link":"https:\/\/www.woseal.com\/it\/prodotto\/bts-001-truck-van-door-with-logo-barcod-high-security-iso17712-container-lock-bolt-seals","title":{"rendered":"BTS-001 Porta di camion e furgoni con logo Barcod Alta sicurezza ISO17712 Container Lock Bolt Seals"},"content":{"rendered":"<table class=\"has-title all magic-7\">\n<tbody>\n<tr>\n<td colspan=\"1\" rowspan=\"1\">\n<div class=\"magic-8\" data-spm-anchor-id=\"a2700.details.0.i73.6c264075iQX7Ha\">Luogo di origine<\/div>\n<\/td>\n<td colspan=\"1\" rowspan=\"1\">\n<div class=\"magic-9\">Cina<\/div>\n<\/td>\n<\/tr>\n<tr>\n<td colspan=\"1\" rowspan=\"1\">\n<div class=\"magic-8\">Articolo<\/div>\n<\/td>\n<td colspan=\"1\" rowspan=\"1\">\n<div class=\"magic-9\">Guarnizione del bullone<\/div>\n<\/td>\n<\/tr>\n<tr>\n<td colspan=\"1\" rowspan=\"1\">\n<div class=\"magic-8\">Modello<\/div>\n<\/td>\n<td colspan=\"1\" rowspan=\"1\">\n<div class=\"magic-9\">BTS-001<\/div>\n<\/td>\n<\/tr>\n<tr>\n<td colspan=\"1\" rowspan=\"1\">\n<div class=\"magic-8\">Materiale<\/div>\n<\/td>\n<td colspan=\"1\" rowspan=\"1\">\n<div class=\"magic-9\">ABS+acciaio al carbonio zincato<\/div>\n<\/td>\n<\/tr>\n<tr>\n<td colspan=\"1\" rowspan=\"1\">\n<div class=\"magic-8\">Dimensioni del corpo del lucchetto<\/div>\n<\/td>\n<td colspan=\"1\" rowspan=\"1\">\n<div class=\"magic-9\">81,3*10 mm<\/div>\n<\/td>\n<\/tr>\n<tr>\n<td colspan=\"1\" rowspan=\"1\">\n<div class=\"magic-8\">Colore<\/div>\n<\/td>\n<td colspan=\"1\" rowspan=\"1\">\n<div class=\"magic-9\">Giallo, bianco, blu, verde, rosso, altri ecc.<\/div>\n<\/td>\n<\/tr>\n<tr>\n<td colspan=\"1\" rowspan=\"1\">\n<div class=\"magic-8\">Tipo di stampa<\/div>\n<\/td>\n<td colspan=\"1\" rowspan=\"1\">\n<div class=\"magic-9\">Marcatura laser o stampa a caldo, serigrafia<\/div>\n<\/td>\n<\/tr>\n<tr>\n<td colspan=\"1\" rowspan=\"1\">\n<div class=\"magic-8\">Marcatura del contenuto<\/div>\n<\/td>\n<td colspan=\"1\" rowspan=\"1\">\n<div class=\"magic-9\">Numeri, lettere, marchi, codici a barre ecc.<\/div>\n<\/td>\n<\/tr>\n<tr>\n<td colspan=\"1\" rowspan=\"1\">\n<div class=\"magic-8\">Pacchetto<\/div>\n<\/td>\n<td colspan=\"1\" rowspan=\"1\">\n<div class=\"magic-9\">10 pezzi \/ scatola di plastica 25 scatole \/cartone<\/div>\n<\/td>\n<\/tr>\n<tr>\n<td colspan=\"1\" rowspan=\"1\">\n<div class=\"magic-8\">Applicazione<\/div>\n<\/td>\n<td colspan=\"1\" rowspan=\"1\">\n<div class=\"magic-9\">Tutti i tipi di rimorchio, cisterna, spedizione, trasporto ferroviario, trasporto logistico, cassaforte, armadietti, ecc.<\/div>\n<\/td>\n<\/tr>\n<tr>\n<td colspan=\"1\" rowspan=\"1\">\n<div class=\"magic-8\">Certificato aziendale<\/div>\n<\/td>\n<td colspan=\"1\" rowspan=\"1\">\n<div class=\"magic-9\">ISO17712,ISO9001,ISO14001,ISO45001<\/div>\n<\/td>\n<\/tr>\n<\/tbody>\n<\/table>\n<p>Proteggete il vostro carico con il sigillo BTS-001 per porte di camion e furgoni ad alta sicurezza, progettato per soddisfare gli standard ISO17712 per la sicurezza dei container e della logistica a prova di manomissione. Realizzato con un bullone in acciaio per impieghi gravosi e un design antifurto avanzato, questo sigillo garantisce la massima resistenza al taglio, alla perforazione e alle condizioni ambientali difficili. Le opzioni di personalizzazione del logo e del codice a barre integrate consentono una facile identificazione del marchio e la tracciabilit\u00e0 digitale, semplificando la gestione dell'inventario e le verifiche di conformit\u00e0. Perfetto per le porte di furgoni, container e carichi ad alto rischio, il BTS-001 \u00e8 dotato di un meccanismo di chiusura unico che lascia tracce visibili di manomissione, scoraggiando i furti e gli accessi non autorizzati. La sua struttura resistente alla corrosione e alle intemperie lo rende ideale per le spedizioni globali. Affidatevi al BTS-001 per ottenere sicurezza, tracciabilit\u00e0 e conformit\u00e0 senza pari per la vostra catena di approvvigionamento.<\/p>","protected":false},"excerpt":{"rendered":"<p>I bulloni modello BTS-001 sono conformi a C-TPAT e certificati ISO 17712 per l'alta sicurezza. Questi sigilli per bulloni stampati al laser sono disponibili in una variet\u00e0 di colori. I sigilli per bulloni sono utilizzati per fissare le chiusure delle porte dei rimorchi e dei container. In stock e disponibili per la spedizione.<\/p>","protected":false},"featured_media":3581,"template":"","meta":[],"product_brand":[],"product_cat":[171],"product_tag":[202,203,204,205,206,356,357,358,359,360],"class_list":{"0":"post-3574","1":"product","2":"type-product","3":"status-publish","4":"has-post-thumbnail","6":"product_cat-bolt-seal","7":"product_tag-bolt-seal","8":"product_tag-container-seal","9":"product_tag-security-bolt-seal","10":"product_tag-truck-seal","11":"product_tag-iso17712-bolt-seal","12":"product_tag-iso17712-bolt-seals","13":"product_tag-bts-001-truck-door-lock","14":"product_tag-high-security-container-seals","15":"product_tag-customizable-barcode-bolt-seals","16":"product_tag-tamper-proof-van-door-locks","18":"first","19":"instock","20":"featured","21":"shipping-taxable","22":"product-type-simple"},"_links":{"self":[{"href":"https:\/\/www.woseal.com\/it\/wp-json\/wp\/v2\/product\/3574","targetHints":{"allow":["GET"]}}],"collection":[{"href":"https:\/\/www.woseal.com\/it\/wp-json\/wp\/v2\/product"}],"about":[{"href":"https:\/\/www.woseal.com\/it\/wp-json\/wp\/v2\/types\/product"}],"version-history":[{"count":4,"href":"https:\/\/www.woseal.com\/it\/wp-json\/wp\/v2\/product\/3574\/revisions"}],"predecessor-version":[{"id":3852,"href":"https:\/\/www.woseal.com\/it\/wp-json\/wp\/v2\/product\/3574\/revisions\/3852"}],"wp:featuredmedia":[{"embeddable":true,"href":"https:\/\/www.woseal.com\/it\/wp-json\/wp\/v2\/media\/3581"}],"wp:attachment":[{"href":"https:\/\/www.woseal.com\/it\/wp-json\/wp\/v2\/media?parent=3574"}],"wp:term":[{"taxonomy":"product_brand","embeddable":true,"href":"https:\/\/www.woseal.com\/it\/wp-json\/wp\/v2\/product_brand?post=3574"},{"taxonomy":"product_cat","embeddable":true,"href":"https:\/\/www.woseal.com\/it\/wp-json\/wp\/v2\/product_cat?post=3574"},{"taxonomy":"product_tag","embeddable":true,"href":"https:\/\/www.woseal.com\/it\/wp-json\/wp\/v2\/product_tag?post=3574"}],"curies":[{"name":"wp","href":"https:\/\/api.w.org\/{rel}","templated":true}]}}