{"id":3701,"date":"2025-03-31T16:29:41","date_gmt":"2025-03-31T08:29:41","guid":{"rendered":"https:\/\/www.woseal.com\/?post_type=product&#038;p=3701"},"modified":"2025-04-11T11:47:10","modified_gmt":"2025-04-11T03:47:10","slug":"cbs-006-250mm-hexagonal-large-sized-steel-wire-seal-with-tamper-proof-serial-number-for-secure-shipping-cable-seal","status":"publish","type":"product","link":"https:\/\/www.woseal.com\/it\/prodotto\/cbs-006-250mm-hexagonal-large-sized-steel-wire-seal-with-tamper-proof-serial-number-for-secure-shipping-cable-seal","title":{"rendered":"CBS-006 Guarnizione a filo d'acciaio esagonale di grandi dimensioni da 250 mm con numero di serie a prova di manomissione per una sigillatura sicura dei cavi di spedizione"},"content":{"rendered":"<table class=\"has-title all magic-11\">\n<tbody>\n<tr>\n<td colspan=\"1\" rowspan=\"1\">\n<div class=\"magic-12\" data-spm-anchor-id=\"a2700.details.0.i75.1dad1faa248juH\">Nome<\/div>\n<\/td>\n<td colspan=\"1\" rowspan=\"1\">\n<div class=\"magic-13\">CBS-006<\/div>\n<\/td>\n<\/tr>\n<tr>\n<td colspan=\"1\" rowspan=\"1\">\n<div class=\"magic-12\">materiale<\/div>\n<\/td>\n<td colspan=\"1\" rowspan=\"1\">\n<div class=\"magic-13\">Lega di alluminio, fune metallica A3<\/div>\n<\/td>\n<\/tr>\n<tr>\n<td colspan=\"1\" rowspan=\"1\">\n<div class=\"magic-12\">Dimensioni del corpo del lucchetto<\/div>\n<\/td>\n<td colspan=\"1\" rowspan=\"1\">\n<div class=\"magic-13\">26,3*26*7,5 mm<\/div>\n<\/td>\n<\/tr>\n<tr>\n<td colspan=\"1\" rowspan=\"1\">\n<div class=\"magic-12\">Diametro<\/div>\n<\/td>\n<td colspan=\"1\" rowspan=\"1\">\n<div class=\"magic-13\">3,5 mm<\/div>\n<\/td>\n<\/tr>\n<tr>\n<td colspan=\"1\" rowspan=\"1\">\n<div class=\"magic-12\">Processo di fabbricazione<\/div>\n<\/td>\n<td colspan=\"1\" rowspan=\"1\">\n<div class=\"magic-13\">iniezione, timbratura<\/div>\n<\/td>\n<\/tr>\n<tr>\n<td colspan=\"1\" rowspan=\"1\">\n<div class=\"magic-12\">Colore<\/div>\n<\/td>\n<td colspan=\"1\" rowspan=\"1\">\n<div class=\"magic-13\">Rosso, giallo, nero, blu, verde, ecc.<\/div>\n<\/td>\n<\/tr>\n<tr>\n<td colspan=\"1\" rowspan=\"1\">\n<div class=\"magic-12\">Materiale del cavo<\/div>\n<\/td>\n<td colspan=\"1\" rowspan=\"1\">\n<div class=\"magic-13\">Acciaio A3<\/div>\n<\/td>\n<\/tr>\n<tr>\n<td colspan=\"1\" rowspan=\"1\">\n<div class=\"magic-12\">Lunghezza del cavo<\/div>\n<\/td>\n<td colspan=\"1\" rowspan=\"1\">\n<div class=\"magic-13\">25 cm, 30 cm di lunghezza, qualsiasi lunghezza pu\u00f2 essere personalizzato<\/div>\n<\/td>\n<\/tr>\n<tr>\n<td colspan=\"1\" rowspan=\"1\">\n<div class=\"magic-12\">Tipo di stampa<\/div>\n<\/td>\n<td colspan=\"1\" rowspan=\"1\">\n<div class=\"magic-13\">Marcatura laser, tto<\/div>\n<\/td>\n<\/tr>\n<tr>\n<td colspan=\"1\" rowspan=\"1\">\n<div class=\"magic-12\">Marcatura dei contenuti<\/div>\n<\/td>\n<td colspan=\"1\" rowspan=\"1\">\n<div class=\"magic-13\">Numeri, lettere, marchi, codici a barre<\/div>\n<\/td>\n<\/tr>\n<tr>\n<td colspan=\"1\" rowspan=\"1\">\n<div class=\"magic-12\">Applicazione<\/div>\n<\/td>\n<td colspan=\"1\" rowspan=\"1\">\n<div class=\"magic-13\">Supermercati, olio, container, contenitori ferroviari, cassette dei contatori, borsellini bancari e cos\u00ec via.<\/div>\n<\/td>\n<\/tr>\n<tr>\n<td colspan=\"1\" rowspan=\"1\">\n<div class=\"magic-12\">Imballaggio<\/div>\n<\/td>\n<td colspan=\"1\" rowspan=\"1\">\n<div class=\"magic-13\">100pcs\/sacchetto di plastica, 1000pcs\/cartone, 2000pcs\/cartone<\/div>\n<\/td>\n<\/tr>\n<tr>\n<td colspan=\"1\" rowspan=\"1\">\n<div class=\"magic-12\">Certificato aziendale<\/div>\n<\/td>\n<td colspan=\"1\" rowspan=\"1\">\n<div class=\"magic-13\">ISO17712,ISO9001,ISO14001,ISO45001<\/div>\n<\/td>\n<\/tr>\n<\/tbody>\n<\/table>\n<p>&nbsp;<\/p>\n<p>Migliorate la sicurezza delle spedizioni con il sigillo a filo d'acciaio esagonale di grandi dimensioni CBS-006 da 250 mm, progettato per garantire la massima resistenza alle manomissioni e tracciabilit\u00e0. Caratterizzato da un robusto design esagonale in filo d'acciaio e da un numero di serie a prova di manomissione, questo sigillo per cavi per impieghi gravosi garantisce una protezione affidabile contro gli accessi non autorizzati. La lunghezza di 250 mm consente di trasportare oggetti di grandi dimensioni, mentre la struttura in acciaio rinforzato resiste al taglio, alla corrosione e alle condizioni ambientali pi\u00f9 difficili. Il numero di serie univoco di ogni sigillo consente una facile tracciabilit\u00e0 e documentazione, semplificando la conformit\u00e0 agli standard di spedizione internazionali. Ideale per la spedizione di container, la logistica, il trasporto merci e le merci di alto valore, il CBS-006 combina la resistenza industriale con l'evidenza della manomissione. Semplificate i controlli, scoraggiate i furti e salvaguardate le vostre spedizioni con questa soluzione di sicurezza affidabile.<\/p>","protected":false},"excerpt":{"rendered":"<p>Modello: CBS-006<\/p>\n<p>Questo prodotto adotta un design a innesto con una lunghezza fissa di 250 mm e viene fornito con una grande piastra di marcatura, che pu\u00f2 stampare chiaramente vari loghi e numeri di serie. Utilizzando un filo d'acciaio di 1,8 mm di diametro, per una maggiore sicurezza, il materiale si disperde quando viene tagliato. Abbiamo colori rossi, gialli, blu, verdi, bianchi e altri tra cui scegliere. Per personalizzazioni specifiche, consultateci!<\/p>","protected":false},"featured_media":3702,"template":"","meta":[],"product_brand":[],"product_cat":[168],"product_tag":[327,328,329,330,331,332,333,176,334,185,335,234,235,236,237,238,239,319],"class_list":{"0":"post-3701","1":"product","2":"type-product","3":"status-publish","4":"has-post-thumbnail","6":"product_cat-cable-seal","7":"product_tag-cbs-006-cable-seal","8":"product_tag-tamper-proof-serial-number-seal","9":"product_tag-hexagonal-steel-wire-seal","10":"product_tag-250mm-large-cable-seal","11":"product_tag-heavy-duty-cargo-security","12":"product_tag-logistics-anti-theft-seals","13":"product_tag-tamper-evident-wire-locks","14":"product_tag-cable-seal","15":"product_tag-serialized-shipping-seals","16":"product_tag-anti-theft-cable-seal","17":"product_tag-industrial-grade-cable-tags","18":"product_tag-shipping-cable-seal","19":"product_tag-large-sized-steel-wire-seal","20":"product_tag-disposable-cable-seal","21":"product_tag-insert-cable-sealing-strip","22":"product_tag-truck-cable-seal","23":"product_tag-container-lock-seal","24":"product_tag-secure-shipping-seals","26":"first","27":"instock","28":"shipping-taxable","29":"product-type-simple"},"_links":{"self":[{"href":"https:\/\/www.woseal.com\/it\/wp-json\/wp\/v2\/product\/3701","targetHints":{"allow":["GET"]}}],"collection":[{"href":"https:\/\/www.woseal.com\/it\/wp-json\/wp\/v2\/product"}],"about":[{"href":"https:\/\/www.woseal.com\/it\/wp-json\/wp\/v2\/types\/product"}],"version-history":[{"count":3,"href":"https:\/\/www.woseal.com\/it\/wp-json\/wp\/v2\/product\/3701\/revisions"}],"predecessor-version":[{"id":3846,"href":"https:\/\/www.woseal.com\/it\/wp-json\/wp\/v2\/product\/3701\/revisions\/3846"}],"wp:featuredmedia":[{"embeddable":true,"href":"https:\/\/www.woseal.com\/it\/wp-json\/wp\/v2\/media\/3702"}],"wp:attachment":[{"href":"https:\/\/www.woseal.com\/it\/wp-json\/wp\/v2\/media?parent=3701"}],"wp:term":[{"taxonomy":"product_brand","embeddable":true,"href":"https:\/\/www.woseal.com\/it\/wp-json\/wp\/v2\/product_brand?post=3701"},{"taxonomy":"product_cat","embeddable":true,"href":"https:\/\/www.woseal.com\/it\/wp-json\/wp\/v2\/product_cat?post=3701"},{"taxonomy":"product_tag","embeddable":true,"href":"https:\/\/www.woseal.com\/it\/wp-json\/wp\/v2\/product_tag?post=3701"}],"curies":[{"name":"wp","href":"https:\/\/api.w.org\/{rel}","templated":true}]}}