{"id":3732,"date":"2025-04-01T14:54:27","date_gmt":"2025-04-01T06:54:27","guid":{"rendered":"https:\/\/www.woseal.com\/?post_type=product&#038;p=3732"},"modified":"2025-04-11T11:30:58","modified_gmt":"2025-04-11T03:30:58","slug":"cbs-009-high-security-steel-pp-pull-tight-container-trailer-truck-transport-cable-seal-1-8mm-2mm-sealing-strip-ore","status":"publish","type":"product","link":"https:\/\/www.woseal.com\/it\/prodotto\/cbs-009-high-security-steel-pp-pull-tight-container-trailer-truck-transport-cable-seal-1-8mm-2mm-sealing-strip-ore","title":{"rendered":"CBS-009 acciaio PP ad alta sicurezza tirare stretto Container Trailer Truck trasporto cavo guarnizione 1,8 mm 2 mm sigillare striscia minerale"},"content":{"rendered":"<table class=\"has-title all magic-7\">\n<tbody>\n<tr>\n<td colspan=\"1\" rowspan=\"1\">\n<div class=\"magic-8\" data-spm-anchor-id=\"a2700.details.0.i74.59fb5553b74BTl\">Nome<\/div>\n<\/td>\n<td colspan=\"1\" rowspan=\"1\">\n<div class=\"magic-9\">CBS-009<\/div>\n<\/td>\n<\/tr>\n<tr>\n<td colspan=\"1\" rowspan=\"1\">\n<div class=\"magic-8\">Materiale<\/div>\n<\/td>\n<td colspan=\"1\" rowspan=\"1\">\n<div class=\"magic-9\">Metallurgia delle polveri, ABS, fune metallica A3, 7*7<\/div>\n<\/td>\n<\/tr>\n<tr>\n<td colspan=\"1\" rowspan=\"1\">\n<div class=\"magic-8\">Dimensioni del corpo del lucchetto<\/div>\n<\/td>\n<td colspan=\"1\" rowspan=\"1\">\n<div class=\"magic-9\">22*15*8 mm<\/div>\n<\/td>\n<\/tr>\n<tr>\n<td colspan=\"1\" rowspan=\"1\">\n<div class=\"magic-8\">Diametro<\/div>\n<\/td>\n<td colspan=\"1\" rowspan=\"1\">\n<div class=\"magic-9\">1,8 mm<\/div>\n<\/td>\n<\/tr>\n<tr>\n<td colspan=\"1\" rowspan=\"1\">\n<div class=\"magic-8\">Processo di fabbricazione<\/div>\n<\/td>\n<td colspan=\"1\" rowspan=\"1\">\n<div class=\"magic-9\">iniezione, timbratura<\/div>\n<\/td>\n<\/tr>\n<tr>\n<td colspan=\"1\" rowspan=\"1\">\n<div class=\"magic-8\">Colore<\/div>\n<\/td>\n<td colspan=\"1\" rowspan=\"1\">\n<div class=\"magic-9\">Rosso, giallo, bianco, blu, verde, ecc.<\/div>\n<\/td>\n<\/tr>\n<tr>\n<td colspan=\"1\" rowspan=\"1\">\n<div class=\"magic-8\">Materiale del cavo<\/div>\n<\/td>\n<td colspan=\"1\" rowspan=\"1\">\n<div class=\"magic-9\">Acciaio A3<\/div>\n<\/td>\n<\/tr>\n<tr>\n<td colspan=\"1\" rowspan=\"1\">\n<div class=\"magic-8\">Lunghezza del cavo<\/div>\n<\/td>\n<td colspan=\"1\" rowspan=\"1\">\n<div class=\"magic-9\">25 cm, 30 cm di lunghezza, qualsiasi lunghezza pu\u00f2 essere personalizzato<\/div>\n<\/td>\n<\/tr>\n<tr>\n<td colspan=\"1\" rowspan=\"1\">\n<div class=\"magic-8\">Tipo di stampa<\/div>\n<\/td>\n<td colspan=\"1\" rowspan=\"1\">\n<div class=\"magic-9\">Marcatura laser, tto<\/div>\n<\/td>\n<\/tr>\n<tr>\n<td colspan=\"1\" rowspan=\"1\">\n<div class=\"magic-8\">Marcatura dei contenuti<\/div>\n<\/td>\n<td colspan=\"1\" rowspan=\"1\">\n<div class=\"magic-9\">Numeri, lettere, marchi, codici a barre<\/div>\n<\/td>\n<\/tr>\n<tr>\n<td colspan=\"1\" rowspan=\"1\">\n<div class=\"magic-8\">Applicazione<\/div>\n<\/td>\n<td colspan=\"1\" rowspan=\"1\">\n<div class=\"magic-9\">Supermercati, olio, container, contenitori ferroviari, cassette dei contatori, borsellini bancari e cos\u00ec via.<\/div>\n<\/td>\n<\/tr>\n<tr>\n<td colspan=\"1\" rowspan=\"1\">\n<div class=\"magic-8\">Imballaggio<\/div>\n<\/td>\n<td colspan=\"1\" rowspan=\"1\">\n<div class=\"magic-9\">100pcs\/sacchetto di plastica, 1000pcs\/cartone, 2000pcs\/cartone<\/div>\n<\/td>\n<\/tr>\n<tr>\n<td colspan=\"1\" rowspan=\"1\">\n<div class=\"magic-8\">Certificato aziendale<\/div>\n<\/td>\n<td colspan=\"1\" rowspan=\"1\">\n<div class=\"magic-9\">ISO17712,ISO9001,ISO14001,ISO45001<\/div>\n<\/td>\n<\/tr>\n<\/tbody>\n<\/table>\n<p>Proteggete il vostro carico con il sigillo per cavi in acciaio PP ad alta sicurezza CBS-009, progettato per applicazioni rigorose di trasporto in container, rimorchi e camion. Combinando una resistenza estrema\u00a0<strong>filo d'acciaio<\/strong>\u00a0(con spessore di 1,8 mm o 2 mm) e una striscia di tenuta in PP rinforzato, questo sigillo antimanomissione offre una resistenza ineguagliabile al taglio, alla corrosione e alle condizioni ambientali pi\u00f9 difficili. L'innovativo\u00a0<strong>meccanismo a strappo<\/strong>\u00a0assicura una tenuta aderente e a prova di vibrazioni, impedendo l'allentamento durante il trasporto e fornendo una chiara prova visiva dei tentativi di manomissione. Ideale per proteggere merci di alto valore, spedizioni di minerali o materiali pericolosi, il CBS-009 \u00e8 dotato di numeri di serie e codici a barre univoci incisi al laser per una tracciabilit\u00e0 completa e la conformit\u00e0 agli standard ISO 17712, C-TPAT e TAPA. Personalizzabile nei colori, nelle lunghezze e nei marchi, \u00e8 costruito per resistere a tensioni estreme e all'uso ripetitivo, diventando la scelta ideale per i settori della logistica globale, delle miniere e dei trasporti pesanti.<\/p>","protected":false},"excerpt":{"rendered":"<p>Il sigillo per cavi CBS-009 offre una struttura in acciaio\/PP ad alta sicurezza, un design a tenuta di trazione a prova di manomissione e due opzioni di spessore (1,8 mm\/2 mm) per una protezione affidabile di container, camion e trasporto di minerali, certificata ISO e personalizzabile.<\/p>","protected":false},"featured_media":3737,"template":"","meta":[],"product_brand":[],"product_cat":[168],"product_tag":[303,304,305,306,176,307,178,183,239,240,249,252,298,299,300,301,302],"class_list":{"0":"post-3732","1":"product","2":"type-product","3":"status-publish","4":"has-post-thumbnail","6":"product_cat-cable-seal","7":"product_tag-iso-17712-compliant-ore-seals","8":"product_tag-corrosion-resistant-logistics-seals","9":"product_tag-heavy-duty-pp-steel-hybrid-seals","10":"product_tag-customizable-cargo-security-tags","11":"product_tag-cable-seal","12":"product_tag-mining-transport-anti-theft-solutions","13":"product_tag-security-seal","14":"product_tag-safety-cable-seal","15":"product_tag-container-lock-seal","16":"product_tag-abs-cable-seal","17":"product_tag-steel-wire-seal","18":"product_tag-transport-cable-seal","19":"product_tag-cbs-009-steel-pp-cable-seal","20":"product_tag-pull-tight-container-seals","21":"product_tag-tamper-evident-truck-transport-seals","22":"product_tag-1-8mm-2mm-sealing-strip","23":"product_tag-high-security-trailer-cable-locks","25":"first","26":"instock","27":"shipping-taxable","28":"product-type-simple"},"_links":{"self":[{"href":"https:\/\/www.woseal.com\/it\/wp-json\/wp\/v2\/product\/3732","targetHints":{"allow":["GET"]}}],"collection":[{"href":"https:\/\/www.woseal.com\/it\/wp-json\/wp\/v2\/product"}],"about":[{"href":"https:\/\/www.woseal.com\/it\/wp-json\/wp\/v2\/types\/product"}],"version-history":[{"count":3,"href":"https:\/\/www.woseal.com\/it\/wp-json\/wp\/v2\/product\/3732\/revisions"}],"predecessor-version":[{"id":3841,"href":"https:\/\/www.woseal.com\/it\/wp-json\/wp\/v2\/product\/3732\/revisions\/3841"}],"wp:featuredmedia":[{"embeddable":true,"href":"https:\/\/www.woseal.com\/it\/wp-json\/wp\/v2\/media\/3737"}],"wp:attachment":[{"href":"https:\/\/www.woseal.com\/it\/wp-json\/wp\/v2\/media?parent=3732"}],"wp:term":[{"taxonomy":"product_brand","embeddable":true,"href":"https:\/\/www.woseal.com\/it\/wp-json\/wp\/v2\/product_brand?post=3732"},{"taxonomy":"product_cat","embeddable":true,"href":"https:\/\/www.woseal.com\/it\/wp-json\/wp\/v2\/product_cat?post=3732"},{"taxonomy":"product_tag","embeddable":true,"href":"https:\/\/www.woseal.com\/it\/wp-json\/wp\/v2\/product_tag?post=3732"}],"curies":[{"name":"wp","href":"https:\/\/api.w.org\/{rel}","templated":true}]}}