{"id":3753,"date":"2025-04-02T16:33:43","date_gmt":"2025-04-02T08:33:43","guid":{"rendered":"https:\/\/www.woseal.com\/?post_type=product&#038;p=3753"},"modified":"2025-04-11T11:28:46","modified_gmt":"2025-04-11T03:28:46","slug":"cbs-010-customized-cable-seals-hot-selling-container-security-seals-safe-transportation-steel-oil-tracked-trucks","status":"publish","type":"product","link":"https:\/\/www.woseal.com\/it\/prodotto\/cbs-010-customized-cable-seals-hot-selling-container-security-seals-safe-transportation-steel-oil-tracked-trucks","title":{"rendered":"CBS-010 Guarnizioni per cavi su misura Vendita calda Guarnizioni di sicurezza per contenitori Trasporto sicuro Camion cingolati in acciaio per petrolio"},"content":{"rendered":"<table class=\"has-title all magic-7\">\n<tbody>\n<tr>\n<td colspan=\"1\" rowspan=\"1\">\n<div class=\"magic-8\" data-spm-anchor-id=\"a2700.details.0.i74.2a2417b6m2fC0i\">Nome<\/div>\n<\/td>\n<td colspan=\"1\" rowspan=\"1\">\n<div class=\"magic-9\">CBS-010<\/div>\n<\/td>\n<\/tr>\n<tr>\n<td colspan=\"1\" rowspan=\"1\">\n<div class=\"magic-8\">Materiale<\/div>\n<\/td>\n<td colspan=\"1\" rowspan=\"1\">\n<div class=\"magic-9\">Metallurgia delle polveri, ABS, fune metallica A3, 7*7<\/div>\n<\/td>\n<\/tr>\n<tr>\n<td colspan=\"1\" rowspan=\"1\">\n<div class=\"magic-8\">Dimensioni del corpo del lucchetto<\/div>\n<\/td>\n<td colspan=\"1\" rowspan=\"1\">\n<div class=\"magic-9\">22*15*8 mm<\/div>\n<\/td>\n<\/tr>\n<tr>\n<td colspan=\"1\" rowspan=\"1\">\n<div class=\"magic-8\">Diametro<\/div>\n<\/td>\n<td colspan=\"1\" rowspan=\"1\">\n<div class=\"magic-9\">1,8 mm<\/div>\n<\/td>\n<\/tr>\n<tr>\n<td colspan=\"1\" rowspan=\"1\">\n<div class=\"magic-8\">Processo di fabbricazione<\/div>\n<\/td>\n<td colspan=\"1\" rowspan=\"1\">\n<div class=\"magic-9\">iniezione, timbratura<\/div>\n<\/td>\n<\/tr>\n<tr>\n<td colspan=\"1\" rowspan=\"1\">\n<div class=\"magic-8\">Colore<\/div>\n<\/td>\n<td colspan=\"1\" rowspan=\"1\">\n<div class=\"magic-9\">Rosso, giallo, altri, bianco, blu, verde ecc.<\/div>\n<\/td>\n<\/tr>\n<tr>\n<td colspan=\"1\" rowspan=\"1\">\n<div class=\"magic-8\">Materiale del cavo<\/div>\n<\/td>\n<td colspan=\"1\" rowspan=\"1\">\n<div class=\"magic-9\">Acciaio A3<\/div>\n<\/td>\n<\/tr>\n<tr>\n<td colspan=\"1\" rowspan=\"1\">\n<div class=\"magic-8\">Lunghezza del cavo<\/div>\n<\/td>\n<td colspan=\"1\" rowspan=\"1\">\n<div class=\"magic-9\">25 cm, 30 cm di lunghezza, qualsiasi lunghezza pu\u00f2 essere personalizzato<\/div>\n<\/td>\n<\/tr>\n<tr>\n<td colspan=\"1\" rowspan=\"1\">\n<div class=\"magic-8\">Tipo di stampa<\/div>\n<\/td>\n<td colspan=\"1\" rowspan=\"1\">\n<div class=\"magic-9\">Marcatura laser, tto<\/div>\n<\/td>\n<\/tr>\n<tr>\n<td colspan=\"1\" rowspan=\"1\">\n<div class=\"magic-8\">Marcatura dei contenuti<\/div>\n<\/td>\n<td colspan=\"1\" rowspan=\"1\">\n<div class=\"magic-9\">Numeri, lettere, marchi, codici a barre<\/div>\n<\/td>\n<\/tr>\n<tr>\n<td colspan=\"1\" rowspan=\"1\">\n<div class=\"magic-8\">Applicazione<\/div>\n<\/td>\n<td colspan=\"1\" rowspan=\"1\">\n<div class=\"magic-9\">Supermercati, olio, container, contenitori ferroviari, cassette dei contatori, borsellini bancari e cos\u00ec via.<\/div>\n<\/td>\n<\/tr>\n<tr>\n<td colspan=\"1\" rowspan=\"1\">\n<div class=\"magic-8\">Imballaggio<\/div>\n<\/td>\n<td colspan=\"1\" rowspan=\"1\">\n<div class=\"magic-9\">100pcs\/sacchetto di plastica, 1000pcs\/cartone, 2000pcs\/cartone<\/div>\n<\/td>\n<\/tr>\n<tr>\n<td colspan=\"1\" rowspan=\"1\">\n<div class=\"magic-8\">Certificato aziendale<\/div>\n<\/td>\n<td colspan=\"1\" rowspan=\"1\">\n<div class=\"magic-9\">ISO17712,ISO9001,ISO14001,ISO45001<\/div>\n<\/td>\n<\/tr>\n<\/tbody>\n<\/table>\n<p>Garantite un trasporto sicuro del carico con il sigillo per cavi personalizzato CBS-010, una soluzione ad alta sicurezza progettata per applicazioni in container, camion e industria petrolifera. Realizzato in acciaio durevole e resistente alla corrosione, questo sigillo antimanomissione offre una protezione senza pari contro gli accessi non autorizzati durante il trasporto. Il design flessibile ma robusto del cavo consente una facile installazione su container, rimorchi o camion cingolati, mentre l'esclusiva numerazione seriale assicura la tracciabilit\u00e0 e la conformit\u00e0 agli standard logistici internazionali. Personalizzabile per colore, lunghezza e marchio, il CBS-010 \u00e8 ideale per proteggere le spedizioni di alto valore, i materiali pericolosi o il trasporto di petrolio. Costruito per resistere a condizioni climatiche estreme e a tentativi di manomissione, garantisce la tranquillit\u00e0 delle catene di approvvigionamento globali.<\/p>","protected":false},"excerpt":{"rendered":"<p>Il sigillo per cavi CBS-010 offre una sicurezza a prova di manomissione per container e camion con una struttura in acciaio resistente, opzioni personalizzabili e numeri di serie rintracciabili, ideale per il trasporto sicuro di petrolio, merci e logistica.<\/p>","protected":false},"featured_media":3811,"template":"","meta":[],"product_brand":[],"product_cat":[168],"product_tag":[275,276,277,196,270,271,272,273,274],"class_list":{"0":"post-3753","1":"product","2":"type-product","3":"status-publish","4":"has-post-thumbnail","6":"product_cat-cable-seal","7":"product_tag-heavy-duty-container-locks","8":"product_tag-tracked-truck-security-seals","9":"product_tag-international-shipping-compliance-seals","10":"product_tag-container-security-seals","11":"product_tag-high-security-cable-locks","12":"product_tag-tamper-proof-truck-seals","13":"product_tag-oil-industry-transportation-security","14":"product_tag-customized-steel-cable-seals","15":"product_tag-logistics-safety-seals","17":"first","18":"instock","19":"shipping-taxable","20":"product-type-simple"},"_links":{"self":[{"href":"https:\/\/www.woseal.com\/it\/wp-json\/wp\/v2\/product\/3753","targetHints":{"allow":["GET"]}}],"collection":[{"href":"https:\/\/www.woseal.com\/it\/wp-json\/wp\/v2\/product"}],"about":[{"href":"https:\/\/www.woseal.com\/it\/wp-json\/wp\/v2\/types\/product"}],"version-history":[{"count":2,"href":"https:\/\/www.woseal.com\/it\/wp-json\/wp\/v2\/product\/3753\/revisions"}],"predecessor-version":[{"id":3820,"href":"https:\/\/www.woseal.com\/it\/wp-json\/wp\/v2\/product\/3753\/revisions\/3820"}],"wp:featuredmedia":[{"embeddable":true,"href":"https:\/\/www.woseal.com\/it\/wp-json\/wp\/v2\/media\/3811"}],"wp:attachment":[{"href":"https:\/\/www.woseal.com\/it\/wp-json\/wp\/v2\/media?parent=3753"}],"wp:term":[{"taxonomy":"product_brand","embeddable":true,"href":"https:\/\/www.woseal.com\/it\/wp-json\/wp\/v2\/product_brand?post=3753"},{"taxonomy":"product_cat","embeddable":true,"href":"https:\/\/www.woseal.com\/it\/wp-json\/wp\/v2\/product_cat?post=3753"},{"taxonomy":"product_tag","embeddable":true,"href":"https:\/\/www.woseal.com\/it\/wp-json\/wp\/v2\/product_tag?post=3753"}],"curies":[{"name":"wp","href":"https:\/\/api.w.org\/{rel}","templated":true}]}}