{"id":3871,"date":"2025-04-07T11:35:12","date_gmt":"2025-04-07T03:35:12","guid":{"rendered":"https:\/\/www.woseal.com\/?post_type=product&#038;p=3871"},"modified":"2025-04-11T11:12:10","modified_gmt":"2025-04-11T03:12:10","slug":"pts-002-disposable-self-locking-security-seal-truck-logistics-anti-theft-plastic-seal-zip-tie-tag","status":"publish","type":"product","link":"https:\/\/www.woseal.com\/it\/prodotto\/pts-002-disposable-self-locking-security-seal-truck-logistics-anti-theft-plastic-seal-zip-tie-tag","title":{"rendered":"PTS-002 Guarnizione di sicurezza autobloccante monouso per camion Logistica Tag antifurto in plastica con fascetta di sicurezza"},"content":{"rendered":"<table class=\"has-title all magic-7\">\n<tbody>\n<tr>\n<td colspan=\"1\" rowspan=\"1\">\n<div class=\"magic-8\" data-spm-anchor-id=\"a2700.details-description.0.i0.2db3GWLZGWLZfP\">Luogo di origine<\/div>\n<\/td>\n<td colspan=\"1\" rowspan=\"1\">\n<div class=\"magic-9\">Cina<\/div>\n<\/td>\n<\/tr>\n<tr>\n<td colspan=\"1\" rowspan=\"1\">\n<div class=\"magic-8\">Articolo<\/div>\n<\/td>\n<td colspan=\"1\" rowspan=\"1\">\n<div class=\"magic-9\">Guarnizione di plastica<\/div>\n<\/td>\n<\/tr>\n<tr>\n<td colspan=\"1\" rowspan=\"1\">\n<div class=\"magic-8\">Modello<\/div>\n<\/td>\n<td colspan=\"1\" rowspan=\"1\">\n<div class=\"magic-9\">TPS-002<\/div>\n<\/td>\n<\/tr>\n<tr>\n<td colspan=\"1\" rowspan=\"1\">\n<div class=\"magic-8\">Materiale<\/div>\n<\/td>\n<td colspan=\"1\" rowspan=\"1\">\n<div class=\"magic-9\">PP+PE<\/div>\n<\/td>\n<\/tr>\n<tr>\n<td colspan=\"1\" rowspan=\"1\">\n<div class=\"magic-8\">Dimensioni del corpo del lucchetto<\/div>\n<\/td>\n<td colspan=\"1\" rowspan=\"1\">\n<div class=\"magic-9\">70*14*5,5 mm<\/div>\n<\/td>\n<\/tr>\n<tr>\n<td colspan=\"1\" rowspan=\"1\">\n<div class=\"magic-8\">Lunghezza<\/div>\n<\/td>\n<td colspan=\"1\" rowspan=\"1\">\n<div class=\"magic-9\">200\/300\/370 mm<\/div>\n<\/td>\n<\/tr>\n<tr>\n<td colspan=\"1\" rowspan=\"1\">\n<div class=\"magic-8\">Colore<\/div>\n<\/td>\n<td colspan=\"1\" rowspan=\"1\">\n<div class=\"magic-9\">Giallo, bianco, blu, verde, rosso, ecc.<\/div>\n<\/td>\n<\/tr>\n<tr>\n<td colspan=\"1\" rowspan=\"1\">\n<div class=\"magic-8\">Tipo di stampa<\/div>\n<\/td>\n<td colspan=\"1\" rowspan=\"1\">\n<div class=\"magic-9\">Marcatura laser o stampa a caldo, serigrafia, tto<\/div>\n<\/td>\n<\/tr>\n<tr>\n<td colspan=\"1\" rowspan=\"1\">\n<div class=\"magic-8\">Marcatura del contenuto<\/div>\n<\/td>\n<td colspan=\"1\" rowspan=\"1\">\n<div class=\"magic-9\">Numeri, lettere, marchi, codici a barre ecc.<\/div>\n<\/td>\n<\/tr>\n<tr>\n<td colspan=\"1\" rowspan=\"1\">\n<div class=\"magic-8\">Pacchetto<\/div>\n<\/td>\n<td colspan=\"1\" rowspan=\"1\">\n<div class=\"magic-9\">100pcs\/sacchetto di plastica, 1000pcs\/cartone, 2000pcs\/cartone<\/div>\n<\/td>\n<\/tr>\n<tr>\n<td colspan=\"1\" rowspan=\"1\">\n<div class=\"magic-8\">Applicazione<\/div>\n<\/td>\n<td colspan=\"1\" rowspan=\"1\">\n<div class=\"magic-9\">Supermercati, olio, container, contenitori ferroviari, cassette dei contatori, borsellini bancari e cos\u00ec via.<\/div>\n<\/td>\n<\/tr>\n<tr>\n<td colspan=\"1\" rowspan=\"1\">\n<div class=\"magic-8\">Certificato aziendale<\/div>\n<\/td>\n<td colspan=\"1\" rowspan=\"1\">\n<div class=\"magic-9\">REACH,ISO9001,ISO14001,ISO45001<\/div>\n<\/td>\n<\/tr>\n<\/tbody>\n<\/table>\n<p>Proteggete le vostre operazioni logistiche con il sigillo di sicurezza autobloccante monouso PTS-002, una soluzione antifurto economica progettata per camion, container e merci. Realizzato in plastica durevole e resistente agli agenti atmosferici, questo sigillo tipo fascetta \u00e8 dotato di un meccanismo autobloccante che garantisce una protezione evidente dalle manomissioni: una volta stretto, non pu\u00f2 essere riutilizzato, lasciando chiari segni di accesso non autorizzato. Ideale per le porte dei camion, per l'imballaggio delle merci e per la gestione dei magazzini, il PTS-002 resiste alle condizioni ambientali e alle manipolazioni pi\u00f9 difficili, garantendo una sicurezza leggera e facile da applicare. Personalizzabile con numerazione sequenziale o identificatori di base, semplifica la tracciabilit\u00e0 e le verifiche di conformit\u00e0. Economico e affidabile, questo sigillo \u00e8 perfetto per le aziende che danno priorit\u00e0 alla prevenzione dei furti e alla semplificazione dei flussi logistici.<\/p>","protected":false},"excerpt":{"rendered":"<p>La fascetta di plastica PTS-002 offre sicurezza a prova di manomissione e monouso con design autobloccante per camion, logistica e protezione antifurto del carico.<\/p>","protected":false},"featured_media":3872,"template":"","meta":[],"product_brand":[],"product_cat":[169],"product_tag":[191,365,366,367,368,369,190],"class_list":{"0":"post-3871","1":"product","2":"type-product","3":"status-publish","4":"has-post-thumbnail","6":"product_cat-plastic-seal","7":"product_tag-security-plastic-seal","8":"product_tag-disposable-security-seals","9":"product_tag-pts-002-zip-tie-tags","10":"product_tag-self-locking-plastic-seals","11":"product_tag-anti-theft-truck-seals","12":"product_tag-logistics-cargo-security","13":"product_tag-plastic-seal","15":"first","16":"instock","17":"shipping-taxable","18":"product-type-simple"},"_links":{"self":[{"href":"https:\/\/www.woseal.com\/it\/wp-json\/wp\/v2\/product\/3871","targetHints":{"allow":["GET"]}}],"collection":[{"href":"https:\/\/www.woseal.com\/it\/wp-json\/wp\/v2\/product"}],"about":[{"href":"https:\/\/www.woseal.com\/it\/wp-json\/wp\/v2\/types\/product"}],"version-history":[{"count":1,"href":"https:\/\/www.woseal.com\/it\/wp-json\/wp\/v2\/product\/3871\/revisions"}],"predecessor-version":[{"id":3879,"href":"https:\/\/www.woseal.com\/it\/wp-json\/wp\/v2\/product\/3871\/revisions\/3879"}],"wp:featuredmedia":[{"embeddable":true,"href":"https:\/\/www.woseal.com\/it\/wp-json\/wp\/v2\/media\/3872"}],"wp:attachment":[{"href":"https:\/\/www.woseal.com\/it\/wp-json\/wp\/v2\/media?parent=3871"}],"wp:term":[{"taxonomy":"product_brand","embeddable":true,"href":"https:\/\/www.woseal.com\/it\/wp-json\/wp\/v2\/product_brand?post=3871"},{"taxonomy":"product_cat","embeddable":true,"href":"https:\/\/www.woseal.com\/it\/wp-json\/wp\/v2\/product_cat?post=3871"},{"taxonomy":"product_tag","embeddable":true,"href":"https:\/\/www.woseal.com\/it\/wp-json\/wp\/v2\/product_tag?post=3871"}],"curies":[{"name":"wp","href":"https:\/\/api.w.org\/{rel}","templated":true}]}}