{"id":3880,"date":"2025-04-07T11:50:06","date_gmt":"2025-04-07T03:50:06","guid":{"rendered":"https:\/\/www.woseal.com\/?post_type=product&#038;p=3880"},"modified":"2025-04-11T11:10:49","modified_gmt":"2025-04-11T03:10:49","slug":"pts-003-new-design-adjustable-plastic-seal-security-seals-for-fire-extinguisher-sealing-strip-zip-tie-tag","status":"publish","type":"product","link":"https:\/\/www.woseal.com\/it\/prodotto\/pts-003-new-design-adjustable-plastic-seal-security-seals-for-fire-extinguisher-sealing-strip-zip-tie-tag","title":{"rendered":"PTS-003 Guarnizioni di sicurezza in plastica regolabili di nuova concezione per estintore Striscia di sigillamento Tag fascetta di sicurezza"},"content":{"rendered":"<table class=\"has-title all magic-7\">\n<tbody>\n<tr>\n<td colspan=\"1\" rowspan=\"1\">\n<div class=\"magic-8\" data-spm-anchor-id=\"a2700.details.0.i74.1a1c5bb49NBSjN\">Luogo di origine<\/div>\n<\/td>\n<td colspan=\"1\" rowspan=\"1\">\n<div class=\"magic-9\">Cina<\/div>\n<\/td>\n<\/tr>\n<tr>\n<td colspan=\"1\" rowspan=\"1\">\n<div class=\"magic-8\">Articolo<\/div>\n<\/td>\n<td colspan=\"1\" rowspan=\"1\">\n<div class=\"magic-9\">Guarnizione di plastica<\/div>\n<\/td>\n<\/tr>\n<tr>\n<td colspan=\"1\" rowspan=\"1\">\n<div class=\"magic-8\">Modello<\/div>\n<\/td>\n<td colspan=\"1\" rowspan=\"1\">\n<div class=\"magic-9\">TPS-003<\/div>\n<\/td>\n<\/tr>\n<tr>\n<td colspan=\"1\" rowspan=\"1\">\n<div class=\"magic-8\">Materiale<\/div>\n<\/td>\n<td colspan=\"1\" rowspan=\"1\">\n<div class=\"magic-9\">PP+PE<\/div>\n<\/td>\n<\/tr>\n<tr>\n<td colspan=\"1\" rowspan=\"1\">\n<div class=\"magic-8\">Dimensioni del corpo del lucchetto<\/div>\n<\/td>\n<td colspan=\"1\" rowspan=\"1\">\n<div class=\"magic-9\">32*22*5,5 mm<\/div>\n<\/td>\n<\/tr>\n<tr>\n<td colspan=\"1\" rowspan=\"1\">\n<div class=\"magic-8\">Lunghezza<\/div>\n<\/td>\n<td colspan=\"1\" rowspan=\"1\">\n<div class=\"magic-9\">400\/500\/600\/700 mm<\/div>\n<\/td>\n<\/tr>\n<tr>\n<td colspan=\"1\" rowspan=\"1\">\n<div class=\"magic-8\">Colore<\/div>\n<\/td>\n<td colspan=\"1\" rowspan=\"1\">\n<div class=\"magic-9\">Giallo, bianco, blu, verde, rosso, ecc.<\/div>\n<\/td>\n<\/tr>\n<tr>\n<td colspan=\"1\" rowspan=\"1\">\n<div class=\"magic-8\">Tipo di stampa<\/div>\n<\/td>\n<td colspan=\"1\" rowspan=\"1\">\n<div class=\"magic-9\">Marcatura laser o stampa a caldo, serigrafia, tto<\/div>\n<\/td>\n<\/tr>\n<tr>\n<td colspan=\"1\" rowspan=\"1\">\n<div class=\"magic-8\">Marcatura del contenuto<\/div>\n<\/td>\n<td colspan=\"1\" rowspan=\"1\">\n<div class=\"magic-9\">Numeri, lettere, marchi, codici a barre ecc.<\/div>\n<\/td>\n<\/tr>\n<tr>\n<td colspan=\"1\" rowspan=\"1\">\n<div class=\"magic-8\">Pacchetto<\/div>\n<\/td>\n<td colspan=\"1\" rowspan=\"1\">\n<div class=\"magic-9\">100pcs\/sacchetto di plastica, 1000pcs\/cartone, 2000pcs\/cartone<\/div>\n<\/td>\n<\/tr>\n<tr>\n<td colspan=\"1\" rowspan=\"1\">\n<div class=\"magic-8\">Applicazione<\/div>\n<\/td>\n<td colspan=\"1\" rowspan=\"1\">\n<div class=\"magic-9\">Supermercati, olio, container, contenitori ferroviari, cassette dei contatori, borsellini bancari e cos\u00ec via.<\/div>\n<\/td>\n<\/tr>\n<tr>\n<td colspan=\"1\" rowspan=\"1\">\n<div class=\"magic-8\">Certificato aziendale<\/div>\n<\/td>\n<td colspan=\"1\" rowspan=\"1\">\n<div class=\"magic-9\">REACH,ISO9001,ISO14001,ISO45001<\/div>\n<\/td>\n<\/tr>\n<\/tbody>\n<\/table>\n<p>Garantite la conformit\u00e0 alle norme antincendio e la protezione a prova di manomissione con il sigillo in plastica regolabile PTS-003, progettato specificamente per proteggere gli estintori e le apparecchiature di sicurezza critiche. Caratterizzato da un\u00a0<strong>nuovo design ergonomico<\/strong>Questa guarnizione a fascetta offre dimensioni regolabili per adattarsi a un'ampia gamma di valvole, tubi o maniglie di estintori. Realizzato in\u00a0<strong>plastica ad alta resistenza, resistente ai raggi UV<\/strong>resiste a temperature estreme, all'umidit\u00e0 e all'usura fisica, mantenendo la visibilit\u00e0 grazie alla striscia di tenuta luminosa e personalizzabile. Il\u00a0<strong>meccanismo autobloccante<\/strong>\u00a0offre una sicurezza antimanomissione: una volta serrato, non pu\u00f2 essere riaperto senza danni visibili, scoraggiando l'accesso non autorizzato. Ideale per edifici commerciali, impianti industriali e spazi pubblici, il PTS-003 include la numerazione di serie o la stampa del logo per facilitare la tracciabilit\u00e0 delle ispezioni e le verifiche di conformit\u00e0. Leggero, facile da installare e conveniente, \u00e8 la soluzione perfetta per mantenere gli standard di sicurezza e l'integrit\u00e0 delle apparecchiature.<\/p>","protected":false},"excerpt":{"rendered":"<p>Il sigillo in plastica regolabile PTS-003 garantisce una sicurezza antimanomissione per gli estintori con una fascetta flessibile e resistente ai raggi UV, assicurando la conformit\u00e0 e la facilit\u00e0 delle ispezioni.<\/p>","protected":false},"featured_media":3881,"template":"","meta":[],"product_brand":[],"product_cat":[169],"product_tag":[375,376,191,370,371,372,373,374],"class_list":{"0":"post-3880","1":"product","2":"type-product","3":"status-publish","4":"has-post-thumbnail","6":"product_cat-plastic-seal","7":"product_tag-safety-plastic-seal","8":"product_tag-shipping-plastic-seal","9":"product_tag-security-plastic-seal","10":"product_tag-adjustable-fire-extinguisher-seals","11":"product_tag-pts-003-plastic-zip-ties","12":"product_tag-tamper-proof-safety-tags","13":"product_tag-uv-resistant-security-seals","14":"product_tag-customizable-sealing-strips","16":"first","17":"instock","18":"featured","19":"shipping-taxable","20":"product-type-simple"},"_links":{"self":[{"href":"https:\/\/www.woseal.com\/it\/wp-json\/wp\/v2\/product\/3880","targetHints":{"allow":["GET"]}}],"collection":[{"href":"https:\/\/www.woseal.com\/it\/wp-json\/wp\/v2\/product"}],"about":[{"href":"https:\/\/www.woseal.com\/it\/wp-json\/wp\/v2\/types\/product"}],"version-history":[{"count":1,"href":"https:\/\/www.woseal.com\/it\/wp-json\/wp\/v2\/product\/3880\/revisions"}],"predecessor-version":[{"id":3888,"href":"https:\/\/www.woseal.com\/it\/wp-json\/wp\/v2\/product\/3880\/revisions\/3888"}],"wp:featuredmedia":[{"embeddable":true,"href":"https:\/\/www.woseal.com\/it\/wp-json\/wp\/v2\/media\/3881"}],"wp:attachment":[{"href":"https:\/\/www.woseal.com\/it\/wp-json\/wp\/v2\/media?parent=3880"}],"wp:term":[{"taxonomy":"product_brand","embeddable":true,"href":"https:\/\/www.woseal.com\/it\/wp-json\/wp\/v2\/product_brand?post=3880"},{"taxonomy":"product_cat","embeddable":true,"href":"https:\/\/www.woseal.com\/it\/wp-json\/wp\/v2\/product_cat?post=3880"},{"taxonomy":"product_tag","embeddable":true,"href":"https:\/\/www.woseal.com\/it\/wp-json\/wp\/v2\/product_tag?post=3880"}],"curies":[{"name":"wp","href":"https:\/\/api.w.org\/{rel}","templated":true}]}}