{"id":3897,"date":"2025-04-07T17:00:35","date_gmt":"2025-04-07T09:00:35","guid":{"rendered":"https:\/\/www.woseal.com\/?post_type=product&#038;p=3897"},"modified":"2025-04-11T11:01:34","modified_gmt":"2025-04-11T03:01:34","slug":"pts-008-410mm-custom-label-tag-disposable-plastic-garment-security-seals-off-hang-tags-white-zip-ties-for-clothes-shoes-bag","status":"publish","type":"product","link":"https:\/\/www.woseal.com\/it\/prodotto\/pts-008-410mm-custom-label-tag-disposable-plastic-garment-security-seals-off-hang-tags-white-zip-ties-for-clothes-shoes-bag","title":{"rendered":"PTS-008 410 mm etichetta personalizzata etichetta di sicurezza in plastica usa e getta indumento sigilli off Hang Tags White Zip Ties per vestiti scarpe borsa"},"content":{"rendered":"<table class=\"has-title all magic-7\">\n<tbody>\n<tr>\n<td colspan=\"1\" rowspan=\"1\">\n<div class=\"magic-8\" data-spm-anchor-id=\"a2700.details-description.0.i0.1e22Y3vZY3vZR6\">Luogo di origine<\/div>\n<\/td>\n<td colspan=\"1\" rowspan=\"1\">\n<div class=\"magic-9\">Cina<\/div>\n<\/td>\n<\/tr>\n<tr>\n<td colspan=\"1\" rowspan=\"1\">\n<div class=\"magic-8\">Articolo<\/div>\n<\/td>\n<td colspan=\"1\" rowspan=\"1\">\n<div class=\"magic-9\">Guarnizione di plastica<\/div>\n<\/td>\n<\/tr>\n<tr>\n<td colspan=\"1\" rowspan=\"1\">\n<div class=\"magic-8\">Modello<\/div>\n<\/td>\n<td colspan=\"1\" rowspan=\"1\">\n<div class=\"magic-9\">TPS-008<\/div>\n<\/td>\n<\/tr>\n<tr>\n<td colspan=\"1\" rowspan=\"1\">\n<div class=\"magic-8\">Materiale<\/div>\n<\/td>\n<td colspan=\"1\" rowspan=\"1\">\n<div class=\"magic-9\">PP+PE<\/div>\n<\/td>\n<\/tr>\n<tr>\n<td colspan=\"1\" rowspan=\"1\">\n<div class=\"magic-8\">Dimensioni del corpo del lucchetto<\/div>\n<\/td>\n<td colspan=\"1\" rowspan=\"1\">\n<div class=\"magic-9\">66*31*15 mm<\/div>\n<\/td>\n<\/tr>\n<tr>\n<td colspan=\"1\" rowspan=\"1\">\n<div class=\"magic-8\">Lunghezza<\/div>\n<\/td>\n<td colspan=\"1\" rowspan=\"1\">\n<div class=\"magic-9\">410 mm<\/div>\n<\/td>\n<\/tr>\n<tr>\n<td colspan=\"1\" rowspan=\"1\">\n<div class=\"magic-8\">Colore<\/div>\n<\/td>\n<td colspan=\"1\" rowspan=\"1\">\n<div class=\"magic-9\">Giallo, bianco, blu, verde, rosso, ecc.<\/div>\n<\/td>\n<\/tr>\n<tr>\n<td colspan=\"1\" rowspan=\"1\">\n<div class=\"magic-8\">Tipo di stampa<\/div>\n<\/td>\n<td colspan=\"1\" rowspan=\"1\">\n<div class=\"magic-9\">Marcatura laser o stampa a caldo, serigrafia, tto<\/div>\n<\/td>\n<\/tr>\n<tr>\n<td colspan=\"1\" rowspan=\"1\">\n<div class=\"magic-8\">Marcatura del contenuto<\/div>\n<\/td>\n<td colspan=\"1\" rowspan=\"1\">\n<div class=\"magic-9\">Numeri, lettere, marchi, codici a barre ecc.<\/div>\n<\/td>\n<\/tr>\n<tr>\n<td colspan=\"1\" rowspan=\"1\">\n<div class=\"magic-8\">Pacchetto<\/div>\n<\/td>\n<td colspan=\"1\" rowspan=\"1\">\n<div class=\"magic-9\">100pcs\/sacchetto di plastica, 1000pcs\/cartone, 2000pcs\/cartone<\/div>\n<\/td>\n<\/tr>\n<tr>\n<td colspan=\"1\" rowspan=\"1\">\n<div class=\"magic-8\">Applicazione<\/div>\n<\/td>\n<td colspan=\"1\" rowspan=\"1\">\n<div class=\"magic-9\">Supermercati, olio, container, contenitori ferroviari, cassette dei contatori, borsellini bancari e cos\u00ec via.<\/div>\n<\/td>\n<\/tr>\n<tr>\n<td colspan=\"1\" rowspan=\"1\">\n<div class=\"magic-8\">Certificato aziendale<\/div>\n<\/td>\n<td colspan=\"1\" rowspan=\"1\">\n<div class=\"magic-9\">REACH,ISO9001,ISO14001,ISO45001<\/div>\n<\/td>\n<\/tr>\n<\/tbody>\n<\/table>\n<p>Proteggete la vostra merce al dettaglio con i sigilli di sicurezza in plastica con etichetta personalizzata PTS-008 da 410 mm, progettati per garantire la sicurezza a prova di manomissione e la visibilit\u00e0 del marchio nei settori dell'abbigliamento, delle calzature e delle borse. Questi sigilli bianchi in stile fascetta combinano una\u00a0<strong>design monouso e monouso<\/strong>\u00a0con un\u00a0<strong>etichetta personalizzabile<\/strong>\u00a0per l'apposizione del marchio, del codice a barre o delle informazioni di tracciabilit\u00e0. La lunghezza di 410 mm garantisce la flessibilit\u00e0 necessaria per proteggere gli articoli pi\u00f9 ingombranti, come scaffali per abbigliamento, calzature o bagagli, mentre la struttura in plastica resistente resiste a strappi e manomissioni. Ideale per negozi al dettaglio, magazzini e logistica, il PTS-008 fornisce prove evidenti di accessi non autorizzati e semplifica la gestione dell'inventario. Leggeri, facili da applicare e convenienti, questi sigilli proteggono i vostri prodotti e migliorano l'aspetto professionale del vostro marchio.<\/p>","protected":false},"excerpt":{"rendered":"<p>I sigilli in plastica monouso PTS-008 410 mm offrono un'etichettatura personalizzabile e una sicurezza a prova di manomissione per indumenti, scarpe e borse con fascette bianche e funzione di etichetta da appendere.<\/p>","protected":false},"featured_media":3898,"template":"","meta":[],"product_brand":[],"product_cat":[169],"product_tag":[191,375,376,377,378,379,380,381,190],"class_list":{"0":"post-3897","1":"product","2":"type-product","3":"status-publish","4":"has-post-thumbnail","6":"product_cat-plastic-seal","7":"product_tag-security-plastic-seal","8":"product_tag-safety-plastic-seal","9":"product_tag-shipping-plastic-seal","10":"product_tag-custom-garment-security-seals","11":"product_tag-disposable-plastic-zip-ties","12":"product_tag-pts-008-hang-tags","13":"product_tag-410mm-white-zip-ties","14":"product_tag-clothing-bag-security-tags","15":"product_tag-plastic-seal","17":"first","18":"instock","19":"featured","20":"shipping-taxable","21":"product-type-simple"},"_links":{"self":[{"href":"https:\/\/www.woseal.com\/it\/wp-json\/wp\/v2\/product\/3897","targetHints":{"allow":["GET"]}}],"collection":[{"href":"https:\/\/www.woseal.com\/it\/wp-json\/wp\/v2\/product"}],"about":[{"href":"https:\/\/www.woseal.com\/it\/wp-json\/wp\/v2\/types\/product"}],"version-history":[{"count":1,"href":"https:\/\/www.woseal.com\/it\/wp-json\/wp\/v2\/product\/3897\/revisions"}],"predecessor-version":[{"id":3905,"href":"https:\/\/www.woseal.com\/it\/wp-json\/wp\/v2\/product\/3897\/revisions\/3905"}],"wp:featuredmedia":[{"embeddable":true,"href":"https:\/\/www.woseal.com\/it\/wp-json\/wp\/v2\/media\/3898"}],"wp:attachment":[{"href":"https:\/\/www.woseal.com\/it\/wp-json\/wp\/v2\/media?parent=3897"}],"wp:term":[{"taxonomy":"product_brand","embeddable":true,"href":"https:\/\/www.woseal.com\/it\/wp-json\/wp\/v2\/product_brand?post=3897"},{"taxonomy":"product_cat","embeddable":true,"href":"https:\/\/www.woseal.com\/it\/wp-json\/wp\/v2\/product_cat?post=3897"},{"taxonomy":"product_tag","embeddable":true,"href":"https:\/\/www.woseal.com\/it\/wp-json\/wp\/v2\/product_tag?post=3897"}],"curies":[{"name":"wp","href":"https:\/\/api.w.org\/{rel}","templated":true}]}}