{"id":3493,"date":"2025-03-27T15:43:37","date_gmt":"2025-03-27T07:43:37","guid":{"rendered":"https:\/\/www.woseal.com\/?post_type=product&#038;p=3493"},"modified":"2025-04-11T14:03:35","modified_gmt":"2025-04-11T06:03:35","slug":"cbs-002-high-metallic-safety-wire-seal-system-security-waterproof-metal-lock-cable-seals","status":"publish","type":"product","link":"https:\/\/www.woseal.com\/pl\/produkt\/cbs-002-high-metallic-safety-wire-seal-system-security-waterproof-metal-lock-cable-seals","title":{"rendered":"CBS-002 Wysokometalowy system uszczelnie\u0144 przewod\u00f3w zabezpieczaj\u0105cych Wodoodporne metalowe uszczelnienia kabli blokuj\u0105cych"},"content":{"rendered":"<table class=\"has-title all magic-7\">\n<tbody>\n<tr>\n<td colspan=\"1\" rowspan=\"1\">\n<div class=\"magic-8\" data-spm-anchor-id=\"a2700.details.0.i72.48963db5bL2wRK\">Nazwa<\/div>\n<\/td>\n<td colspan=\"1\" rowspan=\"1\">\n<div class=\"magic-9\">CBS-002<\/div>\n<\/td>\n<\/tr>\n<tr>\n<td colspan=\"1\" rowspan=\"1\">\n<div class=\"magic-8\">materia\u0142<\/div>\n<\/td>\n<td colspan=\"1\" rowspan=\"1\">\n<div class=\"magic-9\">ABS, metalurgia proszk\u00f3w, lina stalowa A3, 7*7<\/div>\n<\/td>\n<\/tr>\n<tr>\n<td colspan=\"1\" rowspan=\"1\">\n<div class=\"magic-8\">Rozmiar korpusu zamka<\/div>\n<\/td>\n<td colspan=\"1\" rowspan=\"1\">\n<div class=\"magic-9\">38*14*12mm<\/div>\n<\/td>\n<\/tr>\n<tr>\n<td colspan=\"1\" rowspan=\"1\">\n<div class=\"magic-8\">\u015arednica<\/div>\n<\/td>\n<td colspan=\"1\" rowspan=\"1\">\n<div class=\"magic-9\">1,8 mm<\/div>\n<\/td>\n<\/tr>\n<tr>\n<td colspan=\"1\" rowspan=\"1\">\n<div class=\"magic-8\">Proces produkcji<\/div>\n<\/td>\n<td colspan=\"1\" rowspan=\"1\">\n<div class=\"magic-9\">wtrysk\uff0cT\u0142oczenie<\/div>\n<\/td>\n<\/tr>\n<tr>\n<td colspan=\"1\" rowspan=\"1\">\n<div class=\"magic-8\">Kolor<\/div>\n<\/td>\n<td colspan=\"1\" rowspan=\"1\">\n<div class=\"magic-9\">Czerwony, \u017c\u00f3\u0142ty, czarny, niebieski, zielony i tak dalej<\/div>\n<\/td>\n<\/tr>\n<tr>\n<td colspan=\"1\" rowspan=\"1\">\n<div class=\"magic-8\">Materia\u0142 kabla<\/div>\n<\/td>\n<td colspan=\"1\" rowspan=\"1\">\n<div class=\"magic-9\">Stal A3, 7 * 7, d\u0142ugo\u015b\u0107 cuntomized<\/div>\n<\/td>\n<\/tr>\n<tr>\n<td colspan=\"1\" rowspan=\"1\">\n<div class=\"magic-8\">D\u0142ugo\u015b\u0107 kabla<\/div>\n<\/td>\n<td colspan=\"1\" rowspan=\"1\">\n<div class=\"magic-9\">D\u0142ugo\u015b\u0107 25 cm, 30 cm, dowoln\u0105 d\u0142ugo\u015b\u0107 mo\u017cna dostosowa\u0107<\/div>\n<\/td>\n<\/tr>\n<tr>\n<td colspan=\"1\" rowspan=\"1\">\n<div class=\"magic-8\">Rodzaj druku<\/div>\n<\/td>\n<td colspan=\"1\" rowspan=\"1\">\n<div class=\"magic-9\">Znakowanie laserowe<\/div>\n<\/td>\n<\/tr>\n<tr>\n<td colspan=\"1\" rowspan=\"1\">\n<div class=\"magic-8\">Oznaczanie zawarto\u015bci<\/div>\n<\/td>\n<td colspan=\"1\" rowspan=\"1\">\n<div class=\"magic-9\">Cyfry, litery, znaki, kody kreskowe<\/div>\n<\/td>\n<\/tr>\n<tr>\n<td colspan=\"1\" rowspan=\"1\">\n<div class=\"magic-8\">Zastosowanie<\/div>\n<\/td>\n<td colspan=\"1\" rowspan=\"1\">\n<div class=\"magic-9\">Supermarkety, olej, kontenery, kontenery kolejowe, skrzynki licznikowe, portmonetki bankowe itp.<\/div>\n<\/td>\n<\/tr>\n<tr>\n<td colspan=\"1\" rowspan=\"1\">\n<div class=\"magic-8\">Pakowanie<\/div>\n<\/td>\n<td colspan=\"1\" rowspan=\"1\">\n<div class=\"magic-9\">100 sztuk \/ plastikowa torba, 1000 sztuk \/ karton, 2000 sztuk \/ karton<\/div>\n<\/td>\n<\/tr>\n<tr>\n<td colspan=\"1\" rowspan=\"1\">\n<div class=\"magic-8\">Certyfikat firmy<\/div>\n<\/td>\n<td colspan=\"1\" rowspan=\"1\">\n<div class=\"magic-9\">ISO17712,ISO9001,ISO14001,ISO45001<\/div>\n<\/td>\n<\/tr>\n<\/tbody>\n<\/table>\n<p>Zabezpiecz swoje przesy\u0142ki za pomoc\u0105 CBS-002 High Metallic Safety Wire Seal System, zaprojektowanego z my\u015bl\u0105 o najwy\u017cszej ochronie w wymagaj\u0105cych \u015brodowiskach. Dzi\u0119ki w pe\u0142ni metalowej konstrukcji, ta wodoodporna plomba kablowa \u0142\u0105czy w sobie wysokowytrzyma\u0142y drut stalowy z odpornym na korozj\u0119 metalowym zamkiem, zapewniaj\u0105c zabezpieczenie przed przeci\u0119ciem, podwa\u017ceniem i trudnymi warunkami pogodowymi. Zaawansowany mechanizm blokuj\u0105cy zapewnia widoczny dow\u00f3d sabota\u017cu, a jego wodoodporna konstrukcja gwarantuje niezawodno\u015b\u0107 w wilgotnych, morskich lub deszczowych warunkach. Idealny do logistyki, kontener\u00f3w transportowych, ci\u0119\u017ckich maszyn i \u0142adunk\u00f3w o du\u017cej warto\u015bci, CBS-002 spe\u0142nia rygorystyczne normy przemys\u0142owe i jest zbudowany tak, aby wytrzyma\u0107 ekstremalne temperatury i obci\u0105\u017cenia fizyczne. Jego lekka, ale wytrzyma\u0142a konstrukcja pozwala na \u0142atw\u0105 aplikacj\u0119 i kontrol\u0119, usprawniaj\u0105c zgodno\u015b\u0107 z globalnymi protoko\u0142ami bezpiecze\u0144stwa. Zaufaj CBS-002, aby chroni\u0107 swoje aktywa dzi\u0119ki niezr\u00f3wnanej trwa\u0142o\u015bci i zabezpieczeniu przed kradzie\u017c\u0105.<\/p>","protected":false},"excerpt":{"rendered":"<p>Wodoodporny metalowy zamek kablowy CBS-002 zapewnia zabezpieczenie przed manipulacj\u0105, odporne na warunki atmosferyczne z metalow\u0105 konstrukcj\u0105, idealne do logistyki, transportu morskiego i ochrony ci\u0119\u017ckich \u0142adunk\u00f3w.<\/p>","protected":false},"featured_media":3508,"template":"","meta":[],"product_brand":[],"product_cat":[168],"product_tag":[315,350,351,352,353,354,355,176,177,178,182,183],"class_list":{"0":"post-3493","1":"product","2":"type-product","3":"status-publish","4":"has-post-thumbnail","6":"product_cat-cable-seal","7":"product_tag-corrosion-resistant-wire-seals","8":"product_tag-high-metallic-safety-wire","9":"product_tag-waterproof-metal-lock-seals","10":"product_tag-tamper-proof-security-cable","11":"product_tag-logistics-waterproof-seals","12":"product_tag-industrial-grade-cable-locks","13":"product_tag-heavy-duty-shipping-security","14":"product_tag-cable-seal","15":"product_tag-wire-seal","16":"product_tag-security-seal","17":"product_tag-hexcab-cable-seal","18":"product_tag-safety-cable-seal","20":"first","21":"instock","22":"featured","23":"shipping-taxable","24":"product-type-simple"},"_links":{"self":[{"href":"https:\/\/www.woseal.com\/pl\/wp-json\/wp\/v2\/product\/3493","targetHints":{"allow":["GET"]}}],"collection":[{"href":"https:\/\/www.woseal.com\/pl\/wp-json\/wp\/v2\/product"}],"about":[{"href":"https:\/\/www.woseal.com\/pl\/wp-json\/wp\/v2\/types\/product"}],"version-history":[{"count":4,"href":"https:\/\/www.woseal.com\/pl\/wp-json\/wp\/v2\/product\/3493\/revisions"}],"predecessor-version":[{"id":3849,"href":"https:\/\/www.woseal.com\/pl\/wp-json\/wp\/v2\/product\/3493\/revisions\/3849"}],"wp:featuredmedia":[{"embeddable":true,"href":"https:\/\/www.woseal.com\/pl\/wp-json\/wp\/v2\/media\/3508"}],"wp:attachment":[{"href":"https:\/\/www.woseal.com\/pl\/wp-json\/wp\/v2\/media?parent=3493"}],"wp:term":[{"taxonomy":"product_brand","embeddable":true,"href":"https:\/\/www.woseal.com\/pl\/wp-json\/wp\/v2\/product_brand?post=3493"},{"taxonomy":"product_cat","embeddable":true,"href":"https:\/\/www.woseal.com\/pl\/wp-json\/wp\/v2\/product_cat?post=3493"},{"taxonomy":"product_tag","embeddable":true,"href":"https:\/\/www.woseal.com\/pl\/wp-json\/wp\/v2\/product_tag?post=3493"}],"curies":[{"name":"wp","href":"https:\/\/api.w.org\/{rel}","templated":true}]}}