{"id":3564,"date":"2025-03-27T18:35:34","date_gmt":"2025-03-27T10:35:34","guid":{"rendered":"https:\/\/www.woseal.com\/?post_type=product&#038;p=3564"},"modified":"2025-04-11T13:51:54","modified_gmt":"2025-04-11T05:51:54","slug":"pts-001-wholesale-cheap-label-seals-customized-strip-shaped-sealing-plastic-seal-strips","status":"publish","type":"product","link":"https:\/\/www.woseal.com\/pl\/produkt\/pts-001-wholesale-cheap-label-seals-customized-strip-shaped-sealing-plastic-seal-strips","title":{"rendered":"PTS-001 Hurtownia tanich uszczelek do etykiet Dostosowane uszczelnienie w kszta\u0142cie paska Plastikowe paski uszczelniaj\u0105ce"},"content":{"rendered":"<table class=\"has-title all magic-7\">\n<tbody>\n<tr>\n<td colspan=\"1\" rowspan=\"1\">\n<div class=\"magic-8\" data-spm-anchor-id=\"a2700.details.0.i80.6c85278cVONPQ6\">Miejsce pochodzenia<\/div>\n<\/td>\n<td colspan=\"1\" rowspan=\"1\">\n<div class=\"magic-9\">Chiny<\/div>\n<\/td>\n<\/tr>\n<tr>\n<td colspan=\"1\" rowspan=\"1\">\n<div class=\"magic-8\">Pozycja<\/div>\n<\/td>\n<td colspan=\"1\" rowspan=\"1\">\n<div class=\"magic-9\">Plastikowa uszczelka<\/div>\n<\/td>\n<\/tr>\n<tr>\n<td colspan=\"1\" rowspan=\"1\">\n<div class=\"magic-8\">Model<\/div>\n<\/td>\n<td colspan=\"1\" rowspan=\"1\">\n<div class=\"magic-9\">TPS-001<\/div>\n<\/td>\n<\/tr>\n<tr>\n<td colspan=\"1\" rowspan=\"1\">\n<div class=\"magic-8\">Materia\u0142<\/div>\n<\/td>\n<td colspan=\"1\" rowspan=\"1\">\n<div class=\"magic-9\">PP+PE<\/div>\n<\/td>\n<\/tr>\n<tr>\n<td colspan=\"1\" rowspan=\"1\">\n<div class=\"magic-8\">Rozmiar korpusu zamka<\/div>\n<\/td>\n<td colspan=\"1\" rowspan=\"1\">\n<div class=\"magic-9\">70*14*5.5mm<\/div>\n<\/td>\n<\/tr>\n<tr>\n<td colspan=\"1\" rowspan=\"1\">\n<div class=\"magic-8\">Kolor<\/div>\n<\/td>\n<td colspan=\"1\" rowspan=\"1\">\n<div class=\"magic-9\">\u017b\u00f3\u0142ty, bia\u0142y, niebieski, zielony, czerwony i tak dalej<\/div>\n<\/td>\n<\/tr>\n<tr>\n<td colspan=\"1\" rowspan=\"1\">\n<div class=\"magic-8\">Rodzaj druku<\/div>\n<\/td>\n<td colspan=\"1\" rowspan=\"1\">\n<div class=\"magic-9\">Znakowanie laserowe lub t\u0142oczenie na gor\u0105co, sitodruk, tto<\/div>\n<\/td>\n<\/tr>\n<tr>\n<td colspan=\"1\" rowspan=\"1\">\n<div class=\"magic-8\">Oznaczanie zawarto\u015bci<\/div>\n<\/td>\n<td colspan=\"1\" rowspan=\"1\">\n<div class=\"magic-9\">Cyfry, litery, znaki, kody kreskowe i tak dalej<\/div>\n<\/td>\n<\/tr>\n<tr>\n<td colspan=\"1\" rowspan=\"1\">\n<div class=\"magic-8\">Pakiet<\/div>\n<\/td>\n<td colspan=\"1\" rowspan=\"1\">\n<div class=\"magic-9\">100 sztuk \/ plastikowa torba, 1000 sztuk \/ karton, 2000 sztuk \/ karton<\/div>\n<\/td>\n<\/tr>\n<tr>\n<td colspan=\"1\" rowspan=\"1\">\n<div class=\"magic-8\">Zastosowanie<\/div>\n<\/td>\n<td colspan=\"1\" rowspan=\"1\">\n<div class=\"magic-9\">Supermarkety, olej, kontenery, kontenery kolejowe, skrzynki licznikowe, portmonetki bankowe itp.<\/div>\n<\/td>\n<\/tr>\n<tr>\n<td colspan=\"1\" rowspan=\"1\">\n<div class=\"magic-8\">Certyfikat firmy<\/div>\n<\/td>\n<td colspan=\"1\" rowspan=\"1\">\n<div class=\"magic-9\">REACH,ISO9001,ISO14001,ISO45001<\/div>\n<\/td>\n<\/tr>\n<\/tbody>\n<\/table>\n<p>Zabezpiecz swoje przesy\u0142ki w przyst\u0119pnej cenie dzi\u0119ki PTS-001 Wholesale Customized Plastic Seal Strips, zaprojektowanym z my\u015bl\u0105 o ekonomicznym i odpornym na manipulacje plombowaniu. Te plastikowe plomby w kszta\u0142cie pask\u00f3w s\u0105 idealne dla nabywc\u00f3w hurtowych poszukuj\u0105cych niezawodnego zabezpieczenia w cenach hurtowych. Wykonane z trwa\u0142ego, elastycznego polietylenu, s\u0105 odporne na rozdarcia i zu\u017cycie \u015brodowiskowe, zapewniaj\u0105c jednocze\u015bnie wyra\u017any dow\u00f3d manipulacji. Mo\u017cna na nich umie\u015bci\u0107 logo, kody kreskowe lub unikalne identyfikatory, aby zwi\u0119kszy\u0107 widoczno\u015b\u0107 marki i usprawni\u0107 \u015bledzenie zapas\u00f3w. Idealne do pakowania, logistyki, handlu detalicznego i plombowania dokument\u00f3w, PTS-001 oferuje \u0142atw\u0105 aplikacj\u0119 i lekk\u0105 konstrukcj\u0119. Zgodno\u015b\u0107 z podstawowymi standardami bezpiecze\u0144stwa bez nadwyr\u0119\u017cania bud\u017cetu - zaufaj tym plombom, aby zabezpieczy\u0107 paczki, pude\u0142ka i pojemniki przy jednoczesnym zachowaniu wydajno\u015bci operacyjnej.<\/p>","protected":false},"excerpt":{"rendered":"<p>Model PTS-001 charakteryzuje si\u0119 now\u0105 konstrukcj\u0105, mocniejszym materia\u0142em, d\u0142ugo\u015bci\u0105 11\u2033 i du\u017cymi drukowanymi etykietami z \u0142atwym do odczytania tekstem, kodami kreskowymi i numerami. Idealne do drzwi przyczep, cystern, wagon\u00f3w kolejowych, pojemnik\u00f3w i innych. Dost\u0119pne w r\u00f3\u017cnych niestandardowych kolorach, w tym bia\u0142ym, \u017c\u00f3\u0142tym, niebieskim, zielonym, czerwonym i innych. Plomby magazynowe s\u0105 dost\u0119pne do natychmiastowej wysy\u0142ki, niestandardowe plomby drukowane mog\u0105 potrwa\u0107 do 4 tygodni.<\/p>","protected":false},"featured_media":3566,"template":"","meta":[],"product_brand":[],"product_cat":[169],"product_tag":[190,191,192,193,194,195,200,201,178,179,180],"class_list":{"0":"post-3564","1":"product","2":"type-product","3":"status-publish","4":"has-post-thumbnail","6":"product_cat-plastic-seal","7":"product_tag-plastic-seal","8":"product_tag-security-plastic-seal","9":"product_tag-container-plastic-seal","10":"product_tag-high-security-plastic-seal","11":"product_tag-pp-plastic-seal","12":"product_tag-custom-plastic-seal","13":"product_tag-strip-shaped-seal","14":"product_tag-logistics-plastic-seal","15":"product_tag-security-seal","16":"product_tag-shipping-seal","17":"product_tag-safety-seal","19":"first","20":"instock","21":"featured","22":"shipping-taxable","23":"product-type-simple"},"_links":{"self":[{"href":"https:\/\/www.woseal.com\/pl\/wp-json\/wp\/v2\/product\/3564","targetHints":{"allow":["GET"]}}],"collection":[{"href":"https:\/\/www.woseal.com\/pl\/wp-json\/wp\/v2\/product"}],"about":[{"href":"https:\/\/www.woseal.com\/pl\/wp-json\/wp\/v2\/types\/product"}],"version-history":[{"count":3,"href":"https:\/\/www.woseal.com\/pl\/wp-json\/wp\/v2\/product\/3564\/revisions"}],"predecessor-version":[{"id":3862,"href":"https:\/\/www.woseal.com\/pl\/wp-json\/wp\/v2\/product\/3564\/revisions\/3862"}],"wp:featuredmedia":[{"embeddable":true,"href":"https:\/\/www.woseal.com\/pl\/wp-json\/wp\/v2\/media\/3566"}],"wp:attachment":[{"href":"https:\/\/www.woseal.com\/pl\/wp-json\/wp\/v2\/media?parent=3564"}],"wp:term":[{"taxonomy":"product_brand","embeddable":true,"href":"https:\/\/www.woseal.com\/pl\/wp-json\/wp\/v2\/product_brand?post=3564"},{"taxonomy":"product_cat","embeddable":true,"href":"https:\/\/www.woseal.com\/pl\/wp-json\/wp\/v2\/product_cat?post=3564"},{"taxonomy":"product_tag","embeddable":true,"href":"https:\/\/www.woseal.com\/pl\/wp-json\/wp\/v2\/product_tag?post=3564"}],"curies":[{"name":"wp","href":"https:\/\/api.w.org\/{rel}","templated":true}]}}