{"id":3574,"date":"2025-03-28T10:53:00","date_gmt":"2025-03-28T02:53:00","guid":{"rendered":"https:\/\/www.woseal.com\/?post_type=product&#038;p=3574"},"modified":"2025-04-11T13:49:18","modified_gmt":"2025-04-11T05:49:18","slug":"bts-001-truck-van-door-with-logo-barcod-high-security-iso17712-container-lock-bolt-seals","status":"publish","type":"product","link":"https:\/\/www.woseal.com\/pl\/produkt\/bts-001-truck-van-door-with-logo-barcod-high-security-iso17712-container-lock-bolt-seals","title":{"rendered":"BTS-001 Drzwi samochodu ci\u0119\u017carowego z logo i kodem kreskowym Wysoki poziom bezpiecze\u0144stwa ISO17712 Uszczelki rygluj\u0105ce do kontener\u00f3w"},"content":{"rendered":"<table class=\"has-title all magic-7\">\n<tbody>\n<tr>\n<td colspan=\"1\" rowspan=\"1\">\n<div class=\"magic-8\" data-spm-anchor-id=\"a2700.details.0.i73.6c264075iQX7Ha\">Miejsce pochodzenia<\/div>\n<\/td>\n<td colspan=\"1\" rowspan=\"1\">\n<div class=\"magic-9\">Chiny<\/div>\n<\/td>\n<\/tr>\n<tr>\n<td colspan=\"1\" rowspan=\"1\">\n<div class=\"magic-8\">Pozycja<\/div>\n<\/td>\n<td colspan=\"1\" rowspan=\"1\">\n<div class=\"magic-9\">Uszczelnienie \u015bruby<\/div>\n<\/td>\n<\/tr>\n<tr>\n<td colspan=\"1\" rowspan=\"1\">\n<div class=\"magic-8\">Model<\/div>\n<\/td>\n<td colspan=\"1\" rowspan=\"1\">\n<div class=\"magic-9\">BTS-001<\/div>\n<\/td>\n<\/tr>\n<tr>\n<td colspan=\"1\" rowspan=\"1\">\n<div class=\"magic-8\">Materia\u0142<\/div>\n<\/td>\n<td colspan=\"1\" rowspan=\"1\">\n<div class=\"magic-9\">ABS + ocynkowana stal w\u0119glowa<\/div>\n<\/td>\n<\/tr>\n<tr>\n<td colspan=\"1\" rowspan=\"1\">\n<div class=\"magic-8\">Rozmiar korpusu zamka<\/div>\n<\/td>\n<td colspan=\"1\" rowspan=\"1\">\n<div class=\"magic-9\">81.3*10mm<\/div>\n<\/td>\n<\/tr>\n<tr>\n<td colspan=\"1\" rowspan=\"1\">\n<div class=\"magic-8\">Kolor<\/div>\n<\/td>\n<td colspan=\"1\" rowspan=\"1\">\n<div class=\"magic-9\">\u017b\u00f3\u0142ty, bia\u0142y, niebieski, zielony, czerwony, inne i tak dalej<\/div>\n<\/td>\n<\/tr>\n<tr>\n<td colspan=\"1\" rowspan=\"1\">\n<div class=\"magic-8\">Rodzaj druku<\/div>\n<\/td>\n<td colspan=\"1\" rowspan=\"1\">\n<div class=\"magic-9\">Znakowanie laserowe lub t\u0142oczenie na gor\u0105co, sitodruk<\/div>\n<\/td>\n<\/tr>\n<tr>\n<td colspan=\"1\" rowspan=\"1\">\n<div class=\"magic-8\">Oznaczanie zawarto\u015bci<\/div>\n<\/td>\n<td colspan=\"1\" rowspan=\"1\">\n<div class=\"magic-9\">Cyfry, litery, znaki, kody kreskowe i tak dalej<\/div>\n<\/td>\n<\/tr>\n<tr>\n<td colspan=\"1\" rowspan=\"1\">\n<div class=\"magic-8\">Pakiet<\/div>\n<\/td>\n<td colspan=\"1\" rowspan=\"1\">\n<div class=\"magic-9\">10 sztuk \/ plastikowe pude\u0142ko 25 pude\u0142ek \/ karton<\/div>\n<\/td>\n<\/tr>\n<tr>\n<td colspan=\"1\" rowspan=\"1\">\n<div class=\"magic-8\">Zastosowanie<\/div>\n<\/td>\n<td colspan=\"1\" rowspan=\"1\">\n<div class=\"magic-9\">Wszystkie rodzaje przyczep, cystern, spedycja, transport kolejowy, fracht logistyczny, sejfy, szafki itp.<\/div>\n<\/td>\n<\/tr>\n<tr>\n<td colspan=\"1\" rowspan=\"1\">\n<div class=\"magic-8\">Certyfikat firmy<\/div>\n<\/td>\n<td colspan=\"1\" rowspan=\"1\">\n<div class=\"magic-9\">ISO17712,ISO9001,ISO14001,ISO45001<\/div>\n<\/td>\n<\/tr>\n<\/tbody>\n<\/table>\n<p>Zabezpiecz sw\u00f3j \u0142adunek za pomoc\u0105 plomby BTS-001 Truck Van Door High Security Bolt Seal, zaprojektowanej zgodnie z normami ISO17712 w celu zabezpieczenia kontener\u00f3w i logistyki przed manipulacj\u0105. Wykonana z wytrzyma\u0142ej stalowej \u015bruby i zaawansowanej konstrukcji antykradzie\u017cowej, plomba ta zapewnia maksymaln\u0105 odporno\u015b\u0107 na przeci\u0119cie, podwa\u017cenie i trudne warunki \u015brodowiskowe. Zintegrowane opcje personalizacji logo i kodu kreskowego umo\u017cliwiaj\u0105 \u0142atw\u0105 identyfikacj\u0119 marki i cyfrowe \u015bledzenie, usprawniaj\u0105c zarz\u0105dzanie zapasami i audyty zgodno\u015bci. Idealny do drzwi samochod\u00f3w dostawczych, kontener\u00f3w transportowych i \u0142adunk\u00f3w wysokiego ryzyka, BTS-001 posiada unikalny mechanizm blokuj\u0105cy, kt\u00f3ry pozostawia widoczne \u015blady manipulacji, zniech\u0119caj\u0105c do kradzie\u017cy i nieautoryzowanego dost\u0119pu. Jego odporna na korozj\u0119 konstrukcja i wytrzyma\u0142o\u015b\u0107 na warunki atmosferyczne sprawiaj\u0105, \u017ce idealnie nadaje si\u0119 do transportu globalnego. Zaufaj BTS-001, aby zapewni\u0107 niezr\u00f3wnane bezpiecze\u0144stwo, identyfikowalno\u015b\u0107 i zgodno\u015b\u0107 \u0142a\u0144cucha dostaw.<\/p>","protected":false},"excerpt":{"rendered":"<p>\u015aruby modelu BTS-001 s\u0105 zgodne z C-TPAT i posiadaj\u0105 certyfikat ISO 17712 dla wysokiego poziomu bezpiecze\u0144stwa. Te laserowo drukowane plomby s\u0105 dost\u0119pne w r\u00f3\u017cnych kolorach. Plomby s\u0105 u\u017cywane do zabezpieczania zatrzask\u00f3w drzwi przyczep i kontener\u00f3w. W magazynie i dost\u0119pne do wysy\u0142ki.<\/p>","protected":false},"featured_media":3581,"template":"","meta":[],"product_brand":[],"product_cat":[171],"product_tag":[359,360,202,203,204,205,206,356,357,358],"class_list":{"0":"post-3574","1":"product","2":"type-product","3":"status-publish","4":"has-post-thumbnail","6":"product_cat-bolt-seal","7":"product_tag-customizable-barcode-bolt-seals","8":"product_tag-tamper-proof-van-door-locks","9":"product_tag-bolt-seal","10":"product_tag-container-seal","11":"product_tag-security-bolt-seal","12":"product_tag-truck-seal","13":"product_tag-iso17712-bolt-seal","14":"product_tag-iso17712-bolt-seals","15":"product_tag-bts-001-truck-door-lock","16":"product_tag-high-security-container-seals","18":"first","19":"instock","20":"featured","21":"shipping-taxable","22":"product-type-simple"},"_links":{"self":[{"href":"https:\/\/www.woseal.com\/pl\/wp-json\/wp\/v2\/product\/3574","targetHints":{"allow":["GET"]}}],"collection":[{"href":"https:\/\/www.woseal.com\/pl\/wp-json\/wp\/v2\/product"}],"about":[{"href":"https:\/\/www.woseal.com\/pl\/wp-json\/wp\/v2\/types\/product"}],"version-history":[{"count":4,"href":"https:\/\/www.woseal.com\/pl\/wp-json\/wp\/v2\/product\/3574\/revisions"}],"predecessor-version":[{"id":3852,"href":"https:\/\/www.woseal.com\/pl\/wp-json\/wp\/v2\/product\/3574\/revisions\/3852"}],"wp:featuredmedia":[{"embeddable":true,"href":"https:\/\/www.woseal.com\/pl\/wp-json\/wp\/v2\/media\/3581"}],"wp:attachment":[{"href":"https:\/\/www.woseal.com\/pl\/wp-json\/wp\/v2\/media?parent=3574"}],"wp:term":[{"taxonomy":"product_brand","embeddable":true,"href":"https:\/\/www.woseal.com\/pl\/wp-json\/wp\/v2\/product_brand?post=3574"},{"taxonomy":"product_cat","embeddable":true,"href":"https:\/\/www.woseal.com\/pl\/wp-json\/wp\/v2\/product_cat?post=3574"},{"taxonomy":"product_tag","embeddable":true,"href":"https:\/\/www.woseal.com\/pl\/wp-json\/wp\/v2\/product_tag?post=3574"}],"curies":[{"name":"wp","href":"https:\/\/api.w.org\/{rel}","templated":true}]}}