{"id":3589,"date":"2025-03-28T11:03:25","date_gmt":"2025-03-28T03:03:25","guid":{"rendered":"https:\/\/www.woseal.com\/?post_type=product&#038;p=3589"},"modified":"2025-04-11T13:38:29","modified_gmt":"2025-04-11T05:38:29","slug":"bts-002-iso17712-certified-security-bolt-seal-tamper-evident-truck-lock-with-spring-parts","status":"publish","type":"product","link":"https:\/\/www.woseal.com\/pl\/produkt\/bts-002-iso17712-certified-security-bolt-seal-tamper-evident-truck-lock-with-spring-parts","title":{"rendered":"BTS-002 Zabezpieczaj\u0105ca blokada ryglowa z certyfikatem ISO17712 do samochod\u00f3w ci\u0119\u017carowych z cz\u0119\u015bciami spr\u0119\u017cynowymi."},"content":{"rendered":"<table class=\"has-title all magic-7\">\n<tbody>\n<tr>\n<td colspan=\"1\" rowspan=\"1\">\n<div class=\"magic-8\" data-spm-anchor-id=\"a2700.details.0.i75.72a356f98eeeLE\">Miejsce pochodzenia<\/div>\n<\/td>\n<td colspan=\"1\" rowspan=\"1\">\n<div class=\"magic-9\">Chiny<\/div>\n<\/td>\n<\/tr>\n<tr>\n<td colspan=\"1\" rowspan=\"1\">\n<div class=\"magic-8\">Pozycja<\/div>\n<\/td>\n<td colspan=\"1\" rowspan=\"1\">\n<div class=\"magic-9\">Uszczelnienie \u015bruby<\/div>\n<\/td>\n<\/tr>\n<tr>\n<td colspan=\"1\" rowspan=\"1\">\n<div class=\"magic-8\">Model<\/div>\n<\/td>\n<td colspan=\"1\" rowspan=\"1\">\n<div class=\"magic-9\">BTS-002<\/div>\n<\/td>\n<\/tr>\n<tr>\n<td colspan=\"1\" rowspan=\"1\">\n<div class=\"magic-8\">Materia\u0142<\/div>\n<\/td>\n<td colspan=\"1\" rowspan=\"1\">\n<div class=\"magic-9\">ABS + ocynkowana stal w\u0119glowa<\/div>\n<\/td>\n<\/tr>\n<tr>\n<td colspan=\"1\" rowspan=\"1\">\n<div class=\"magic-8\">Rozmiar korpusu zamka<\/div>\n<\/td>\n<td colspan=\"1\" rowspan=\"1\">\n<div class=\"magic-9\">81,8*55,6*21,5 mm<\/div>\n<\/td>\n<\/tr>\n<tr>\n<td colspan=\"1\" rowspan=\"1\">\n<div class=\"magic-8\">Waga<\/div>\n<\/td>\n<td colspan=\"1\" rowspan=\"1\">\n<div class=\"magic-9\">52g<\/div>\n<\/td>\n<\/tr>\n<tr>\n<td colspan=\"1\" rowspan=\"1\">\n<div class=\"magic-8\">Kolor<\/div>\n<\/td>\n<td colspan=\"1\" rowspan=\"1\">\n<div class=\"magic-9\">\u017b\u00f3\u0142ty, bia\u0142y, niebieski, zielony, czerwony i tak dalej<\/div>\n<\/td>\n<\/tr>\n<tr>\n<td colspan=\"1\" rowspan=\"1\">\n<div class=\"magic-8\">Rodzaj druku<\/div>\n<\/td>\n<td colspan=\"1\" rowspan=\"1\">\n<div class=\"magic-9\">Znakowanie laserowe lub t\u0142oczenie na gor\u0105co, sitodruk<\/div>\n<\/td>\n<\/tr>\n<tr>\n<td colspan=\"1\" rowspan=\"1\">\n<div class=\"magic-8\">Oznaczanie zawarto\u015bci<\/div>\n<\/td>\n<td colspan=\"1\" rowspan=\"1\">\n<div class=\"magic-9\">Cyfry, litery, znaki, kody kreskowe i tak dalej<\/div>\n<\/td>\n<\/tr>\n<tr>\n<td colspan=\"1\" rowspan=\"1\">\n<div class=\"magic-8\">Pakiet<\/div>\n<\/td>\n<td colspan=\"1\" rowspan=\"1\">\n<div class=\"magic-9\">10 sztuk \/ plastikowe pude\u0142ko 25 pude\u0142ek \/ karton<\/div>\n<\/td>\n<\/tr>\n<tr>\n<td colspan=\"1\" rowspan=\"1\">\n<div class=\"magic-8\">Zastosowanie<\/div>\n<\/td>\n<td colspan=\"1\" rowspan=\"1\">\n<div class=\"magic-9\">Wszystkie rodzaje przyczep, cystern, spedycja, transport kolejowy, fracht logistyczny, sejfy, szafki itp.<\/div>\n<\/td>\n<\/tr>\n<tr>\n<td colspan=\"1\" rowspan=\"1\">\n<div class=\"magic-8\">Certyfikat firmy<\/div>\n<\/td>\n<td colspan=\"1\" rowspan=\"1\">\n<div class=\"magic-9\">ISO17712,ISO9001,ISO14001,ISO45001<\/div>\n<\/td>\n<\/tr>\n<\/tbody>\n<\/table>\n<p>Zapewnij bezkompromisowe bezpiecze\u0144stwo \u0142adunku dzi\u0119ki plombie zabezpieczaj\u0105cej BTS-002 z certyfikatem ISO17712, zaprojektowanej z my\u015bl\u0105 o ochronie przed manipulacj\u0105 i trwa\u0142o\u015bci przemys\u0142owej. Zbudowana zgodnie z rygorystycznymi normami ISO17712, ta wytrzyma\u0142a plomba \u015brubowa ma solidn\u0105 stalow\u0105 konstrukcj\u0119 i precyzyjnie zaprojektowany mechanizm spr\u0119\u017cynowy, kt\u00f3ry zwi\u0119ksza odporno\u015b\u0107 na wymuszone wej\u015bcie, wibracje i fizyczn\u0105 manipulacj\u0119. Konstrukcja zabezpieczaj\u0105ca przed manipulacj\u0105 pozostawia wyra\u017ane wizualne dowody nieautoryzowanego dost\u0119pu, dzi\u0119ki czemu idealnie nadaje si\u0119 do zabezpieczania drzwi ci\u0119\u017car\u00f3wek, kontener\u00f3w transportowych i \u0142adunk\u00f3w wysokiego ryzyka. Odporny na korozj\u0119 i warunki atmosferyczne, wytrzymuje ekstremalne temperatury, wilgo\u0107 i trudne warunki podczas transportu. Zintegrowane elementy spr\u0119\u017cynowe zapewniaj\u0105 szczeln\u0105, niezawodn\u0105 blokad\u0119, jednocze\u015bnie upraszczaj\u0105c instalacj\u0119 i kontrol\u0119. Zaufaj BTS-002, aby zabezpieczy\u0107 sw\u00f3j \u0142a\u0144cuch logistyczny, usprawni\u0107 audyty zgodno\u015bci i powstrzyma\u0107 kradzie\u017c dzi\u0119ki niezawodno\u015bci z certyfikatem ISO.<\/p>\n<p>&nbsp;<\/p>","protected":false},"excerpt":{"rendered":"<p>BTS-002 ISO17712 Bolt Seal \u0142\u0105czy w sobie zabezpieczenie antysabota\u017cowe, blokad\u0119 spr\u0119\u017cynow\u0105 i wytrzyma\u0142\u0105 stalow\u0105 konstrukcj\u0119 dla ci\u0119\u017car\u00f3wek, kontener\u00f3w i \u0142adunk\u00f3w o du\u017cej warto\u015bci.<\/p>","protected":false},"featured_media":3590,"template":"","meta":[],"product_brand":[],"product_cat":[171],"product_tag":[207,208,209,210,211,212,213,214,216,202,204,206],"class_list":{"0":"post-3589","1":"product","2":"type-product","3":"status-publish","4":"has-post-thumbnail","6":"product_cat-bolt-seal","7":"product_tag-shipping-container-bolt-seals","8":"product_tag-truck-security-seals","9":"product_tag-logistics-bolt-seals","10":"product_tag-steel-bolt-seal","11":"product_tag-tamper-proof-bolt-seal","12":"product_tag-custom-bolt-seal","13":"product_tag-high-security-bolt-seal","14":"product_tag-container-bolt-seal","15":"product_tag-tapa-compliant-bolt-seals","16":"product_tag-bolt-seal","17":"product_tag-security-bolt-seal","18":"product_tag-iso17712-bolt-seal","20":"first","21":"instock","22":"shipping-taxable","23":"product-type-simple"},"_links":{"self":[{"href":"https:\/\/www.woseal.com\/pl\/wp-json\/wp\/v2\/product\/3589","targetHints":{"allow":["GET"]}}],"collection":[{"href":"https:\/\/www.woseal.com\/pl\/wp-json\/wp\/v2\/product"}],"about":[{"href":"https:\/\/www.woseal.com\/pl\/wp-json\/wp\/v2\/types\/product"}],"version-history":[{"count":3,"href":"https:\/\/www.woseal.com\/pl\/wp-json\/wp\/v2\/product\/3589\/revisions"}],"predecessor-version":[{"id":3854,"href":"https:\/\/www.woseal.com\/pl\/wp-json\/wp\/v2\/product\/3589\/revisions\/3854"}],"wp:featuredmedia":[{"embeddable":true,"href":"https:\/\/www.woseal.com\/pl\/wp-json\/wp\/v2\/media\/3590"}],"wp:attachment":[{"href":"https:\/\/www.woseal.com\/pl\/wp-json\/wp\/v2\/media?parent=3589"}],"wp:term":[{"taxonomy":"product_brand","embeddable":true,"href":"https:\/\/www.woseal.com\/pl\/wp-json\/wp\/v2\/product_brand?post=3589"},{"taxonomy":"product_cat","embeddable":true,"href":"https:\/\/www.woseal.com\/pl\/wp-json\/wp\/v2\/product_cat?post=3589"},{"taxonomy":"product_tag","embeddable":true,"href":"https:\/\/www.woseal.com\/pl\/wp-json\/wp\/v2\/product_tag?post=3589"}],"curies":[{"name":"wp","href":"https:\/\/api.w.org\/{rel}","templated":true}]}}