{"id":3598,"date":"2025-03-28T11:08:03","date_gmt":"2025-03-28T03:08:03","guid":{"rendered":"https:\/\/www.woseal.com\/?post_type=product&#038;p=3598"},"modified":"2025-04-11T13:36:05","modified_gmt":"2025-04-11T05:36:05","slug":"bts-003-joint-de-boulon-one-time-high-security-anti-tamper-proof-container-bolt-seal-precinto-de-seguridad-botella","status":"publish","type":"product","link":"https:\/\/www.woseal.com\/pl\/produkt\/bts-003-joint-de-boulon-one-time-high-security-anti-tamper-proof-container-bolt-seal-precinto-de-seguridad-botella","title":{"rendered":"BTS-003 Jednorazowe zabezpieczenie antysabota\u017cowe pojemnika przed manipulacj\u0105 Precinto De Seguridad Botella"},"content":{"rendered":"<table class=\"has-title all magic-7\">\n<tbody>\n<tr>\n<td colspan=\"1\" rowspan=\"1\">\n<div class=\"magic-8\" data-spm-anchor-id=\"a2700.details-description.0.i0.55d5Pp8JPp8JyI\">Miejsce pochodzenia<\/div>\n<\/td>\n<td colspan=\"1\" rowspan=\"1\">\n<div class=\"magic-9\">Chiny<\/div>\n<\/td>\n<\/tr>\n<tr>\n<td colspan=\"1\" rowspan=\"1\">\n<div class=\"magic-8\">Pozycja<\/div>\n<\/td>\n<td colspan=\"1\" rowspan=\"1\">\n<div class=\"magic-9\">Uszczelnienie \u015bruby<\/div>\n<\/td>\n<\/tr>\n<tr>\n<td colspan=\"1\" rowspan=\"1\">\n<div class=\"magic-8\">Model<\/div>\n<\/td>\n<td colspan=\"1\" rowspan=\"1\">\n<div class=\"magic-9\">BTS-003<\/div>\n<\/td>\n<\/tr>\n<tr>\n<td colspan=\"1\" rowspan=\"1\">\n<div class=\"magic-8\">Materia\u0142<\/div>\n<\/td>\n<td colspan=\"1\" rowspan=\"1\">\n<div class=\"magic-9\">ABS + ocynkowana stal w\u0119glowa<\/div>\n<\/td>\n<\/tr>\n<tr>\n<td colspan=\"1\" rowspan=\"1\">\n<div class=\"magic-8\">Rozmiar korpusu zamka<\/div>\n<\/td>\n<td colspan=\"1\" rowspan=\"1\">\n<div class=\"magic-9\">86,9*54,5*22,3 mm<\/div>\n<\/td>\n<\/tr>\n<tr>\n<td colspan=\"1\" rowspan=\"1\">\n<div class=\"magic-8\">Waga<\/div>\n<\/td>\n<td colspan=\"1\" rowspan=\"1\">\n<div class=\"magic-9\">69.3g<\/div>\n<\/td>\n<\/tr>\n<tr>\n<td colspan=\"1\" rowspan=\"1\">\n<div class=\"magic-8\">Kolor<\/div>\n<\/td>\n<td colspan=\"1\" rowspan=\"1\">\n<div class=\"magic-9\">\u017b\u00f3\u0142ty, bia\u0142y, niebieski, zielony, czerwony i tak dalej<\/div>\n<\/td>\n<\/tr>\n<tr>\n<td colspan=\"1\" rowspan=\"1\">\n<div class=\"magic-8\">Rodzaj druku<\/div>\n<\/td>\n<td colspan=\"1\" rowspan=\"1\">\n<div class=\"magic-9\">Znakowanie laserowe lub t\u0142oczenie na gor\u0105co, sitodruk<\/div>\n<\/td>\n<\/tr>\n<tr>\n<td colspan=\"1\" rowspan=\"1\">\n<div class=\"magic-8\">Oznaczanie zawarto\u015bci<\/div>\n<\/td>\n<td colspan=\"1\" rowspan=\"1\">\n<div class=\"magic-9\">Cyfry, litery, znaki, kody kreskowe i tak dalej<\/div>\n<\/td>\n<\/tr>\n<tr>\n<td colspan=\"1\" rowspan=\"1\">\n<div class=\"magic-8\">Pakiet<\/div>\n<\/td>\n<td colspan=\"1\" rowspan=\"1\">\n<div class=\"magic-9\">10 sztuk \/ plastikowe pude\u0142ko 25 pude\u0142ek \/ karton<\/div>\n<\/td>\n<\/tr>\n<tr>\n<td colspan=\"1\" rowspan=\"1\">\n<div class=\"magic-8\">Zastosowanie<\/div>\n<\/td>\n<td colspan=\"1\" rowspan=\"1\">\n<div class=\"magic-9\">Wszystkie rodzaje przyczep, cystern, spedycja, transport kolejowy, fracht logistyczny, sejfy, szafki itp.<\/div>\n<\/td>\n<\/tr>\n<tr>\n<td colspan=\"1\" rowspan=\"1\">\n<div class=\"magic-8\">Certyfikat firmy<\/div>\n<\/td>\n<td colspan=\"1\" rowspan=\"1\">\n<div class=\"magic-9\">ISO17712,ISO9001,ISO14001,ISO45001<\/div>\n<\/td>\n<\/tr>\n<\/tbody>\n<\/table>\n<p>Jednorazowa plomba zabezpieczaj\u0105ca BTS-003 Joint De Boulon zapewnia maksymalne bezpiecze\u0144stwo przesy\u0142ek na ca\u0142ym \u015bwiecie. Zaprojektowana z my\u015bl\u0105 o nieodwracalnej ochronie, ta wytrzyma\u0142a plomba \u015brubowa ma konstrukcj\u0119 z hartowanej stali i jednorazowy mechanizm blokuj\u0105cy, kt\u00f3ry zapobiega ponownemu u\u017cyciu, zapewniaj\u0105c bezpiecze\u0144stwo kontener\u00f3w, ci\u0119\u017car\u00f3wek i \u0142adunk\u00f3w o wysokiej warto\u015bci. Konstrukcja zapobiegaj\u0105ca podwa\u017ceniu i precyzyjnie zaprojektowana \u015bruba s\u0105 odporne na ci\u0119cie, wiercenie i manipulacje fizyczne, a odporna na korozj\u0119 pow\u0142oka wytrzymuje trudne warunki morskie i przemys\u0142owe. Zgodny z normami ISO17712, BTS-003 zapewnia widoczne dowody manipulacji, dzi\u0119ki czemu idealnie nadaje si\u0119 do logistyki mi\u0119dzynarodowej, transportu transgranicznego i przesy\u0142ek wra\u017cliwych. Uniwersalna konstrukcja \"Precinto De Seguridad Botella\" (plomba zabezpieczaj\u0105ca w stylu butelki) zapewnia \u0142atw\u0105 aplikacj\u0119 i kontrol\u0119, usprawniaj\u0105c zgodno\u015b\u0107 i zwi\u0119kszaj\u0105c integralno\u015b\u0107 \u0142a\u0144cucha dostaw.<\/p>","protected":false},"excerpt":{"rendered":"<p>Jednorazowa plomba BTS-003 oferuje zgodne z norm\u0105 ISO, odporne na manipulacje zabezpieczenie ze stalow\u0105 konstrukcj\u0105 zapobiegaj\u0105c\u0105 podwa\u017ceniu, idealne do ochrony kontener\u00f3w, ci\u0119\u017car\u00f3wek i \u0142adunk\u00f3w mi\u0119dzynarodowych.<\/p>","protected":false},"featured_media":3599,"template":"","meta":[],"product_brand":[],"product_cat":[171],"product_tag":[207,208,209,213,214,217,218,219,220,202],"class_list":{"0":"post-3598","1":"product","2":"type-product","3":"status-publish","4":"has-post-thumbnail","6":"product_cat-bolt-seal","7":"product_tag-shipping-container-bolt-seals","8":"product_tag-truck-security-seals","9":"product_tag-logistics-bolt-seals","10":"product_tag-high-security-bolt-seal","11":"product_tag-container-bolt-seal","12":"product_tag-anti-tamper-proof-container-bolt-seal","13":"product_tag-bulk-bolt-seals","14":"product_tag-cheap-bolt-seals","15":"product_tag-high-quality-bolt-seals","16":"product_tag-bolt-seal","18":"first","19":"instock","20":"shipping-taxable","21":"product-type-simple"},"_links":{"self":[{"href":"https:\/\/www.woseal.com\/pl\/wp-json\/wp\/v2\/product\/3598","targetHints":{"allow":["GET"]}}],"collection":[{"href":"https:\/\/www.woseal.com\/pl\/wp-json\/wp\/v2\/product"}],"about":[{"href":"https:\/\/www.woseal.com\/pl\/wp-json\/wp\/v2\/types\/product"}],"version-history":[{"count":2,"href":"https:\/\/www.woseal.com\/pl\/wp-json\/wp\/v2\/product\/3598\/revisions"}],"predecessor-version":[{"id":3855,"href":"https:\/\/www.woseal.com\/pl\/wp-json\/wp\/v2\/product\/3598\/revisions\/3855"}],"wp:featuredmedia":[{"embeddable":true,"href":"https:\/\/www.woseal.com\/pl\/wp-json\/wp\/v2\/media\/3599"}],"wp:attachment":[{"href":"https:\/\/www.woseal.com\/pl\/wp-json\/wp\/v2\/media?parent=3598"}],"wp:term":[{"taxonomy":"product_brand","embeddable":true,"href":"https:\/\/www.woseal.com\/pl\/wp-json\/wp\/v2\/product_brand?post=3598"},{"taxonomy":"product_cat","embeddable":true,"href":"https:\/\/www.woseal.com\/pl\/wp-json\/wp\/v2\/product_cat?post=3598"},{"taxonomy":"product_tag","embeddable":true,"href":"https:\/\/www.woseal.com\/pl\/wp-json\/wp\/v2\/product_tag?post=3598"}],"curies":[{"name":"wp","href":"https:\/\/api.w.org\/{rel}","templated":true}]}}