{"id":3607,"date":"2025-03-28T11:19:58","date_gmt":"2025-03-28T03:19:58","guid":{"rendered":"https:\/\/www.woseal.com\/?post_type=product&#038;p=3607"},"modified":"2025-04-11T11:59:54","modified_gmt":"2025-04-11T03:59:54","slug":"bts-004-high-quality-disposable-tamper-evident-small-vehicle-container-steel-bolt-seal-logo-series-number-container-bolt-seal","status":"publish","type":"product","link":"https:\/\/www.woseal.com\/pl\/produkt\/bts-004-high-quality-disposable-tamper-evident-small-vehicle-container-steel-bolt-seal-logo-series-number-container-bolt-seal","title":{"rendered":"BTS-004 Wysokiej jako\u015bci jednorazowa stalowa plomba zabezpieczaj\u0105ca do ma\u0142ych kontener\u00f3w samochodowych z logo serii Numer plomby do kontenera"},"content":{"rendered":"<table class=\"has-title all magic-10\">\n<tbody>\n<tr>\n<td colspan=\"1\" rowspan=\"1\">\n<div class=\"magic-11\" data-spm-anchor-id=\"a2700.details.0.i73.3b9d703bkTBvcC\">Miejsce pochodzenia<\/div>\n<\/td>\n<td colspan=\"1\" rowspan=\"1\">\n<div class=\"magic-12\">Chiny<\/div>\n<\/td>\n<\/tr>\n<tr>\n<td colspan=\"1\" rowspan=\"1\">\n<div class=\"magic-11\">Pozycja<\/div>\n<\/td>\n<td colspan=\"1\" rowspan=\"1\">\n<div class=\"magic-12\">Uszczelnienie \u015bruby<\/div>\n<\/td>\n<\/tr>\n<tr>\n<td colspan=\"1\" rowspan=\"1\">\n<div class=\"magic-11\">Model<\/div>\n<\/td>\n<td colspan=\"1\" rowspan=\"1\">\n<div class=\"magic-12\">BTS-004<\/div>\n<\/td>\n<\/tr>\n<tr>\n<td colspan=\"1\" rowspan=\"1\">\n<div class=\"magic-11\">Materia\u0142<\/div>\n<\/td>\n<td colspan=\"1\" rowspan=\"1\">\n<div class=\"magic-12\">ABS + ocynkowana stal w\u0119glowa<\/div>\n<\/td>\n<\/tr>\n<tr>\n<td colspan=\"1\" rowspan=\"1\">\n<div class=\"magic-11\">Rozmiar korpusu zamka<\/div>\n<\/td>\n<td colspan=\"1\" rowspan=\"1\">\n<div class=\"magic-12\">82.5*51*21mm<\/div>\n<\/td>\n<\/tr>\n<tr>\n<td colspan=\"1\" rowspan=\"1\">\n<div class=\"magic-11\">Waga<\/div>\n<\/td>\n<td colspan=\"1\" rowspan=\"1\">\n<div class=\"magic-12\">69g<\/div>\n<\/td>\n<\/tr>\n<tr>\n<td colspan=\"1\" rowspan=\"1\">\n<div class=\"magic-11\">Kolor<\/div>\n<\/td>\n<td colspan=\"1\" rowspan=\"1\">\n<div class=\"magic-12\">\u017b\u00f3\u0142ty, bia\u0142y, niebieski, zielony, czerwony i tak dalej<\/div>\n<\/td>\n<\/tr>\n<tr>\n<td colspan=\"1\" rowspan=\"1\">\n<div class=\"magic-11\">Rodzaj druku<\/div>\n<\/td>\n<td colspan=\"1\" rowspan=\"1\">\n<div class=\"magic-12\">Znakowanie laserowe lub t\u0142oczenie na gor\u0105co, sitodruk<\/div>\n<\/td>\n<\/tr>\n<tr>\n<td colspan=\"1\" rowspan=\"1\">\n<div class=\"magic-11\">Oznaczanie zawarto\u015bci<\/div>\n<\/td>\n<td colspan=\"1\" rowspan=\"1\">\n<div class=\"magic-12\">Cyfry, litery, znaki, kody kreskowe i tak dalej<\/div>\n<\/td>\n<\/tr>\n<tr>\n<td colspan=\"1\" rowspan=\"1\">\n<div class=\"magic-11\">Pakiet<\/div>\n<\/td>\n<td colspan=\"1\" rowspan=\"1\">\n<div class=\"magic-12\">10 sztuk \/ plastikowe pude\u0142ko 25 pude\u0142ek \/ karton<\/div>\n<\/td>\n<\/tr>\n<tr>\n<td colspan=\"1\" rowspan=\"1\">\n<div class=\"magic-11\">Zastosowanie<\/div>\n<\/td>\n<td colspan=\"1\" rowspan=\"1\">\n<div class=\"magic-12\">Wszystkie rodzaje przyczep, cystern, spedycja, transport kolejowy, fracht logistyczny, sejfy, szafki itp.<\/div>\n<\/td>\n<\/tr>\n<tr>\n<td colspan=\"1\" rowspan=\"1\">\n<div class=\"magic-11\">Certyfikat firmy<\/div>\n<\/td>\n<td colspan=\"1\" rowspan=\"1\">\n<div class=\"magic-12\">ISO17712,ISO9001,ISO14001,ISO45001<\/div>\n<\/td>\n<\/tr>\n<\/tbody>\n<\/table>\n<p>Wysokiej jako\u015bci jednorazowa stalowa plomba zabezpieczaj\u0105ca BTS-004 zapewnia bezpiecze\u0144stwo ma\u0142ych pojazd\u00f3w i kontener\u00f3w. Zaprojektowana z my\u015bl\u0105 o niezawodno\u015bci jednorazowego u\u017cytku, ta plomba \u015brubowa ma konstrukcj\u0119 z hartowanej stali i mechanizm zabezpieczaj\u0105cy przed manipulacj\u0105, kt\u00f3ry w widoczny spos\u00f3b p\u0119ka przy nieautoryzowanym dost\u0119pie, zapewniaj\u0105c nieodwracaln\u0105 ochron\u0119. Idealna do logistyki, transportu towar\u00f3w i \u0142adunk\u00f3w kompaktowych, zawiera konfigurowalne logo i unikalne numery seryjne u\u0142atwiaj\u0105ce \u015bledzenie, zarz\u0105dzanie zapasami i identyfikacj\u0119 marki. Kompaktowa, odporna na korozj\u0119 konstrukcja wytrzymuje trudne warunki obs\u0142ugi i warunki \u015brodowiskowe, spe\u0142niaj\u0105c jednocze\u015bnie bran\u017cowe standardy bezpiecze\u0144stwa. Idealny do plombowania ci\u0119\u017car\u00f3wek, przyczep lub ma\u0142ych kontener\u00f3w, BTS-004 \u0142\u0105czy przyst\u0119pn\u0105 cen\u0119 z wysokowydajnym zabezpieczeniem, aby chroni\u0107 przesy\u0142ki i usprawni\u0107 audyty zgodno\u015bci.<\/p>","protected":false},"excerpt":{"rendered":"<p>Jednorazowa stalowa plomba BTS-004 oferuje zabezpieczenie przed manipulacj\u0105 z mo\u017cliwo\u015bci\u0105 dostosowania logo\/numeru seryjnego, przeznaczone do ma\u0142ych pojazd\u00f3w, kontener\u00f3w i logistyki zabezpieczonej przed manipulacj\u0105.<\/p>","protected":false},"featured_media":3608,"template":"","meta":[],"product_brand":[],"product_cat":[171],"product_tag":[223,224,225,226,202,214,221,222],"class_list":{"0":"post-3607","1":"product","2":"type-product","3":"status-publish","4":"has-post-thumbnail","6":"product_cat-bolt-seal","7":"product_tag-bulk-bolt-seals-for-logistics-companies","8":"product_tag-stainless-steel-bolt-seals","9":"product_tag-anti-tamper-bolt-seals","10":"product_tag-high-tensile-bolt-seals","11":"product_tag-bolt-seal","12":"product_tag-container-bolt-seal","13":"product_tag-disposable-bolt-seal","14":"product_tag-high-quality-bolt-seal","16":"first","17":"instock","18":"featured","19":"shipping-taxable","20":"product-type-simple"},"_links":{"self":[{"href":"https:\/\/www.woseal.com\/pl\/wp-json\/wp\/v2\/product\/3607","targetHints":{"allow":["GET"]}}],"collection":[{"href":"https:\/\/www.woseal.com\/pl\/wp-json\/wp\/v2\/product"}],"about":[{"href":"https:\/\/www.woseal.com\/pl\/wp-json\/wp\/v2\/types\/product"}],"version-history":[{"count":3,"href":"https:\/\/www.woseal.com\/pl\/wp-json\/wp\/v2\/product\/3607\/revisions"}],"predecessor-version":[{"id":3858,"href":"https:\/\/www.woseal.com\/pl\/wp-json\/wp\/v2\/product\/3607\/revisions\/3858"}],"wp:featuredmedia":[{"embeddable":true,"href":"https:\/\/www.woseal.com\/pl\/wp-json\/wp\/v2\/media\/3608"}],"wp:attachment":[{"href":"https:\/\/www.woseal.com\/pl\/wp-json\/wp\/v2\/media?parent=3607"}],"wp:term":[{"taxonomy":"product_brand","embeddable":true,"href":"https:\/\/www.woseal.com\/pl\/wp-json\/wp\/v2\/product_brand?post=3607"},{"taxonomy":"product_cat","embeddable":true,"href":"https:\/\/www.woseal.com\/pl\/wp-json\/wp\/v2\/product_cat?post=3607"},{"taxonomy":"product_tag","embeddable":true,"href":"https:\/\/www.woseal.com\/pl\/wp-json\/wp\/v2\/product_tag?post=3607"}],"curies":[{"name":"wp","href":"https:\/\/api.w.org\/{rel}","templated":true}]}}