{"id":3616,"date":"2025-03-28T11:30:07","date_gmt":"2025-03-28T03:30:07","guid":{"rendered":"https:\/\/www.woseal.com\/?post_type=product&#038;p=3616"},"modified":"2025-04-11T11:57:00","modified_gmt":"2025-04-11T03:57:00","slug":"bts-005-iso17712-customs-high-security-container-seal-container-door-abs-plastic-locks-shipping-bolt-seal","status":"publish","type":"product","link":"https:\/\/www.woseal.com\/pl\/produkt\/bts-005-iso17712-customs-high-security-container-seal-container-door-abs-plastic-locks-shipping-bolt-seal","title":{"rendered":"BTS-005 ISO17712 Uszczelnienie kontenera o wysokim poziomie bezpiecze\u0144stwa Drzwi kontenera Abs Plastikowe zamki Uszczelnienie \u015bruby transportowej"},"content":{"rendered":"<table class=\"has-title all magic-7\">\n<tbody>\n<tr>\n<td colspan=\"1\" rowspan=\"1\">\n<div class=\"magic-8\" data-spm-anchor-id=\"a2700.details.0.i72.34e145eeWRqK8I\">Miejsce pochodzenia<\/div>\n<\/td>\n<td colspan=\"1\" rowspan=\"1\">\n<div class=\"magic-9\">Chiny<\/div>\n<\/td>\n<\/tr>\n<tr>\n<td colspan=\"1\" rowspan=\"1\">\n<div class=\"magic-8\">Pozycja<\/div>\n<\/td>\n<td colspan=\"1\" rowspan=\"1\">\n<div class=\"magic-9\">Uszczelnienie \u015bruby<\/div>\n<\/td>\n<\/tr>\n<tr>\n<td colspan=\"1\" rowspan=\"1\">\n<div class=\"magic-8\">Model<\/div>\n<\/td>\n<td colspan=\"1\" rowspan=\"1\">\n<div class=\"magic-9\">BTS-005<\/div>\n<\/td>\n<\/tr>\n<tr>\n<td colspan=\"1\" rowspan=\"1\">\n<div class=\"magic-8\">Materia\u0142<\/div>\n<\/td>\n<td colspan=\"1\" rowspan=\"1\">\n<div class=\"magic-9\">ABS + ocynkowana stal w\u0119glowa<\/div>\n<\/td>\n<\/tr>\n<tr>\n<td colspan=\"1\" rowspan=\"1\">\n<div class=\"magic-8\">Rozmiar korpusu zamka<\/div>\n<\/td>\n<td colspan=\"1\" rowspan=\"1\">\n<div class=\"magic-9\">86*54,4*21,5 mm<\/div>\n<\/td>\n<\/tr>\n<tr>\n<td colspan=\"1\" rowspan=\"1\">\n<div class=\"magic-8\">Waga<\/div>\n<\/td>\n<td colspan=\"1\" rowspan=\"1\">\n<div class=\"magic-9\">72g<\/div>\n<\/td>\n<\/tr>\n<tr>\n<td colspan=\"1\" rowspan=\"1\">\n<div class=\"magic-8\">Kolor<\/div>\n<\/td>\n<td colspan=\"1\" rowspan=\"1\">\n<div class=\"magic-9\">\u017b\u00f3\u0142ty, bia\u0142y, niebieski, zielony, czerwony i tak dalej<\/div>\n<\/td>\n<\/tr>\n<tr>\n<td colspan=\"1\" rowspan=\"1\">\n<div class=\"magic-8\">Rodzaj druku<\/div>\n<\/td>\n<td colspan=\"1\" rowspan=\"1\">\n<div class=\"magic-9\">Znakowanie laserowe lub t\u0142oczenie na gor\u0105co, sitodruk<\/div>\n<\/td>\n<\/tr>\n<tr>\n<td colspan=\"1\" rowspan=\"1\">\n<div class=\"magic-8\">Oznaczanie zawarto\u015bci<\/div>\n<\/td>\n<td colspan=\"1\" rowspan=\"1\">\n<div class=\"magic-9\">Cyfry, litery, znaki, kody kreskowe i tak dalej<\/div>\n<\/td>\n<\/tr>\n<tr>\n<td colspan=\"1\" rowspan=\"1\">\n<div class=\"magic-8\">Pakiet<\/div>\n<\/td>\n<td colspan=\"1\" rowspan=\"1\">\n<div class=\"magic-9\">10 sztuk \/ plastikowe pude\u0142ko 25 pude\u0142ek \/ karton<\/div>\n<\/td>\n<\/tr>\n<tr>\n<td colspan=\"1\" rowspan=\"1\">\n<div class=\"magic-8\">Zastosowanie<\/div>\n<\/td>\n<td colspan=\"1\" rowspan=\"1\">\n<div class=\"magic-9\">Wszystkie rodzaje przyczep, cystern, spedycja, transport kolejowy, fracht logistyczny, sejfy, szafki itp.<\/div>\n<\/td>\n<\/tr>\n<tr>\n<td colspan=\"1\" rowspan=\"1\">\n<div class=\"magic-8\">Certyfikat firmy<\/div>\n<\/td>\n<td colspan=\"1\" rowspan=\"1\">\n<div class=\"magic-9\">ISO17712,ISO9001,ISO14001,ISO45001<\/div>\n<\/td>\n<\/tr>\n<\/tbody>\n<\/table>\n<p>Spe\u0142nij mi\u0119dzynarodowe standardy bezpiecze\u0144stwa dzi\u0119ki plombie BTS-005 ISO17712 Customs High Security Bolt Seal, zaprojektowanej do zabezpieczenia kontener\u00f3w transportowych i drzwi \u0142adunkowych. Wykonana z wytrzyma\u0142ego tworzywa ABS i wzmocnionej stalowej \u015bruby, plomba ta \u0142\u0105czy w sobie lekk\u0105 trwa\u0142o\u015b\u0107 z du\u017c\u0105 odporno\u015bci\u0105 na ci\u0119cie, korozj\u0119 i ekstremalne warunki pogodowe. Konstrukcja zabezpieczaj\u0105ca przed manipulacj\u0105 zapewnia widoczne \u015blady wymuszonego wej\u015bcia, a certyfikat ISO17712 gwarantuje zgodno\u015b\u0107 z globalnymi wymogami bezpiecze\u0144stwa celnego i logistycznego. Idealny do \u017ceglugi morskiej, transportu transgranicznego i \u0142adunk\u00f3w wysokiego ryzyka, BTS-005 posiada jednorazowy mechanizm blokuj\u0105cy, kt\u00f3ry zapobiega ponownemu u\u017cyciu, zapewniaj\u0105c nieodwracalne bezpiecze\u0144stwo. Dzi\u0119ki mo\u017cliwo\u015bci dostosowania za pomoc\u0105 unikalnych identyfikator\u00f3w zapewniaj\u0105cych identyfikowalno\u015b\u0107, plomba ta usprawnia inspekcje, zapobiega kradzie\u017cy i zabezpiecza \u0142a\u0144cuch dostaw z niezr\u00f3wnan\u0105 niezawodno\u015bci\u0105.<\/p>","protected":false},"excerpt":{"rendered":"<p>Plomba BTS-005 ISO17712 Bolt Seal oferuje zgodne z przepisami celnymi zabezpieczenie antysabota\u017cowe z wytrzyma\u0142ym tworzywem ABS, idealne do drzwi kontenerowych, transportu i logistyki wysokiego ryzyka.<\/p>","protected":false},"featured_media":3617,"template":"","meta":[],"product_brand":[],"product_cat":[171],"product_tag":[215,216,361,362,363,364,202,207,208,209,213,214],"class_list":{"0":"post-3616","1":"product","2":"type-product","3":"status-publish","4":"has-post-thumbnail","6":"product_cat-bolt-seal","7":"product_tag-iso-17712-certified-bolt-seals","8":"product_tag-tapa-compliant-bolt-seals","9":"product_tag-abs-plastic-bolt-seals","10":"product_tag-container-door-security-locks","11":"product_tag-high-security-shipping-seals","12":"product_tag-tamper-proof-cargo-bolts","13":"product_tag-bolt-seal","14":"product_tag-shipping-container-bolt-seals","15":"product_tag-truck-security-seals","16":"product_tag-logistics-bolt-seals","17":"product_tag-high-security-bolt-seal","18":"product_tag-container-bolt-seal","20":"first","21":"instock","22":"shipping-taxable","23":"product-type-simple"},"_links":{"self":[{"href":"https:\/\/www.woseal.com\/pl\/wp-json\/wp\/v2\/product\/3616","targetHints":{"allow":["GET"]}}],"collection":[{"href":"https:\/\/www.woseal.com\/pl\/wp-json\/wp\/v2\/product"}],"about":[{"href":"https:\/\/www.woseal.com\/pl\/wp-json\/wp\/v2\/types\/product"}],"version-history":[{"count":2,"href":"https:\/\/www.woseal.com\/pl\/wp-json\/wp\/v2\/product\/3616\/revisions"}],"predecessor-version":[{"id":3859,"href":"https:\/\/www.woseal.com\/pl\/wp-json\/wp\/v2\/product\/3616\/revisions\/3859"}],"wp:featuredmedia":[{"embeddable":true,"href":"https:\/\/www.woseal.com\/pl\/wp-json\/wp\/v2\/media\/3617"}],"wp:attachment":[{"href":"https:\/\/www.woseal.com\/pl\/wp-json\/wp\/v2\/media?parent=3616"}],"wp:term":[{"taxonomy":"product_brand","embeddable":true,"href":"https:\/\/www.woseal.com\/pl\/wp-json\/wp\/v2\/product_brand?post=3616"},{"taxonomy":"product_cat","embeddable":true,"href":"https:\/\/www.woseal.com\/pl\/wp-json\/wp\/v2\/product_cat?post=3616"},{"taxonomy":"product_tag","embeddable":true,"href":"https:\/\/www.woseal.com\/pl\/wp-json\/wp\/v2\/product_tag?post=3616"}],"curies":[{"name":"wp","href":"https:\/\/api.w.org\/{rel}","templated":true}]}}