{"id":3626,"date":"2025-03-28T11:37:55","date_gmt":"2025-03-28T03:37:55","guid":{"rendered":"https:\/\/www.woseal.com\/?post_type=product&#038;p=3626"},"modified":"2025-04-11T11:53:20","modified_gmt":"2025-04-11T03:53:20","slug":"bts-006-hot-selling-custom-logo-laser-printing-bolt-seals-bullet-container-seal-bolt-security-seals","status":"publish","type":"product","link":"https:\/\/www.woseal.com\/pl\/produkt\/bts-006-hot-selling-custom-logo-laser-printing-bolt-seals-bullet-container-seal-bolt-security-seals","title":{"rendered":"BTS-006 Gor\u0105co sprzedaj\u0105ce si\u0119 niestandardowe logo z nadrukiem laserowym Uszczelki \u015brubowe Pojemnik na pociski Uszczelki zabezpieczaj\u0105ce \u015bruby"},"content":{"rendered":"<table class=\"has-title all magic-7\">\n<tbody>\n<tr>\n<td colspan=\"1\" rowspan=\"1\">\n<div class=\"magic-8\" data-spm-anchor-id=\"a2700.details.0.i72.548d3cebslxGr5\">Miejsce pochodzenia<\/div>\n<\/td>\n<td colspan=\"1\" rowspan=\"1\">\n<div class=\"magic-9\">Chiny<\/div>\n<\/td>\n<\/tr>\n<tr>\n<td colspan=\"1\" rowspan=\"1\">\n<div class=\"magic-8\">Pozycja<\/div>\n<\/td>\n<td colspan=\"1\" rowspan=\"1\">\n<div class=\"magic-9\">Uszczelnienie \u015bruby<\/div>\n<\/td>\n<\/tr>\n<tr>\n<td colspan=\"1\" rowspan=\"1\">\n<div class=\"magic-8\">Model<\/div>\n<\/td>\n<td colspan=\"1\" rowspan=\"1\">\n<div class=\"magic-9\">BTS-006<\/div>\n<\/td>\n<\/tr>\n<tr>\n<td colspan=\"1\" rowspan=\"1\">\n<div class=\"magic-8\">Materia\u0142<\/div>\n<\/td>\n<td colspan=\"1\" rowspan=\"1\">\n<div class=\"magic-9\">ABS + ocynkowana stal w\u0119glowa<\/div>\n<\/td>\n<\/tr>\n<tr>\n<td colspan=\"1\" rowspan=\"1\">\n<div class=\"magic-8\">Rozmiar korpusu zamka<\/div>\n<\/td>\n<td colspan=\"1\" rowspan=\"1\">\n<div class=\"magic-9\">81.5*54*22mm<\/div>\n<\/td>\n<\/tr>\n<tr>\n<td colspan=\"1\" rowspan=\"1\">\n<div class=\"magic-8\">Waga<\/div>\n<\/td>\n<td colspan=\"1\" rowspan=\"1\">\n<div class=\"magic-9\">67.4g<\/div>\n<\/td>\n<\/tr>\n<tr>\n<td colspan=\"1\" rowspan=\"1\">\n<div class=\"magic-8\">Kolor<\/div>\n<\/td>\n<td colspan=\"1\" rowspan=\"1\">\n<div class=\"magic-9\">\u017b\u00f3\u0142ty, bia\u0142y, niebieski, zielony, czerwony i tak dalej<\/div>\n<\/td>\n<\/tr>\n<tr>\n<td colspan=\"1\" rowspan=\"1\">\n<div class=\"magic-8\">Rodzaj druku<\/div>\n<\/td>\n<td colspan=\"1\" rowspan=\"1\">\n<div class=\"magic-9\">Znakowanie laserowe lub t\u0142oczenie na gor\u0105co, sitodruk<\/div>\n<\/td>\n<\/tr>\n<tr>\n<td colspan=\"1\" rowspan=\"1\">\n<div class=\"magic-8\">Oznaczanie zawarto\u015bci<\/div>\n<\/td>\n<td colspan=\"1\" rowspan=\"1\">\n<div class=\"magic-9\">Cyfry, litery, znaki, kody kreskowe i tak dalej<\/div>\n<\/td>\n<\/tr>\n<tr>\n<td colspan=\"1\" rowspan=\"1\">\n<div class=\"magic-8\">Pakiet<\/div>\n<\/td>\n<td colspan=\"1\" rowspan=\"1\">\n<div class=\"magic-9\">10 sztuk \/ plastikowe pude\u0142ko 25 pude\u0142ek \/ karton<\/div>\n<\/td>\n<\/tr>\n<tr>\n<td colspan=\"1\" rowspan=\"1\">\n<div class=\"magic-8\">Zastosowanie<\/div>\n<\/td>\n<td colspan=\"1\" rowspan=\"1\">\n<div class=\"magic-9\">Wszystkie rodzaje przyczep, cystern, spedycja, transport kolejowy, fracht logistyczny, sejfy, szafki itp.<\/div>\n<\/td>\n<\/tr>\n<tr>\n<td colspan=\"1\" rowspan=\"1\">\n<div class=\"magic-8\">Certyfikat firmy<\/div>\n<\/td>\n<td colspan=\"1\" rowspan=\"1\">\n<div class=\"magic-9\">ISO17712,ISO9001,ISO14001,ISO45001<\/div>\n<\/td>\n<\/tr>\n<\/tbody>\n<\/table>\n<p>Zwi\u0119ksz bezpiecze\u0144stwo swojego \u0142adunku dzi\u0119ki BTS-006 Hot Selling Custom Logo Laser Printing Bolt Seal, zaprojektowanej z my\u015bl\u0105 o zabezpieczeniu przed manipulacj\u0105 i widoczno\u015bci marki. Ta plomba kontenerowa w kszta\u0142cie pocisku jest wyposa\u017cona w wytrzyma\u0142\u0105 stalow\u0105 \u015brub\u0119 i precyzyjnie zaprojektowan\u0105 obudow\u0119 z tworzywa ABS, zapewniaj\u0105c\u0105 odporno\u015b\u0107 na ci\u0119cie, podwa\u017canie i trudne warunki \u015brodowiskowe. Nadrukowane laserowo niestandardowe logo i unikalne numery seryjne zwi\u0119kszaj\u0105 identyfikowalno\u015b\u0107, usprawniaj\u0105 audyty zapas\u00f3w i wzmacniaj\u0105 to\u017csamo\u015b\u0107 marki. Zgodny z norm\u0105 ISO17712 i odporny na manipulacje, BTS-006 zapewnia nieodwracalne zabezpieczenie kontener\u00f3w transportowych, drzwi ci\u0119\u017car\u00f3wek i \u0142adunk\u00f3w o wysokiej warto\u015bci, pozostawiaj\u0105c wyra\u017ane dowody nieautoryzowanego dost\u0119pu. Jego lekka, ale wytrzyma\u0142a konstrukcja upraszcza aplikacj\u0119 i kontrol\u0119, dzi\u0119ki czemu idealnie nadaje si\u0119 do globalnej logistyki, zgodno\u015bci z przepisami celnymi i integralno\u015bci \u0142a\u0144cucha dostaw.<\/p>","protected":false},"excerpt":{"rendered":"<p>\u015aruby model BTS-006 s\u0105 zgodne z C-TPAT i posiadaj\u0105 certyfikat ISO 17712 dla wysokiego poziomu bezpiecze\u0144stwa. Te laserowo drukowane plomby s\u0105 dost\u0119pne w r\u00f3\u017cnych kolorach. Plomby s\u0105 u\u017cywane do zabezpieczania zatrzask\u00f3w drzwi przyczep i kontener\u00f3w. W magazynie i dost\u0119pne do wysy\u0142ki.<\/p>","protected":false},"featured_media":3627,"template":"","meta":[],"product_brand":[],"product_cat":[171],"product_tag":[202,207,208,209,213,214,227],"class_list":{"0":"post-3626","1":"product","2":"type-product","3":"status-publish","4":"has-post-thumbnail","6":"product_cat-bolt-seal","7":"product_tag-bolt-seal","8":"product_tag-shipping-container-bolt-seals","9":"product_tag-truck-security-seals","10":"product_tag-logistics-bolt-seals","11":"product_tag-high-security-bolt-seal","12":"product_tag-container-bolt-seal","13":"product_tag-bolt-security-seals","15":"first","16":"instock","17":"featured","18":"shipping-taxable","19":"product-type-simple"},"_links":{"self":[{"href":"https:\/\/www.woseal.com\/pl\/wp-json\/wp\/v2\/product\/3626","targetHints":{"allow":["GET"]}}],"collection":[{"href":"https:\/\/www.woseal.com\/pl\/wp-json\/wp\/v2\/product"}],"about":[{"href":"https:\/\/www.woseal.com\/pl\/wp-json\/wp\/v2\/types\/product"}],"version-history":[{"count":3,"href":"https:\/\/www.woseal.com\/pl\/wp-json\/wp\/v2\/product\/3626\/revisions"}],"predecessor-version":[{"id":3861,"href":"https:\/\/www.woseal.com\/pl\/wp-json\/wp\/v2\/product\/3626\/revisions\/3861"}],"wp:featuredmedia":[{"embeddable":true,"href":"https:\/\/www.woseal.com\/pl\/wp-json\/wp\/v2\/media\/3627"}],"wp:attachment":[{"href":"https:\/\/www.woseal.com\/pl\/wp-json\/wp\/v2\/media?parent=3626"}],"wp:term":[{"taxonomy":"product_brand","embeddable":true,"href":"https:\/\/www.woseal.com\/pl\/wp-json\/wp\/v2\/product_brand?post=3626"},{"taxonomy":"product_cat","embeddable":true,"href":"https:\/\/www.woseal.com\/pl\/wp-json\/wp\/v2\/product_cat?post=3626"},{"taxonomy":"product_tag","embeddable":true,"href":"https:\/\/www.woseal.com\/pl\/wp-json\/wp\/v2\/product_tag?post=3626"}],"curies":[{"name":"wp","href":"https:\/\/api.w.org\/{rel}","templated":true}]}}