{"id":3701,"date":"2025-03-31T16:29:41","date_gmt":"2025-03-31T08:29:41","guid":{"rendered":"https:\/\/www.woseal.com\/?post_type=product&#038;p=3701"},"modified":"2025-04-11T11:47:10","modified_gmt":"2025-04-11T03:47:10","slug":"cbs-006-250mm-hexagonal-large-sized-steel-wire-seal-with-tamper-proof-serial-number-for-secure-shipping-cable-seal","status":"publish","type":"product","link":"https:\/\/www.woseal.com\/pl\/produkt\/cbs-006-250mm-hexagonal-large-sized-steel-wire-seal-with-tamper-proof-serial-number-for-secure-shipping-cable-seal","title":{"rendered":"CBS-006 250 mm Sze\u015bciok\u0105tna plomba z drutu stalowego o du\u017cych rozmiarach z numerem seryjnym zabezpieczaj\u0105cym przed manipulacj\u0105 do bezpiecznego plombowania kabli wysy\u0142kowych"},"content":{"rendered":"<table class=\"has-title all magic-11\">\n<tbody>\n<tr>\n<td colspan=\"1\" rowspan=\"1\">\n<div class=\"magic-12\" data-spm-anchor-id=\"a2700.details.0.i75.1dad1faa248juH\">Nazwa<\/div>\n<\/td>\n<td colspan=\"1\" rowspan=\"1\">\n<div class=\"magic-13\">CBS-006<\/div>\n<\/td>\n<\/tr>\n<tr>\n<td colspan=\"1\" rowspan=\"1\">\n<div class=\"magic-12\">materia\u0142<\/div>\n<\/td>\n<td colspan=\"1\" rowspan=\"1\">\n<div class=\"magic-13\">Stop aluminium, lina stalowa A3<\/div>\n<\/td>\n<\/tr>\n<tr>\n<td colspan=\"1\" rowspan=\"1\">\n<div class=\"magic-12\">Rozmiar korpusu zamka<\/div>\n<\/td>\n<td colspan=\"1\" rowspan=\"1\">\n<div class=\"magic-13\">26,3*26*7,5 mm<\/div>\n<\/td>\n<\/tr>\n<tr>\n<td colspan=\"1\" rowspan=\"1\">\n<div class=\"magic-12\">\u015arednica<\/div>\n<\/td>\n<td colspan=\"1\" rowspan=\"1\">\n<div class=\"magic-13\">3,5 mm<\/div>\n<\/td>\n<\/tr>\n<tr>\n<td colspan=\"1\" rowspan=\"1\">\n<div class=\"magic-12\">Proces produkcji<\/div>\n<\/td>\n<td colspan=\"1\" rowspan=\"1\">\n<div class=\"magic-13\">wtrysk\uff0cT\u0142oczenie<\/div>\n<\/td>\n<\/tr>\n<tr>\n<td colspan=\"1\" rowspan=\"1\">\n<div class=\"magic-12\">Kolor<\/div>\n<\/td>\n<td colspan=\"1\" rowspan=\"1\">\n<div class=\"magic-13\">Czerwony, \u017c\u00f3\u0142ty, czarny, niebieski, zielony i tak dalej<\/div>\n<\/td>\n<\/tr>\n<tr>\n<td colspan=\"1\" rowspan=\"1\">\n<div class=\"magic-12\">Materia\u0142 kabla<\/div>\n<\/td>\n<td colspan=\"1\" rowspan=\"1\">\n<div class=\"magic-13\">Stal A3<\/div>\n<\/td>\n<\/tr>\n<tr>\n<td colspan=\"1\" rowspan=\"1\">\n<div class=\"magic-12\">D\u0142ugo\u015b\u0107 kabla<\/div>\n<\/td>\n<td colspan=\"1\" rowspan=\"1\">\n<div class=\"magic-13\">D\u0142ugo\u015b\u0107 25 cm, 30 cm, dowoln\u0105 d\u0142ugo\u015b\u0107 mo\u017cna dostosowa\u0107<\/div>\n<\/td>\n<\/tr>\n<tr>\n<td colspan=\"1\" rowspan=\"1\">\n<div class=\"magic-12\">Rodzaj druku<\/div>\n<\/td>\n<td colspan=\"1\" rowspan=\"1\">\n<div class=\"magic-13\">Znakowanie laserowe<\/div>\n<\/td>\n<\/tr>\n<tr>\n<td colspan=\"1\" rowspan=\"1\">\n<div class=\"magic-12\">Oznaczanie zawarto\u015bci<\/div>\n<\/td>\n<td colspan=\"1\" rowspan=\"1\">\n<div class=\"magic-13\">Cyfry, litery, znaki, kody kreskowe<\/div>\n<\/td>\n<\/tr>\n<tr>\n<td colspan=\"1\" rowspan=\"1\">\n<div class=\"magic-12\">Zastosowanie<\/div>\n<\/td>\n<td colspan=\"1\" rowspan=\"1\">\n<div class=\"magic-13\">Supermarkety, olej, kontenery, kontenery kolejowe, skrzynki licznikowe, portmonetki bankowe itp.<\/div>\n<\/td>\n<\/tr>\n<tr>\n<td colspan=\"1\" rowspan=\"1\">\n<div class=\"magic-12\">Pakowanie<\/div>\n<\/td>\n<td colspan=\"1\" rowspan=\"1\">\n<div class=\"magic-13\">100 sztuk \/ plastikowa torba, 1000 sztuk \/ karton, 2000 sztuk \/ karton<\/div>\n<\/td>\n<\/tr>\n<tr>\n<td colspan=\"1\" rowspan=\"1\">\n<div class=\"magic-12\">Certyfikat firmy<\/div>\n<\/td>\n<td colspan=\"1\" rowspan=\"1\">\n<div class=\"magic-13\">ISO17712,ISO9001,ISO14001,ISO45001<\/div>\n<\/td>\n<\/tr>\n<\/tbody>\n<\/table>\n<p>&nbsp;<\/p>\n<p>Zwi\u0119ksz bezpiecze\u0144stwo przesy\u0142ek dzi\u0119ki sze\u015bciok\u0105tnej plombie z drutu stalowego CBS-006 250 mm, zaprojektowanej z my\u015bl\u0105 o maksymalnej odporno\u015bci na manipulacje i identyfikowalno\u015bci. Dzi\u0119ki solidnej sze\u015bciok\u0105tnej konstrukcji z drutu stalowego i zabezpieczonemu przed manipulacj\u0105 numerowi seryjnemu, ta wytrzyma\u0142a plomba kablowa zapewnia niezawodn\u0105 ochron\u0119 przed nieautoryzowanym dost\u0119pem. D\u0142ugo\u015b\u0107 250 mm pomie\u015bci du\u017ce \u0142adunki, a wzmocniona stalowa konstrukcja jest odporna na przeci\u0119cia, korozj\u0119 i trudne warunki \u015brodowiskowe. Unikalny numer seryjny ka\u017cdej plomby umo\u017cliwia \u0142atwe \u015bledzenie i dokumentacj\u0119, usprawniaj\u0105c zgodno\u015b\u0107 z mi\u0119dzynarodowymi standardami wysy\u0142ki. Idealny do kontener\u00f3w transportowych, logistyki, frachtu i towar\u00f3w o wysokiej warto\u015bci, CBS-006 \u0142\u0105czy w sobie wytrzyma\u0142o\u015b\u0107 przemys\u0142ow\u0105 z mo\u017cliwo\u015bci\u0105 identyfikacji manipulacji. Upro\u015b\u0107 audyty, zapobiegaj kradzie\u017com i chro\u0144 swoje przesy\u0142ki dzi\u0119ki temu zaufanemu rozwi\u0105zaniu zabezpieczaj\u0105cemu.<\/p>","protected":false},"excerpt":{"rendered":"<p>Model\uff1aCBS-006<\/p>\n<p>Ten produkt ma konstrukcj\u0119 wtykow\u0105 o sta\u0142ej d\u0142ugo\u015bci 250 mm i jest wyposa\u017cony w du\u017c\u0105 tabliczk\u0119 znamionow\u0105, na kt\u00f3rej mo\u017cna wyra\u017anie wydrukowa\u0107 r\u00f3\u017cne logo i numery seryjne. Dzi\u0119ki zastosowaniu drutu stalowego o \u015brednicy 1,8 mm, dla wi\u0119kszego bezpiecze\u0144stwa, materia\u0142 rozproszy si\u0119 po odci\u0119ciu. Do wyboru s\u0105 kolory czerwony, \u017c\u00f3\u0142ty, niebieski, zielony, bia\u0142y i inne. W celu spersonalizowania produktu prosimy o kontakt!<\/p>","protected":false},"featured_media":3702,"template":"","meta":[],"product_brand":[],"product_cat":[168],"product_tag":[238,239,319,327,328,329,330,331,332,333,176,334,185,335,234,235,236,237],"class_list":{"0":"post-3701","1":"product","2":"type-product","3":"status-publish","4":"has-post-thumbnail","6":"product_cat-cable-seal","7":"product_tag-truck-cable-seal","8":"product_tag-container-lock-seal","9":"product_tag-secure-shipping-seals","10":"product_tag-cbs-006-cable-seal","11":"product_tag-tamper-proof-serial-number-seal","12":"product_tag-hexagonal-steel-wire-seal","13":"product_tag-250mm-large-cable-seal","14":"product_tag-heavy-duty-cargo-security","15":"product_tag-logistics-anti-theft-seals","16":"product_tag-tamper-evident-wire-locks","17":"product_tag-cable-seal","18":"product_tag-serialized-shipping-seals","19":"product_tag-anti-theft-cable-seal","20":"product_tag-industrial-grade-cable-tags","21":"product_tag-shipping-cable-seal","22":"product_tag-large-sized-steel-wire-seal","23":"product_tag-disposable-cable-seal","24":"product_tag-insert-cable-sealing-strip","26":"first","27":"instock","28":"shipping-taxable","29":"product-type-simple"},"_links":{"self":[{"href":"https:\/\/www.woseal.com\/pl\/wp-json\/wp\/v2\/product\/3701","targetHints":{"allow":["GET"]}}],"collection":[{"href":"https:\/\/www.woseal.com\/pl\/wp-json\/wp\/v2\/product"}],"about":[{"href":"https:\/\/www.woseal.com\/pl\/wp-json\/wp\/v2\/types\/product"}],"version-history":[{"count":3,"href":"https:\/\/www.woseal.com\/pl\/wp-json\/wp\/v2\/product\/3701\/revisions"}],"predecessor-version":[{"id":3846,"href":"https:\/\/www.woseal.com\/pl\/wp-json\/wp\/v2\/product\/3701\/revisions\/3846"}],"wp:featuredmedia":[{"embeddable":true,"href":"https:\/\/www.woseal.com\/pl\/wp-json\/wp\/v2\/media\/3702"}],"wp:attachment":[{"href":"https:\/\/www.woseal.com\/pl\/wp-json\/wp\/v2\/media?parent=3701"}],"wp:term":[{"taxonomy":"product_brand","embeddable":true,"href":"https:\/\/www.woseal.com\/pl\/wp-json\/wp\/v2\/product_brand?post=3701"},{"taxonomy":"product_cat","embeddable":true,"href":"https:\/\/www.woseal.com\/pl\/wp-json\/wp\/v2\/product_cat?post=3701"},{"taxonomy":"product_tag","embeddable":true,"href":"https:\/\/www.woseal.com\/pl\/wp-json\/wp\/v2\/product_tag?post=3701"}],"curies":[{"name":"wp","href":"https:\/\/api.w.org\/{rel}","templated":true}]}}