{"id":3753,"date":"2025-04-02T16:33:43","date_gmt":"2025-04-02T08:33:43","guid":{"rendered":"https:\/\/www.woseal.com\/?post_type=product&#038;p=3753"},"modified":"2025-04-11T11:28:46","modified_gmt":"2025-04-11T03:28:46","slug":"cbs-010-customized-cable-seals-hot-selling-container-security-seals-safe-transportation-steel-oil-tracked-trucks","status":"publish","type":"product","link":"https:\/\/www.woseal.com\/pl\/produkt\/cbs-010-customized-cable-seals-hot-selling-container-security-seals-safe-transportation-steel-oil-tracked-trucks","title":{"rendered":"CBS-010 Niestandardowe uszczelki kablowe Gor\u0105co sprzedaj\u0105ce si\u0119 uszczelki zabezpieczaj\u0105ce do kontener\u00f3w Bezpieczny transport Stalowe ci\u0119\u017car\u00f3wki g\u0105sienicowe na olej"},"content":{"rendered":"<table class=\"has-title all magic-7\">\n<tbody>\n<tr>\n<td colspan=\"1\" rowspan=\"1\">\n<div class=\"magic-8\" data-spm-anchor-id=\"a2700.details.0.i74.2a2417b6m2fC0i\">Nazwa<\/div>\n<\/td>\n<td colspan=\"1\" rowspan=\"1\">\n<div class=\"magic-9\">CBS-010<\/div>\n<\/td>\n<\/tr>\n<tr>\n<td colspan=\"1\" rowspan=\"1\">\n<div class=\"magic-8\">Materia\u0142<\/div>\n<\/td>\n<td colspan=\"1\" rowspan=\"1\">\n<div class=\"magic-9\">Metalurgia proszk\u00f3w, ABS, lina stalowa A3, 7*7<\/div>\n<\/td>\n<\/tr>\n<tr>\n<td colspan=\"1\" rowspan=\"1\">\n<div class=\"magic-8\">Rozmiar korpusu zamka<\/div>\n<\/td>\n<td colspan=\"1\" rowspan=\"1\">\n<div class=\"magic-9\">22*15*8mm<\/div>\n<\/td>\n<\/tr>\n<tr>\n<td colspan=\"1\" rowspan=\"1\">\n<div class=\"magic-8\">\u015arednica<\/div>\n<\/td>\n<td colspan=\"1\" rowspan=\"1\">\n<div class=\"magic-9\">1,8 mm<\/div>\n<\/td>\n<\/tr>\n<tr>\n<td colspan=\"1\" rowspan=\"1\">\n<div class=\"magic-8\">Proces produkcji<\/div>\n<\/td>\n<td colspan=\"1\" rowspan=\"1\">\n<div class=\"magic-9\">wtrysk\uff0cT\u0142oczenie<\/div>\n<\/td>\n<\/tr>\n<tr>\n<td colspan=\"1\" rowspan=\"1\">\n<div class=\"magic-8\">Kolor<\/div>\n<\/td>\n<td colspan=\"1\" rowspan=\"1\">\n<div class=\"magic-9\">Czerwony, \u017c\u00f3\u0142ty, inne, bia\u0142y, niebieski, zielony i tak dalej<\/div>\n<\/td>\n<\/tr>\n<tr>\n<td colspan=\"1\" rowspan=\"1\">\n<div class=\"magic-8\">Materia\u0142 kabla<\/div>\n<\/td>\n<td colspan=\"1\" rowspan=\"1\">\n<div class=\"magic-9\">Stal A3<\/div>\n<\/td>\n<\/tr>\n<tr>\n<td colspan=\"1\" rowspan=\"1\">\n<div class=\"magic-8\">D\u0142ugo\u015b\u0107 kabla<\/div>\n<\/td>\n<td colspan=\"1\" rowspan=\"1\">\n<div class=\"magic-9\">D\u0142ugo\u015b\u0107 25 cm, 30 cm, dowoln\u0105 d\u0142ugo\u015b\u0107 mo\u017cna dostosowa\u0107<\/div>\n<\/td>\n<\/tr>\n<tr>\n<td colspan=\"1\" rowspan=\"1\">\n<div class=\"magic-8\">Rodzaj druku<\/div>\n<\/td>\n<td colspan=\"1\" rowspan=\"1\">\n<div class=\"magic-9\">Znakowanie laserowe<\/div>\n<\/td>\n<\/tr>\n<tr>\n<td colspan=\"1\" rowspan=\"1\">\n<div class=\"magic-8\">Oznaczanie zawarto\u015bci<\/div>\n<\/td>\n<td colspan=\"1\" rowspan=\"1\">\n<div class=\"magic-9\">Cyfry, litery, znaki, kody kreskowe<\/div>\n<\/td>\n<\/tr>\n<tr>\n<td colspan=\"1\" rowspan=\"1\">\n<div class=\"magic-8\">Zastosowanie<\/div>\n<\/td>\n<td colspan=\"1\" rowspan=\"1\">\n<div class=\"magic-9\">Supermarkety, olej, kontenery, kontenery kolejowe, skrzynki licznikowe, portmonetki bankowe itp.<\/div>\n<\/td>\n<\/tr>\n<tr>\n<td colspan=\"1\" rowspan=\"1\">\n<div class=\"magic-8\">Pakowanie<\/div>\n<\/td>\n<td colspan=\"1\" rowspan=\"1\">\n<div class=\"magic-9\">100 sztuk \/ plastikowa torba, 1000 sztuk \/ karton, 2000 sztuk \/ karton<\/div>\n<\/td>\n<\/tr>\n<tr>\n<td colspan=\"1\" rowspan=\"1\">\n<div class=\"magic-8\">Certyfikat firmy<\/div>\n<\/td>\n<td colspan=\"1\" rowspan=\"1\">\n<div class=\"magic-9\">ISO17712,ISO9001,ISO14001,ISO45001<\/div>\n<\/td>\n<\/tr>\n<\/tbody>\n<\/table>\n<p>Zapewnij bezpieczny transport \u0142adunku dzi\u0119ki CBS-010 Customized Cable Seal, wysoce bezpiecznemu rozwi\u0105zaniu zaprojektowanemu do zastosowa\u0144 w kontenerach, ci\u0119\u017car\u00f3wkach i przemy\u015ble naftowym. Wykonana z trwa\u0142ej, odpornej na korozj\u0119 stali, ta plomba zapewnia niezr\u00f3wnan\u0105 ochron\u0119 przed nieautoryzowanym dost\u0119pem podczas transportu. Elastyczna, ale wytrzyma\u0142a konstrukcja kabla umo\u017cliwia \u0142atw\u0105 instalacj\u0119 na kontenerach, przyczepach lub \u015bledzonych ci\u0119\u017car\u00f3wkach, a unikalna numeracja seryjna zapewnia identyfikowalno\u015b\u0107 i zgodno\u015b\u0107 z mi\u0119dzynarodowymi standardami logistycznymi. Konfigurowalny pod wzgl\u0119dem koloru, d\u0142ugo\u015bci i marki, CBS-010 jest idealny do zabezpieczania przesy\u0142ek o wysokiej warto\u015bci, materia\u0142\u00f3w niebezpiecznych lub transportu ropy naftowej. Zbudowany, aby wytrzyma\u0107 ekstremalne warunki pogodowe i pr\u00f3by manipulacji, gwarantuje spok\u00f3j ducha w globalnych \u0142a\u0144cuchach dostaw.<\/p>","protected":false},"excerpt":{"rendered":"<p>Plomba kablowa CBS-010 zapewnia zabezpieczenie kontener\u00f3w i ci\u0119\u017car\u00f3wek przed manipulacj\u0105 dzi\u0119ki wytrzyma\u0142ej stalowej konstrukcji, konfigurowalnym opcjom i identyfikowalnym numerom seryjnym - idealna do bezpiecznego transportu ropy naftowej, towar\u00f3w i logistyki.<\/p>","protected":false},"featured_media":3811,"template":"","meta":[],"product_brand":[],"product_cat":[168],"product_tag":[196,270,271,272,273,274,275,276,277],"class_list":{"0":"post-3753","1":"product","2":"type-product","3":"status-publish","4":"has-post-thumbnail","6":"product_cat-cable-seal","7":"product_tag-container-security-seals","8":"product_tag-high-security-cable-locks","9":"product_tag-tamper-proof-truck-seals","10":"product_tag-oil-industry-transportation-security","11":"product_tag-customized-steel-cable-seals","12":"product_tag-logistics-safety-seals","13":"product_tag-heavy-duty-container-locks","14":"product_tag-tracked-truck-security-seals","15":"product_tag-international-shipping-compliance-seals","17":"first","18":"instock","19":"shipping-taxable","20":"product-type-simple"},"_links":{"self":[{"href":"https:\/\/www.woseal.com\/pl\/wp-json\/wp\/v2\/product\/3753","targetHints":{"allow":["GET"]}}],"collection":[{"href":"https:\/\/www.woseal.com\/pl\/wp-json\/wp\/v2\/product"}],"about":[{"href":"https:\/\/www.woseal.com\/pl\/wp-json\/wp\/v2\/types\/product"}],"version-history":[{"count":2,"href":"https:\/\/www.woseal.com\/pl\/wp-json\/wp\/v2\/product\/3753\/revisions"}],"predecessor-version":[{"id":3820,"href":"https:\/\/www.woseal.com\/pl\/wp-json\/wp\/v2\/product\/3753\/revisions\/3820"}],"wp:featuredmedia":[{"embeddable":true,"href":"https:\/\/www.woseal.com\/pl\/wp-json\/wp\/v2\/media\/3811"}],"wp:attachment":[{"href":"https:\/\/www.woseal.com\/pl\/wp-json\/wp\/v2\/media?parent=3753"}],"wp:term":[{"taxonomy":"product_brand","embeddable":true,"href":"https:\/\/www.woseal.com\/pl\/wp-json\/wp\/v2\/product_brand?post=3753"},{"taxonomy":"product_cat","embeddable":true,"href":"https:\/\/www.woseal.com\/pl\/wp-json\/wp\/v2\/product_cat?post=3753"},{"taxonomy":"product_tag","embeddable":true,"href":"https:\/\/www.woseal.com\/pl\/wp-json\/wp\/v2\/product_tag?post=3753"}],"curies":[{"name":"wp","href":"https:\/\/api.w.org\/{rel}","templated":true}]}}