{"id":3831,"date":"2025-04-02T17:11:26","date_gmt":"2025-04-02T09:11:26","guid":{"rendered":"https:\/\/www.woseal.com\/?post_type=product&#038;p=3831"},"modified":"2025-04-02T17:11:30","modified_gmt":"2025-04-02T09:11:30","slug":"cbs-012-newly-designed-double-lock-tension-steel-wire-seal-with-dual-anti-theft-truck-cable-seal","status":"publish","type":"product","link":"https:\/\/www.woseal.com\/pl\/produkt\/cbs-012-newly-designed-double-lock-tension-steel-wire-seal-with-dual-anti-theft-truck-cable-seal","title":{"rendered":"CBS-012 Nowo zaprojektowana uszczelka z drutu stalowego z podw\u00f3jnym zabezpieczeniem przed kradzie\u017c\u0105 do samochod\u00f3w ci\u0119\u017carowych"},"content":{"rendered":"<table class=\"has-title all magic-7\">\n<tbody>\n<tr>\n<td colspan=\"1\" rowspan=\"1\">\n<div class=\"magic-8\" data-spm-anchor-id=\"a2700.details.0.i73.1eb26e23uJQgG6\">Nazwa<\/div>\n<\/td>\n<td colspan=\"1\" rowspan=\"1\">\n<div class=\"magic-9\">CBS-012<\/div>\n<\/td>\n<\/tr>\n<tr>\n<td colspan=\"1\" rowspan=\"1\">\n<div class=\"magic-8\">materia\u0142<\/div>\n<\/td>\n<td colspan=\"1\" rowspan=\"1\">\n<div class=\"magic-9\">ABS, lina stalowa A3<\/div>\n<\/td>\n<\/tr>\n<tr>\n<td colspan=\"1\" rowspan=\"1\">\n<div class=\"magic-8\">Rozmiar korpusu zamka<\/div>\n<\/td>\n<td colspan=\"1\" rowspan=\"1\">\n<div class=\"magic-9\">300*28*10mm<\/div>\n<\/td>\n<\/tr>\n<tr>\n<td colspan=\"1\" rowspan=\"1\">\n<div class=\"magic-8\">\u015arednica<\/div>\n<\/td>\n<td colspan=\"1\" rowspan=\"1\">\n<div class=\"magic-9\">2,2 mm<\/div>\n<\/td>\n<\/tr>\n<tr>\n<td colspan=\"1\" rowspan=\"1\">\n<div class=\"magic-8\">Proces produkcji<\/div>\n<\/td>\n<td colspan=\"1\" rowspan=\"1\">\n<div class=\"magic-9\">wtrysk\uff0cT\u0142oczenie<\/div>\n<\/td>\n<\/tr>\n<tr>\n<td colspan=\"1\" rowspan=\"1\">\n<div class=\"magic-8\">Kolor<\/div>\n<\/td>\n<td colspan=\"1\" rowspan=\"1\">\n<div class=\"magic-9\">Czerwony, \u017c\u00f3\u0142ty, bia\u0142y, niebieski, zielony i tak dalej<\/div>\n<\/td>\n<\/tr>\n<tr>\n<td colspan=\"1\" rowspan=\"1\">\n<div class=\"magic-8\">Materia\u0142 kabla<\/div>\n<\/td>\n<td colspan=\"1\" rowspan=\"1\">\n<div class=\"magic-9\">Stal A3<\/div>\n<\/td>\n<\/tr>\n<tr>\n<td colspan=\"1\" rowspan=\"1\">\n<div class=\"magic-8\">D\u0142ugo\u015b\u0107 kabla<\/div>\n<\/td>\n<td colspan=\"1\" rowspan=\"1\">\n<div class=\"magic-9\">D\u0142ugo\u015b\u0107 25 cm, 30 cm, dowoln\u0105 d\u0142ugo\u015b\u0107 mo\u017cna dostosowa\u0107<\/div>\n<\/td>\n<\/tr>\n<tr>\n<td colspan=\"1\" rowspan=\"1\">\n<div class=\"magic-8\">Rodzaj druku<\/div>\n<\/td>\n<td colspan=\"1\" rowspan=\"1\">\n<div class=\"magic-9\">Znakowanie laserowe<\/div>\n<\/td>\n<\/tr>\n<tr>\n<td colspan=\"1\" rowspan=\"1\">\n<div class=\"magic-8\">Oznaczanie zawarto\u015bci<\/div>\n<\/td>\n<td colspan=\"1\" rowspan=\"1\">\n<div class=\"magic-9\">Cyfry, litery, znaki, kody kreskowe<\/div>\n<\/td>\n<\/tr>\n<tr>\n<td colspan=\"1\" rowspan=\"1\">\n<div class=\"magic-8\">Zastosowanie<\/div>\n<\/td>\n<td colspan=\"1\" rowspan=\"1\">\n<div class=\"magic-9\">Supermarkety, olej, kontenery, kontenery kolejowe, skrzynki licznikowe, portmonetki bankowe itp.<\/div>\n<\/td>\n<\/tr>\n<tr>\n<td colspan=\"1\" rowspan=\"1\">\n<div class=\"magic-8\">Pakowanie<\/div>\n<\/td>\n<td colspan=\"1\" rowspan=\"1\">\n<div class=\"magic-9\">100 sztuk \/ plastikowa torba, 1000 sztuk \/ karton, 2000 sztuk \/ karton<\/div>\n<\/td>\n<\/tr>\n<tr>\n<td colspan=\"1\" rowspan=\"1\">\n<div class=\"magic-8\">Certyfikat firmy<\/div>\n<\/td>\n<td colspan=\"1\" rowspan=\"1\">\n<div class=\"magic-9\">ISO17712,ISO9001,ISO14001,ISO45001<\/div>\n<\/td>\n<\/tr>\n<\/tbody>\n<\/table>\n<p>Zwi\u0119ksz bezpiecze\u0144stwo \u0142adunku dzi\u0119ki plombie CBS-012 Double Lock Tension Steel Wire Seal, najnowocze\u015bniejszemu rozwi\u0105zaniu antykradzie\u017cowemu zaprojektowanemu z my\u015bl\u0105 o maksymalnej niezawodno\u015bci w ci\u0119\u017car\u00f3wkach, kontenerach i logistyce o wysokiej warto\u015bci. Wyposa\u017cona w\u00a0<strong>Mechanizm podw\u00f3jnej blokady<\/strong>\u00a0Dzi\u0119ki wzmocnionej konstrukcji z linki stalowej, ta plomba zapewnia podw\u00f3jn\u0105 odporno\u015b\u0107 na manipulacje, zapobiegaj\u0105c nieautoryzowanemu dost\u0119powi nawet przy ekstremalnym napr\u0119\u017ceniu lub pr\u00f3bach przeci\u0119cia. Odporna na korozj\u0119 stalowa linka i precyzyjnie uformowana g\u0142owica blokuj\u0105ca zapewniaj\u0105 trwa\u0142o\u015b\u0107 w trudnych warunkach pogodowych, podczas gdy\u00a0<strong>konstrukcja z kontrol\u0105 napi\u0119cia<\/strong>\u00a0zachowuje szczelno\u015b\u0107 podczas transportu d\u0142ugodystansowego. Ka\u017cda opaska CBS-012 zawiera unikalny serializowany kod kreskowy i laserowo wytrawion\u0105 numeracj\u0119 w celu natychmiastowej weryfikacji i zgodno\u015bci z normami ISO 17712, C-TPAT i TAPA. Mo\u017cliwo\u015b\u0107 dostosowania kolor\u00f3w, d\u0142ugo\u015bci kabli i marki sprawia, \u017ce jest to idealne rozwi\u0105zanie do zabezpieczania przesy\u0142ek transgranicznych, materia\u0142\u00f3w niebezpiecznych i \u0142adunk\u00f3w wra\u017cliwych.<\/p>","protected":false},"excerpt":{"rendered":"<p>Plomba kablowa CBS-012 z podw\u00f3jnym zamkiem \u0142\u0105czy w sobie podw\u00f3jne zamki antykradzie\u017cowe i odporn\u0105 na rozci\u0105ganie stalow\u0105 link\u0119, zapewniaj\u0105c bezpiecze\u0144stwo ci\u0119\u017car\u00f3wek, kontener\u00f3w i logistyki - z certyfikatem ISO i mo\u017cliwo\u015bci\u0105 dostosowania.<\/p>","protected":false},"featured_media":3832,"template":"","meta":[],"product_brand":[],"product_cat":[168],"product_tag":[288,289,290,291,292,293,294,295,296,297],"class_list":{"0":"post-3831","1":"product","2":"type-product","3":"status-publish","4":"has-post-thumbnail","6":"product_cat-cable-seal","7":"product_tag-cbs-012-double-lock-cable-seal","8":"product_tag-dual-anti-theft-truck-seals","9":"product_tag-tension-resistant-steel-wire-seals","10":"product_tag-iso-17712-compliant-cable-locks","11":"product_tag-tamper-proof-container-security-seals","12":"product_tag-heavy-duty-logistics-wire-seals","13":"product_tag-cargo-barcode-security-tags","14":"product_tag-high-tension-truck-cable-locks","15":"product_tag-customizable-steel-wire-seals","16":"product_tag-cross-border-freight-security-solutions","18":"first","19":"instock","20":"shipping-taxable","21":"product-type-simple"},"_links":{"self":[{"href":"https:\/\/www.woseal.com\/pl\/wp-json\/wp\/v2\/product\/3831","targetHints":{"allow":["GET"]}}],"collection":[{"href":"https:\/\/www.woseal.com\/pl\/wp-json\/wp\/v2\/product"}],"about":[{"href":"https:\/\/www.woseal.com\/pl\/wp-json\/wp\/v2\/types\/product"}],"version-history":[{"count":1,"href":"https:\/\/www.woseal.com\/pl\/wp-json\/wp\/v2\/product\/3831\/revisions"}],"predecessor-version":[{"id":3839,"href":"https:\/\/www.woseal.com\/pl\/wp-json\/wp\/v2\/product\/3831\/revisions\/3839"}],"wp:featuredmedia":[{"embeddable":true,"href":"https:\/\/www.woseal.com\/pl\/wp-json\/wp\/v2\/media\/3832"}],"wp:attachment":[{"href":"https:\/\/www.woseal.com\/pl\/wp-json\/wp\/v2\/media?parent=3831"}],"wp:term":[{"taxonomy":"product_brand","embeddable":true,"href":"https:\/\/www.woseal.com\/pl\/wp-json\/wp\/v2\/product_brand?post=3831"},{"taxonomy":"product_cat","embeddable":true,"href":"https:\/\/www.woseal.com\/pl\/wp-json\/wp\/v2\/product_cat?post=3831"},{"taxonomy":"product_tag","embeddable":true,"href":"https:\/\/www.woseal.com\/pl\/wp-json\/wp\/v2\/product_tag?post=3831"}],"curies":[{"name":"wp","href":"https:\/\/api.w.org\/{rel}","templated":true}]}}