{"id":3906,"date":"2025-04-07T17:17:07","date_gmt":"2025-04-07T09:17:07","guid":{"rendered":"https:\/\/www.woseal.com\/?post_type=product&#038;p=3906"},"modified":"2025-04-11T10:55:19","modified_gmt":"2025-04-11T02:55:19","slug":"pts-017-300mm-customized-disposable-plastic-seals-for-shoes-and-clothing-tightening-seal-anti-tamper-plastic-seal","status":"publish","type":"product","link":"https:\/\/www.woseal.com\/pl\/produkt\/pts-017-300mm-customized-disposable-plastic-seals-for-shoes-and-clothing-tightening-seal-anti-tamper-plastic-seal","title":{"rendered":"PTS-017 300mm Indywidualne jednorazowe uszczelki plastikowe do but\u00f3w i odzie\u017cy Uszczelka dokr\u0119cana Uszczelka plastikowa antysabota\u017cowa"},"content":{"rendered":"<table class=\"has-title all magic-7\">\n<tbody>\n<tr>\n<td colspan=\"1\" rowspan=\"1\">\n<div class=\"magic-8\" data-spm-anchor-id=\"a2700.details-description.0.i0.4333pO24pO24Sh\">Miejsce pochodzenia<\/div>\n<\/td>\n<td colspan=\"1\" rowspan=\"1\">\n<div class=\"magic-9\">Chiny<\/div>\n<\/td>\n<\/tr>\n<tr>\n<td colspan=\"1\" rowspan=\"1\">\n<div class=\"magic-8\">Pozycja<\/div>\n<\/td>\n<td colspan=\"1\" rowspan=\"1\">\n<div class=\"magic-9\">Plastikowa uszczelka<\/div>\n<\/td>\n<\/tr>\n<tr>\n<td colspan=\"1\" rowspan=\"1\">\n<div class=\"magic-8\">Model<\/div>\n<\/td>\n<td colspan=\"1\" rowspan=\"1\">\n<div class=\"magic-9\">TPS-017<\/div>\n<\/td>\n<\/tr>\n<tr>\n<td colspan=\"1\" rowspan=\"1\">\n<div class=\"magic-8\">Materia\u0142<\/div>\n<\/td>\n<td colspan=\"1\" rowspan=\"1\">\n<div class=\"magic-9\">PP+PE<\/div>\n<\/td>\n<\/tr>\n<tr>\n<td colspan=\"1\" rowspan=\"1\">\n<div class=\"magic-8\">Rozmiar korpusu zamka<\/div>\n<\/td>\n<td colspan=\"1\" rowspan=\"1\">\n<div class=\"magic-9\">58*20*6mm<\/div>\n<\/td>\n<\/tr>\n<tr>\n<td colspan=\"1\" rowspan=\"1\">\n<div class=\"magic-8\">D\u0142ugo\u015b\u0107<\/div>\n<\/td>\n<td colspan=\"1\" rowspan=\"1\">\n<div class=\"magic-9\">200mm\/300mm\/400mm\/500mm<\/div>\n<\/td>\n<\/tr>\n<tr>\n<td colspan=\"1\" rowspan=\"1\">\n<div class=\"magic-8\">Kolor<\/div>\n<\/td>\n<td colspan=\"1\" rowspan=\"1\">\n<div class=\"magic-9\">\u017b\u00f3\u0142ty, bia\u0142y, niebieski, zielony, czerwony i tak dalej<\/div>\n<\/td>\n<\/tr>\n<tr>\n<td colspan=\"1\" rowspan=\"1\">\n<div class=\"magic-8\">Rodzaj druku<\/div>\n<\/td>\n<td colspan=\"1\" rowspan=\"1\">\n<div class=\"magic-9\">Znakowanie laserowe lub t\u0142oczenie na gor\u0105co, sitodruk, tto<\/div>\n<\/td>\n<\/tr>\n<tr>\n<td colspan=\"1\" rowspan=\"1\">\n<div class=\"magic-8\">Oznaczanie zawarto\u015bci<\/div>\n<\/td>\n<td colspan=\"1\" rowspan=\"1\">\n<div class=\"magic-9\">Cyfry, litery, znaki, kody kreskowe i tak dalej<\/div>\n<\/td>\n<\/tr>\n<tr>\n<td colspan=\"1\" rowspan=\"1\">\n<div class=\"magic-8\">Pakiet<\/div>\n<\/td>\n<td colspan=\"1\" rowspan=\"1\">\n<div class=\"magic-9\">100 sztuk \/ plastikowa torba, 1000 sztuk \/ karton, 2000 sztuk \/ karton<\/div>\n<\/td>\n<\/tr>\n<tr>\n<td colspan=\"1\" rowspan=\"1\">\n<div class=\"magic-8\">Zastosowanie<\/div>\n<\/td>\n<td colspan=\"1\" rowspan=\"1\">\n<div class=\"magic-9\">Supermarkety, olej, kontenery, kontenery kolejowe, skrzynki licznikowe, portmonetki bankowe itp.<\/div>\n<\/td>\n<\/tr>\n<tr>\n<td colspan=\"1\" rowspan=\"1\">\n<div class=\"magic-8\">Certyfikat firmy<\/div>\n<\/td>\n<td colspan=\"1\" rowspan=\"1\">\n<div class=\"magic-9\">REACH,ISO9001,ISO14001,ISO45001<\/div>\n<\/td>\n<\/tr>\n<\/tbody>\n<\/table>\n<p>Zabezpiecz zapasy obuwia i odzie\u017cy za pomoc\u0105 jednorazowych plomb plastikowych PTS-017 300 mm, zaprojektowanych z my\u015bl\u0105 o zabezpieczeniu przed manipulacj\u0105 i usprawnieniu logistyki. Zaprojektowane specjalnie z my\u015bl\u0105 o obuwiu, odzie\u017cy i akcesoriach, te wyd\u0142u\u017cone plomby 300 mm posiadaj\u0105\u00a0<strong>mechanizm dokr\u0119cania<\/strong>\u00a0do bezpiecznego mocowania przedmiot\u00f3w, jednocze\u015bnie zapobiegaj\u0105c nieautoryzowanemu dost\u0119powi. Wykonane z trwa\u0142ego, elastycznego tworzywa sztucznego, s\u0105 odporne na manipulacje i zu\u017cycie \u015brodowiskowe, a tak\u017ce posiadaj\u0105\u00a0<strong>Konstrukcja jednorazowego u\u017cytku<\/strong>\u00a0kt\u00f3re zapewniaj\u0105 nieodwracaln\u0105 ochron\u0119. Dostosuj plomby za pomoc\u0105 logo, kod\u00f3w kreskowych lub kod\u00f3w QR, aby zwi\u0119kszy\u0107 widoczno\u015b\u0107 marki, \u015bledzi\u0107 zapasy i upro\u015bci\u0107 audyty. Idealny do pakowania detalicznego, przechowywania w magazynach i wysy\u0142ki e-commerce, PTS-017 zapewnia lekkie, ekonomiczne zabezpieczenie przy jednoczesnym zachowaniu integralno\u015bci produktu.<\/p>","protected":false},"excerpt":{"rendered":"<p>Jednorazowe plomby plastikowe PTS-017 300 mm oferuj\u0105 zabezpieczenie antysabota\u017cowe do but\u00f3w, odzie\u017cy i akcesori\u00f3w, z mo\u017cliwo\u015bci\u0105 personalizacji marki dla handlu detalicznego i logistyki.<\/p>","protected":false},"featured_media":3907,"template":"","meta":[],"product_brand":[],"product_cat":[169],"product_tag":[383,384,385,386,190,191,375,382],"class_list":{"0":"post-3906","1":"product","2":"type-product","3":"status-publish","4":"has-post-thumbnail","6":"product_cat-plastic-seal","7":"product_tag-disposable-clothing-security-tags","8":"product_tag-anti-tamper-plastic-seals","9":"product_tag-pts-017-tightening-seals","10":"product_tag-300mm-disposable-security-ties","11":"product_tag-plastic-seal","12":"product_tag-security-plastic-seal","13":"product_tag-safety-plastic-seal","14":"product_tag-customized-shoe-seals","16":"first","17":"instock","18":"shipping-taxable","19":"product-type-simple"},"_links":{"self":[{"href":"https:\/\/www.woseal.com\/pl\/wp-json\/wp\/v2\/product\/3906","targetHints":{"allow":["GET"]}}],"collection":[{"href":"https:\/\/www.woseal.com\/pl\/wp-json\/wp\/v2\/product"}],"about":[{"href":"https:\/\/www.woseal.com\/pl\/wp-json\/wp\/v2\/types\/product"}],"version-history":[{"count":1,"href":"https:\/\/www.woseal.com\/pl\/wp-json\/wp\/v2\/product\/3906\/revisions"}],"predecessor-version":[{"id":3915,"href":"https:\/\/www.woseal.com\/pl\/wp-json\/wp\/v2\/product\/3906\/revisions\/3915"}],"wp:featuredmedia":[{"embeddable":true,"href":"https:\/\/www.woseal.com\/pl\/wp-json\/wp\/v2\/media\/3907"}],"wp:attachment":[{"href":"https:\/\/www.woseal.com\/pl\/wp-json\/wp\/v2\/media?parent=3906"}],"wp:term":[{"taxonomy":"product_brand","embeddable":true,"href":"https:\/\/www.woseal.com\/pl\/wp-json\/wp\/v2\/product_brand?post=3906"},{"taxonomy":"product_cat","embeddable":true,"href":"https:\/\/www.woseal.com\/pl\/wp-json\/wp\/v2\/product_cat?post=3906"},{"taxonomy":"product_tag","embeddable":true,"href":"https:\/\/www.woseal.com\/pl\/wp-json\/wp\/v2\/product_tag?post=3906"}],"curies":[{"name":"wp","href":"https:\/\/api.w.org\/{rel}","templated":true}]}}