{"id":3929,"date":"2025-04-08T10:46:12","date_gmt":"2025-04-08T02:46:12","guid":{"rendered":"https:\/\/www.woseal.com\/?post_type=product&#038;p=3929"},"modified":"2025-04-11T10:50:01","modified_gmt":"2025-04-11T02:50:01","slug":"pts-019-customizable-full-plastic-trips-security-seal-non-slip-tail-staples-for-security-seals-plastic","status":"publish","type":"product","link":"https:\/\/www.woseal.com\/pl\/produkt\/pts-019-customizable-full-plastic-trips-security-seal-non-slip-tail-staples-for-security-seals-plastic","title":{"rendered":"PTS-019 Konfigurowalne pe\u0142ne plastikowe potykacze do plomb zabezpieczaj\u0105cych Zszywki antypo\u015blizgowe do plomb zabezpieczaj\u0105cych z tworzywa sztucznego"},"content":{"rendered":"<table class=\"has-title all magic-7\">\n<tbody>\n<tr>\n<td colspan=\"1\" rowspan=\"1\">\n<div class=\"magic-8\" data-spm-anchor-id=\"a2700.details-description.0.i0.31ffbwsDbwsDbr\">Miejsce pochodzenia<\/div>\n<\/td>\n<td colspan=\"1\" rowspan=\"1\">\n<div class=\"magic-9\">Chiny<\/div>\n<\/td>\n<\/tr>\n<tr>\n<td colspan=\"1\" rowspan=\"1\">\n<div class=\"magic-8\">Pozycja<\/div>\n<\/td>\n<td colspan=\"1\" rowspan=\"1\">\n<div class=\"magic-9\">Plastikowa uszczelka<\/div>\n<\/td>\n<\/tr>\n<tr>\n<td colspan=\"1\" rowspan=\"1\">\n<div class=\"magic-8\">Model<\/div>\n<\/td>\n<td colspan=\"1\" rowspan=\"1\">\n<div class=\"magic-9\">TPS-019<\/div>\n<\/td>\n<\/tr>\n<tr>\n<td colspan=\"1\" rowspan=\"1\">\n<div class=\"magic-8\">Materia\u0142<\/div>\n<\/td>\n<td colspan=\"1\" rowspan=\"1\">\n<div class=\"magic-9\">PP+PE<\/div>\n<\/td>\n<\/tr>\n<tr>\n<td colspan=\"1\" rowspan=\"1\">\n<div class=\"magic-8\">Rozmiar korpusu zamka<\/div>\n<\/td>\n<td colspan=\"1\" rowspan=\"1\">\n<div class=\"magic-9\">66*30*15mm<\/div>\n<\/td>\n<\/tr>\n<tr>\n<td colspan=\"1\" rowspan=\"1\">\n<div class=\"magic-8\">D\u0142ugo\u015b\u0107<\/div>\n<\/td>\n<td colspan=\"1\" rowspan=\"1\">\n<div class=\"magic-9\">300 mm<\/div>\n<\/td>\n<\/tr>\n<tr>\n<td colspan=\"1\" rowspan=\"1\">\n<div class=\"magic-8\">Kolor<\/div>\n<\/td>\n<td colspan=\"1\" rowspan=\"1\">\n<div class=\"magic-9\">\u017b\u00f3\u0142ty, bia\u0142y, niebieski, zielony, czerwony i tak dalej<\/div>\n<\/td>\n<\/tr>\n<tr>\n<td colspan=\"1\" rowspan=\"1\">\n<div class=\"magic-8\">Rodzaj druku<\/div>\n<\/td>\n<td colspan=\"1\" rowspan=\"1\">\n<div class=\"magic-9\">Znakowanie laserowe lub t\u0142oczenie na gor\u0105co, sitodruk, tto<\/div>\n<\/td>\n<\/tr>\n<tr>\n<td colspan=\"1\" rowspan=\"1\">\n<div class=\"magic-8\">Oznaczanie zawarto\u015bci<\/div>\n<\/td>\n<td colspan=\"1\" rowspan=\"1\">\n<div class=\"magic-9\">Cyfry, litery, znaki, kody kreskowe i tak dalej<\/div>\n<\/td>\n<\/tr>\n<tr>\n<td colspan=\"1\" rowspan=\"1\">\n<div class=\"magic-8\">Pakiet<\/div>\n<\/td>\n<td colspan=\"1\" rowspan=\"1\">\n<div class=\"magic-9\">100 sztuk \/ plastikowa torba, 1000 sztuk \/ karton, 2000 sztuk \/ karton<\/div>\n<\/td>\n<\/tr>\n<tr>\n<td colspan=\"1\" rowspan=\"1\">\n<div class=\"magic-8\">Zastosowanie<\/div>\n<\/td>\n<td colspan=\"1\" rowspan=\"1\">\n<div class=\"magic-9\">Supermarkety, olej, kontenery, kontenery kolejowe, skrzynki licznikowe, portmonetki bankowe itp.<\/div>\n<\/td>\n<\/tr>\n<tr>\n<td colspan=\"1\" rowspan=\"1\">\n<div class=\"magic-8\">Certyfikat firmy<\/div>\n<\/td>\n<td colspan=\"1\" rowspan=\"1\">\n<div class=\"magic-9\">REACH,ISO9001,ISO14001,ISO45001<\/div>\n<\/td>\n<\/tr>\n<\/tbody>\n<\/table>\n<p>Plomba zabezpieczaj\u0105ca PTS-019, zaprojektowana z my\u015bl\u0105 o niezawodno\u015bci i wszechstronno\u015bci w logistyce, transporcie towar\u00f3w i zastosowaniach przemys\u0142owych, pozwala zwi\u0119kszy\u0107 bezpiecze\u0144stwo przed manipulacj\u0105. Wyposa\u017cona w\u00a0<strong>antypo\u015blizgowy zszywacz ogonowy<\/strong>\u00a0i w pe\u0142ni plastikowa konstrukcja, ta plomba zapewnia ciasny, nieodwracalny uchwyt, kt\u00f3ry jest odporny na poluzowanie lub manipulacj\u0119 podczas transportu. Uszczelka\u00a0<strong>Konfigurowalna powierzchnia<\/strong>\u00a0umo\u017cliwia znakowanie, numerowanie sekwencyjne lub kodowanie kreskowe, usprawniaj\u0105c \u015bledzenie zapas\u00f3w i audyty zgodno\u015bci. Idealny do zabezpieczania paczek, pojemnik\u00f3w lub sprz\u0119tu, wytrzyma\u0142y materia\u0142 polipropylenowy jest odporny na trudne warunki u\u017cytkowania, wilgo\u0107 i wahania temperatury. Unikalna konstrukcja \"trip\" zapewnia wiele punkt\u00f3w blokowania dla dodatkowego bezpiecze\u0144stwa, a lekka, odporna na korozj\u0119 konstrukcja upraszcza aplikacj\u0119 i kontrol\u0119. Zaufaj PTS-019, aby zabezpieczy\u0107 przesy\u0142ki i zasoby z precyzj\u0105 umo\u017cliwiaj\u0105c\u0105 identyfikacj\u0119 manipulacji.<\/p>","protected":false},"excerpt":{"rendered":"<p>Plastikowa plomba PTS-019 oferuje antypo\u015blizgowe zszywki ogonowe i w pe\u0142ni konfigurowalne zabezpieczenia dla potrzeb logistycznych, \u0142adunkowych i przemys\u0142owych.<\/p>","protected":false},"featured_media":3930,"template":"","meta":[],"product_brand":[],"product_cat":[169],"product_tag":[191,376,391,392,393,394,395,190],"class_list":{"0":"post-3929","1":"product","2":"type-product","3":"status-publish","4":"has-post-thumbnail","6":"product_cat-plastic-seal","7":"product_tag-security-plastic-seal","8":"product_tag-shipping-plastic-seal","9":"product_tag-industrial-tamper-proof-seals","10":"product_tag-non-slip-plastic-seals","11":"product_tag-customizable-trips-security-tags","12":"product_tag-pts-019-tail-staples","13":"product_tag-full-plastic-security-seals","14":"product_tag-plastic-seal","16":"first","17":"instock","18":"shipping-taxable","19":"product-type-simple"},"_links":{"self":[{"href":"https:\/\/www.woseal.com\/pl\/wp-json\/wp\/v2\/product\/3929","targetHints":{"allow":["GET"]}}],"collection":[{"href":"https:\/\/www.woseal.com\/pl\/wp-json\/wp\/v2\/product"}],"about":[{"href":"https:\/\/www.woseal.com\/pl\/wp-json\/wp\/v2\/types\/product"}],"version-history":[{"count":2,"href":"https:\/\/www.woseal.com\/pl\/wp-json\/wp\/v2\/product\/3929\/revisions"}],"predecessor-version":[{"id":3938,"href":"https:\/\/www.woseal.com\/pl\/wp-json\/wp\/v2\/product\/3929\/revisions\/3938"}],"wp:featuredmedia":[{"embeddable":true,"href":"https:\/\/www.woseal.com\/pl\/wp-json\/wp\/v2\/media\/3930"}],"wp:attachment":[{"href":"https:\/\/www.woseal.com\/pl\/wp-json\/wp\/v2\/media?parent=3929"}],"wp:term":[{"taxonomy":"product_brand","embeddable":true,"href":"https:\/\/www.woseal.com\/pl\/wp-json\/wp\/v2\/product_brand?post=3929"},{"taxonomy":"product_cat","embeddable":true,"href":"https:\/\/www.woseal.com\/pl\/wp-json\/wp\/v2\/product_cat?post=3929"},{"taxonomy":"product_tag","embeddable":true,"href":"https:\/\/www.woseal.com\/pl\/wp-json\/wp\/v2\/product_tag?post=3929"}],"curies":[{"name":"wp","href":"https:\/\/api.w.org\/{rel}","templated":true}]}}