{"id":3939,"date":"2025-04-08T11:11:11","date_gmt":"2025-04-08T03:11:11","guid":{"rendered":"https:\/\/www.woseal.com\/?post_type=product&#038;p=3939"},"modified":"2025-04-11T10:47:52","modified_gmt":"2025-04-11T02:47:52","slug":"pts-021-high-security-disposable-plastic-seal-with-metal-sheet-inserted-into-logistics-security-plastic-seal","status":"publish","type":"product","link":"https:\/\/www.woseal.com\/pl\/produkt\/pts-021-high-security-disposable-plastic-seal-with-metal-sheet-inserted-into-logistics-security-plastic-seal","title":{"rendered":"PTS-021 Jednorazowa plomba plastikowa o wysokim poziomie bezpiecze\u0144stwa z metalowym arkuszem umieszczonym w plastikowej plombie logistycznej"},"content":{"rendered":"<table class=\"has-title all magic-7\">\n<tbody>\n<tr>\n<td colspan=\"1\" rowspan=\"1\">\n<div class=\"magic-8\" data-spm-anchor-id=\"a2700.details-description.0.i0.7b53HPytHPytJQ\">Miejsce pochodzenia<\/div>\n<\/td>\n<td colspan=\"1\" rowspan=\"1\">\n<div class=\"magic-9\">Chiny<\/div>\n<\/td>\n<\/tr>\n<tr>\n<td colspan=\"1\" rowspan=\"1\">\n<div class=\"magic-8\">Pozycja<\/div>\n<\/td>\n<td colspan=\"1\" rowspan=\"1\">\n<div class=\"magic-9\">Plastikowa uszczelka<\/div>\n<\/td>\n<\/tr>\n<tr>\n<td colspan=\"1\" rowspan=\"1\">\n<div class=\"magic-8\">Model<\/div>\n<\/td>\n<td colspan=\"1\" rowspan=\"1\">\n<div class=\"magic-9\">TPS-021<\/div>\n<\/td>\n<\/tr>\n<tr>\n<td colspan=\"1\" rowspan=\"1\">\n<div class=\"magic-8\">Materia\u0142<\/div>\n<\/td>\n<td colspan=\"1\" rowspan=\"1\">\n<div class=\"magic-9\">PP+PE<\/div>\n<\/td>\n<\/tr>\n<tr>\n<td colspan=\"1\" rowspan=\"1\">\n<div class=\"magic-8\">Rozmiar korpusu zamka<\/div>\n<\/td>\n<td colspan=\"1\" rowspan=\"1\">\n<div class=\"magic-9\">78*28*6mm<\/div>\n<\/td>\n<\/tr>\n<tr>\n<td colspan=\"1\" rowspan=\"1\">\n<div class=\"magic-8\">D\u0142ugo\u015b\u0107<\/div>\n<\/td>\n<td colspan=\"1\" rowspan=\"1\">\n<div class=\"magic-9\">390 mm<\/div>\n<\/td>\n<\/tr>\n<tr>\n<td colspan=\"1\" rowspan=\"1\">\n<div class=\"magic-8\">Kolor<\/div>\n<\/td>\n<td colspan=\"1\" rowspan=\"1\">\n<div class=\"magic-9\">\u017b\u00f3\u0142ty, bia\u0142y, niebieski, zielony, czerwony i tak dalej<\/div>\n<\/td>\n<\/tr>\n<tr>\n<td colspan=\"1\" rowspan=\"1\">\n<div class=\"magic-8\">Rodzaj druku<\/div>\n<\/td>\n<td colspan=\"1\" rowspan=\"1\">\n<div class=\"magic-9\">Znakowanie laserowe lub t\u0142oczenie na gor\u0105co, sitodruk, tto<\/div>\n<\/td>\n<\/tr>\n<tr>\n<td colspan=\"1\" rowspan=\"1\">\n<div class=\"magic-8\">Oznaczanie zawarto\u015bci<\/div>\n<\/td>\n<td colspan=\"1\" rowspan=\"1\">\n<div class=\"magic-9\">Cyfry, litery, znaki, kody kreskowe i tak dalej<\/div>\n<\/td>\n<\/tr>\n<tr>\n<td colspan=\"1\" rowspan=\"1\">\n<div class=\"magic-8\">Pakiet<\/div>\n<\/td>\n<td colspan=\"1\" rowspan=\"1\">\n<div class=\"magic-9\">100 sztuk \/ plastikowa torba, 1000 sztuk \/ karton, 2000 sztuk \/ karton<\/div>\n<\/td>\n<\/tr>\n<tr>\n<td colspan=\"1\" rowspan=\"1\">\n<div class=\"magic-8\">Zastosowanie<\/div>\n<\/td>\n<td colspan=\"1\" rowspan=\"1\">\n<div class=\"magic-9\">Przesy\u0142ki ekspresowe, logistyka, catering, szpitale, us\u0142ugi pocztowe, odzie\u017c, obuwie, torby, pude\u0142ka itp.<\/div>\n<\/td>\n<\/tr>\n<tr>\n<td colspan=\"1\" rowspan=\"1\">\n<div class=\"magic-8\">Certyfikat firmy<\/div>\n<\/td>\n<td colspan=\"1\" rowspan=\"1\">\n<div class=\"magic-9\">REACH,ISO9001,ISO14001,ISO45001<\/div>\n<\/td>\n<\/tr>\n<\/tbody>\n<\/table>\n<p>Jednorazowa plomba plastikowa PTS-021 High Security zapewnia maksymaln\u0105 ochron\u0119 przed manipulacj\u0105 w logistyce o wysokiej warto\u015bci. Zaprojektowana z my\u015bl\u0105 o bezpiecze\u0144stwie krytycznych \u0142adunk\u00f3w i kontener\u00f3w, plomba ta integruje\u00a0<strong>wzmocniona blacha<\/strong>\u00a0w plastikowym korpusie, zapewniaj\u0105c niezr\u00f3wnan\u0105 odporno\u015b\u0107 na przeci\u0119cie, przeci\u0119cie lub sforsowanie. Metalowa konstrukcja zwi\u0119ksza wytrzyma\u0142o\u015b\u0107 na rozci\u0105ganie przy jednoczesnym zachowaniu elastyczno\u015bci, dzi\u0119ki czemu idealnie nadaje si\u0119 do zabezpieczania drzwi ci\u0119\u017car\u00f3wek, kontener\u00f3w transportowych i wra\u017cliwych \u0142adunk\u00f3w. Po zastosowaniu jednorazowy mechanizm blokuj\u0105cy pozostawia widoczne \u015blady manipulacji, zniech\u0119caj\u0105c do kradzie\u017cy i zapewniaj\u0105c zgodno\u015b\u0107 z protoko\u0142ami bezpiecze\u0144stwa logistyki. Mo\u017cliwo\u015b\u0107 dostosowania za pomoc\u0105 numeracji sekwencyjnej lub kod\u00f3w kreskowych usprawnia \u015bledzenie i audyty. Zbudowany, aby wytrzyma\u0107 trudne warunki, PTS-021 \u0142\u0105czy w sobie trwa\u0142o\u015b\u0107 klasy przemys\u0142owej z lekk\u0105 wygod\u0105, oferuj\u0105c spok\u00f3j ducha dla globalnych \u0142a\u0144cuch\u00f3w dostaw.<\/p>","protected":false},"excerpt":{"rendered":"<p>Plastikowa plomba PTS-021 jest wzmocniona metalow\u0105 blach\u0105, co zapewnia bezpiecze\u0144stwo logistyczne, jednorazow\u0105 konstrukcj\u0119 i wysok\u0105 odporno\u015b\u0107 na uszkodzenia.<\/p>","protected":false},"featured_media":3940,"template":"","meta":[],"product_brand":[],"product_cat":[169],"product_tag":[190,191,396,397,398,399,400],"class_list":{"0":"post-3939","1":"product","2":"type-product","3":"status-publish","4":"has-post-thumbnail","6":"product_cat-plastic-seal","7":"product_tag-plastic-seal","8":"product_tag-security-plastic-seal","9":"product_tag-metal-inserted-plastic-seals","10":"product_tag-pts-021-high-security-seals","11":"product_tag-disposable-logistics-seals","12":"product_tag-tamper-proof-cargo-locks","13":"product_tag-industrial-grade-security-tags","15":"first","16":"instock","17":"shipping-taxable","18":"product-type-simple"},"_links":{"self":[{"href":"https:\/\/www.woseal.com\/pl\/wp-json\/wp\/v2\/product\/3939","targetHints":{"allow":["GET"]}}],"collection":[{"href":"https:\/\/www.woseal.com\/pl\/wp-json\/wp\/v2\/product"}],"about":[{"href":"https:\/\/www.woseal.com\/pl\/wp-json\/wp\/v2\/types\/product"}],"version-history":[{"count":1,"href":"https:\/\/www.woseal.com\/pl\/wp-json\/wp\/v2\/product\/3939\/revisions"}],"predecessor-version":[{"id":3947,"href":"https:\/\/www.woseal.com\/pl\/wp-json\/wp\/v2\/product\/3939\/revisions\/3947"}],"wp:featuredmedia":[{"embeddable":true,"href":"https:\/\/www.woseal.com\/pl\/wp-json\/wp\/v2\/media\/3940"}],"wp:attachment":[{"href":"https:\/\/www.woseal.com\/pl\/wp-json\/wp\/v2\/media?parent=3939"}],"wp:term":[{"taxonomy":"product_brand","embeddable":true,"href":"https:\/\/www.woseal.com\/pl\/wp-json\/wp\/v2\/product_brand?post=3939"},{"taxonomy":"product_cat","embeddable":true,"href":"https:\/\/www.woseal.com\/pl\/wp-json\/wp\/v2\/product_cat?post=3939"},{"taxonomy":"product_tag","embeddable":true,"href":"https:\/\/www.woseal.com\/pl\/wp-json\/wp\/v2\/product_tag?post=3939"}],"curies":[{"name":"wp","href":"https:\/\/api.w.org\/{rel}","templated":true}]}}