{"id":3993,"date":"2025-04-08T17:00:58","date_gmt":"2025-04-08T09:00:58","guid":{"rendered":"https:\/\/www.woseal.com\/?post_type=product&#038;p=3993"},"modified":"2025-04-11T09:45:20","modified_gmt":"2025-04-11T01:45:20","slug":"pls-001-simple-and-easy-to-seal-safety-padlock-with-serial-number-anti-theft-padlock-seal","status":"publish","type":"product","link":"https:\/\/www.woseal.com\/pl\/produkt\/pls-001-simple-and-easy-to-seal-safety-padlock-with-serial-number-anti-theft-padlock-seal","title":{"rendered":"PLS-001 Prosta i \u0142atwa do zaplombowania k\u0142\u00f3dka zabezpieczaj\u0105ca z numerem seryjnym, zabezpieczaj\u0105ca przed kradzie\u017c\u0105"},"content":{"rendered":"<table class=\"has-title all magic-10\">\n<tbody>\n<tr>\n<td colspan=\"1\" rowspan=\"1\">\n<div class=\"magic-11\" data-spm-anchor-id=\"a2700.details.0.i82.20ee794cs0IU5k\">Miejsce pochodzenia<\/div>\n<\/td>\n<td colspan=\"1\" rowspan=\"1\">\n<div class=\"magic-12\">Chiny<\/div>\n<\/td>\n<\/tr>\n<tr>\n<td colspan=\"1\" rowspan=\"1\">\n<div class=\"magic-11\">Pozycja<\/div>\n<\/td>\n<td colspan=\"1\" rowspan=\"1\">\n<div class=\"magic-12\">Uszczelnienie k\u0142\u00f3dki<\/div>\n<\/td>\n<\/tr>\n<tr>\n<td colspan=\"1\" rowspan=\"1\">\n<div class=\"magic-11\">Model<\/div>\n<\/td>\n<td colspan=\"1\" rowspan=\"1\">\n<div class=\"magic-12\">PLS-001<\/div>\n<\/td>\n<\/tr>\n<tr>\n<td colspan=\"1\" rowspan=\"1\">\n<div class=\"magic-11\">Materia\u0142<\/div>\n<\/td>\n<td colspan=\"1\" rowspan=\"1\">\n<div class=\"magic-12\">ABS+Steel<\/div>\n<\/td>\n<\/tr>\n<tr>\n<td colspan=\"1\" rowspan=\"1\">\n<div class=\"magic-11\">Rozmiar korpusu zamka<\/div>\n<\/td>\n<td colspan=\"1\" rowspan=\"1\">\n<div class=\"magic-12\">81*31.5*9.8mm<\/div>\n<\/td>\n<\/tr>\n<tr>\n<td colspan=\"1\" rowspan=\"1\">\n<div class=\"magic-11\">Kolor<\/div>\n<\/td>\n<td colspan=\"1\" rowspan=\"1\">\n<div class=\"magic-12\">\u017b\u00f3\u0142ty, bia\u0142y, niebieski, zielony, czerwony, inne i tak dalej<\/div>\n<\/td>\n<\/tr>\n<tr>\n<td colspan=\"1\" rowspan=\"1\">\n<div class=\"magic-11\">Rodzaj druku<\/div>\n<\/td>\n<td colspan=\"1\" rowspan=\"1\">\n<div class=\"magic-12\">Znakowanie laserowe lub t\u0142oczenie na gor\u0105co, sitodruk, tto<\/div>\n<\/td>\n<\/tr>\n<tr>\n<td colspan=\"1\" rowspan=\"1\">\n<div class=\"magic-11\">Oznaczanie zawarto\u015bci<\/div>\n<\/td>\n<td colspan=\"1\" rowspan=\"1\">\n<div class=\"magic-12\">Cyfry, litery, znaki, kody kreskowe i tak dalej<\/div>\n<\/td>\n<\/tr>\n<tr>\n<td colspan=\"1\" rowspan=\"1\">\n<div class=\"magic-11\">Pakiet<\/div>\n<\/td>\n<td colspan=\"1\" rowspan=\"1\">\n<div class=\"magic-12\">10 0pcs \/ plastic bag,50 bags for one carton or can be customized<\/div>\n<\/td>\n<\/tr>\n<tr>\n<td colspan=\"1\" rowspan=\"1\">\n<div class=\"magic-11\">Zastosowanie<\/div>\n<\/td>\n<td colspan=\"1\" rowspan=\"1\">\n<div class=\"magic-12\">Express delivery, logistics, catering, hospitals, postal services, clothing, shoes, bags, boxes etc.<\/div>\n<\/td>\n<\/tr>\n<tr>\n<td colspan=\"1\" rowspan=\"1\">\n<div class=\"magic-11\">Certyfikat firmy<\/div>\n<\/td>\n<td colspan=\"1\" rowspan=\"1\">\n<div class=\"magic-12\">ISO9001,ISO14001,ISO45001<\/div>\n<\/td>\n<\/tr>\n<\/tbody>\n<\/table>\n<p>Secure your cargo effortlessly with the PLS-001 Simple and Easy-to-Seal Safety Padlock, designed for tamper-proof logistics and anti-theft protection. This plastic padlock seal features a\u00a0<strong>unique serial number<\/strong>\u00a0for traceability and compliance, ensuring easy tracking and audit readiness. Its user-friendly design allows quick, tool-free application\u2014simply snap the lock closed for instant security. Made from durable, weather-resistant plastic, it withstands harsh handling and environmental conditions while providing visible evidence of tampering. Ideal for shipping containers, truck doors, warehouses, and high-value freight, the PLS-001 combines lightweight convenience with industrial-grade reliability. Protect your assets, deter theft, and streamline supply chain integrity with this cost-effective, disposable security solution.<\/p>","protected":false},"excerpt":{"rendered":"<p>The PLS-001 Plastic Padlock Seal offers tamper-evident security with serialized tracking, designed for simple, tool-free anti-theft protection in logistics and transport.<\/p>","protected":false},"featured_media":3994,"template":"","meta":[],"product_brand":[],"product_cat":[173],"product_tag":[439,440,441,442,443,444,445,446],"class_list":{"0":"post-3993","1":"product","2":"type-product","3":"status-publish","4":"has-post-thumbnail","6":"product_cat-padlock-seal","7":"product_tag-security-plastic-padlock-seals","8":"product_tag-padlock-seal-airline","9":"product_tag-numbered-padlock-seal","10":"product_tag-anti-theft-padlock-seal","11":"product_tag-serialized-security-locks","12":"product_tag-plastic-padlock-seals","13":"product_tag-logistics-safety-locks","14":"product_tag-disposable-security-padlocks","16":"first","17":"instock","18":"shipping-taxable","19":"product-type-simple"},"_links":{"self":[{"href":"https:\/\/www.woseal.com\/pl\/wp-json\/wp\/v2\/product\/3993","targetHints":{"allow":["GET"]}}],"collection":[{"href":"https:\/\/www.woseal.com\/pl\/wp-json\/wp\/v2\/product"}],"about":[{"href":"https:\/\/www.woseal.com\/pl\/wp-json\/wp\/v2\/types\/product"}],"version-history":[{"count":1,"href":"https:\/\/www.woseal.com\/pl\/wp-json\/wp\/v2\/product\/3993\/revisions"}],"predecessor-version":[{"id":4001,"href":"https:\/\/www.woseal.com\/pl\/wp-json\/wp\/v2\/product\/3993\/revisions\/4001"}],"wp:featuredmedia":[{"embeddable":true,"href":"https:\/\/www.woseal.com\/pl\/wp-json\/wp\/v2\/media\/3994"}],"wp:attachment":[{"href":"https:\/\/www.woseal.com\/pl\/wp-json\/wp\/v2\/media?parent=3993"}],"wp:term":[{"taxonomy":"product_brand","embeddable":true,"href":"https:\/\/www.woseal.com\/pl\/wp-json\/wp\/v2\/product_brand?post=3993"},{"taxonomy":"product_cat","embeddable":true,"href":"https:\/\/www.woseal.com\/pl\/wp-json\/wp\/v2\/product_cat?post=3993"},{"taxonomy":"product_tag","embeddable":true,"href":"https:\/\/www.woseal.com\/pl\/wp-json\/wp\/v2\/product_tag?post=3993"}],"curies":[{"name":"wp","href":"https:\/\/api.w.org\/{rel}","templated":true}]}}