{"id":4081,"date":"2025-04-10T18:12:05","date_gmt":"2025-04-10T10:12:05","guid":{"rendered":"https:\/\/www.woseal.com\/?post_type=product&#038;p=4081"},"modified":"2025-04-10T18:13:11","modified_gmt":"2025-04-10T10:13:11","slug":"rfs-005-high-quality-express-container-seals-featuring-metal-safety-and-rfid-seals","status":"publish","type":"product","link":"https:\/\/www.woseal.com\/pl\/produkt\/rfs-005-high-quality-express-container-seals-featuring-metal-safety-and-rfid-seals","title":{"rendered":"RFS-005 High Quality Express Container Seals Featuring Metal Safety and RFID Seals"},"content":{"rendered":"<table class=\"has-title all magic-10\">\n<tbody>\n<tr>\n<td colspan=\"1\" rowspan=\"1\">\n<div class=\"magic-11\" data-spm-anchor-id=\"a2700.details-description.0.i0.29211d8Y1d8YUa\">Nazwa<\/div>\n<\/td>\n<td colspan=\"1\" rowspan=\"1\">\n<div class=\"magic-12\">RFS-005<\/div>\n<\/td>\n<\/tr>\n<tr>\n<td colspan=\"1\" rowspan=\"1\">\n<div class=\"magic-11\">Type<\/div>\n<\/td>\n<td colspan=\"1\" rowspan=\"1\">\n<div class=\"magic-12\">RFID Plastic Seal<\/div>\n<\/td>\n<\/tr>\n<tr>\n<td colspan=\"1\" rowspan=\"1\">\n<div class=\"magic-11\">Materia\u0142<\/div>\n<\/td>\n<td colspan=\"1\" rowspan=\"1\">\n<div class=\"magic-12\">ABS+Chip<\/div>\n<\/td>\n<\/tr>\n<tr>\n<td colspan=\"1\" rowspan=\"1\">\n<div class=\"magic-11\">Rozmiar korpusu zamka<\/div>\n<\/td>\n<td colspan=\"1\" rowspan=\"1\">\n<div class=\"magic-12\">380*33*4mm<\/div>\n<\/td>\n<\/tr>\n<tr>\n<td colspan=\"1\" rowspan=\"1\">\n<div class=\"magic-11\">\u015arednica<\/div>\n<\/td>\n<td colspan=\"1\" rowspan=\"1\">\n<div class=\"magic-12\">7mm<\/div>\n<\/td>\n<\/tr>\n<tr>\n<td colspan=\"1\" rowspan=\"1\">\n<div class=\"magic-11\">Support<\/div>\n<\/td>\n<td colspan=\"1\" rowspan=\"1\">\n<div class=\"magic-12\">NFC , UHF\uff08860MHz~960MHz\uff09, RFID\uff0813.56MHz\uff09<\/div>\n<\/td>\n<\/tr>\n<tr>\n<td colspan=\"1\" rowspan=\"1\">\n<div class=\"magic-11\">Kolor<\/div>\n<\/td>\n<td colspan=\"1\" rowspan=\"1\">\n<div class=\"magic-12\">Czerwony, \u017c\u00f3\u0142ty, bia\u0142y, niebieski, zielony i tak dalej<\/div>\n<\/td>\n<\/tr>\n<tr>\n<td colspan=\"1\" rowspan=\"1\">\n<div class=\"magic-11\">Plastic length<\/div>\n<\/td>\n<td colspan=\"1\" rowspan=\"1\">\n<div class=\"magic-12\">380mm<\/div>\n<\/td>\n<\/tr>\n<tr>\n<td colspan=\"1\" rowspan=\"1\">\n<div class=\"magic-11\">Rodzaj druku<\/div>\n<\/td>\n<td colspan=\"1\" rowspan=\"1\">\n<div class=\"magic-12\">Laser marking<\/div>\n<\/td>\n<\/tr>\n<tr>\n<td colspan=\"1\" rowspan=\"1\">\n<div class=\"magic-11\">Oznaczanie zawarto\u015bci<\/div>\n<\/td>\n<td colspan=\"1\" rowspan=\"1\">\n<div class=\"magic-12\">Cyfry, litery, znaki, kody kreskowe<\/div>\n<\/td>\n<\/tr>\n<tr>\n<td colspan=\"1\" rowspan=\"1\">\n<div class=\"magic-11\">Zastosowanie<\/div>\n<\/td>\n<td colspan=\"1\" rowspan=\"1\">\n<div class=\"magic-12\">Supermarkety, olej, kontenery, kontenery kolejowe, skrzynki licznikowe, portmonetki bankowe itp.<\/div>\n<\/td>\n<\/tr>\n<tr>\n<td colspan=\"1\" rowspan=\"1\">\n<div class=\"magic-11\">Pakowanie<\/div>\n<\/td>\n<td colspan=\"1\" rowspan=\"1\">\n<div class=\"magic-12\">100 sztuk \/ plastikowa torba, 1000 sztuk \/ karton, 2000 sztuk \/ karton<\/div>\n<\/td>\n<\/tr>\n<tr>\n<td colspan=\"1\" rowspan=\"1\">\n<div class=\"magic-11\">Certyfikat firmy<\/div>\n<\/td>\n<td colspan=\"1\" rowspan=\"1\">\n<div class=\"magic-12\">REACH,ISO9001,ISO14001,ISO45001<\/div>\n<\/td>\n<\/tr>\n<\/tbody>\n<\/table>\n<p>Upgrade your express logistics security with the \u200c<strong>RFS-005 RFID Seal<\/strong>\u200c, engineered for high-speed shipping environments demanding uncompromised safety. Designed for containers, trucks, and cargo in transit, this heavy-duty seal combines \u200c<strong>metal safety construction<\/strong>\u200c with advanced \u200c<strong>RFID tracking technology<\/strong>\u200c to ensure tamper-proof integrity and instant verification. Built to withstand harsh conditions, its corrosion-resistant metal body and reinforced cable offer superior resistance to cutting, pulling, or environmental wear. The integrated RFID chip enables real-time monitoring, streamlined inventory audits, and automated logging\u2014perfect for express couriers, freight forwarders, and supply chains prioritizing speed and accountability. Sold directly from the factory, the RFS-005 guarantees premium quality at competitive rates, with optional customization for bulk orders. Secure your high-value shipments with a seal that merges durability, smart technology, and cost-efficiency for modern logistics challenges.<\/p>","protected":false},"excerpt":{"rendered":"<p>The RFS-005 RFID Seal delivers metal-reinforced security, RFID tracking, and express-grade durability for tamper-proof container protection. Ideal for fast-paced logistics, with factory-direct affordability.<\/p>","protected":false},"featured_media":4082,"template":"","meta":[],"product_brand":[],"product_cat":[172],"product_tag":[519,520,521,522,507,508,517,518],"class_list":{"0":"post-4081","1":"product","2":"type-product","3":"status-publish","4":"has-post-thumbnail","6":"product_cat-rfid-seal","7":"product_tag-metal-security-seals-for-logistics","8":"product_tag-rfs-005-rfid-seals","9":"product_tag-high-quality-cargo-seals","10":"product_tag-rfid-tracking-container-seals","11":"product_tag-rfid-seal","12":"product_tag-rfid-security-seal","13":"product_tag-anti-fraud-smart-rfid-security-seal","14":"product_tag-express-container-rfid-seals","16":"first","17":"instock","18":"shipping-taxable","19":"product-type-simple"},"_links":{"self":[{"href":"https:\/\/www.woseal.com\/pl\/wp-json\/wp\/v2\/product\/4081","targetHints":{"allow":["GET"]}}],"collection":[{"href":"https:\/\/www.woseal.com\/pl\/wp-json\/wp\/v2\/product"}],"about":[{"href":"https:\/\/www.woseal.com\/pl\/wp-json\/wp\/v2\/types\/product"}],"version-history":[{"count":1,"href":"https:\/\/www.woseal.com\/pl\/wp-json\/wp\/v2\/product\/4081\/revisions"}],"predecessor-version":[{"id":4089,"href":"https:\/\/www.woseal.com\/pl\/wp-json\/wp\/v2\/product\/4081\/revisions\/4089"}],"wp:featuredmedia":[{"embeddable":true,"href":"https:\/\/www.woseal.com\/pl\/wp-json\/wp\/v2\/media\/4082"}],"wp:attachment":[{"href":"https:\/\/www.woseal.com\/pl\/wp-json\/wp\/v2\/media?parent=4081"}],"wp:term":[{"taxonomy":"product_brand","embeddable":true,"href":"https:\/\/www.woseal.com\/pl\/wp-json\/wp\/v2\/product_brand?post=4081"},{"taxonomy":"product_cat","embeddable":true,"href":"https:\/\/www.woseal.com\/pl\/wp-json\/wp\/v2\/product_cat?post=4081"},{"taxonomy":"product_tag","embeddable":true,"href":"https:\/\/www.woseal.com\/pl\/wp-json\/wp\/v2\/product_tag?post=4081"}],"curies":[{"name":"wp","href":"https:\/\/api.w.org\/{rel}","templated":true}]}}