{"id":3493,"date":"2025-03-27T15:43:37","date_gmt":"2025-03-27T07:43:37","guid":{"rendered":"https:\/\/www.woseal.com\/?post_type=product&#038;p=3493"},"modified":"2025-04-11T14:03:35","modified_gmt":"2025-04-11T06:03:35","slug":"cbs-002-high-metallic-safety-wire-seal-system-security-waterproof-metal-lock-cable-seals","status":"publish","type":"product","link":"https:\/\/www.woseal.com\/pt\/produto\/cbs-002-high-metallic-safety-wire-seal-system-security-waterproof-metal-lock-cable-seals","title":{"rendered":"CBS-002 Sistema de veda\u00e7\u00e3o de arame de alta seguran\u00e7a met\u00e1lica Selos de cabo de seguran\u00e7a \u00e0 prova d'\u00e1gua com trava de metal"},"content":{"rendered":"<table class=\"has-title all magic-7\">\n<tbody>\n<tr>\n<td colspan=\"1\" rowspan=\"1\">\n<div class=\"magic-8\" data-spm-anchor-id=\"a2700.details.0.i72.48963db5bL2wRK\">Nome<\/div>\n<\/td>\n<td colspan=\"1\" rowspan=\"1\">\n<div class=\"magic-9\">CBS-002<\/div>\n<\/td>\n<\/tr>\n<tr>\n<td colspan=\"1\" rowspan=\"1\">\n<div class=\"magic-8\">material<\/div>\n<\/td>\n<td colspan=\"1\" rowspan=\"1\">\n<div class=\"magic-9\">ABS, metalurgia do p\u00f3, cabo de a\u00e7o A3, 7*7<\/div>\n<\/td>\n<\/tr>\n<tr>\n<td colspan=\"1\" rowspan=\"1\">\n<div class=\"magic-8\">Tamanho do corpo do cadeado<\/div>\n<\/td>\n<td colspan=\"1\" rowspan=\"1\">\n<div class=\"magic-9\">38*14*12mm<\/div>\n<\/td>\n<\/tr>\n<tr>\n<td colspan=\"1\" rowspan=\"1\">\n<div class=\"magic-8\">Di\u00e2metro<\/div>\n<\/td>\n<td colspan=\"1\" rowspan=\"1\">\n<div class=\"magic-9\">1,8 mm<\/div>\n<\/td>\n<\/tr>\n<tr>\n<td colspan=\"1\" rowspan=\"1\">\n<div class=\"magic-8\">Processo de fabrico<\/div>\n<\/td>\n<td colspan=\"1\" rowspan=\"1\">\n<div class=\"magic-9\">inje\u00e7\u00e3o\uff0cEstampagem<\/div>\n<\/td>\n<\/tr>\n<tr>\n<td colspan=\"1\" rowspan=\"1\">\n<div class=\"magic-8\">Cor<\/div>\n<\/td>\n<td colspan=\"1\" rowspan=\"1\">\n<div class=\"magic-9\">Vermelho, amarelo, preto, azul, verde, etc.<\/div>\n<\/td>\n<\/tr>\n<tr>\n<td colspan=\"1\" rowspan=\"1\">\n<div class=\"magic-8\">Material do cabo<\/div>\n<\/td>\n<td colspan=\"1\" rowspan=\"1\">\n<div class=\"magic-9\">A\u00e7o A3, 7*7, comprimento cuntomizado<\/div>\n<\/td>\n<\/tr>\n<tr>\n<td colspan=\"1\" rowspan=\"1\">\n<div class=\"magic-8\">Comprimento do cabo<\/div>\n<\/td>\n<td colspan=\"1\" rowspan=\"1\">\n<div class=\"magic-9\">25cm, 30cm de comprimento, qualquer comprimento pode ser personalizado<\/div>\n<\/td>\n<\/tr>\n<tr>\n<td colspan=\"1\" rowspan=\"1\">\n<div class=\"magic-8\">Tipo de impress\u00e3o<\/div>\n<\/td>\n<td colspan=\"1\" rowspan=\"1\">\n<div class=\"magic-9\">Marca\u00e7\u00e3o a laser,tto<\/div>\n<\/td>\n<\/tr>\n<tr>\n<td colspan=\"1\" rowspan=\"1\">\n<div class=\"magic-8\">Marca\u00e7\u00e3o de conte\u00fados<\/div>\n<\/td>\n<td colspan=\"1\" rowspan=\"1\">\n<div class=\"magic-9\">N\u00fameros, letras, marcas, c\u00f3digos de barras<\/div>\n<\/td>\n<\/tr>\n<tr>\n<td colspan=\"1\" rowspan=\"1\">\n<div class=\"magic-8\">Aplica\u00e7\u00e3o<\/div>\n<\/td>\n<td colspan=\"1\" rowspan=\"1\">\n<div class=\"magic-9\">Supermercados, petr\u00f3leo, contentores, contentores ferrovi\u00e1rios, caixas de contadores, bolsas de banco, etc.<\/div>\n<\/td>\n<\/tr>\n<tr>\n<td colspan=\"1\" rowspan=\"1\">\n<div class=\"magic-8\">Embalagem<\/div>\n<\/td>\n<td colspan=\"1\" rowspan=\"1\">\n<div class=\"magic-9\">100 unidades\/saco de pl\u00e1stico, 1000 unidades\/caixa de cart\u00e3o, 2000 unidades\/caixa de cart\u00e3o<\/div>\n<\/td>\n<\/tr>\n<tr>\n<td colspan=\"1\" rowspan=\"1\">\n<div class=\"magic-8\">Certificado da empresa<\/div>\n<\/td>\n<td colspan=\"1\" rowspan=\"1\">\n<div class=\"magic-9\">ISO17712,ISO9001,ISO14001,ISO45001<\/div>\n<\/td>\n<\/tr>\n<\/tbody>\n<\/table>\n<p>Proteja os seus envios com o Sistema de Veda\u00e7\u00e3o de Cabos de Seguran\u00e7a de Alta Metaliza\u00e7\u00e3o CBS-002, concebido para a m\u00e1xima prote\u00e7\u00e3o em ambientes exigentes. Apresentando uma constru\u00e7\u00e3o totalmente met\u00e1lica, este selo de cabo \u00e0 prova d'\u00e1gua combina fio de a\u00e7o de alta resist\u00eancia com uma trava de metal resistente \u00e0 corros\u00e3o, garantindo seguran\u00e7a inviol\u00e1vel contra cortes, intromiss\u00f5es e condi\u00e7\u00f5es clim\u00e1ticas adversas. O mecanismo de bloqueio avan\u00e7ado fornece provas vis\u00edveis de viola\u00e7\u00e3o, enquanto o seu design \u00e0 prova de \u00e1gua garante fiabilidade em ambientes h\u00famidos, mar\u00edtimos ou chuvosos. Ideal para log\u00edstica, contentores mar\u00edtimos, maquinaria pesada e carga de elevado valor, o CBS-002 cumpre rigorosas normas industriais e foi concebido para suportar temperaturas extremas e stress f\u00edsico. O seu design leve e robusto permite uma f\u00e1cil aplica\u00e7\u00e3o e inspe\u00e7\u00e3o, simplificando a conformidade com os protocolos de seguran\u00e7a globais. Confie no CBS-002 para proteger os seus bens com uma durabilidade inigual\u00e1vel e dissuas\u00e3o de roubo.<\/p>","protected":false},"excerpt":{"rendered":"<p>O selo de cabo de bloqueio met\u00e1lico \u00e0 prova de \u00e1gua CBS-002 oferece seguran\u00e7a inviol\u00e1vel e resistente \u00e0s intemp\u00e9ries com uma constru\u00e7\u00e3o altamente met\u00e1lica, perfeita para log\u00edstica, transporte mar\u00edtimo e prote\u00e7\u00e3o de cargas pesadas.<\/p>","protected":false},"featured_media":3508,"template":"","meta":[],"product_brand":[],"product_cat":[168],"product_tag":[178,182,183,315,350,351,352,353,354,355,176,177],"class_list":{"0":"post-3493","1":"product","2":"type-product","3":"status-publish","4":"has-post-thumbnail","6":"product_cat-cable-seal","7":"product_tag-security-seal","8":"product_tag-hexcab-cable-seal","9":"product_tag-safety-cable-seal","10":"product_tag-corrosion-resistant-wire-seals","11":"product_tag-high-metallic-safety-wire","12":"product_tag-waterproof-metal-lock-seals","13":"product_tag-tamper-proof-security-cable","14":"product_tag-logistics-waterproof-seals","15":"product_tag-industrial-grade-cable-locks","16":"product_tag-heavy-duty-shipping-security","17":"product_tag-cable-seal","18":"product_tag-wire-seal","20":"first","21":"instock","22":"featured","23":"shipping-taxable","24":"product-type-simple"},"_links":{"self":[{"href":"https:\/\/www.woseal.com\/pt\/wp-json\/wp\/v2\/product\/3493","targetHints":{"allow":["GET"]}}],"collection":[{"href":"https:\/\/www.woseal.com\/pt\/wp-json\/wp\/v2\/product"}],"about":[{"href":"https:\/\/www.woseal.com\/pt\/wp-json\/wp\/v2\/types\/product"}],"version-history":[{"count":4,"href":"https:\/\/www.woseal.com\/pt\/wp-json\/wp\/v2\/product\/3493\/revisions"}],"predecessor-version":[{"id":3849,"href":"https:\/\/www.woseal.com\/pt\/wp-json\/wp\/v2\/product\/3493\/revisions\/3849"}],"wp:featuredmedia":[{"embeddable":true,"href":"https:\/\/www.woseal.com\/pt\/wp-json\/wp\/v2\/media\/3508"}],"wp:attachment":[{"href":"https:\/\/www.woseal.com\/pt\/wp-json\/wp\/v2\/media?parent=3493"}],"wp:term":[{"taxonomy":"product_brand","embeddable":true,"href":"https:\/\/www.woseal.com\/pt\/wp-json\/wp\/v2\/product_brand?post=3493"},{"taxonomy":"product_cat","embeddable":true,"href":"https:\/\/www.woseal.com\/pt\/wp-json\/wp\/v2\/product_cat?post=3493"},{"taxonomy":"product_tag","embeddable":true,"href":"https:\/\/www.woseal.com\/pt\/wp-json\/wp\/v2\/product_tag?post=3493"}],"curies":[{"name":"wp","href":"https:\/\/api.w.org\/{rel}","templated":true}]}}