{"id":3518,"date":"2025-03-27T16:25:04","date_gmt":"2025-03-27T08:25:04","guid":{"rendered":"https:\/\/www.woseal.com\/?post_type=product&#038;p=3518"},"modified":"2025-04-11T14:01:02","modified_gmt":"2025-04-11T06:01:02","slug":"cbs-004-customization-mechanical-wire-seal-company-of-aluminum-alloy-safety-seals-logistics-anti-theft-cable-tag-seals","status":"publish","type":"product","link":"https:\/\/www.woseal.com\/pt\/produto\/cbs-004-customization-mechanical-wire-seal-company-of-aluminum-alloy-safety-seals-logistics-anti-theft-cable-tag-seals","title":{"rendered":"CBS-004 Personaliza\u00e7\u00e3o da empresa de veda\u00e7\u00e3o de fio mec\u00e2nico de selos de seguran\u00e7a de liga de alum\u00ednio Selos de etiqueta de cabo antirroubo de log\u00edstica"},"content":{"rendered":"<table class=\"has-title all magic-7\">\n<tbody>\n<tr>\n<td colspan=\"1\" rowspan=\"1\">\n<div class=\"magic-8\" data-spm-anchor-id=\"a2700.details-description.0.i0.7223Tr8vTr8vaX\">Nome<\/div>\n<\/td>\n<td colspan=\"1\" rowspan=\"1\">\n<div class=\"magic-9\">CBS-004<\/div>\n<\/td>\n<\/tr>\n<tr>\n<td colspan=\"1\" rowspan=\"1\">\n<div class=\"magic-8\">material<\/div>\n<\/td>\n<td colspan=\"1\" rowspan=\"1\">\n<div class=\"magic-9\">Liga de alum\u00ednio,Cabo de a\u00e7o A3,7*7<\/div>\n<\/td>\n<\/tr>\n<tr>\n<td colspan=\"1\" rowspan=\"1\">\n<div class=\"magic-8\">Tamanho do corpo do cadeado<\/div>\n<\/td>\n<td colspan=\"1\" rowspan=\"1\">\n<div class=\"magic-9\">26*22*6mm<\/div>\n<\/td>\n<\/tr>\n<tr>\n<td colspan=\"1\" rowspan=\"1\">\n<div class=\"magic-8\">Di\u00e2metro<\/div>\n<\/td>\n<td colspan=\"1\" rowspan=\"1\">\n<div class=\"magic-9\">1,8 mm<\/div>\n<\/td>\n<\/tr>\n<tr>\n<td colspan=\"1\" rowspan=\"1\">\n<div class=\"magic-8\">Processo de fabrico<\/div>\n<\/td>\n<td colspan=\"1\" rowspan=\"1\">\n<div class=\"magic-9\">inje\u00e7\u00e3o\uff0cEstampagem<\/div>\n<\/td>\n<\/tr>\n<tr>\n<td colspan=\"1\" rowspan=\"1\">\n<div class=\"magic-8\">Cor<\/div>\n<\/td>\n<td colspan=\"1\" rowspan=\"1\">\n<div class=\"magic-9\">Vermelho, amarelo, preto, azul, verde, etc.<\/div>\n<\/td>\n<\/tr>\n<tr>\n<td colspan=\"1\" rowspan=\"1\">\n<div class=\"magic-8\">Material do cabo<\/div>\n<\/td>\n<td colspan=\"1\" rowspan=\"1\">\n<div class=\"magic-9\">A\u00e7o A3, 7*7, comprimento cuntomizado<\/div>\n<\/td>\n<\/tr>\n<tr>\n<td colspan=\"1\" rowspan=\"1\">\n<div class=\"magic-8\">Comprimento do cabo<\/div>\n<\/td>\n<td colspan=\"1\" rowspan=\"1\">\n<div class=\"magic-9\">25cm, 30cm de comprimento, qualquer comprimento pode ser personalizado<\/div>\n<\/td>\n<\/tr>\n<tr>\n<td colspan=\"1\" rowspan=\"1\">\n<div class=\"magic-8\">Tipo de impress\u00e3o<\/div>\n<\/td>\n<td colspan=\"1\" rowspan=\"1\">\n<div class=\"magic-9\">Marca\u00e7\u00e3o a laser,tto<\/div>\n<\/td>\n<\/tr>\n<tr>\n<td colspan=\"1\" rowspan=\"1\">\n<div class=\"magic-8\">Marca\u00e7\u00e3o de conte\u00fados<\/div>\n<\/td>\n<td colspan=\"1\" rowspan=\"1\">\n<div class=\"magic-9\">N\u00fameros, letras, marcas, c\u00f3digos de barras<\/div>\n<\/td>\n<\/tr>\n<tr>\n<td colspan=\"1\" rowspan=\"1\">\n<div class=\"magic-8\">Aplica\u00e7\u00e3o<\/div>\n<\/td>\n<td colspan=\"1\" rowspan=\"1\">\n<div class=\"magic-9\">Supermercados, petr\u00f3leo, contentores, contentores ferrovi\u00e1rios, caixas de contadores, bolsas de banco, etc.<\/div>\n<\/td>\n<\/tr>\n<tr>\n<td colspan=\"1\" rowspan=\"1\">\n<div class=\"magic-8\">Embalagem<\/div>\n<\/td>\n<td colspan=\"1\" rowspan=\"1\">\n<div class=\"magic-9\">100 unidades\/saco de pl\u00e1stico, 1000 unidades\/caixa de cart\u00e3o, 2000 unidades\/caixa de cart\u00e3o<\/div>\n<\/td>\n<\/tr>\n<tr>\n<td colspan=\"1\" rowspan=\"1\">\n<div class=\"magic-8\">Certificado da empresa<\/div>\n<\/td>\n<td colspan=\"1\" rowspan=\"1\">\n<div class=\"magic-9\">ISO17712,ISO9001,ISO14001,ISO45001<\/div>\n<\/td>\n<\/tr>\n<\/tbody>\n<\/table>\n<p>Actualize a sua seguran\u00e7a log\u00edstica com o Selo Mec\u00e2nico para Cabos de Personaliza\u00e7\u00e3o CBS-004, fabricado em liga de alum\u00ednio de primeira qualidade para uma durabilidade e desempenho antirroubo inigual\u00e1veis. Projetado para empresas que buscam solu\u00e7\u00f5es sob medida, este lacre de cabo oferece op\u00e7\u00f5es personaliz\u00e1veis, como marca exclusiva, c\u00f3digo de cores ou ajustes de tamanho para atender a necessidades operacionais espec\u00edficas. O seu robusto mecanismo mec\u00e2nico de bloqueio de fios garante uma prote\u00e7\u00e3o inviol\u00e1vel, com sinais vis\u00edveis de entrada for\u00e7ada para impedir o roubo e o acesso n\u00e3o autorizado. Ideal para proteger contentores de transporte, carga e envios log\u00edsticos de elevado valor, o CBS-004 resiste a ambientes agressivos, corros\u00e3o e adultera\u00e7\u00e3o f\u00edsica. Em conformidade com a norma ISO e concebido para ser fi\u00e1vel, combina a resist\u00eancia da liga de alum\u00ednio leve com uma seguran\u00e7a rent\u00e1vel, simplificando a conformidade e aumentando a confian\u00e7a na cadeia de fornecimento.<\/p>","protected":false},"excerpt":{"rendered":"<p>Modelo:CBS-004<\/p>\n<p>Este \u00e9 um vedante de cabo com corpo em alum\u00ednio. Para maior seguran\u00e7a, o cabo n\u00e3o pr\u00e9-formado de 1,8 mm desenrola-se quando cortado. Os selos para cabos comprados online t\u00eam a impress\u00e3o a laser \"SEALED\", um c\u00f3digo de barras e uma numera\u00e7\u00e3o consecutiva.<\/p>\n<p>Este produto est\u00e1 atualmente dispon\u00edvel em\u00a0<strong>Vermelho<\/strong>,\u00a0<strong>Verde, amarelo, preto<\/strong>\u00a0e\u00a0<strong>Azul<\/strong>. Contacte-nos para outras cores.<\/p>","protected":false},"featured_media":3521,"template":"","meta":[],"product_brand":[],"product_cat":[168],"product_tag":[348,349,177,180,184,185,186,187,188,189,342,343,344,345,346,347],"class_list":{"0":"post-3518","1":"product","2":"type-product","3":"status-publish","4":"has-post-thumbnail","6":"product_cat-cable-seal","7":"product_tag-heavy-duty-logistics-seals","8":"product_tag-customizable-shipping-tags","9":"product_tag-wire-seal","10":"product_tag-safety-seal","11":"product_tag-aluminum-alloy-cable-seal","12":"product_tag-anti-theft-cable-seal","13":"product_tag-logistics-cable-seal","14":"product_tag-high-security-cable-seal","15":"product_tag-metal-cable-seal","16":"product_tag-rfid-cable-seal","17":"product_tag-customizable-cable-seal","18":"product_tag-cbs-004-mechanical-wire-seal","19":"product_tag-aluminum-alloy-security-seals","20":"product_tag-logistics-anti-theft-tags","21":"product_tag-tamper-evident-cable-locks","22":"product_tag-branded-cable-seals","24":"first","25":"instock","26":"featured","27":"shipping-taxable","28":"product-type-simple"},"_links":{"self":[{"href":"https:\/\/www.woseal.com\/pt\/wp-json\/wp\/v2\/product\/3518","targetHints":{"allow":["GET"]}}],"collection":[{"href":"https:\/\/www.woseal.com\/pt\/wp-json\/wp\/v2\/product"}],"about":[{"href":"https:\/\/www.woseal.com\/pt\/wp-json\/wp\/v2\/types\/product"}],"version-history":[{"count":5,"href":"https:\/\/www.woseal.com\/pt\/wp-json\/wp\/v2\/product\/3518\/revisions"}],"predecessor-version":[{"id":3848,"href":"https:\/\/www.woseal.com\/pt\/wp-json\/wp\/v2\/product\/3518\/revisions\/3848"}],"wp:featuredmedia":[{"embeddable":true,"href":"https:\/\/www.woseal.com\/pt\/wp-json\/wp\/v2\/media\/3521"}],"wp:attachment":[{"href":"https:\/\/www.woseal.com\/pt\/wp-json\/wp\/v2\/media?parent=3518"}],"wp:term":[{"taxonomy":"product_brand","embeddable":true,"href":"https:\/\/www.woseal.com\/pt\/wp-json\/wp\/v2\/product_brand?post=3518"},{"taxonomy":"product_cat","embeddable":true,"href":"https:\/\/www.woseal.com\/pt\/wp-json\/wp\/v2\/product_cat?post=3518"},{"taxonomy":"product_tag","embeddable":true,"href":"https:\/\/www.woseal.com\/pt\/wp-json\/wp\/v2\/product_tag?post=3518"}],"curies":[{"name":"wp","href":"https:\/\/api.w.org\/{rel}","templated":true}]}}