{"id":3549,"date":"2025-03-27T17:31:42","date_gmt":"2025-03-27T09:31:42","guid":{"rendered":"https:\/\/www.woseal.com\/?post_type=product&#038;p=3549"},"modified":"2025-04-11T13:57:37","modified_gmt":"2025-04-11T05:57:37","slug":"pts-009-seals-extinguisher-customizable-printed-text-logo-stretchable-plastic-zip-tie-tag-seal","status":"publish","type":"product","link":"https:\/\/www.woseal.com\/pt\/produto\/pts-009-seals-extinguisher-customizable-printed-text-logo-stretchable-plastic-zip-tie-tag-seal","title":{"rendered":"PTS-009 Selos de extintor Texto impresso personaliz\u00e1vel Logotipo estic\u00e1vel Pl\u00e1stico Zip Tie Tag Seal"},"content":{"rendered":"<table class=\"has-title all magic-7\">\n<tbody>\n<tr>\n<td colspan=\"1\" rowspan=\"1\">\n<div class=\"magic-8\" data-spm-anchor-id=\"a2700.details.0.i73.4193684fm4sSVz\">Local de origem<\/div>\n<\/td>\n<td colspan=\"1\" rowspan=\"1\">\n<div class=\"magic-9\">China<\/div>\n<\/td>\n<\/tr>\n<tr>\n<td colspan=\"1\" rowspan=\"1\">\n<div class=\"magic-8\">Item<\/div>\n<\/td>\n<td colspan=\"1\" rowspan=\"1\">\n<div class=\"magic-9\">Selo de pl\u00e1stico<\/div>\n<\/td>\n<\/tr>\n<tr>\n<td colspan=\"1\" rowspan=\"1\">\n<div class=\"magic-8\">Modelo<\/div>\n<\/td>\n<td colspan=\"1\" rowspan=\"1\">\n<div class=\"magic-9\">TPS-009<\/div>\n<\/td>\n<\/tr>\n<tr>\n<td colspan=\"1\" rowspan=\"1\">\n<div class=\"magic-8\">Material<\/div>\n<\/td>\n<td colspan=\"1\" rowspan=\"1\">\n<div class=\"magic-9\">PP+PE<\/div>\n<\/td>\n<\/tr>\n<tr>\n<td colspan=\"1\" rowspan=\"1\">\n<div class=\"magic-8\">Tamanho do corpo do cadeado<\/div>\n<\/td>\n<td colspan=\"1\" rowspan=\"1\">\n<div class=\"magic-9\">57*19*15,5mm<\/div>\n<\/td>\n<\/tr>\n<tr>\n<td colspan=\"1\" rowspan=\"1\">\n<div class=\"magic-8\">Comprimento<\/div>\n<\/td>\n<td colspan=\"1\" rowspan=\"1\">\n<div class=\"magic-9\">250\/300\/400mm<\/div>\n<\/td>\n<\/tr>\n<tr>\n<td colspan=\"1\" rowspan=\"1\">\n<div class=\"magic-8\">Cor<\/div>\n<\/td>\n<td colspan=\"1\" rowspan=\"1\">\n<div class=\"magic-9\">Amarelo, branco, azul, verde, vermelho, etc.<\/div>\n<\/td>\n<\/tr>\n<tr>\n<td colspan=\"1\" rowspan=\"1\">\n<div class=\"magic-8\">Tipo de impress\u00e3o<\/div>\n<\/td>\n<td colspan=\"1\" rowspan=\"1\">\n<div class=\"magic-9\">Marca\u00e7\u00e3o a laser ou estampagem a quente, serigrafia, tto<\/div>\n<\/td>\n<\/tr>\n<tr>\n<td colspan=\"1\" rowspan=\"1\">\n<div class=\"magic-8\">Marca\u00e7\u00e3o de conte\u00fados<\/div>\n<\/td>\n<td colspan=\"1\" rowspan=\"1\">\n<div class=\"magic-9\">N\u00fameros, letras, marcas, c\u00f3digos de barras, etc.<\/div>\n<\/td>\n<\/tr>\n<tr>\n<td colspan=\"1\" rowspan=\"1\">\n<div class=\"magic-8\">Embalagem<\/div>\n<\/td>\n<td colspan=\"1\" rowspan=\"1\">\n<div class=\"magic-9\">100 unidades\/saco de pl\u00e1stico, 1000 unidades\/caixa de cart\u00e3o, 2000 unidades\/caixa de cart\u00e3o<\/div>\n<\/td>\n<\/tr>\n<tr>\n<td colspan=\"1\" rowspan=\"1\">\n<div class=\"magic-8\">Aplica\u00e7\u00e3o<\/div>\n<\/td>\n<td colspan=\"1\" rowspan=\"1\">\n<div class=\"magic-9\">Supermercados, petr\u00f3leo, contentores, contentores ferrovi\u00e1rios, caixas de contadores, bolsas de banco, etc.<\/div>\n<\/td>\n<\/tr>\n<tr>\n<td colspan=\"1\" rowspan=\"1\">\n<div class=\"magic-8\">Certificado da empresa<\/div>\n<\/td>\n<td colspan=\"1\" rowspan=\"1\">\n<div class=\"magic-9\">REACH,ISO9001,ISO14001,ISO45001<\/div>\n<\/td>\n<\/tr>\n<\/tbody>\n<\/table>\n<p>Aumente a seguran\u00e7a e a conformidade com o extintor PTS-009 Seals, uma etiqueta de pl\u00e1stico extens\u00edvel personaliz\u00e1vel com fecho de correr, concebida para uma seguran\u00e7a inviol\u00e1vel. Ideal para extintores de inc\u00eandio, v\u00e1lvulas e equipamento de seguran\u00e7a, este selo apresenta texto ou log\u00f3tipos impressos de alta visibilidade para garantir o reconhecimento da marca e o controlo da conformidade. Fabricado em pl\u00e1stico dur\u00e1vel e resistente aos raios UV, resiste ao stress ambiental, enquanto o seu design extens\u00edvel se adapta a v\u00e1rias formas e tamanhos para aplica\u00e7\u00f5es vers\u00e1teis. O mecanismo de utiliza\u00e7\u00e3o \u00fanica fornece provas claras de adultera\u00e7\u00e3o, impedindo o acesso n\u00e3o autorizado e garantindo a integridade do equipamento. Personalize com n\u00fameros de s\u00e9rie, c\u00f3digos de barras ou a marca da empresa para simplificar as inspec\u00e7\u00f5es e auditorias. Leve mas robusto, o PTS-009 \u00e9 perfeito para instala\u00e7\u00f5es industriais, seguran\u00e7a p\u00fablica e manuten\u00e7\u00e3o de equipamento.<\/p>\n<p>&nbsp;<\/p>","protected":false},"excerpt":{"rendered":"<p>O modelo PTS-009, recentemente concebido, \u00e9 um selo de seguran\u00e7a inviol\u00e1vel ajust\u00e1vel, dispon\u00edvel com uma cinta de 10\u2033 ou 16\u2033. O separador de impress\u00e3o de grandes dimens\u00f5es apresenta texto, c\u00f3digos de barras e n\u00fameros f\u00e1ceis de ler. Ideal para portas de reboque, caminh\u00f5es-tanque a granel, vag\u00f5es ferrovi\u00e1rios, caixas de papel\u00e3o e muito mais. Os selos de estoque s\u00e3o enviados imediatamente, os selos impressos personalizados levam at\u00e9 4 semanas.<\/p>","protected":false},"featured_media":3550,"template":"","meta":[],"product_brand":[],"product_cat":[169],"product_tag":[191,192,193,194,195,196,197,198,199,190],"class_list":{"0":"post-3549","1":"product","2":"type-product","3":"status-publish","4":"has-post-thumbnail","6":"product_cat-plastic-seal","7":"product_tag-security-plastic-seal","8":"product_tag-container-plastic-seal","9":"product_tag-high-security-plastic-seal","10":"product_tag-pp-plastic-seal","11":"product_tag-custom-plastic-seal","12":"product_tag-container-security-seals","13":"product_tag-logistics-plastic-seals","14":"product_tag-industrial-sealing-solutions","15":"product_tag-seals-extinguisher","16":"product_tag-plastic-seal","18":"first","19":"instock","20":"featured","21":"shipping-taxable","22":"product-type-simple"},"_links":{"self":[{"href":"https:\/\/www.woseal.com\/pt\/wp-json\/wp\/v2\/product\/3549","targetHints":{"allow":["GET"]}}],"collection":[{"href":"https:\/\/www.woseal.com\/pt\/wp-json\/wp\/v2\/product"}],"about":[{"href":"https:\/\/www.woseal.com\/pt\/wp-json\/wp\/v2\/types\/product"}],"version-history":[{"count":3,"href":"https:\/\/www.woseal.com\/pt\/wp-json\/wp\/v2\/product\/3549\/revisions"}],"predecessor-version":[{"id":3864,"href":"https:\/\/www.woseal.com\/pt\/wp-json\/wp\/v2\/product\/3549\/revisions\/3864"}],"wp:featuredmedia":[{"embeddable":true,"href":"https:\/\/www.woseal.com\/pt\/wp-json\/wp\/v2\/media\/3550"}],"wp:attachment":[{"href":"https:\/\/www.woseal.com\/pt\/wp-json\/wp\/v2\/media?parent=3549"}],"wp:term":[{"taxonomy":"product_brand","embeddable":true,"href":"https:\/\/www.woseal.com\/pt\/wp-json\/wp\/v2\/product_brand?post=3549"},{"taxonomy":"product_cat","embeddable":true,"href":"https:\/\/www.woseal.com\/pt\/wp-json\/wp\/v2\/product_cat?post=3549"},{"taxonomy":"product_tag","embeddable":true,"href":"https:\/\/www.woseal.com\/pt\/wp-json\/wp\/v2\/product_tag?post=3549"}],"curies":[{"name":"wp","href":"https:\/\/api.w.org\/{rel}","templated":true}]}}