{"id":3564,"date":"2025-03-27T18:35:34","date_gmt":"2025-03-27T10:35:34","guid":{"rendered":"https:\/\/www.woseal.com\/?post_type=product&#038;p=3564"},"modified":"2025-04-11T13:51:54","modified_gmt":"2025-04-11T05:51:54","slug":"pts-001-wholesale-cheap-label-seals-customized-strip-shaped-sealing-plastic-seal-strips","status":"publish","type":"product","link":"https:\/\/www.woseal.com\/pt\/produto\/pts-001-wholesale-cheap-label-seals-customized-strip-shaped-sealing-plastic-seal-strips","title":{"rendered":"PTS-001 Selos de etiqueta baratos por atacado Selos de pl\u00e1stico personalizados em forma de tira"},"content":{"rendered":"<table class=\"has-title all magic-7\">\n<tbody>\n<tr>\n<td colspan=\"1\" rowspan=\"1\">\n<div class=\"magic-8\" data-spm-anchor-id=\"a2700.details.0.i80.6c85278cVONPQ6\">Local de origem<\/div>\n<\/td>\n<td colspan=\"1\" rowspan=\"1\">\n<div class=\"magic-9\">China<\/div>\n<\/td>\n<\/tr>\n<tr>\n<td colspan=\"1\" rowspan=\"1\">\n<div class=\"magic-8\">Item<\/div>\n<\/td>\n<td colspan=\"1\" rowspan=\"1\">\n<div class=\"magic-9\">Selo de pl\u00e1stico<\/div>\n<\/td>\n<\/tr>\n<tr>\n<td colspan=\"1\" rowspan=\"1\">\n<div class=\"magic-8\">Modelo<\/div>\n<\/td>\n<td colspan=\"1\" rowspan=\"1\">\n<div class=\"magic-9\">TPS-001<\/div>\n<\/td>\n<\/tr>\n<tr>\n<td colspan=\"1\" rowspan=\"1\">\n<div class=\"magic-8\">Material<\/div>\n<\/td>\n<td colspan=\"1\" rowspan=\"1\">\n<div class=\"magic-9\">PP+PE<\/div>\n<\/td>\n<\/tr>\n<tr>\n<td colspan=\"1\" rowspan=\"1\">\n<div class=\"magic-8\">Tamanho do corpo do cadeado<\/div>\n<\/td>\n<td colspan=\"1\" rowspan=\"1\">\n<div class=\"magic-9\">70*14*5,5mm<\/div>\n<\/td>\n<\/tr>\n<tr>\n<td colspan=\"1\" rowspan=\"1\">\n<div class=\"magic-8\">Cor<\/div>\n<\/td>\n<td colspan=\"1\" rowspan=\"1\">\n<div class=\"magic-9\">Amarelo, branco, azul, verde, vermelho, etc.<\/div>\n<\/td>\n<\/tr>\n<tr>\n<td colspan=\"1\" rowspan=\"1\">\n<div class=\"magic-8\">Tipo de impress\u00e3o<\/div>\n<\/td>\n<td colspan=\"1\" rowspan=\"1\">\n<div class=\"magic-9\">Marca\u00e7\u00e3o a laser ou estampagem a quente, serigrafia, tto<\/div>\n<\/td>\n<\/tr>\n<tr>\n<td colspan=\"1\" rowspan=\"1\">\n<div class=\"magic-8\">Marca\u00e7\u00e3o de conte\u00fados<\/div>\n<\/td>\n<td colspan=\"1\" rowspan=\"1\">\n<div class=\"magic-9\">N\u00fameros, letras, marcas, c\u00f3digos de barras, etc.<\/div>\n<\/td>\n<\/tr>\n<tr>\n<td colspan=\"1\" rowspan=\"1\">\n<div class=\"magic-8\">Embalagem<\/div>\n<\/td>\n<td colspan=\"1\" rowspan=\"1\">\n<div class=\"magic-9\">100 unidades\/saco de pl\u00e1stico, 1000 unidades\/caixa de cart\u00e3o, 2000 unidades\/caixa de cart\u00e3o<\/div>\n<\/td>\n<\/tr>\n<tr>\n<td colspan=\"1\" rowspan=\"1\">\n<div class=\"magic-8\">Aplica\u00e7\u00e3o<\/div>\n<\/td>\n<td colspan=\"1\" rowspan=\"1\">\n<div class=\"magic-9\">Supermercados, petr\u00f3leo, contentores, contentores ferrovi\u00e1rios, caixas de contadores, bolsas de banco, etc.<\/div>\n<\/td>\n<\/tr>\n<tr>\n<td colspan=\"1\" rowspan=\"1\">\n<div class=\"magic-8\">Certificado da empresa<\/div>\n<\/td>\n<td colspan=\"1\" rowspan=\"1\">\n<div class=\"magic-9\">REACH,ISO9001,ISO14001,ISO45001<\/div>\n<\/td>\n<\/tr>\n<\/tbody>\n<\/table>\n<p>Proteja os seus envios de forma econ\u00f3mica com as tiras de selos de pl\u00e1stico personalizados PTS-001 Wholesale, concebidas para uma selagem econ\u00f3mica e inviol\u00e1vel. Estes selos de pl\u00e1stico em forma de tira s\u00e3o perfeitos para os compradores a granel que procuram seguran\u00e7a fi\u00e1vel a pre\u00e7os grossistas. Fabricados em polietileno dur\u00e1vel e flex\u00edvel, resistem a rasg\u00f5es e ao desgaste ambiental, ao mesmo tempo que fornecem provas claras de adultera\u00e7\u00e3o. Personalize-os com log\u00f3tipos, c\u00f3digos de barras ou identificadores \u00fanicos para aumentar a visibilidade da marca e simplificar o controlo do invent\u00e1rio. Ideal para embalagem, log\u00edstica, retalho e selagem de documentos, a PTS-001 oferece uma aplica\u00e7\u00e3o f\u00e1cil e um design leve. Cumpra as normas b\u00e1sicas de seguran\u00e7a sem ultrapassar o or\u00e7amento - confie nestes selos para proteger encomendas, caixas e contentores, mantendo a efici\u00eancia operacional.<\/p>","protected":false},"excerpt":{"rendered":"<p>O modelo PTS-001 apresenta um novo design, material mais resistente, comprimento de 11 \"e etiquetas impressas grandes que exibem texto, c\u00f3digos de barras e n\u00fameros f\u00e1ceis de ler. Perfeito para portas de reboques, cami\u00f5es cisterna a granel, vag\u00f5es ferrovi\u00e1rios, caixas e muito mais. Dispon\u00edvel numa variedade de cores personalizadas, incluindo branco, amarelo, azul, verde, vermelho e muito mais. Os selos de stock est\u00e3o dispon\u00edveis para envio imediato, os selos impressos personalizados podem demorar at\u00e9 4 semanas.<\/p>","protected":false},"featured_media":3566,"template":"","meta":[],"product_brand":[],"product_cat":[169],"product_tag":[178,179,180,190,191,192,193,194,195,200,201],"class_list":{"0":"post-3564","1":"product","2":"type-product","3":"status-publish","4":"has-post-thumbnail","6":"product_cat-plastic-seal","7":"product_tag-security-seal","8":"product_tag-shipping-seal","9":"product_tag-safety-seal","10":"product_tag-plastic-seal","11":"product_tag-security-plastic-seal","12":"product_tag-container-plastic-seal","13":"product_tag-high-security-plastic-seal","14":"product_tag-pp-plastic-seal","15":"product_tag-custom-plastic-seal","16":"product_tag-strip-shaped-seal","17":"product_tag-logistics-plastic-seal","19":"first","20":"instock","21":"featured","22":"shipping-taxable","23":"product-type-simple"},"_links":{"self":[{"href":"https:\/\/www.woseal.com\/pt\/wp-json\/wp\/v2\/product\/3564","targetHints":{"allow":["GET"]}}],"collection":[{"href":"https:\/\/www.woseal.com\/pt\/wp-json\/wp\/v2\/product"}],"about":[{"href":"https:\/\/www.woseal.com\/pt\/wp-json\/wp\/v2\/types\/product"}],"version-history":[{"count":3,"href":"https:\/\/www.woseal.com\/pt\/wp-json\/wp\/v2\/product\/3564\/revisions"}],"predecessor-version":[{"id":3862,"href":"https:\/\/www.woseal.com\/pt\/wp-json\/wp\/v2\/product\/3564\/revisions\/3862"}],"wp:featuredmedia":[{"embeddable":true,"href":"https:\/\/www.woseal.com\/pt\/wp-json\/wp\/v2\/media\/3566"}],"wp:attachment":[{"href":"https:\/\/www.woseal.com\/pt\/wp-json\/wp\/v2\/media?parent=3564"}],"wp:term":[{"taxonomy":"product_brand","embeddable":true,"href":"https:\/\/www.woseal.com\/pt\/wp-json\/wp\/v2\/product_brand?post=3564"},{"taxonomy":"product_cat","embeddable":true,"href":"https:\/\/www.woseal.com\/pt\/wp-json\/wp\/v2\/product_cat?post=3564"},{"taxonomy":"product_tag","embeddable":true,"href":"https:\/\/www.woseal.com\/pt\/wp-json\/wp\/v2\/product_tag?post=3564"}],"curies":[{"name":"wp","href":"https:\/\/api.w.org\/{rel}","templated":true}]}}