{"id":3574,"date":"2025-03-28T10:53:00","date_gmt":"2025-03-28T02:53:00","guid":{"rendered":"https:\/\/www.woseal.com\/?post_type=product&#038;p=3574"},"modified":"2025-04-11T13:49:18","modified_gmt":"2025-04-11T05:49:18","slug":"bts-001-truck-van-door-with-logo-barcod-high-security-iso17712-container-lock-bolt-seals","status":"publish","type":"product","link":"https:\/\/www.woseal.com\/pt\/produto\/bts-001-truck-van-door-with-logo-barcod-high-security-iso17712-container-lock-bolt-seals","title":{"rendered":"BTS-001 Porta de cami\u00e3o e carrinha com c\u00f3digo de barras com log\u00f3tipo Alta seguran\u00e7a ISO17712 Selos de parafuso de bloqueio de contentor"},"content":{"rendered":"<table class=\"has-title all magic-7\">\n<tbody>\n<tr>\n<td colspan=\"1\" rowspan=\"1\">\n<div class=\"magic-8\" data-spm-anchor-id=\"a2700.details.0.i73.6c264075iQX7Ha\">Local de origem<\/div>\n<\/td>\n<td colspan=\"1\" rowspan=\"1\">\n<div class=\"magic-9\">China<\/div>\n<\/td>\n<\/tr>\n<tr>\n<td colspan=\"1\" rowspan=\"1\">\n<div class=\"magic-8\">Item<\/div>\n<\/td>\n<td colspan=\"1\" rowspan=\"1\">\n<div class=\"magic-9\">Veda\u00e7\u00e3o do parafuso<\/div>\n<\/td>\n<\/tr>\n<tr>\n<td colspan=\"1\" rowspan=\"1\">\n<div class=\"magic-8\">Modelo<\/div>\n<\/td>\n<td colspan=\"1\" rowspan=\"1\">\n<div class=\"magic-9\">BTS-001<\/div>\n<\/td>\n<\/tr>\n<tr>\n<td colspan=\"1\" rowspan=\"1\">\n<div class=\"magic-8\">Material<\/div>\n<\/td>\n<td colspan=\"1\" rowspan=\"1\">\n<div class=\"magic-9\">ABS+A\u00e7o carbono galvanizado<\/div>\n<\/td>\n<\/tr>\n<tr>\n<td colspan=\"1\" rowspan=\"1\">\n<div class=\"magic-8\">Tamanho do corpo do cadeado<\/div>\n<\/td>\n<td colspan=\"1\" rowspan=\"1\">\n<div class=\"magic-9\">81,3*10mm<\/div>\n<\/td>\n<\/tr>\n<tr>\n<td colspan=\"1\" rowspan=\"1\">\n<div class=\"magic-8\">Cor<\/div>\n<\/td>\n<td colspan=\"1\" rowspan=\"1\">\n<div class=\"magic-9\">Amarelo, Branco, Azul, Verde, Vermelho, Outros e assim por diante<\/div>\n<\/td>\n<\/tr>\n<tr>\n<td colspan=\"1\" rowspan=\"1\">\n<div class=\"magic-8\">Tipo de impress\u00e3o<\/div>\n<\/td>\n<td colspan=\"1\" rowspan=\"1\">\n<div class=\"magic-9\">Marca\u00e7\u00e3o a laser ou estampagem a quente, impress\u00e3o serigr\u00e1fica<\/div>\n<\/td>\n<\/tr>\n<tr>\n<td colspan=\"1\" rowspan=\"1\">\n<div class=\"magic-8\">Marca\u00e7\u00e3o de conte\u00fados<\/div>\n<\/td>\n<td colspan=\"1\" rowspan=\"1\">\n<div class=\"magic-9\">N\u00fameros, letras, marcas, c\u00f3digos de barras, etc.<\/div>\n<\/td>\n<\/tr>\n<tr>\n<td colspan=\"1\" rowspan=\"1\">\n<div class=\"magic-8\">Embalagem<\/div>\n<\/td>\n<td colspan=\"1\" rowspan=\"1\">\n<div class=\"magic-9\">10 unidades \/ caixa de pl\u00e1stico 25 caixas \/cart\u00e3o<\/div>\n<\/td>\n<\/tr>\n<tr>\n<td colspan=\"1\" rowspan=\"1\">\n<div class=\"magic-8\">Aplica\u00e7\u00e3o<\/div>\n<\/td>\n<td colspan=\"1\" rowspan=\"1\">\n<div class=\"magic-9\">Todos os tipos de reboque, cami\u00e3o-cisterna, transporte mar\u00edtimo, transporte ferrovi\u00e1rio, frete log\u00edstico, cofre, cacifos, etc.<\/div>\n<\/td>\n<\/tr>\n<tr>\n<td colspan=\"1\" rowspan=\"1\">\n<div class=\"magic-8\">Certificado da empresa<\/div>\n<\/td>\n<td colspan=\"1\" rowspan=\"1\">\n<div class=\"magic-9\">ISO17712,ISO9001,ISO14001,ISO45001<\/div>\n<\/td>\n<\/tr>\n<\/tbody>\n<\/table>\n<p>Proteja a sua carga com o vedante de parafuso de alta seguran\u00e7a para portas de cami\u00f5es e carrinhas BTS-001, concebido para cumprir as normas ISO17712 para seguran\u00e7a inviol\u00e1vel de contentores e log\u00edstica. Fabricado com um parafuso de a\u00e7o resistente e um design antirroubo avan\u00e7ado, este selo garante a m\u00e1xima resist\u00eancia a cortes, intromiss\u00f5es e condi\u00e7\u00f5es ambientais adversas. As op\u00e7\u00f5es integradas de personaliza\u00e7\u00e3o do log\u00f3tipo e do c\u00f3digo de barras permitem uma f\u00e1cil identifica\u00e7\u00e3o da marca e rastreio digital, simplificando a gest\u00e3o do invent\u00e1rio e as auditorias de conformidade. Perfeita para portas de carrinhas de cami\u00f5es, contentores de transporte e cargas de alto risco, a BTS-001 possui um mecanismo de bloqueio \u00fanico que deixa provas vis\u00edveis de adultera\u00e7\u00e3o, impedindo o roubo e o acesso n\u00e3o autorizado. A sua constru\u00e7\u00e3o resistente \u00e0 corros\u00e3o e a durabilidade \u00e0 prova de intemp\u00e9ries tornam-no ideal para o transporte mar\u00edtimo global. Confie no BTS-001 para oferecer seguran\u00e7a, rastreabilidade e conformidade inigual\u00e1veis para sua cadeia de suprimentos.<\/p>","protected":false},"excerpt":{"rendered":"<p>Os parafusos do modelo BTS-001 est\u00e3o em conformidade com a norma C-TPAT e t\u00eam certifica\u00e7\u00e3o ISO 17712 para alta seguran\u00e7a. Estes vedantes de parafusos impressos a laser est\u00e3o dispon\u00edveis numa variedade de cores. Os vedantes dos parafusos s\u00e3o utilizados para fixar os fechos das portas dos reboques e das portas dos contentores. Em stock e dispon\u00edveis para envio.<\/p>","protected":false},"featured_media":3581,"template":"","meta":[],"product_brand":[],"product_cat":[171],"product_tag":[205,206,356,357,358,359,360,202,203,204],"class_list":{"0":"post-3574","1":"product","2":"type-product","3":"status-publish","4":"has-post-thumbnail","6":"product_cat-bolt-seal","7":"product_tag-truck-seal","8":"product_tag-iso17712-bolt-seal","9":"product_tag-iso17712-bolt-seals","10":"product_tag-bts-001-truck-door-lock","11":"product_tag-high-security-container-seals","12":"product_tag-customizable-barcode-bolt-seals","13":"product_tag-tamper-proof-van-door-locks","14":"product_tag-bolt-seal","15":"product_tag-container-seal","16":"product_tag-security-bolt-seal","18":"first","19":"instock","20":"featured","21":"shipping-taxable","22":"product-type-simple"},"_links":{"self":[{"href":"https:\/\/www.woseal.com\/pt\/wp-json\/wp\/v2\/product\/3574","targetHints":{"allow":["GET"]}}],"collection":[{"href":"https:\/\/www.woseal.com\/pt\/wp-json\/wp\/v2\/product"}],"about":[{"href":"https:\/\/www.woseal.com\/pt\/wp-json\/wp\/v2\/types\/product"}],"version-history":[{"count":4,"href":"https:\/\/www.woseal.com\/pt\/wp-json\/wp\/v2\/product\/3574\/revisions"}],"predecessor-version":[{"id":3852,"href":"https:\/\/www.woseal.com\/pt\/wp-json\/wp\/v2\/product\/3574\/revisions\/3852"}],"wp:featuredmedia":[{"embeddable":true,"href":"https:\/\/www.woseal.com\/pt\/wp-json\/wp\/v2\/media\/3581"}],"wp:attachment":[{"href":"https:\/\/www.woseal.com\/pt\/wp-json\/wp\/v2\/media?parent=3574"}],"wp:term":[{"taxonomy":"product_brand","embeddable":true,"href":"https:\/\/www.woseal.com\/pt\/wp-json\/wp\/v2\/product_brand?post=3574"},{"taxonomy":"product_cat","embeddable":true,"href":"https:\/\/www.woseal.com\/pt\/wp-json\/wp\/v2\/product_cat?post=3574"},{"taxonomy":"product_tag","embeddable":true,"href":"https:\/\/www.woseal.com\/pt\/wp-json\/wp\/v2\/product_tag?post=3574"}],"curies":[{"name":"wp","href":"https:\/\/api.w.org\/{rel}","templated":true}]}}