{"id":3589,"date":"2025-03-28T11:03:25","date_gmt":"2025-03-28T03:03:25","guid":{"rendered":"https:\/\/www.woseal.com\/?post_type=product&#038;p=3589"},"modified":"2025-04-11T13:38:29","modified_gmt":"2025-04-11T05:38:29","slug":"bts-002-iso17712-certified-security-bolt-seal-tamper-evident-truck-lock-with-spring-parts","status":"publish","type":"product","link":"https:\/\/www.woseal.com\/pt\/produto\/bts-002-iso17712-certified-security-bolt-seal-tamper-evident-truck-lock-with-spring-parts","title":{"rendered":"BTS-002 Fecho de seguran\u00e7a com parafuso com certifica\u00e7\u00e3o ISO17712 Inviol\u00e1vel para cami\u00e3o com pe\u00e7as de mola"},"content":{"rendered":"<table class=\"has-title all magic-7\">\n<tbody>\n<tr>\n<td colspan=\"1\" rowspan=\"1\">\n<div class=\"magic-8\" data-spm-anchor-id=\"a2700.details.0.i75.72a356f98eeeLE\">Local de origem<\/div>\n<\/td>\n<td colspan=\"1\" rowspan=\"1\">\n<div class=\"magic-9\">China<\/div>\n<\/td>\n<\/tr>\n<tr>\n<td colspan=\"1\" rowspan=\"1\">\n<div class=\"magic-8\">Item<\/div>\n<\/td>\n<td colspan=\"1\" rowspan=\"1\">\n<div class=\"magic-9\">Veda\u00e7\u00e3o do parafuso<\/div>\n<\/td>\n<\/tr>\n<tr>\n<td colspan=\"1\" rowspan=\"1\">\n<div class=\"magic-8\">Modelo<\/div>\n<\/td>\n<td colspan=\"1\" rowspan=\"1\">\n<div class=\"magic-9\">BTS-002<\/div>\n<\/td>\n<\/tr>\n<tr>\n<td colspan=\"1\" rowspan=\"1\">\n<div class=\"magic-8\">Material<\/div>\n<\/td>\n<td colspan=\"1\" rowspan=\"1\">\n<div class=\"magic-9\">ABS+A\u00e7o carbono galvanizado<\/div>\n<\/td>\n<\/tr>\n<tr>\n<td colspan=\"1\" rowspan=\"1\">\n<div class=\"magic-8\">Tamanho do corpo do cadeado<\/div>\n<\/td>\n<td colspan=\"1\" rowspan=\"1\">\n<div class=\"magic-9\">81,8*55,6*21,5 mm<\/div>\n<\/td>\n<\/tr>\n<tr>\n<td colspan=\"1\" rowspan=\"1\">\n<div class=\"magic-8\">Peso<\/div>\n<\/td>\n<td colspan=\"1\" rowspan=\"1\">\n<div class=\"magic-9\">52g<\/div>\n<\/td>\n<\/tr>\n<tr>\n<td colspan=\"1\" rowspan=\"1\">\n<div class=\"magic-8\">Cor<\/div>\n<\/td>\n<td colspan=\"1\" rowspan=\"1\">\n<div class=\"magic-9\">Amarelo, branco, azul, verde, vermelho, etc.<\/div>\n<\/td>\n<\/tr>\n<tr>\n<td colspan=\"1\" rowspan=\"1\">\n<div class=\"magic-8\">Tipo de impress\u00e3o<\/div>\n<\/td>\n<td colspan=\"1\" rowspan=\"1\">\n<div class=\"magic-9\">Marca\u00e7\u00e3o a laser ou estampagem a quente, impress\u00e3o serigr\u00e1fica<\/div>\n<\/td>\n<\/tr>\n<tr>\n<td colspan=\"1\" rowspan=\"1\">\n<div class=\"magic-8\">Marca\u00e7\u00e3o de conte\u00fados<\/div>\n<\/td>\n<td colspan=\"1\" rowspan=\"1\">\n<div class=\"magic-9\">N\u00fameros, letras, marcas, c\u00f3digos de barras, etc.<\/div>\n<\/td>\n<\/tr>\n<tr>\n<td colspan=\"1\" rowspan=\"1\">\n<div class=\"magic-8\">Embalagem<\/div>\n<\/td>\n<td colspan=\"1\" rowspan=\"1\">\n<div class=\"magic-9\">10 unidades \/ caixa de pl\u00e1stico 25 caixas \/cart\u00e3o<\/div>\n<\/td>\n<\/tr>\n<tr>\n<td colspan=\"1\" rowspan=\"1\">\n<div class=\"magic-8\">Aplica\u00e7\u00e3o<\/div>\n<\/td>\n<td colspan=\"1\" rowspan=\"1\">\n<div class=\"magic-9\">Todos os tipos de reboque, cami\u00e3o-cisterna, transporte mar\u00edtimo, transporte ferrovi\u00e1rio, frete log\u00edstico, cofre, cacifos, etc.<\/div>\n<\/td>\n<\/tr>\n<tr>\n<td colspan=\"1\" rowspan=\"1\">\n<div class=\"magic-8\">Certificado da empresa<\/div>\n<\/td>\n<td colspan=\"1\" rowspan=\"1\">\n<div class=\"magic-9\">ISO17712,ISO9001,ISO14001,ISO45001<\/div>\n<\/td>\n<\/tr>\n<\/tbody>\n<\/table>\n<p>Garanta uma seguran\u00e7a de carga sem compromissos com o fecho de seguran\u00e7a com parafuso certificado BTS-002 ISO17712, concebido para prote\u00e7\u00e3o inviol\u00e1vel e durabilidade industrial. Constru\u00eddo para cumprir as rigorosas normas ISO17712, este fecho de seguran\u00e7a para cargas pesadas apresenta uma constru\u00e7\u00e3o robusta em a\u00e7o e um mecanismo de mola de engenharia de precis\u00e3o que aumenta a resist\u00eancia \u00e0 entrada for\u00e7ada, vibra\u00e7\u00e3o e adultera\u00e7\u00e3o f\u00edsica. O design inviol\u00e1vel deixa provas visuais claras de acesso n\u00e3o autorizado, tornando-o ideal para proteger portas de cami\u00f5es, contentores de transporte e cargas de alto risco. Resistente \u00e0 corros\u00e3o e \u00e0 prova de intemp\u00e9ries, suporta temperaturas extremas, humidade e manuseamento agressivo durante o transporte. As pe\u00e7as de mola integradas garantem um fecho apertado e fi\u00e1vel, simplificando a instala\u00e7\u00e3o e a inspe\u00e7\u00e3o. Confie no BTS-002 para proteger a sua cadeia log\u00edstica, simplificar as auditorias de conformidade e impedir o roubo com a fiabilidade certificada pela ISO.<\/p>\n<p>&nbsp;<\/p>","protected":false},"excerpt":{"rendered":"<p>O fecho de parafuso BTS-002 ISO17712 combina seguran\u00e7a inviol\u00e1vel, um fecho com mola e uma constru\u00e7\u00e3o em a\u00e7o resistente para cami\u00f5es, contentores e cargas de elevado valor.<\/p>","protected":false},"featured_media":3590,"template":"","meta":[],"product_brand":[],"product_cat":[171],"product_tag":[214,216,202,204,206,207,208,209,210,211,212,213],"class_list":{"0":"post-3589","1":"product","2":"type-product","3":"status-publish","4":"has-post-thumbnail","6":"product_cat-bolt-seal","7":"product_tag-container-bolt-seal","8":"product_tag-tapa-compliant-bolt-seals","9":"product_tag-bolt-seal","10":"product_tag-security-bolt-seal","11":"product_tag-iso17712-bolt-seal","12":"product_tag-shipping-container-bolt-seals","13":"product_tag-truck-security-seals","14":"product_tag-logistics-bolt-seals","15":"product_tag-steel-bolt-seal","16":"product_tag-tamper-proof-bolt-seal","17":"product_tag-custom-bolt-seal","18":"product_tag-high-security-bolt-seal","20":"first","21":"instock","22":"shipping-taxable","23":"product-type-simple"},"_links":{"self":[{"href":"https:\/\/www.woseal.com\/pt\/wp-json\/wp\/v2\/product\/3589","targetHints":{"allow":["GET"]}}],"collection":[{"href":"https:\/\/www.woseal.com\/pt\/wp-json\/wp\/v2\/product"}],"about":[{"href":"https:\/\/www.woseal.com\/pt\/wp-json\/wp\/v2\/types\/product"}],"version-history":[{"count":3,"href":"https:\/\/www.woseal.com\/pt\/wp-json\/wp\/v2\/product\/3589\/revisions"}],"predecessor-version":[{"id":3854,"href":"https:\/\/www.woseal.com\/pt\/wp-json\/wp\/v2\/product\/3589\/revisions\/3854"}],"wp:featuredmedia":[{"embeddable":true,"href":"https:\/\/www.woseal.com\/pt\/wp-json\/wp\/v2\/media\/3590"}],"wp:attachment":[{"href":"https:\/\/www.woseal.com\/pt\/wp-json\/wp\/v2\/media?parent=3589"}],"wp:term":[{"taxonomy":"product_brand","embeddable":true,"href":"https:\/\/www.woseal.com\/pt\/wp-json\/wp\/v2\/product_brand?post=3589"},{"taxonomy":"product_cat","embeddable":true,"href":"https:\/\/www.woseal.com\/pt\/wp-json\/wp\/v2\/product_cat?post=3589"},{"taxonomy":"product_tag","embeddable":true,"href":"https:\/\/www.woseal.com\/pt\/wp-json\/wp\/v2\/product_tag?post=3589"}],"curies":[{"name":"wp","href":"https:\/\/api.w.org\/{rel}","templated":true}]}}