{"id":3598,"date":"2025-03-28T11:08:03","date_gmt":"2025-03-28T03:08:03","guid":{"rendered":"https:\/\/www.woseal.com\/?post_type=product&#038;p=3598"},"modified":"2025-04-11T13:36:05","modified_gmt":"2025-04-11T05:36:05","slug":"bts-003-joint-de-boulon-one-time-high-security-anti-tamper-proof-container-bolt-seal-precinto-de-seguridad-botella","status":"publish","type":"product","link":"https:\/\/www.woseal.com\/pt\/produto\/bts-003-joint-de-boulon-one-time-high-security-anti-tamper-proof-container-bolt-seal-precinto-de-seguridad-botella","title":{"rendered":"BTS-003 Junta de Boulon Uma Vez Alta Seguran\u00e7a Anti-Viola\u00e7\u00e3o Selo de Parafuso de Recipiente Precinto De Seguridad Botella"},"content":{"rendered":"<table class=\"has-title all magic-7\">\n<tbody>\n<tr>\n<td colspan=\"1\" rowspan=\"1\">\n<div class=\"magic-8\" data-spm-anchor-id=\"a2700.details-description.0.i0.55d5Pp8JPp8JyI\">Local de origem<\/div>\n<\/td>\n<td colspan=\"1\" rowspan=\"1\">\n<div class=\"magic-9\">China<\/div>\n<\/td>\n<\/tr>\n<tr>\n<td colspan=\"1\" rowspan=\"1\">\n<div class=\"magic-8\">Item<\/div>\n<\/td>\n<td colspan=\"1\" rowspan=\"1\">\n<div class=\"magic-9\">Veda\u00e7\u00e3o do parafuso<\/div>\n<\/td>\n<\/tr>\n<tr>\n<td colspan=\"1\" rowspan=\"1\">\n<div class=\"magic-8\">Modelo<\/div>\n<\/td>\n<td colspan=\"1\" rowspan=\"1\">\n<div class=\"magic-9\">BTS-003<\/div>\n<\/td>\n<\/tr>\n<tr>\n<td colspan=\"1\" rowspan=\"1\">\n<div class=\"magic-8\">Material<\/div>\n<\/td>\n<td colspan=\"1\" rowspan=\"1\">\n<div class=\"magic-9\">ABS+A\u00e7o carbono galvanizado<\/div>\n<\/td>\n<\/tr>\n<tr>\n<td colspan=\"1\" rowspan=\"1\">\n<div class=\"magic-8\">Tamanho do corpo do cadeado<\/div>\n<\/td>\n<td colspan=\"1\" rowspan=\"1\">\n<div class=\"magic-9\">86,9*54,5*22,3mm<\/div>\n<\/td>\n<\/tr>\n<tr>\n<td colspan=\"1\" rowspan=\"1\">\n<div class=\"magic-8\">Peso<\/div>\n<\/td>\n<td colspan=\"1\" rowspan=\"1\">\n<div class=\"magic-9\">69.3g<\/div>\n<\/td>\n<\/tr>\n<tr>\n<td colspan=\"1\" rowspan=\"1\">\n<div class=\"magic-8\">Cor<\/div>\n<\/td>\n<td colspan=\"1\" rowspan=\"1\">\n<div class=\"magic-9\">Amarelo, branco, azul, verde, vermelho, etc.<\/div>\n<\/td>\n<\/tr>\n<tr>\n<td colspan=\"1\" rowspan=\"1\">\n<div class=\"magic-8\">Tipo de impress\u00e3o<\/div>\n<\/td>\n<td colspan=\"1\" rowspan=\"1\">\n<div class=\"magic-9\">Marca\u00e7\u00e3o a laser ou estampagem a quente, impress\u00e3o serigr\u00e1fica<\/div>\n<\/td>\n<\/tr>\n<tr>\n<td colspan=\"1\" rowspan=\"1\">\n<div class=\"magic-8\">Marca\u00e7\u00e3o de conte\u00fados<\/div>\n<\/td>\n<td colspan=\"1\" rowspan=\"1\">\n<div class=\"magic-9\">N\u00fameros, letras, marcas, c\u00f3digos de barras, etc.<\/div>\n<\/td>\n<\/tr>\n<tr>\n<td colspan=\"1\" rowspan=\"1\">\n<div class=\"magic-8\">Embalagem<\/div>\n<\/td>\n<td colspan=\"1\" rowspan=\"1\">\n<div class=\"magic-9\">10 unidades \/ caixa de pl\u00e1stico 25 caixas \/cart\u00e3o<\/div>\n<\/td>\n<\/tr>\n<tr>\n<td colspan=\"1\" rowspan=\"1\">\n<div class=\"magic-8\">Aplica\u00e7\u00e3o<\/div>\n<\/td>\n<td colspan=\"1\" rowspan=\"1\">\n<div class=\"magic-9\">Todos os tipos de reboque, cami\u00e3o-cisterna, transporte mar\u00edtimo, transporte ferrovi\u00e1rio, frete log\u00edstico, cofre, cacifos, etc.<\/div>\n<\/td>\n<\/tr>\n<tr>\n<td colspan=\"1\" rowspan=\"1\">\n<div class=\"magic-8\">Certificado da empresa<\/div>\n<\/td>\n<td colspan=\"1\" rowspan=\"1\">\n<div class=\"magic-9\">ISO17712,ISO9001,ISO14001,ISO45001<\/div>\n<\/td>\n<\/tr>\n<\/tbody>\n<\/table>\n<p>Obtenha a m\u00e1xima seguran\u00e7a inviol\u00e1vel para envios globais com o fecho de seguran\u00e7a \u00fanico de alta seguran\u00e7a BTS-003 Joint De Boulon. Concebido para uma prote\u00e7\u00e3o irrevers\u00edvel, este selo de parafuso para servi\u00e7os pesados apresenta uma constru\u00e7\u00e3o em a\u00e7o endurecido e um mecanismo de bloqueio \u00fanico que impede a reutiliza\u00e7\u00e3o, garantindo uma seguran\u00e7a inviol\u00e1vel para contentores, cami\u00f5es e cargas de elevado valor. O design anti-pry e o parafuso concebido com precis\u00e3o resistem a cortes, perfura\u00e7\u00f5es e manipula\u00e7\u00e3o f\u00edsica, enquanto o seu revestimento resistente \u00e0 corros\u00e3o resiste a ambientes mar\u00edtimos e industriais adversos. Em conformidade com as normas ISO17712, o BTS-003 fornece provas vis\u00edveis de adultera\u00e7\u00e3o, o que o torna ideal para log\u00edstica internacional, carga transfronteiri\u00e7a e envios sens\u00edveis. O seu design universal \"Precinto De Seguridad Botella\" (selo de seguran\u00e7a tipo garrafa) garante uma f\u00e1cil aplica\u00e7\u00e3o e inspe\u00e7\u00e3o, simplificando a conformidade e melhorando a integridade da cadeia de fornecimento.<\/p>","protected":false},"excerpt":{"rendered":"<p>O BTS-003 One-Time Bolt Seal oferece seguran\u00e7a inviol\u00e1vel, em conformidade com a norma ISO, com um design de a\u00e7o anti-viola\u00e7\u00e3o, perfeito para contentores, cami\u00f5es e prote\u00e7\u00e3o de cargas internacionais.<\/p>","protected":false},"featured_media":3599,"template":"","meta":[],"product_brand":[],"product_cat":[171],"product_tag":[202,207,208,209,213,214,217,218,219,220],"class_list":{"0":"post-3598","1":"product","2":"type-product","3":"status-publish","4":"has-post-thumbnail","6":"product_cat-bolt-seal","7":"product_tag-bolt-seal","8":"product_tag-shipping-container-bolt-seals","9":"product_tag-truck-security-seals","10":"product_tag-logistics-bolt-seals","11":"product_tag-high-security-bolt-seal","12":"product_tag-container-bolt-seal","13":"product_tag-anti-tamper-proof-container-bolt-seal","14":"product_tag-bulk-bolt-seals","15":"product_tag-cheap-bolt-seals","16":"product_tag-high-quality-bolt-seals","18":"first","19":"instock","20":"shipping-taxable","21":"product-type-simple"},"_links":{"self":[{"href":"https:\/\/www.woseal.com\/pt\/wp-json\/wp\/v2\/product\/3598","targetHints":{"allow":["GET"]}}],"collection":[{"href":"https:\/\/www.woseal.com\/pt\/wp-json\/wp\/v2\/product"}],"about":[{"href":"https:\/\/www.woseal.com\/pt\/wp-json\/wp\/v2\/types\/product"}],"version-history":[{"count":2,"href":"https:\/\/www.woseal.com\/pt\/wp-json\/wp\/v2\/product\/3598\/revisions"}],"predecessor-version":[{"id":3855,"href":"https:\/\/www.woseal.com\/pt\/wp-json\/wp\/v2\/product\/3598\/revisions\/3855"}],"wp:featuredmedia":[{"embeddable":true,"href":"https:\/\/www.woseal.com\/pt\/wp-json\/wp\/v2\/media\/3599"}],"wp:attachment":[{"href":"https:\/\/www.woseal.com\/pt\/wp-json\/wp\/v2\/media?parent=3598"}],"wp:term":[{"taxonomy":"product_brand","embeddable":true,"href":"https:\/\/www.woseal.com\/pt\/wp-json\/wp\/v2\/product_brand?post=3598"},{"taxonomy":"product_cat","embeddable":true,"href":"https:\/\/www.woseal.com\/pt\/wp-json\/wp\/v2\/product_cat?post=3598"},{"taxonomy":"product_tag","embeddable":true,"href":"https:\/\/www.woseal.com\/pt\/wp-json\/wp\/v2\/product_tag?post=3598"}],"curies":[{"name":"wp","href":"https:\/\/api.w.org\/{rel}","templated":true}]}}