{"id":3607,"date":"2025-03-28T11:19:58","date_gmt":"2025-03-28T03:19:58","guid":{"rendered":"https:\/\/www.woseal.com\/?post_type=product&#038;p=3607"},"modified":"2025-04-11T11:59:54","modified_gmt":"2025-04-11T03:59:54","slug":"bts-004-high-quality-disposable-tamper-evident-small-vehicle-container-steel-bolt-seal-logo-series-number-container-bolt-seal","status":"publish","type":"product","link":"https:\/\/www.woseal.com\/pt\/produto\/bts-004-high-quality-disposable-tamper-evident-small-vehicle-container-steel-bolt-seal-logo-series-number-container-bolt-seal","title":{"rendered":"BTS-004 Selo de parafuso de a\u00e7o para contentores de ve\u00edculos pequenos, descart\u00e1vel e inviol\u00e1vel de alta qualidade Selo de parafuso de contentor de n\u00famero de s\u00e9rie do log\u00f3tipo"},"content":{"rendered":"<table class=\"has-title all magic-10\">\n<tbody>\n<tr>\n<td colspan=\"1\" rowspan=\"1\">\n<div class=\"magic-11\" data-spm-anchor-id=\"a2700.details.0.i73.3b9d703bkTBvcC\">Local de origem<\/div>\n<\/td>\n<td colspan=\"1\" rowspan=\"1\">\n<div class=\"magic-12\">China<\/div>\n<\/td>\n<\/tr>\n<tr>\n<td colspan=\"1\" rowspan=\"1\">\n<div class=\"magic-11\">Item<\/div>\n<\/td>\n<td colspan=\"1\" rowspan=\"1\">\n<div class=\"magic-12\">Veda\u00e7\u00e3o do parafuso<\/div>\n<\/td>\n<\/tr>\n<tr>\n<td colspan=\"1\" rowspan=\"1\">\n<div class=\"magic-11\">Modelo<\/div>\n<\/td>\n<td colspan=\"1\" rowspan=\"1\">\n<div class=\"magic-12\">BTS-004<\/div>\n<\/td>\n<\/tr>\n<tr>\n<td colspan=\"1\" rowspan=\"1\">\n<div class=\"magic-11\">Material<\/div>\n<\/td>\n<td colspan=\"1\" rowspan=\"1\">\n<div class=\"magic-12\">ABS+A\u00e7o carbono galvanizado<\/div>\n<\/td>\n<\/tr>\n<tr>\n<td colspan=\"1\" rowspan=\"1\">\n<div class=\"magic-11\">Tamanho do corpo do cadeado<\/div>\n<\/td>\n<td colspan=\"1\" rowspan=\"1\">\n<div class=\"magic-12\">82,5*51*21mm<\/div>\n<\/td>\n<\/tr>\n<tr>\n<td colspan=\"1\" rowspan=\"1\">\n<div class=\"magic-11\">Peso<\/div>\n<\/td>\n<td colspan=\"1\" rowspan=\"1\">\n<div class=\"magic-12\">69g<\/div>\n<\/td>\n<\/tr>\n<tr>\n<td colspan=\"1\" rowspan=\"1\">\n<div class=\"magic-11\">Cor<\/div>\n<\/td>\n<td colspan=\"1\" rowspan=\"1\">\n<div class=\"magic-12\">Amarelo, branco, azul, verde, vermelho, etc.<\/div>\n<\/td>\n<\/tr>\n<tr>\n<td colspan=\"1\" rowspan=\"1\">\n<div class=\"magic-11\">Tipo de impress\u00e3o<\/div>\n<\/td>\n<td colspan=\"1\" rowspan=\"1\">\n<div class=\"magic-12\">Marca\u00e7\u00e3o a laser ou estampagem a quente, impress\u00e3o serigr\u00e1fica<\/div>\n<\/td>\n<\/tr>\n<tr>\n<td colspan=\"1\" rowspan=\"1\">\n<div class=\"magic-11\">Marca\u00e7\u00e3o de conte\u00fados<\/div>\n<\/td>\n<td colspan=\"1\" rowspan=\"1\">\n<div class=\"magic-12\">N\u00fameros, letras, marcas, c\u00f3digos de barras, etc.<\/div>\n<\/td>\n<\/tr>\n<tr>\n<td colspan=\"1\" rowspan=\"1\">\n<div class=\"magic-11\">Embalagem<\/div>\n<\/td>\n<td colspan=\"1\" rowspan=\"1\">\n<div class=\"magic-12\">10 unidades \/ caixa de pl\u00e1stico 25 caixas \/cart\u00e3o<\/div>\n<\/td>\n<\/tr>\n<tr>\n<td colspan=\"1\" rowspan=\"1\">\n<div class=\"magic-11\">Aplica\u00e7\u00e3o<\/div>\n<\/td>\n<td colspan=\"1\" rowspan=\"1\">\n<div class=\"magic-12\">Todos os tipos de reboque, cami\u00e3o-cisterna, transporte mar\u00edtimo, transporte ferrovi\u00e1rio, frete log\u00edstico, cofre, cacifos, etc.<\/div>\n<\/td>\n<\/tr>\n<tr>\n<td colspan=\"1\" rowspan=\"1\">\n<div class=\"magic-11\">Certificado da empresa<\/div>\n<\/td>\n<td colspan=\"1\" rowspan=\"1\">\n<div class=\"magic-12\">ISO17712,ISO9001,ISO14001,ISO45001<\/div>\n<\/td>\n<\/tr>\n<\/tbody>\n<\/table>\n<p>Garanta uma seguran\u00e7a inviol\u00e1vel para pequenos ve\u00edculos e contentores com o vedante de parafuso em a\u00e7o descart\u00e1vel de alta qualidade BTS-004. Concebido para uma fiabilidade de utiliza\u00e7\u00e3o \u00fanica, este vedante de parafuso apresenta uma constru\u00e7\u00e3o em a\u00e7o endurecido e um mecanismo inviol\u00e1vel que se parte visivelmente em caso de acesso n\u00e3o autorizado, garantindo uma prote\u00e7\u00e3o irrevers\u00edvel. Ideal para log\u00edstica, transporte de mercadorias e carga compacta, inclui log\u00f3tipos personaliz\u00e1veis e n\u00fameros de s\u00e9rie \u00fanicos para facilitar o rastreio, a gest\u00e3o de invent\u00e1rio e a identifica\u00e7\u00e3o da marca. O design compacto e resistente \u00e0 corros\u00e3o resiste a condi\u00e7\u00f5es ambientais e de manuseamento dif\u00edceis, cumprindo as normas de seguran\u00e7a da ind\u00fastria. Perfeito para selar cami\u00f5es, reboques ou pequenos contentores, o BTS-004 combina acessibilidade com seguran\u00e7a de alto desempenho para proteger os seus envios e simplificar as auditorias de conformidade.<\/p>","protected":false},"excerpt":{"rendered":"<p>O selo de parafuso de a\u00e7o descart\u00e1vel BTS-004 oferece seguran\u00e7a inviol\u00e1vel com personaliza\u00e7\u00e3o de log\u00f3tipo\/n\u00famero de s\u00e9rie, concebido para pequenos ve\u00edculos, contentores e log\u00edstica inviol\u00e1vel.<\/p>","protected":false},"featured_media":3608,"template":"","meta":[],"product_brand":[],"product_cat":[171],"product_tag":[222,223,224,225,226,202,214,221],"class_list":{"0":"post-3607","1":"product","2":"type-product","3":"status-publish","4":"has-post-thumbnail","6":"product_cat-bolt-seal","7":"product_tag-high-quality-bolt-seal","8":"product_tag-bulk-bolt-seals-for-logistics-companies","9":"product_tag-stainless-steel-bolt-seals","10":"product_tag-anti-tamper-bolt-seals","11":"product_tag-high-tensile-bolt-seals","12":"product_tag-bolt-seal","13":"product_tag-container-bolt-seal","14":"product_tag-disposable-bolt-seal","16":"first","17":"instock","18":"featured","19":"shipping-taxable","20":"product-type-simple"},"_links":{"self":[{"href":"https:\/\/www.woseal.com\/pt\/wp-json\/wp\/v2\/product\/3607","targetHints":{"allow":["GET"]}}],"collection":[{"href":"https:\/\/www.woseal.com\/pt\/wp-json\/wp\/v2\/product"}],"about":[{"href":"https:\/\/www.woseal.com\/pt\/wp-json\/wp\/v2\/types\/product"}],"version-history":[{"count":3,"href":"https:\/\/www.woseal.com\/pt\/wp-json\/wp\/v2\/product\/3607\/revisions"}],"predecessor-version":[{"id":3858,"href":"https:\/\/www.woseal.com\/pt\/wp-json\/wp\/v2\/product\/3607\/revisions\/3858"}],"wp:featuredmedia":[{"embeddable":true,"href":"https:\/\/www.woseal.com\/pt\/wp-json\/wp\/v2\/media\/3608"}],"wp:attachment":[{"href":"https:\/\/www.woseal.com\/pt\/wp-json\/wp\/v2\/media?parent=3607"}],"wp:term":[{"taxonomy":"product_brand","embeddable":true,"href":"https:\/\/www.woseal.com\/pt\/wp-json\/wp\/v2\/product_brand?post=3607"},{"taxonomy":"product_cat","embeddable":true,"href":"https:\/\/www.woseal.com\/pt\/wp-json\/wp\/v2\/product_cat?post=3607"},{"taxonomy":"product_tag","embeddable":true,"href":"https:\/\/www.woseal.com\/pt\/wp-json\/wp\/v2\/product_tag?post=3607"}],"curies":[{"name":"wp","href":"https:\/\/api.w.org\/{rel}","templated":true}]}}