{"id":3616,"date":"2025-03-28T11:30:07","date_gmt":"2025-03-28T03:30:07","guid":{"rendered":"https:\/\/www.woseal.com\/?post_type=product&#038;p=3616"},"modified":"2025-04-11T11:57:00","modified_gmt":"2025-04-11T03:57:00","slug":"bts-005-iso17712-customs-high-security-container-seal-container-door-abs-plastic-locks-shipping-bolt-seal","status":"publish","type":"product","link":"https:\/\/www.woseal.com\/pt\/produto\/bts-005-iso17712-customs-high-security-container-seal-container-door-abs-plastic-locks-shipping-bolt-seal","title":{"rendered":"BTS-005 ISO17712 Selo de Alta Seguran\u00e7a Aduaneira para Contentores Porta de Contentor Fechaduras de Pl\u00e1stico Abs Selo de Parafuso de Transporte"},"content":{"rendered":"<table class=\"has-title all magic-7\">\n<tbody>\n<tr>\n<td colspan=\"1\" rowspan=\"1\">\n<div class=\"magic-8\" data-spm-anchor-id=\"a2700.details.0.i72.34e145eeWRqK8I\">Local de origem<\/div>\n<\/td>\n<td colspan=\"1\" rowspan=\"1\">\n<div class=\"magic-9\">China<\/div>\n<\/td>\n<\/tr>\n<tr>\n<td colspan=\"1\" rowspan=\"1\">\n<div class=\"magic-8\">Item<\/div>\n<\/td>\n<td colspan=\"1\" rowspan=\"1\">\n<div class=\"magic-9\">Veda\u00e7\u00e3o do parafuso<\/div>\n<\/td>\n<\/tr>\n<tr>\n<td colspan=\"1\" rowspan=\"1\">\n<div class=\"magic-8\">Modelo<\/div>\n<\/td>\n<td colspan=\"1\" rowspan=\"1\">\n<div class=\"magic-9\">BTS-005<\/div>\n<\/td>\n<\/tr>\n<tr>\n<td colspan=\"1\" rowspan=\"1\">\n<div class=\"magic-8\">Material<\/div>\n<\/td>\n<td colspan=\"1\" rowspan=\"1\">\n<div class=\"magic-9\">ABS+A\u00e7o carbono galvanizado<\/div>\n<\/td>\n<\/tr>\n<tr>\n<td colspan=\"1\" rowspan=\"1\">\n<div class=\"magic-8\">Tamanho do corpo do cadeado<\/div>\n<\/td>\n<td colspan=\"1\" rowspan=\"1\">\n<div class=\"magic-9\">86*54,4*21,5mm<\/div>\n<\/td>\n<\/tr>\n<tr>\n<td colspan=\"1\" rowspan=\"1\">\n<div class=\"magic-8\">Peso<\/div>\n<\/td>\n<td colspan=\"1\" rowspan=\"1\">\n<div class=\"magic-9\">72g<\/div>\n<\/td>\n<\/tr>\n<tr>\n<td colspan=\"1\" rowspan=\"1\">\n<div class=\"magic-8\">Cor<\/div>\n<\/td>\n<td colspan=\"1\" rowspan=\"1\">\n<div class=\"magic-9\">Amarelo, branco, azul, verde, vermelho, etc.<\/div>\n<\/td>\n<\/tr>\n<tr>\n<td colspan=\"1\" rowspan=\"1\">\n<div class=\"magic-8\">Tipo de impress\u00e3o<\/div>\n<\/td>\n<td colspan=\"1\" rowspan=\"1\">\n<div class=\"magic-9\">Marca\u00e7\u00e3o a laser ou estampagem a quente, impress\u00e3o serigr\u00e1fica<\/div>\n<\/td>\n<\/tr>\n<tr>\n<td colspan=\"1\" rowspan=\"1\">\n<div class=\"magic-8\">Marca\u00e7\u00e3o de conte\u00fados<\/div>\n<\/td>\n<td colspan=\"1\" rowspan=\"1\">\n<div class=\"magic-9\">N\u00fameros, letras, marcas, c\u00f3digos de barras, etc.<\/div>\n<\/td>\n<\/tr>\n<tr>\n<td colspan=\"1\" rowspan=\"1\">\n<div class=\"magic-8\">Embalagem<\/div>\n<\/td>\n<td colspan=\"1\" rowspan=\"1\">\n<div class=\"magic-9\">10 unidades \/ caixa de pl\u00e1stico 25 caixas \/cart\u00e3o<\/div>\n<\/td>\n<\/tr>\n<tr>\n<td colspan=\"1\" rowspan=\"1\">\n<div class=\"magic-8\">Aplica\u00e7\u00e3o<\/div>\n<\/td>\n<td colspan=\"1\" rowspan=\"1\">\n<div class=\"magic-9\">Todos os tipos de reboque, cami\u00e3o-cisterna, transporte mar\u00edtimo, transporte ferrovi\u00e1rio, frete log\u00edstico, cofre, cacifos, etc.<\/div>\n<\/td>\n<\/tr>\n<tr>\n<td colspan=\"1\" rowspan=\"1\">\n<div class=\"magic-8\">Certificado da empresa<\/div>\n<\/td>\n<td colspan=\"1\" rowspan=\"1\">\n<div class=\"magic-9\">ISO17712,ISO9001,ISO14001,ISO45001<\/div>\n<\/td>\n<\/tr>\n<\/tbody>\n<\/table>\n<p>Cumpra as normas de seguran\u00e7a internacionais com o BTS-005 ISO17712 Customs High Security Bolt Seal, concebido para prote\u00e7\u00e3o inviol\u00e1vel de contentores de transporte e portas de carga. Fabricado em pl\u00e1stico ABS dur\u00e1vel e com um parafuso de a\u00e7o refor\u00e7ado, este selo combina uma durabilidade leve com uma resist\u00eancia pesada ao corte, \u00e0 corros\u00e3o e a condi\u00e7\u00f5es climat\u00e9ricas extremas. O design inviol\u00e1vel assegura sinais vis\u00edveis de entrada for\u00e7ada, enquanto a sua certifica\u00e7\u00e3o ISO17712 garante a conformidade com os requisitos globais de seguran\u00e7a alfandeg\u00e1ria e log\u00edstica. Ideal para transporte mar\u00edtimo, carga transfronteiri\u00e7a e carga de alto risco, o BTS-005 possui um mecanismo de bloqueio \u00fanico que impede a reutiliza\u00e7\u00e3o, garantindo uma seguran\u00e7a irrevers\u00edvel. Personaliz\u00e1vel com identificadores \u00fanicos para rastreabilidade, este selo simplifica as inspec\u00e7\u00f5es, impede o roubo e protege a sua cadeia de abastecimento com uma fiabilidade inigual\u00e1vel.<\/p>","protected":false},"excerpt":{"rendered":"<p>O selo de parafuso BTS-005 ISO17712 oferece seguran\u00e7a inviol\u00e1vel em conformidade com as normas aduaneiras e durabilidade em pl\u00e1stico ABS, perfeito para portas de contentores, transporte mar\u00edtimo e log\u00edstica de alto risco.<\/p>","protected":false},"featured_media":3617,"template":"","meta":[],"product_brand":[],"product_cat":[171],"product_tag":[362,363,364,202,207,208,209,213,214,215,216,361],"class_list":{"0":"post-3616","1":"product","2":"type-product","3":"status-publish","4":"has-post-thumbnail","6":"product_cat-bolt-seal","7":"product_tag-container-door-security-locks","8":"product_tag-high-security-shipping-seals","9":"product_tag-tamper-proof-cargo-bolts","10":"product_tag-bolt-seal","11":"product_tag-shipping-container-bolt-seals","12":"product_tag-truck-security-seals","13":"product_tag-logistics-bolt-seals","14":"product_tag-high-security-bolt-seal","15":"product_tag-container-bolt-seal","16":"product_tag-iso-17712-certified-bolt-seals","17":"product_tag-tapa-compliant-bolt-seals","18":"product_tag-abs-plastic-bolt-seals","20":"first","21":"instock","22":"shipping-taxable","23":"product-type-simple"},"_links":{"self":[{"href":"https:\/\/www.woseal.com\/pt\/wp-json\/wp\/v2\/product\/3616","targetHints":{"allow":["GET"]}}],"collection":[{"href":"https:\/\/www.woseal.com\/pt\/wp-json\/wp\/v2\/product"}],"about":[{"href":"https:\/\/www.woseal.com\/pt\/wp-json\/wp\/v2\/types\/product"}],"version-history":[{"count":2,"href":"https:\/\/www.woseal.com\/pt\/wp-json\/wp\/v2\/product\/3616\/revisions"}],"predecessor-version":[{"id":3859,"href":"https:\/\/www.woseal.com\/pt\/wp-json\/wp\/v2\/product\/3616\/revisions\/3859"}],"wp:featuredmedia":[{"embeddable":true,"href":"https:\/\/www.woseal.com\/pt\/wp-json\/wp\/v2\/media\/3617"}],"wp:attachment":[{"href":"https:\/\/www.woseal.com\/pt\/wp-json\/wp\/v2\/media?parent=3616"}],"wp:term":[{"taxonomy":"product_brand","embeddable":true,"href":"https:\/\/www.woseal.com\/pt\/wp-json\/wp\/v2\/product_brand?post=3616"},{"taxonomy":"product_cat","embeddable":true,"href":"https:\/\/www.woseal.com\/pt\/wp-json\/wp\/v2\/product_cat?post=3616"},{"taxonomy":"product_tag","embeddable":true,"href":"https:\/\/www.woseal.com\/pt\/wp-json\/wp\/v2\/product_tag?post=3616"}],"curies":[{"name":"wp","href":"https:\/\/api.w.org\/{rel}","templated":true}]}}