{"id":3626,"date":"2025-03-28T11:37:55","date_gmt":"2025-03-28T03:37:55","guid":{"rendered":"https:\/\/www.woseal.com\/?post_type=product&#038;p=3626"},"modified":"2025-04-11T11:53:20","modified_gmt":"2025-04-11T03:53:20","slug":"bts-006-hot-selling-custom-logo-laser-printing-bolt-seals-bullet-container-seal-bolt-security-seals","status":"publish","type":"product","link":"https:\/\/www.woseal.com\/pt\/produto\/bts-006-hot-selling-custom-logo-laser-printing-bolt-seals-bullet-container-seal-bolt-security-seals","title":{"rendered":"BTS-006 Selos de seguran\u00e7a de parafuso de impress\u00e3o a laser com log\u00f3tipo personalizado de venda quente Selos de seguran\u00e7a de parafuso de contentor de bala"},"content":{"rendered":"<table class=\"has-title all magic-7\">\n<tbody>\n<tr>\n<td colspan=\"1\" rowspan=\"1\">\n<div class=\"magic-8\" data-spm-anchor-id=\"a2700.details.0.i72.548d3cebslxGr5\">Local de origem<\/div>\n<\/td>\n<td colspan=\"1\" rowspan=\"1\">\n<div class=\"magic-9\">China<\/div>\n<\/td>\n<\/tr>\n<tr>\n<td colspan=\"1\" rowspan=\"1\">\n<div class=\"magic-8\">Item<\/div>\n<\/td>\n<td colspan=\"1\" rowspan=\"1\">\n<div class=\"magic-9\">Veda\u00e7\u00e3o do parafuso<\/div>\n<\/td>\n<\/tr>\n<tr>\n<td colspan=\"1\" rowspan=\"1\">\n<div class=\"magic-8\">Modelo<\/div>\n<\/td>\n<td colspan=\"1\" rowspan=\"1\">\n<div class=\"magic-9\">BTS-006<\/div>\n<\/td>\n<\/tr>\n<tr>\n<td colspan=\"1\" rowspan=\"1\">\n<div class=\"magic-8\">Material<\/div>\n<\/td>\n<td colspan=\"1\" rowspan=\"1\">\n<div class=\"magic-9\">ABS+A\u00e7o carbono galvanizado<\/div>\n<\/td>\n<\/tr>\n<tr>\n<td colspan=\"1\" rowspan=\"1\">\n<div class=\"magic-8\">Tamanho do corpo do cadeado<\/div>\n<\/td>\n<td colspan=\"1\" rowspan=\"1\">\n<div class=\"magic-9\">81,5*54*22mm<\/div>\n<\/td>\n<\/tr>\n<tr>\n<td colspan=\"1\" rowspan=\"1\">\n<div class=\"magic-8\">Peso<\/div>\n<\/td>\n<td colspan=\"1\" rowspan=\"1\">\n<div class=\"magic-9\">67.4g<\/div>\n<\/td>\n<\/tr>\n<tr>\n<td colspan=\"1\" rowspan=\"1\">\n<div class=\"magic-8\">Cor<\/div>\n<\/td>\n<td colspan=\"1\" rowspan=\"1\">\n<div class=\"magic-9\">Amarelo, branco, azul, verde, vermelho, etc.<\/div>\n<\/td>\n<\/tr>\n<tr>\n<td colspan=\"1\" rowspan=\"1\">\n<div class=\"magic-8\">Tipo de impress\u00e3o<\/div>\n<\/td>\n<td colspan=\"1\" rowspan=\"1\">\n<div class=\"magic-9\">Marca\u00e7\u00e3o a laser ou estampagem a quente, impress\u00e3o serigr\u00e1fica<\/div>\n<\/td>\n<\/tr>\n<tr>\n<td colspan=\"1\" rowspan=\"1\">\n<div class=\"magic-8\">Marca\u00e7\u00e3o de conte\u00fados<\/div>\n<\/td>\n<td colspan=\"1\" rowspan=\"1\">\n<div class=\"magic-9\">N\u00fameros, letras, marcas, c\u00f3digos de barras, etc.<\/div>\n<\/td>\n<\/tr>\n<tr>\n<td colspan=\"1\" rowspan=\"1\">\n<div class=\"magic-8\">Embalagem<\/div>\n<\/td>\n<td colspan=\"1\" rowspan=\"1\">\n<div class=\"magic-9\">10 unidades \/ caixa de pl\u00e1stico 25 caixas \/cart\u00e3o<\/div>\n<\/td>\n<\/tr>\n<tr>\n<td colspan=\"1\" rowspan=\"1\">\n<div class=\"magic-8\">Aplica\u00e7\u00e3o<\/div>\n<\/td>\n<td colspan=\"1\" rowspan=\"1\">\n<div class=\"magic-9\">Todos os tipos de reboque, cami\u00e3o-cisterna, transporte mar\u00edtimo, transporte ferrovi\u00e1rio, frete log\u00edstico, cofre, cacifos, etc.<\/div>\n<\/td>\n<\/tr>\n<tr>\n<td colspan=\"1\" rowspan=\"1\">\n<div class=\"magic-8\">Certificado da empresa<\/div>\n<\/td>\n<td colspan=\"1\" rowspan=\"1\">\n<div class=\"magic-9\">ISO17712,ISO9001,ISO14001,ISO45001<\/div>\n<\/td>\n<\/tr>\n<\/tbody>\n<\/table>\n<p>Aumente a seguran\u00e7a da sua carga com o BTS-006 Hot Selling Custom Logo Laser Printing Bolt Seal, concebido para prote\u00e7\u00e3o inviol\u00e1vel e visibilidade da marca. Este selo de contentor tipo bala possui um parafuso de a\u00e7o resistente e um inv\u00f3lucro de pl\u00e1stico ABS concebido com precis\u00e3o, garantindo resist\u00eancia ao corte, \u00e0 intromiss\u00e3o e a condi\u00e7\u00f5es ambientais adversas. O log\u00f3tipo personalizado impresso a laser e os n\u00fameros de s\u00e9rie \u00fanicos melhoram a rastreabilidade, simplificam as auditorias de invent\u00e1rio e refor\u00e7am a identidade da marca. Em conformidade com a norma ISO17712 e inviol\u00e1vel, o BTS-006 proporciona uma seguran\u00e7a irrevers\u00edvel para contentores de transporte, portas de cami\u00f5es e cargas de elevado valor, deixando provas claras de acesso n\u00e3o autorizado. O seu design leve e robusto simplifica a aplica\u00e7\u00e3o e a inspe\u00e7\u00e3o, tornando-o ideal para log\u00edstica global, conformidade aduaneira e integridade da cadeia de fornecimento.<\/p>","protected":false},"excerpt":{"rendered":"<p>Os parafusos do modelo BTS-006 est\u00e3o em conformidade com a norma C-TPAT e t\u00eam certifica\u00e7\u00e3o ISO 17712 para alta seguran\u00e7a. Estes vedantes de parafusos impressos a laser est\u00e3o dispon\u00edveis numa variedade de cores. Os vedantes dos parafusos s\u00e3o utilizados para fixar os fechos das portas dos reboques e das portas dos contentores. Em stock e dispon\u00edveis para envio.<\/p>","protected":false},"featured_media":3627,"template":"","meta":[],"product_brand":[],"product_cat":[171],"product_tag":[202,207,208,209,213,214,227],"class_list":{"0":"post-3626","1":"product","2":"type-product","3":"status-publish","4":"has-post-thumbnail","6":"product_cat-bolt-seal","7":"product_tag-bolt-seal","8":"product_tag-shipping-container-bolt-seals","9":"product_tag-truck-security-seals","10":"product_tag-logistics-bolt-seals","11":"product_tag-high-security-bolt-seal","12":"product_tag-container-bolt-seal","13":"product_tag-bolt-security-seals","15":"first","16":"instock","17":"featured","18":"shipping-taxable","19":"product-type-simple"},"_links":{"self":[{"href":"https:\/\/www.woseal.com\/pt\/wp-json\/wp\/v2\/product\/3626","targetHints":{"allow":["GET"]}}],"collection":[{"href":"https:\/\/www.woseal.com\/pt\/wp-json\/wp\/v2\/product"}],"about":[{"href":"https:\/\/www.woseal.com\/pt\/wp-json\/wp\/v2\/types\/product"}],"version-history":[{"count":3,"href":"https:\/\/www.woseal.com\/pt\/wp-json\/wp\/v2\/product\/3626\/revisions"}],"predecessor-version":[{"id":3861,"href":"https:\/\/www.woseal.com\/pt\/wp-json\/wp\/v2\/product\/3626\/revisions\/3861"}],"wp:featuredmedia":[{"embeddable":true,"href":"https:\/\/www.woseal.com\/pt\/wp-json\/wp\/v2\/media\/3627"}],"wp:attachment":[{"href":"https:\/\/www.woseal.com\/pt\/wp-json\/wp\/v2\/media?parent=3626"}],"wp:term":[{"taxonomy":"product_brand","embeddable":true,"href":"https:\/\/www.woseal.com\/pt\/wp-json\/wp\/v2\/product_brand?post=3626"},{"taxonomy":"product_cat","embeddable":true,"href":"https:\/\/www.woseal.com\/pt\/wp-json\/wp\/v2\/product_cat?post=3626"},{"taxonomy":"product_tag","embeddable":true,"href":"https:\/\/www.woseal.com\/pt\/wp-json\/wp\/v2\/product_tag?post=3626"}],"curies":[{"name":"wp","href":"https:\/\/api.w.org\/{rel}","templated":true}]}}