{"id":3691,"date":"2025-03-31T14:01:57","date_gmt":"2025-03-31T06:01:57","guid":{"rendered":"https:\/\/www.woseal.com\/?post_type=product&#038;p=3691"},"modified":"2025-04-11T11:48:39","modified_gmt":"2025-04-11T03:48:39","slug":"cbs-005-iso-certified-cable-seal-reasonable-price-wire-cable-seal-locks-for-logistic-security-container-cable-tag-seals","status":"publish","type":"product","link":"https:\/\/www.woseal.com\/pt\/produto\/cbs-005-iso-certified-cable-seal-reasonable-price-wire-cable-seal-locks-for-logistic-security-container-cable-tag-seals","title":{"rendered":"CBS-005 Selo de Cabo Certificado Iso Pre\u00e7o Razo\u00e1vel Selo de Cabo de Arame Fechaduras para Seguran\u00e7a Log\u00edstica Selos de Etiqueta de Cabo de Recipiente"},"content":{"rendered":"<table class=\"has-title all magic-7\">\n<tbody>\n<tr>\n<td colspan=\"1\" rowspan=\"1\">\n<div class=\"magic-8\" data-spm-anchor-id=\"a2700.details.0.i78.3634754fEKpJHy\">Nome<\/div>\n<\/td>\n<td colspan=\"1\" rowspan=\"1\">\n<div class=\"magic-9\">CBS-005<\/div>\n<\/td>\n<\/tr>\n<tr>\n<td colspan=\"1\" rowspan=\"1\">\n<div class=\"magic-8\">Material<\/div>\n<\/td>\n<td colspan=\"1\" rowspan=\"1\">\n<div class=\"magic-9\">Metalurgia do p\u00f3,Liga de alum\u00ednio,Cabo de a\u00e7o A3,7*7<\/div>\n<\/td>\n<\/tr>\n<tr>\n<td colspan=\"1\" rowspan=\"1\">\n<div class=\"magic-8\">Tamanho do corpo do cadeado<\/div>\n<\/td>\n<td colspan=\"1\" rowspan=\"1\">\n<div class=\"magic-9\">26*27*8mm<\/div>\n<\/td>\n<\/tr>\n<tr>\n<td colspan=\"1\" rowspan=\"1\">\n<div class=\"magic-8\">Di\u00e2metro<\/div>\n<\/td>\n<td colspan=\"1\" rowspan=\"1\">\n<div class=\"magic-9\">1,8 mm<\/div>\n<\/td>\n<\/tr>\n<tr>\n<td colspan=\"1\" rowspan=\"1\">\n<div class=\"magic-8\">Processo de fabrico<\/div>\n<\/td>\n<td colspan=\"1\" rowspan=\"1\">\n<div class=\"magic-9\">inje\u00e7\u00e3o\uff0cEstampagem<\/div>\n<\/td>\n<\/tr>\n<tr>\n<td colspan=\"1\" rowspan=\"1\">\n<div class=\"magic-8\">Cor<\/div>\n<\/td>\n<td colspan=\"1\" rowspan=\"1\">\n<div class=\"magic-9\">Vermelho, amarelo, preto, azul, verde, etc.<\/div>\n<\/td>\n<\/tr>\n<tr>\n<td colspan=\"1\" rowspan=\"1\">\n<div class=\"magic-8\">Material do cabo<\/div>\n<\/td>\n<td colspan=\"1\" rowspan=\"1\">\n<div class=\"magic-9\">A\u00e7o A3<\/div>\n<\/td>\n<\/tr>\n<tr>\n<td colspan=\"1\" rowspan=\"1\">\n<div class=\"magic-8\">Comprimento do cabo<\/div>\n<\/td>\n<td colspan=\"1\" rowspan=\"1\">\n<div class=\"magic-9\">25cm, 30cm de comprimento, qualquer comprimento pode ser personalizado<\/div>\n<\/td>\n<\/tr>\n<tr>\n<td colspan=\"1\" rowspan=\"1\">\n<div class=\"magic-8\">Tipo de impress\u00e3o<\/div>\n<\/td>\n<td colspan=\"1\" rowspan=\"1\">\n<div class=\"magic-9\">Marca\u00e7\u00e3o a laser,tto<\/div>\n<\/td>\n<\/tr>\n<tr>\n<td colspan=\"1\" rowspan=\"1\">\n<div class=\"magic-8\">Marca\u00e7\u00e3o de conte\u00fados<\/div>\n<\/td>\n<td colspan=\"1\" rowspan=\"1\">\n<div class=\"magic-9\">N\u00fameros, letras, marcas, c\u00f3digos de barras<\/div>\n<\/td>\n<\/tr>\n<tr>\n<td colspan=\"1\" rowspan=\"1\">\n<div class=\"magic-8\">Aplica\u00e7\u00e3o<\/div>\n<\/td>\n<td colspan=\"1\" rowspan=\"1\">\n<div class=\"magic-9\">Supermercados, petr\u00f3leo, contentores, contentores ferrovi\u00e1rios, caixas de contadores, bolsas de banco, etc.<\/div>\n<\/td>\n<\/tr>\n<tr>\n<td colspan=\"1\" rowspan=\"1\">\n<div class=\"magic-8\">Embalagem<\/div>\n<\/td>\n<td colspan=\"1\" rowspan=\"1\">\n<div class=\"magic-9\">100 unidades\/saco de pl\u00e1stico, 1000 unidades\/caixa de cart\u00e3o, 2000 unidades\/caixa de cart\u00e3o<\/div>\n<\/td>\n<\/tr>\n<tr>\n<td colspan=\"1\" rowspan=\"1\">\n<div class=\"magic-8\">Certificado da empresa<\/div>\n<\/td>\n<td colspan=\"1\" rowspan=\"1\">\n<div class=\"magic-9\">ISO17712,ISO9001,ISO14001,ISO45001<\/div>\n<\/td>\n<\/tr>\n<\/tbody>\n<\/table>\n<p>Garanta uma seguran\u00e7a econ\u00f3mica e com certifica\u00e7\u00e3o ISO para a sua log\u00edstica com o Selo de Cabo CBS-005. Concebida para ser fi\u00e1vel e acess\u00edvel, esta veda\u00e7\u00e3o de cabo de a\u00e7o combina fio de a\u00e7o de alta resist\u00eancia com um mecanismo de bloqueio inviol\u00e1vel, proporcionando uma prote\u00e7\u00e3o robusta contra o acesso n\u00e3o autorizado. Com certifica\u00e7\u00e3o ISO para cumprir as normas de seguran\u00e7a globais, \u00e9 ideal para proteger contentores de transporte, carga e bens de elevado valor. O design refor\u00e7ado resiste a cortes, corros\u00e3o e condi\u00e7\u00f5es ambientais adversas, enquanto a sua aplica\u00e7\u00e3o f\u00e1cil de utilizar simplifica os fluxos de trabalho log\u00edsticos. Com foco em pre\u00e7os razo\u00e1veis, o CBS-005 oferece seguran\u00e7a de n\u00edvel industrial sem comprometer o or\u00e7amento, tornando-o perfeito para empresas que priorizam a conformidade e a dissuas\u00e3o de roubo. Confie em seus recursos inviol\u00e1veis e em sua constru\u00e7\u00e3o dur\u00e1vel para proteger as remessas e simplificar as auditorias.<\/p>","protected":false},"excerpt":{"rendered":"<div data-slate-node=\"element\">Modelo:CBS-005.<\/div>\n<div data-slate-node=\"element\"><span data-slate-node=\"text\"><span class=\"null\" data-slate-leaf=\"true\" data-sent-id=\"BajZANZgGe\">Este \u00e9 um vedante de cabo com corpo em alum\u00ednio. <\/span><\/span><span data-slate-node=\"text\"><span class=\"null\" data-slate-leaf=\"true\" data-sent-id=\"zgaPAKPg6e\">Para maior seguran\u00e7a, o cabo de 1,8 mm n\u00e3o pr\u00e9-formado desenrola-se quando cortado. <\/span><\/span><span data-slate-node=\"text\"><span class=\"null\" data-slate-leaf=\"true\" data-sent-id=\"zroNrDN4mB\">Os selos para cabos comprados online t\u00eam a impress\u00e3o a laser \"SEALED\" e s\u00e3o numerados consecutivamente.<\/span><\/span><\/div>\n<div data-slate-node=\"element\"><\/div>\n<div data-slate-node=\"element\" data-slate-fragment=\"JTVCJTdCJTIydHlwZSUyMiUzQSUyMnBhcmFncmFwaCUyMiUyQyUyMmNoaWxkcmVuJTIyJTNBJTVCJTdCJTIyaWQlMjIlM0ElMjJCYWpaQU5aZ0dlJTIyJTJDJTIycGFyYUlkeCUyMiUzQTAlMkMlMjJzcmMlMjIlM0ElMjJUaGlzJTIwaXMlMjBhbiUyMGFsdW1pbnVtJTIwYm9kaWVkJTIwY2FibGUlMjBzZWFsLiUyMCUyMiUyQyUyMmRzdCUyMiUzQSUyMiVFOCVCRiU5OSVFNiU5OCVBRiVFNCVCOCU4MCVFNCVCOCVBQSVFOSU5MyU5RCVFNSU4OCVCNiVFNyU5NCVCNSVFNyVCQyU4NiVFNSVBRiU4NiVFNSVCMCU4MSVFNCVCQiVCNiVFMyU4MCU4MiUyMiUyQyUyMm1ldGFkYXRhJTIyJTNBJTIyJTIyJTJDJTIybWF0Y2hlcyUyMiUzQW51bGwlMkMlMjJtZXRhRGF0YSUyMiUzQSU1QiU1RCUyQyUyMnRleHQlMjIlM0ElMjJUaGlzJTIwaXMlMjBhbiUyMGFsdW1pbnVtJTIwYm9kaWVkJTIwY2FibGUlMjBzZWFsLiUyMCUyMiU3RCUyQyU3QiUyMmlkJTIyJTNBJTIyemdhUEFLUGc2ZSUyMiUyQyUyMnBhcmFJZHglMjIlM0EwJTJDJTIyc3JjJTIyJTNBJTIyRm9yJTIwYWRkZWQlMjBzZWN1cml0eSUyMHRoZSUyMDEuOCUyMG1tJTIwbm9uLXByZWZvcm1lZCUyMGNhYmxlJTIwdW5yYXZlbHMlMjB3aGVuJTIwY3V0LiUyMCUyMiUyQyUyMmRzdCUyMiUzQSUyMiVFNCVCOCVCQSVFNCVCQSU4NiVFNSVBMiU5RSVFNSU4QSVBMCVFNSVBRSU4OSVFNSU4NSVBOCVFNiU4MCVBNyVFRiVCQyU4QzEuOCVFNiVBRiVBQiVFNyVCMSVCMyVFNyU5QSU4NCVFOSU5RCU5RSVFOSVBMiU4NCVFNiU4OCU5MCVFNSU5RSU4QiVFNyU5NCVCNSVFNyVCQyU4NiVFNSU5QyVBOCVFNSU4OCU4NyVFNSU4OSVCMiVFNiU5NyVCNiVFNCVCQyU5QSVFNiU5NSVBMyVFNSVCQyU4MCVFMyU4MCU4MiUyMiUyQyUyMm1ldGFkYXRhJTIyJTNBJTIyJTIyJTJDJTIybWF0Y2hlcyUyMiUzQW51bGwlMkMlMjJtZXRhRGF0YSUyMiUzQSU1QiU1RCUyQyUyMnRleHQlMjIlM0ElMjJGb3IlMjBhZGRlZCUyMHNlY3VyaXR5JTIwdGhlJTIwMS44JTIwbW0lMjBub24tcHJlZm9ybWVkJTIwY2FibGUlMjB1bnJhdmVscyUyMHdoZW4lMjBjdXQuJTIwJTIyJTdEJTJDJTdCJTIyaWQlMjIlM0ElMjJ6cm9OckRONG1CJTIyJTJDJTIycGFyYUlkeCUyMiUzQTAlMkMlMjJzcmMlMjIlM0ElMjJDYWJsZSUyMHNlYWxzJTIwcHVyY2hhc2VkJTIwb25saW5lJTIwYXJlJTIwbGFzZXIlMjBwcmludGVkJTIwJUUyJTgwJTlDU0VBTEVEJUUyJTgwJTlEJTIwYW5kJTIwY29uc2VjdXRpdmVseSUyMG51bWJlcmVkLiUyMiUyQyUyMmRzdCUyMiUzQSUyMiVFNSU5QyVBOCVFNyVCQSVCRiVFOCVCNCVBRCVFNCVCOSVCMCVFNyU5QSU4NCVFNyU5NCVCNSVFNyVCQyU4NiVFNSVBRiU4NiVFNSVCMCU4MSVFNCVCQiVCNiVFNiU5OCVBRiVFNiVCRiU4MCVFNSU4NSU4OSVFNiU4OSU5MyVFNSU4RCVCMCVFNyU5QSU4NCVFMiU4MCU5QyVFNSVBRiU4NiVFNSVCMCU4MSVFMiU4MCU5RCVFRiVCQyU4QyVFNSVCOSVCNiVFOCVCRiU5RSVFNyVCQiVBRCVFNyVCQyU5NiVFNSU4RiVCNyVFMyU4MCU4MiUyMiUyQyUyMm1ldGFkYXRhJTIyJTNBJTIyJTIyJTJDJTIybWF0Y2hlcyUyMiUzQW51bGwlMkMlMjJtZXRhRGF0YSUyMiUzQSU1QiU1RCUyQyUyMnRleHQlMjIlM0ElMjJDYWJsZSUyMHNlYWxzJTIwcHVyY2hhc2VkJTIwb25saW5lJTIwYXJlJTIwbGFzZXIlMjBwcmludGVkJTIwJUUyJTgwJTlDU0VBTEVEJUUyJTgwJTlEJTIwYW5kJTIwY29uc2VjdXRpdmVseSUyMG51bWJlcmVkLiUyMiU3RCU1RCU3RCUyQyU3QiUyMnR5cGUlMjIlM0ElMjJwYXJhZ3JhcGglMjIlMkMlMjJjaGlsZHJlbiUyMiUzQSU1QiU3QiUyMmlkJTIyJTNBJTIyQlpvMVlRMWFRZSUyMiUyQyUyMnBhcmFJZHglMjIlM0ExJTJDJTIyc3JjJTIyJTNBJTIyJTIyJTJDJTIyZHN0JTIyJTNBJTIyJTIyJTJDJTIybWV0YWRhdGElMjIlM0ElMjIlMjIlMkMlMjJtYXRjaGVzJTIyJTNBbnVsbCUyQyUyMm1ldGFEYXRhJTIyJTNBJTVCJTVEJTJDJTIydGV4dCUyMiUzQSUyMiUyMiU3RCU1RCU3RCUyQyU3QiUyMnR5cGUlMjIlM0ElMjJwYXJhZ3JhcGglMjIlMkMlMjJjaGlsZHJlbiUyMiUzQSU1QiU3QiUyMmlkJTIyJTNBJTIyemxEMUFxMTBQeiUyMiUyQyUyMnBhcmFJZHglMjIlM0EyJTJDJTIyc3JjJTIyJTNBJTIyVGhpcyUyMHByb2R1Y3QlMjBpcyUyMGN1cnJlbnRseSUyMGF2YWlsYWJsZSUyMGluJTIwUmVkJTJDJTIwR3JlZW4lMkNZZWxsb3clMkNCbGFjayUyMGFuZCUyMEJsdWUuJTIwJTIyJTJDJTIyZHN0JTIyJTNBJTIyJUU4JUFGJUE1JUU0JUJBJUE3JUU1JTkzJTgxJUU3JTlCJUFFJUU1JTg5JThEJUU2JTlDJTg5JUU3JUJBJUEyJUU4JTg5JUIyJUUzJTgwJTgxJUU3JUJCJUJGJUU4JTg5JUIyJUUzJTgwJTgxJUU5JUJCJTg0JUU4JTg5JUIyJUUzJTgwJTgxJUU5JUJCJTkxJUU4JTg5JUIyJUU1JTkyJThDJUU4JTkzJTlEJUU4JTg5JUIyJUU1JThGJUFGJUU0JUJFJTlCJUU5JTgwJTg5JUU2JThCJUE5JUUzJTgwJTgyJTIyJTJDJTIybWV0YWRhdGElMjIlM0ElMjIlMjIlMkMlMjJtYXRjaGVzJTIyJTNBbnVsbCUyQyUyMm1ldGFEYXRhJTIyJTNBJTVCJTVEJTJDJTIydGV4dCUyMiUzQSUyMlRoaXMlMjBwcm9kdWN0JTIwaXMlMjBjdXJyZW50bHklMjBhdmFpbGFibGUlMjBpbiUyMFJlZCUyQyUyMEdyZWVuJTJDWWVsbG93JTJDQmxhY2slMjBhbmQlMjBCbHVlLiUyMCUyMiU3RCUyQyU3QiUyMmlkJTIyJTNBJTIyQkRkTTB4TVBsQiUyMiUyQyUyMnBhcmFJZHglMjIlM0EyJTJDJTIyc3JjJTIyJTNBJTIyQ29udGFjdCUyMHVzJTIwZm9yJTIwb3RoZXIlMjBjb2xvcnMuJTIyJTJDJTIyZHN0JTIyJTNBJTIyJUU4JTgxJTk0JUU3JUIzJUJCJUU2JTg4JTkxJUU0JUJCJUFDJUU0JUJBJTg2JUU4JUE3JUEzJUU1JTg1JUI2JUU0JUJCJTk2JUU5JUEyJTlDJUU4JTg5JUIyJUUzJTgwJTgyJTIyJTJDJTIybWV0YWRhdGElMjIlM0ElMjIlMjIlMkMlMjJtYXRjaGVzJTIyJTNBbnVsbCUyQyUyMm1ldGFEYXRhJTIyJTNBJTVCJTVEJTJDJTIydGV4dCUyMiUzQSUyMkNvbnRhY3QlMjB1cyUyMGZvciUyMG90aGVyJTIwY29sb3JzLiUyMiU3RCU1RCU3RCU1RA==\"><span data-slate-node=\"text\"><span class=\"null hover-sent\" data-slate-leaf=\"true\" data-sent-id=\"zlD1Aq10Pz\">Este produto est\u00e1 atualmente dispon\u00edvel em vermelho, verde, amarelo, preto e azul. <\/span><\/span><span data-slate-node=\"text\"><span class=\"null\" data-slate-leaf=\"true\" data-sent-id=\"BDdM0xMPlB\">Contacte-nos para outras cores.<\/span><\/span><\/div>","protected":false},"featured_media":3698,"template":"","meta":[],"product_brand":[],"product_cat":[168],"product_tag":[230,231,232,233,310,325,336,337,338,339,340,341,177,178,228,229],"class_list":{"0":"post-3691","1":"product","2":"type-product","3":"status-publish","4":"has-post-thumbnail","6":"product_cat-cable-seal","7":"product_tag-reasonable-price-cable-seal","8":"product_tag-iso-certified-seal","9":"product_tag-container-cable-seals","10":"product_tag-cable-tag","11":"product_tag-steel-wire-cable-locks","12":"product_tag-shipping-container-locks","13":"product_tag-iso-certified-cable-seal","14":"product_tag-cbs-005-wire-seal","15":"product_tag-affordable-logistics-security","16":"product_tag-tamper-proof-container-seals","17":"product_tag-budget-friendly-cable-tags","18":"product_tag-cargo-security-seals","19":"product_tag-wire-seal","20":"product_tag-security-seal","21":"product_tag-cable-seal-lock","22":"product_tag-logistic-wire-seal","24":"first","25":"instock","26":"shipping-taxable","27":"product-type-simple"},"_links":{"self":[{"href":"https:\/\/www.woseal.com\/pt\/wp-json\/wp\/v2\/product\/3691","targetHints":{"allow":["GET"]}}],"collection":[{"href":"https:\/\/www.woseal.com\/pt\/wp-json\/wp\/v2\/product"}],"about":[{"href":"https:\/\/www.woseal.com\/pt\/wp-json\/wp\/v2\/types\/product"}],"version-history":[{"count":2,"href":"https:\/\/www.woseal.com\/pt\/wp-json\/wp\/v2\/product\/3691\/revisions"}],"predecessor-version":[{"id":3847,"href":"https:\/\/www.woseal.com\/pt\/wp-json\/wp\/v2\/product\/3691\/revisions\/3847"}],"wp:featuredmedia":[{"embeddable":true,"href":"https:\/\/www.woseal.com\/pt\/wp-json\/wp\/v2\/media\/3698"}],"wp:attachment":[{"href":"https:\/\/www.woseal.com\/pt\/wp-json\/wp\/v2\/media?parent=3691"}],"wp:term":[{"taxonomy":"product_brand","embeddable":true,"href":"https:\/\/www.woseal.com\/pt\/wp-json\/wp\/v2\/product_brand?post=3691"},{"taxonomy":"product_cat","embeddable":true,"href":"https:\/\/www.woseal.com\/pt\/wp-json\/wp\/v2\/product_cat?post=3691"},{"taxonomy":"product_tag","embeddable":true,"href":"https:\/\/www.woseal.com\/pt\/wp-json\/wp\/v2\/product_tag?post=3691"}],"curies":[{"name":"wp","href":"https:\/\/api.w.org\/{rel}","templated":true}]}}