{"id":3701,"date":"2025-03-31T16:29:41","date_gmt":"2025-03-31T08:29:41","guid":{"rendered":"https:\/\/www.woseal.com\/?post_type=product&#038;p=3701"},"modified":"2025-04-11T11:47:10","modified_gmt":"2025-04-11T03:47:10","slug":"cbs-006-250mm-hexagonal-large-sized-steel-wire-seal-with-tamper-proof-serial-number-for-secure-shipping-cable-seal","status":"publish","type":"product","link":"https:\/\/www.woseal.com\/pt\/produto\/cbs-006-250mm-hexagonal-large-sized-steel-wire-seal-with-tamper-proof-serial-number-for-secure-shipping-cable-seal","title":{"rendered":"CBS-006 Selo de fio de a\u00e7o hexagonal de tamanho grande de 250 mm com n\u00famero de s\u00e9rie \u00e0 prova de adultera\u00e7\u00e3o para selo de cabo de transporte seguro"},"content":{"rendered":"<table class=\"has-title all magic-11\">\n<tbody>\n<tr>\n<td colspan=\"1\" rowspan=\"1\">\n<div class=\"magic-12\" data-spm-anchor-id=\"a2700.details.0.i75.1dad1faa248juH\">Nome<\/div>\n<\/td>\n<td colspan=\"1\" rowspan=\"1\">\n<div class=\"magic-13\">CBS-006<\/div>\n<\/td>\n<\/tr>\n<tr>\n<td colspan=\"1\" rowspan=\"1\">\n<div class=\"magic-12\">material<\/div>\n<\/td>\n<td colspan=\"1\" rowspan=\"1\">\n<div class=\"magic-13\">Liga de alum\u00ednio, cabo de a\u00e7o A3<\/div>\n<\/td>\n<\/tr>\n<tr>\n<td colspan=\"1\" rowspan=\"1\">\n<div class=\"magic-12\">Tamanho do corpo do cadeado<\/div>\n<\/td>\n<td colspan=\"1\" rowspan=\"1\">\n<div class=\"magic-13\">26,3*26*7,5 mm<\/div>\n<\/td>\n<\/tr>\n<tr>\n<td colspan=\"1\" rowspan=\"1\">\n<div class=\"magic-12\">Di\u00e2metro<\/div>\n<\/td>\n<td colspan=\"1\" rowspan=\"1\">\n<div class=\"magic-13\">3,5 mm<\/div>\n<\/td>\n<\/tr>\n<tr>\n<td colspan=\"1\" rowspan=\"1\">\n<div class=\"magic-12\">Processo de fabrico<\/div>\n<\/td>\n<td colspan=\"1\" rowspan=\"1\">\n<div class=\"magic-13\">inje\u00e7\u00e3o\uff0cEstampagem<\/div>\n<\/td>\n<\/tr>\n<tr>\n<td colspan=\"1\" rowspan=\"1\">\n<div class=\"magic-12\">Cor<\/div>\n<\/td>\n<td colspan=\"1\" rowspan=\"1\">\n<div class=\"magic-13\">Vermelho, amarelo, preto, azul, verde, etc.<\/div>\n<\/td>\n<\/tr>\n<tr>\n<td colspan=\"1\" rowspan=\"1\">\n<div class=\"magic-12\">Material do cabo<\/div>\n<\/td>\n<td colspan=\"1\" rowspan=\"1\">\n<div class=\"magic-13\">A\u00e7o A3<\/div>\n<\/td>\n<\/tr>\n<tr>\n<td colspan=\"1\" rowspan=\"1\">\n<div class=\"magic-12\">Comprimento do cabo<\/div>\n<\/td>\n<td colspan=\"1\" rowspan=\"1\">\n<div class=\"magic-13\">25cm, 30cm de comprimento, qualquer comprimento pode ser personalizado<\/div>\n<\/td>\n<\/tr>\n<tr>\n<td colspan=\"1\" rowspan=\"1\">\n<div class=\"magic-12\">Tipo de impress\u00e3o<\/div>\n<\/td>\n<td colspan=\"1\" rowspan=\"1\">\n<div class=\"magic-13\">Marca\u00e7\u00e3o a laser,tto<\/div>\n<\/td>\n<\/tr>\n<tr>\n<td colspan=\"1\" rowspan=\"1\">\n<div class=\"magic-12\">Marca\u00e7\u00e3o de conte\u00fados<\/div>\n<\/td>\n<td colspan=\"1\" rowspan=\"1\">\n<div class=\"magic-13\">N\u00fameros, letras, marcas, c\u00f3digos de barras<\/div>\n<\/td>\n<\/tr>\n<tr>\n<td colspan=\"1\" rowspan=\"1\">\n<div class=\"magic-12\">Aplica\u00e7\u00e3o<\/div>\n<\/td>\n<td colspan=\"1\" rowspan=\"1\">\n<div class=\"magic-13\">Supermercados, petr\u00f3leo, contentores, contentores ferrovi\u00e1rios, caixas de contadores, bolsas de banco, etc.<\/div>\n<\/td>\n<\/tr>\n<tr>\n<td colspan=\"1\" rowspan=\"1\">\n<div class=\"magic-12\">Embalagem<\/div>\n<\/td>\n<td colspan=\"1\" rowspan=\"1\">\n<div class=\"magic-13\">100 unidades\/saco de pl\u00e1stico, 1000 unidades\/caixa de cart\u00e3o, 2000 unidades\/caixa de cart\u00e3o<\/div>\n<\/td>\n<\/tr>\n<tr>\n<td colspan=\"1\" rowspan=\"1\">\n<div class=\"magic-12\">Certificado da empresa<\/div>\n<\/td>\n<td colspan=\"1\" rowspan=\"1\">\n<div class=\"magic-13\">ISO17712,ISO9001,ISO14001,ISO45001<\/div>\n<\/td>\n<\/tr>\n<\/tbody>\n<\/table>\n<p>&nbsp;<\/p>\n<p>Aumente a seguran\u00e7a dos envios com o Selo de Cabo de A\u00e7o Hexagonal de Grandes Dimens\u00f5es CBS-006 de 250 mm, concebido para m\u00e1xima resist\u00eancia \u00e0 viola\u00e7\u00e3o e rastreabilidade. Com um design robusto de fio de a\u00e7o hexagonal e um n\u00famero de s\u00e9rie inviol\u00e1vel, este selo de cabo resistente garante uma prote\u00e7\u00e3o fi\u00e1vel contra o acesso n\u00e3o autorizado. O comprimento de 250 mm acomoda itens de carga grandes, enquanto a constru\u00e7\u00e3o em a\u00e7o refor\u00e7ado resiste a cortes, corros\u00e3o e condi\u00e7\u00f5es ambientais adversas. O n\u00famero de s\u00e9rie \u00fanico de cada selo permite um f\u00e1cil rastreio e documenta\u00e7\u00e3o, simplificando a conformidade com as normas de expedi\u00e7\u00e3o internacionais. Ideal para contentores de transporte, log\u00edstica, carga e bens de elevado valor, o CBS-006 combina durabilidade industrial com responsabilidade inviol\u00e1vel. Simplifique as auditorias, impe\u00e7a o roubo e proteja as suas expedi\u00e7\u00f5es com esta solu\u00e7\u00e3o de seguran\u00e7a fi\u00e1vel.<\/p>","protected":false},"excerpt":{"rendered":"<p>Modelo\uff1aCBS-006<\/p>\n<p>Este produto adopta um design de encaixe com um comprimento fixo de 250 mm e \u00e9 fornecido com uma placa de marca\u00e7\u00e3o grande, que pode imprimir claramente v\u00e1rios log\u00f3tipos e n\u00fameros de s\u00e9rie. Utilizando fio de a\u00e7o de 1,8 mm de di\u00e2metro, para maior seguran\u00e7a, o material ir\u00e1 espalhar-se quando cortado. Temos vermelho, amarelo, azul, verde, branco e outras cores para escolher. Para personaliza\u00e7\u00e3o espec\u00edfica, por favor consulte-nos!<\/p>","protected":false},"featured_media":3702,"template":"","meta":[],"product_brand":[],"product_cat":[168],"product_tag":[329,330,331,332,333,176,334,185,335,234,235,236,237,238,239,319,327,328],"class_list":{"0":"post-3701","1":"product","2":"type-product","3":"status-publish","4":"has-post-thumbnail","6":"product_cat-cable-seal","7":"product_tag-hexagonal-steel-wire-seal","8":"product_tag-250mm-large-cable-seal","9":"product_tag-heavy-duty-cargo-security","10":"product_tag-logistics-anti-theft-seals","11":"product_tag-tamper-evident-wire-locks","12":"product_tag-cable-seal","13":"product_tag-serialized-shipping-seals","14":"product_tag-anti-theft-cable-seal","15":"product_tag-industrial-grade-cable-tags","16":"product_tag-shipping-cable-seal","17":"product_tag-large-sized-steel-wire-seal","18":"product_tag-disposable-cable-seal","19":"product_tag-insert-cable-sealing-strip","20":"product_tag-truck-cable-seal","21":"product_tag-container-lock-seal","22":"product_tag-secure-shipping-seals","23":"product_tag-cbs-006-cable-seal","24":"product_tag-tamper-proof-serial-number-seal","26":"first","27":"instock","28":"shipping-taxable","29":"product-type-simple"},"_links":{"self":[{"href":"https:\/\/www.woseal.com\/pt\/wp-json\/wp\/v2\/product\/3701","targetHints":{"allow":["GET"]}}],"collection":[{"href":"https:\/\/www.woseal.com\/pt\/wp-json\/wp\/v2\/product"}],"about":[{"href":"https:\/\/www.woseal.com\/pt\/wp-json\/wp\/v2\/types\/product"}],"version-history":[{"count":3,"href":"https:\/\/www.woseal.com\/pt\/wp-json\/wp\/v2\/product\/3701\/revisions"}],"predecessor-version":[{"id":3846,"href":"https:\/\/www.woseal.com\/pt\/wp-json\/wp\/v2\/product\/3701\/revisions\/3846"}],"wp:featuredmedia":[{"embeddable":true,"href":"https:\/\/www.woseal.com\/pt\/wp-json\/wp\/v2\/media\/3702"}],"wp:attachment":[{"href":"https:\/\/www.woseal.com\/pt\/wp-json\/wp\/v2\/media?parent=3701"}],"wp:term":[{"taxonomy":"product_brand","embeddable":true,"href":"https:\/\/www.woseal.com\/pt\/wp-json\/wp\/v2\/product_brand?post=3701"},{"taxonomy":"product_cat","embeddable":true,"href":"https:\/\/www.woseal.com\/pt\/wp-json\/wp\/v2\/product_cat?post=3701"},{"taxonomy":"product_tag","embeddable":true,"href":"https:\/\/www.woseal.com\/pt\/wp-json\/wp\/v2\/product_tag?post=3701"}],"curies":[{"name":"wp","href":"https:\/\/api.w.org\/{rel}","templated":true}]}}