{"id":3710,"date":"2025-03-31T16:56:21","date_gmt":"2025-03-31T08:56:21","guid":{"rendered":"https:\/\/www.woseal.com\/?post_type=product&#038;p=3710"},"modified":"2025-04-11T11:43:46","modified_gmt":"2025-04-11T03:43:46","slug":"cbs-007-high-cost-effective-anti-theft-wire-cable-seals-for-secure-shipping-cable-tag-seal","status":"publish","type":"product","link":"https:\/\/www.woseal.com\/pt\/produto\/cbs-007-high-cost-effective-anti-theft-wire-cable-seals-for-secure-shipping-cable-tag-seal","title":{"rendered":"CBS-007 Selos de cabo de a\u00e7o antirroubo de alto custo-benef\u00edcio para selo de etiqueta de cabo de transporte seguro"},"content":{"rendered":"<table class=\"has-title all magic-7\">\n<tbody>\n<tr>\n<td colspan=\"1\" rowspan=\"1\">\n<div class=\"magic-8\" data-spm-anchor-id=\"a2700.details-description.0.i0.2eaaox72ox72vR\">Nome<\/div>\n<\/td>\n<td colspan=\"1\" rowspan=\"1\">\n<div class=\"magic-9\">CBS-007<\/div>\n<\/td>\n<\/tr>\n<tr>\n<td colspan=\"1\" rowspan=\"1\">\n<div class=\"magic-8\">Material<\/div>\n<\/td>\n<td colspan=\"1\" rowspan=\"1\">\n<div class=\"magic-9\">ABS, metalurgia do p\u00f3, cabo de a\u00e7o A3, 7*7<\/div>\n<\/td>\n<\/tr>\n<tr>\n<td colspan=\"1\" rowspan=\"1\">\n<div class=\"magic-8\">Tamanho do corpo do cadeado<\/div>\n<\/td>\n<td colspan=\"1\" rowspan=\"1\">\n<div class=\"magic-9\">18*23*8mm<\/div>\n<\/td>\n<\/tr>\n<tr>\n<td colspan=\"1\" rowspan=\"1\">\n<div class=\"magic-8\">Di\u00e2metro<\/div>\n<\/td>\n<td colspan=\"1\" rowspan=\"1\">\n<div class=\"magic-9\">1,8 mm<\/div>\n<\/td>\n<\/tr>\n<tr>\n<td colspan=\"1\" rowspan=\"1\">\n<div class=\"magic-8\">Processo de fabrico<\/div>\n<\/td>\n<td colspan=\"1\" rowspan=\"1\">\n<div class=\"magic-9\">inje\u00e7\u00e3o\uff0cEstampagem<\/div>\n<\/td>\n<\/tr>\n<tr>\n<td colspan=\"1\" rowspan=\"1\">\n<div class=\"magic-8\">Cor<\/div>\n<\/td>\n<td colspan=\"1\" rowspan=\"1\">\n<div class=\"magic-9\">Vermelho, amarelo, preto, azul, verde, etc.<\/div>\n<\/td>\n<\/tr>\n<tr>\n<td colspan=\"1\" rowspan=\"1\">\n<div class=\"magic-8\">Material do cabo<\/div>\n<\/td>\n<td colspan=\"1\" rowspan=\"1\">\n<div class=\"magic-9\">A\u00e7o A3<\/div>\n<\/td>\n<\/tr>\n<tr>\n<td colspan=\"1\" rowspan=\"1\">\n<div class=\"magic-8\">Comprimento do cabo<\/div>\n<\/td>\n<td colspan=\"1\" rowspan=\"1\">\n<div class=\"magic-9\">25cm, 30cm de comprimento, qualquer comprimento pode ser personalizado<\/div>\n<\/td>\n<\/tr>\n<tr>\n<td colspan=\"1\" rowspan=\"1\">\n<div class=\"magic-8\">Tipo de impress\u00e3o<\/div>\n<\/td>\n<td colspan=\"1\" rowspan=\"1\">\n<div class=\"magic-9\">Marca\u00e7\u00e3o a laser,tto<\/div>\n<\/td>\n<\/tr>\n<tr>\n<td colspan=\"1\" rowspan=\"1\">\n<div class=\"magic-8\">Marca\u00e7\u00e3o de conte\u00fados<\/div>\n<\/td>\n<td colspan=\"1\" rowspan=\"1\">\n<div class=\"magic-9\">N\u00fameros, letras, marcas, c\u00f3digos de barras<\/div>\n<\/td>\n<\/tr>\n<tr>\n<td colspan=\"1\" rowspan=\"1\">\n<div class=\"magic-8\">Aplica\u00e7\u00e3o<\/div>\n<\/td>\n<td colspan=\"1\" rowspan=\"1\">\n<div class=\"magic-9\">Supermercados, petr\u00f3leo, contentores, contentores ferrovi\u00e1rios, caixas de contadores, bolsas de banco, etc.<\/div>\n<\/td>\n<\/tr>\n<tr>\n<td colspan=\"1\" rowspan=\"1\">\n<div class=\"magic-8\">Embalagem<\/div>\n<\/td>\n<td colspan=\"1\" rowspan=\"1\">\n<div class=\"magic-9\">100 unidades\/saco de pl\u00e1stico, 1000 unidades\/caixa de cart\u00e3o, 2000 unidades\/caixa de cart\u00e3o<\/div>\n<\/td>\n<\/tr>\n<tr>\n<td colspan=\"1\" rowspan=\"1\">\n<div class=\"magic-8\">Certificado da empresa<\/div>\n<\/td>\n<td colspan=\"1\" rowspan=\"1\">\n<div class=\"magic-9\">ISO17712,ISO9001,ISO14001,ISO45001<\/div>\n<\/td>\n<\/tr>\n<\/tbody>\n<\/table>\n<p>Garanta envios seguros e \u00e0 prova de adultera\u00e7\u00e3o com os selos de cabo de a\u00e7o antirroubo CBS-007 de elevado custo-benef\u00edcio. Concebidos para serem fi\u00e1veis, estes selos de cabo apresentam um fio de a\u00e7o dur\u00e1vel e um inv\u00f3lucro em ABS refor\u00e7ado, proporcionando uma resist\u00eancia inigual\u00e1vel ao corte, \u00e0 manipula\u00e7\u00e3o e ao desgaste ambiental. O mecanismo exclusivo de fecho duplo garante seguran\u00e7a de utiliza\u00e7\u00e3o \u00fanica, deixando provas vis\u00edveis de acesso n\u00e3o autorizado - ideal para contentores de transporte, log\u00edstica, carga ou eletr\u00f3nica. Com o seu design econ\u00f3mico, o CBS-007 oferece prote\u00e7\u00e3o de n\u00edvel industrial sem comprometer a acessibilidade. F\u00e1ceis de aplicar e inspecionar, estes selos cumprem as normas de seguran\u00e7a globais, tornando-os uma escolha de confian\u00e7a para as empresas que d\u00e3o prioridade \u00e0 seguran\u00e7a da carga. Proteja os seus bens, impe\u00e7a o roubo e simplifique a conformidade com o Selo de Cabo CBS-007.<\/p>","protected":false},"excerpt":{"rendered":"<p>O Selo de Cabo CBS-007 combina seguran\u00e7a de alto custo-benef\u00edcio com durabilidade \u00e0 prova de viola\u00e7\u00e3o. Com fio de a\u00e7o, inv\u00f3lucro em ABS e um mecanismo de fecho duplo, garante uma dissuas\u00e3o vis\u00edvel do furto para expedi\u00e7\u00e3o, log\u00edstica e transporte de mercadorias.<\/p>","protected":false},"featured_media":3711,"template":"","meta":[],"product_brand":[],"product_cat":[168],"product_tag":[246,318,319,320,321,322,323,324,176,325,232,326,240,241,242,243,244,245],"class_list":{"0":"post-3710","1":"product","2":"type-product","3":"status-publish","4":"has-post-thumbnail","6":"product_cat-cable-seal","7":"product_tag-security-cable-seal","8":"product_tag-cable-seal-cbs-007","9":"product_tag-secure-shipping-seals","10":"product_tag-high-cost-effective-cable-locks","11":"product_tag-tamper-proof-cable-tags","12":"product_tag-heavy-duty-cable-security","13":"product_tag-logistics-security-seals","14":"product_tag-reusable-cable-seals","15":"product_tag-cable-seal","16":"product_tag-shipping-container-locks","17":"product_tag-container-cable-seals","18":"product_tag-abs-wire-seals","19":"product_tag-abs-cable-seal","20":"product_tag-anti-theft-wire-seal","21":"product_tag-disposable-cable-seals","22":"product_tag-oil-tanker-cable-seals","23":"product_tag-transport-cable-seals","24":"product_tag-safe-transportation-solutions-cable-seals","26":"first","27":"instock","28":"featured","29":"shipping-taxable","30":"product-type-simple"},"_links":{"self":[{"href":"https:\/\/www.woseal.com\/pt\/wp-json\/wp\/v2\/product\/3710","targetHints":{"allow":["GET"]}}],"collection":[{"href":"https:\/\/www.woseal.com\/pt\/wp-json\/wp\/v2\/product"}],"about":[{"href":"https:\/\/www.woseal.com\/pt\/wp-json\/wp\/v2\/types\/product"}],"version-history":[{"count":3,"href":"https:\/\/www.woseal.com\/pt\/wp-json\/wp\/v2\/product\/3710\/revisions"}],"predecessor-version":[{"id":3844,"href":"https:\/\/www.woseal.com\/pt\/wp-json\/wp\/v2\/product\/3710\/revisions\/3844"}],"wp:featuredmedia":[{"embeddable":true,"href":"https:\/\/www.woseal.com\/pt\/wp-json\/wp\/v2\/media\/3711"}],"wp:attachment":[{"href":"https:\/\/www.woseal.com\/pt\/wp-json\/wp\/v2\/media?parent=3710"}],"wp:term":[{"taxonomy":"product_brand","embeddable":true,"href":"https:\/\/www.woseal.com\/pt\/wp-json\/wp\/v2\/product_brand?post=3710"},{"taxonomy":"product_cat","embeddable":true,"href":"https:\/\/www.woseal.com\/pt\/wp-json\/wp\/v2\/product_cat?post=3710"},{"taxonomy":"product_tag","embeddable":true,"href":"https:\/\/www.woseal.com\/pt\/wp-json\/wp\/v2\/product_tag?post=3710"}],"curies":[{"name":"wp","href":"https:\/\/api.w.org\/{rel}","templated":true}]}}