{"id":3719,"date":"2025-03-31T18:13:58","date_gmt":"2025-03-31T10:13:58","guid":{"rendered":"https:\/\/www.woseal.com\/?post_type=product&#038;p=3719"},"modified":"2025-04-11T11:37:04","modified_gmt":"2025-04-11T03:37:04","slug":"cbs-008-good-quality-low-price-container-truck-wire-cable-seal-lock-self-locking-steel-wire-tight-laser-print-hex-cable-tag-seal","status":"publish","type":"product","link":"https:\/\/www.woseal.com\/pt\/produto\/cbs-008-good-quality-low-price-container-truck-wire-cable-seal-lock-self-locking-steel-wire-tight-laser-print-hex-cable-tag-seal","title":{"rendered":"CBS-008 Boa Qualidade Baixo Pre\u00e7o Caminh\u00e3o Contentor Cabo Fio Selo Bloqueio Auto-bloqueio Fio de A\u00e7o Apertado Laser Imprimir Hex Cabo Tag Selo"},"content":{"rendered":"<table class=\"has-title all magic-7\">\n<tbody>\n<tr>\n<td colspan=\"1\" rowspan=\"1\">\n<div class=\"magic-8\" data-spm-anchor-id=\"a2700.details.0.i74.29a1246d0vvufh\">Nome<\/div>\n<\/td>\n<td colspan=\"1\" rowspan=\"1\">\n<div class=\"magic-9\">CBS-008<\/div>\n<\/td>\n<\/tr>\n<tr>\n<td colspan=\"1\" rowspan=\"1\">\n<div class=\"magic-8\">material<\/div>\n<\/td>\n<td colspan=\"1\" rowspan=\"1\">\n<div class=\"magic-9\">ABS, metalurgia do p\u00f3, cabo de a\u00e7o A3, 7*7<\/div>\n<\/td>\n<\/tr>\n<tr>\n<td colspan=\"1\" rowspan=\"1\">\n<div class=\"magic-8\">Tamanho do corpo do cadeado<\/div>\n<\/td>\n<td colspan=\"1\" rowspan=\"1\">\n<div class=\"magic-9\">30*34*7mm<\/div>\n<\/td>\n<\/tr>\n<tr>\n<td colspan=\"1\" rowspan=\"1\">\n<div class=\"magic-8\">Di\u00e2metro<\/div>\n<\/td>\n<td colspan=\"1\" rowspan=\"1\">\n<div class=\"magic-9\">1,8 mm<\/div>\n<\/td>\n<\/tr>\n<tr>\n<td colspan=\"1\" rowspan=\"1\">\n<div class=\"magic-8\">Processo de fabrico<\/div>\n<\/td>\n<td colspan=\"1\" rowspan=\"1\">\n<div class=\"magic-9\">inje\u00e7\u00e3o\uff0cEstampagem<\/div>\n<\/td>\n<\/tr>\n<tr>\n<td colspan=\"1\" rowspan=\"1\">\n<div class=\"magic-8\">Cor<\/div>\n<\/td>\n<td colspan=\"1\" rowspan=\"1\">\n<div class=\"magic-9\">Vermelho, amarelo, branco, azul, verde, etc.<\/div>\n<\/td>\n<\/tr>\n<tr>\n<td colspan=\"1\" rowspan=\"1\">\n<div class=\"magic-8\">Material do cabo<\/div>\n<\/td>\n<td colspan=\"1\" rowspan=\"1\">\n<div class=\"magic-9\">A\u00e7o A3<\/div>\n<\/td>\n<\/tr>\n<tr>\n<td colspan=\"1\" rowspan=\"1\">\n<div class=\"magic-8\">Comprimento do cabo<\/div>\n<\/td>\n<td colspan=\"1\" rowspan=\"1\">\n<div class=\"magic-9\">25cm, 30cm de comprimento, qualquer comprimento pode ser personalizado<\/div>\n<\/td>\n<\/tr>\n<tr>\n<td colspan=\"1\" rowspan=\"1\">\n<div class=\"magic-8\">Tipo de impress\u00e3o<\/div>\n<\/td>\n<td colspan=\"1\" rowspan=\"1\">\n<div class=\"magic-9\">Marca\u00e7\u00e3o a laser,tto<\/div>\n<\/td>\n<\/tr>\n<tr>\n<td colspan=\"1\" rowspan=\"1\">\n<div class=\"magic-8\">Marca\u00e7\u00e3o de conte\u00fados<\/div>\n<\/td>\n<td colspan=\"1\" rowspan=\"1\">\n<div class=\"magic-9\">N\u00fameros, letras, marcas, c\u00f3digos de barras<\/div>\n<\/td>\n<\/tr>\n<tr>\n<td colspan=\"1\" rowspan=\"1\">\n<div class=\"magic-8\">Aplica\u00e7\u00e3o<\/div>\n<\/td>\n<td colspan=\"1\" rowspan=\"1\">\n<div class=\"magic-9\">Supermercados, petr\u00f3leo, contentores, contentores ferrovi\u00e1rios, caixas de contadores, bolsas de banco, etc.<\/div>\n<\/td>\n<\/tr>\n<tr>\n<td colspan=\"1\" rowspan=\"1\">\n<div class=\"magic-8\">Embalagem<\/div>\n<\/td>\n<td colspan=\"1\" rowspan=\"1\">\n<div class=\"magic-9\">100 unidades\/saco de pl\u00e1stico, 1000 unidades\/caixa de cart\u00e3o, 2000 unidades\/caixa de cart\u00e3o<\/div>\n<\/td>\n<\/tr>\n<tr>\n<td colspan=\"1\" rowspan=\"1\">\n<div class=\"magic-8\">Certificado da empresa<\/div>\n<\/td>\n<td colspan=\"1\" rowspan=\"1\">\n<div class=\"magic-9\">ISO17712,ISO9001,ISO14001,ISO45001<\/div>\n<\/td>\n<\/tr>\n<\/tbody>\n<\/table>\n<p>Obtenha uma seguran\u00e7a de carga fi\u00e1vel e rent\u00e1vel com o cabo de veda\u00e7\u00e3o para cami\u00f5es porta-contentores CBS-008, um fecho de arame de a\u00e7o autoblocante concebido para uma log\u00edstica econ\u00f3mica sem comprometer a qualidade. Constru\u00eddo com\u00a0<strong>Fio de a\u00e7o de alta resist\u00eancia de 1,8 mm\/2 mm<\/strong>, este selo apresenta uma\u00a0<strong>mecanismo de fecho autom\u00e1tico<\/strong>\u00a0que garante um ajuste seguro e resistente a vibra\u00e7\u00f5es em contentores, reboques ou portas de cami\u00f5es. O\u00a0<strong>etiqueta de cabo hexagonal impressa a laser<\/strong>\u00a0proporciona uma clareza inviol\u00e1vel e uma identifica\u00e7\u00e3o permanente, com n\u00fameros de s\u00e9rie \u00fanicos para um f\u00e1cil rastreio e conformidade com as normas ISO 17712. Ideal para expedi\u00e7\u00e3o a granel, transporte de mercadorias ou armazenamento tempor\u00e1rio, a sua constru\u00e7\u00e3o resistente \u00e0 corros\u00e3o resiste a condi\u00e7\u00f5es climat\u00e9ricas adversas e a um manuseamento dif\u00edcil. Apesar do seu baixo pre\u00e7o, o CBS-008 oferece uma durabilidade excecional, tornando-o uma escolha de topo para PMEs, fornecedores de log\u00edstica e ind\u00fastrias que d\u00e3o prioridade \u00e0 acessibilidade e \u00e0 seguran\u00e7a. Cores personaliz\u00e1veis e op\u00e7\u00f5es de marca dispon\u00edveis.<\/p>","protected":false},"excerpt":{"rendered":"<p>O Selo de Cabo CBS-008 combina arame de a\u00e7o autoblocante, etiquetas hexagonais impressas a laser e um pre\u00e7o acess\u00edvel para seguran\u00e7a inviol\u00e1vel de contentores e cami\u00f5es - em conformidade com as normas ISO e constru\u00eddo para durar.<\/p>","protected":false},"featured_media":3720,"template":"","meta":[],"product_brand":[],"product_cat":[168],"product_tag":[310,311,312,313,314,176,315,183,316,238,317,239,246,247,248,249,250,308,309],"class_list":{"0":"post-3719","1":"product","2":"type-product","3":"status-publish","4":"has-post-thumbnail","6":"product_cat-cable-seal","7":"product_tag-steel-wire-cable-locks","8":"product_tag-laser-print-hex-tag-seals","9":"product_tag-iso-17712-compliant-security-seals","10":"product_tag-affordable-logistics-cable-locks","11":"product_tag-pull-tight-truck-seals","12":"product_tag-cable-seal","13":"product_tag-corrosion-resistant-wire-seals","14":"product_tag-safety-cable-seal","15":"product_tag-bulk-freight-security-solutions","16":"product_tag-truck-cable-seal","17":"product_tag-budget-container-sealing-tags","18":"product_tag-container-lock-seal","19":"product_tag-security-cable-seal","20":"product_tag-large-sized-label-seal","21":"product_tag-pp-cable-seal","22":"product_tag-steel-wire-seal","23":"product_tag-hex-cable-tag-seal","24":"product_tag-cbs-008-low-price-cable-seal","25":"product_tag-self-locking-container-truck-seals","27":"first","28":"instock","29":"featured","30":"shipping-taxable","31":"product-type-simple"},"_links":{"self":[{"href":"https:\/\/www.woseal.com\/pt\/wp-json\/wp\/v2\/product\/3719","targetHints":{"allow":["GET"]}}],"collection":[{"href":"https:\/\/www.woseal.com\/pt\/wp-json\/wp\/v2\/product"}],"about":[{"href":"https:\/\/www.woseal.com\/pt\/wp-json\/wp\/v2\/types\/product"}],"version-history":[{"count":2,"href":"https:\/\/www.woseal.com\/pt\/wp-json\/wp\/v2\/product\/3719\/revisions"}],"predecessor-version":[{"id":3842,"href":"https:\/\/www.woseal.com\/pt\/wp-json\/wp\/v2\/product\/3719\/revisions\/3842"}],"wp:featuredmedia":[{"embeddable":true,"href":"https:\/\/www.woseal.com\/pt\/wp-json\/wp\/v2\/media\/3720"}],"wp:attachment":[{"href":"https:\/\/www.woseal.com\/pt\/wp-json\/wp\/v2\/media?parent=3719"}],"wp:term":[{"taxonomy":"product_brand","embeddable":true,"href":"https:\/\/www.woseal.com\/pt\/wp-json\/wp\/v2\/product_brand?post=3719"},{"taxonomy":"product_cat","embeddable":true,"href":"https:\/\/www.woseal.com\/pt\/wp-json\/wp\/v2\/product_cat?post=3719"},{"taxonomy":"product_tag","embeddable":true,"href":"https:\/\/www.woseal.com\/pt\/wp-json\/wp\/v2\/product_tag?post=3719"}],"curies":[{"name":"wp","href":"https:\/\/api.w.org\/{rel}","templated":true}]}}