{"id":3732,"date":"2025-04-01T14:54:27","date_gmt":"2025-04-01T06:54:27","guid":{"rendered":"https:\/\/www.woseal.com\/?post_type=product&#038;p=3732"},"modified":"2025-04-11T11:30:58","modified_gmt":"2025-04-11T03:30:58","slug":"cbs-009-high-security-steel-pp-pull-tight-container-trailer-truck-transport-cable-seal-1-8mm-2mm-sealing-strip-ore","status":"publish","type":"product","link":"https:\/\/www.woseal.com\/pt\/produto\/cbs-009-high-security-steel-pp-pull-tight-container-trailer-truck-transport-cable-seal-1-8mm-2mm-sealing-strip-ore","title":{"rendered":"CBS-009 A\u00e7o de Alta Seguran\u00e7a PP Puxar Apertado Cont\u00eainer Reboque Caminh\u00e3o Transporte Cabo Selo 1.8mm 2mm Faixa de Veda\u00e7\u00e3o Min\u00e9rio"},"content":{"rendered":"<table class=\"has-title all magic-7\">\n<tbody>\n<tr>\n<td colspan=\"1\" rowspan=\"1\">\n<div class=\"magic-8\" data-spm-anchor-id=\"a2700.details.0.i74.59fb5553b74BTl\">Nome<\/div>\n<\/td>\n<td colspan=\"1\" rowspan=\"1\">\n<div class=\"magic-9\">CBS-009<\/div>\n<\/td>\n<\/tr>\n<tr>\n<td colspan=\"1\" rowspan=\"1\">\n<div class=\"magic-8\">Material<\/div>\n<\/td>\n<td colspan=\"1\" rowspan=\"1\">\n<div class=\"magic-9\">Metalurgia do p\u00f3, ABS, cabo de a\u00e7o A3, 7*7<\/div>\n<\/td>\n<\/tr>\n<tr>\n<td colspan=\"1\" rowspan=\"1\">\n<div class=\"magic-8\">Tamanho do corpo do cadeado<\/div>\n<\/td>\n<td colspan=\"1\" rowspan=\"1\">\n<div class=\"magic-9\">22*15*8mm<\/div>\n<\/td>\n<\/tr>\n<tr>\n<td colspan=\"1\" rowspan=\"1\">\n<div class=\"magic-8\">Di\u00e2metro<\/div>\n<\/td>\n<td colspan=\"1\" rowspan=\"1\">\n<div class=\"magic-9\">1,8 mm<\/div>\n<\/td>\n<\/tr>\n<tr>\n<td colspan=\"1\" rowspan=\"1\">\n<div class=\"magic-8\">Processo de fabrico<\/div>\n<\/td>\n<td colspan=\"1\" rowspan=\"1\">\n<div class=\"magic-9\">inje\u00e7\u00e3o\uff0cEstampagem<\/div>\n<\/td>\n<\/tr>\n<tr>\n<td colspan=\"1\" rowspan=\"1\">\n<div class=\"magic-8\">Cor<\/div>\n<\/td>\n<td colspan=\"1\" rowspan=\"1\">\n<div class=\"magic-9\">Vermelho, amarelo, branco, azul, verde, etc.<\/div>\n<\/td>\n<\/tr>\n<tr>\n<td colspan=\"1\" rowspan=\"1\">\n<div class=\"magic-8\">Material do cabo<\/div>\n<\/td>\n<td colspan=\"1\" rowspan=\"1\">\n<div class=\"magic-9\">A\u00e7o A3<\/div>\n<\/td>\n<\/tr>\n<tr>\n<td colspan=\"1\" rowspan=\"1\">\n<div class=\"magic-8\">Comprimento do cabo<\/div>\n<\/td>\n<td colspan=\"1\" rowspan=\"1\">\n<div class=\"magic-9\">25cm, 30cm de comprimento, qualquer comprimento pode ser personalizado<\/div>\n<\/td>\n<\/tr>\n<tr>\n<td colspan=\"1\" rowspan=\"1\">\n<div class=\"magic-8\">Tipo de impress\u00e3o<\/div>\n<\/td>\n<td colspan=\"1\" rowspan=\"1\">\n<div class=\"magic-9\">Marca\u00e7\u00e3o a laser,tto<\/div>\n<\/td>\n<\/tr>\n<tr>\n<td colspan=\"1\" rowspan=\"1\">\n<div class=\"magic-8\">Marca\u00e7\u00e3o de conte\u00fados<\/div>\n<\/td>\n<td colspan=\"1\" rowspan=\"1\">\n<div class=\"magic-9\">N\u00fameros, letras, marcas, c\u00f3digos de barras<\/div>\n<\/td>\n<\/tr>\n<tr>\n<td colspan=\"1\" rowspan=\"1\">\n<div class=\"magic-8\">Aplica\u00e7\u00e3o<\/div>\n<\/td>\n<td colspan=\"1\" rowspan=\"1\">\n<div class=\"magic-9\">Supermercados, petr\u00f3leo, contentores, contentores ferrovi\u00e1rios, caixas de contadores, bolsas de banco, etc.<\/div>\n<\/td>\n<\/tr>\n<tr>\n<td colspan=\"1\" rowspan=\"1\">\n<div class=\"magic-8\">Embalagem<\/div>\n<\/td>\n<td colspan=\"1\" rowspan=\"1\">\n<div class=\"magic-9\">100 unidades\/saco de pl\u00e1stico, 1000 unidades\/caixa de cart\u00e3o, 2000 unidades\/caixa de cart\u00e3o<\/div>\n<\/td>\n<\/tr>\n<tr>\n<td colspan=\"1\" rowspan=\"1\">\n<div class=\"magic-8\">Certificado da empresa<\/div>\n<\/td>\n<td colspan=\"1\" rowspan=\"1\">\n<div class=\"magic-9\">ISO17712,ISO9001,ISO14001,ISO45001<\/div>\n<\/td>\n<\/tr>\n<\/tbody>\n<\/table>\n<p>Proteja a sua carga com o cabo de veda\u00e7\u00e3o em a\u00e7o PP Pull-Tight CBS-009 de alta seguran\u00e7a, concebido para aplica\u00e7\u00f5es rigorosas de transporte em contentores, reboques e cami\u00f5es. Combinando ultra-dur\u00e1vel\u00a0<strong>fio de a\u00e7o<\/strong>\u00a0(op\u00e7\u00f5es de espessura de 1,8 mm ou 2 mm) e uma tira de veda\u00e7\u00e3o em PP refor\u00e7ado, este selo inviol\u00e1vel oferece uma resist\u00eancia inigual\u00e1vel ao corte, \u00e0 corros\u00e3o e a condi\u00e7\u00f5es ambientais adversas. O inovador\u00a0<strong>mecanismo de fecho por tra\u00e7\u00e3o<\/strong>\u00a0garante um ajuste firme e \u00e0 prova de vibra\u00e7\u00f5es, evitando que se solte durante o transporte e fornecendo evid\u00eancias visuais claras de tentativas de adultera\u00e7\u00e3o. Ideal para proteger mercadorias de alto valor, remessas de min\u00e9rio ou materiais perigosos, o CBS-009 apresenta n\u00fameros de s\u00e9rie e c\u00f3digos de barras exclusivos gravados a laser para total rastreabilidade e conformidade com as normas ISO 17712, C-TPAT e TAPA. Personaliz\u00e1vel em cores, comprimentos e marcas, \u00e9 constru\u00eddo para suportar tens\u00f5es extremas e uso repetitivo, tornando-o a escolha ideal para as ind\u00fastrias de log\u00edstica global, minera\u00e7\u00e3o e frete pesado.<\/p>","protected":false},"excerpt":{"rendered":"<p>O cabo de veda\u00e7\u00e3o CBS-009 oferece uma constru\u00e7\u00e3o em a\u00e7o\/PP de alta seguran\u00e7a, um design inviol\u00e1vel e op\u00e7\u00f5es de dupla espessura (1,8 mm\/2 mm) para uma prote\u00e7\u00e3o fi\u00e1vel do transporte de contentores, cami\u00f5es e min\u00e9rio - com certifica\u00e7\u00e3o ISO e personaliz\u00e1vel.<\/p>","protected":false},"featured_media":3737,"template":"","meta":[],"product_brand":[],"product_cat":[168],"product_tag":[303,304,305,306,176,307,178,183,239,240,249,252,298,299,300,301,302],"class_list":{"0":"post-3732","1":"product","2":"type-product","3":"status-publish","4":"has-post-thumbnail","6":"product_cat-cable-seal","7":"product_tag-iso-17712-compliant-ore-seals","8":"product_tag-corrosion-resistant-logistics-seals","9":"product_tag-heavy-duty-pp-steel-hybrid-seals","10":"product_tag-customizable-cargo-security-tags","11":"product_tag-cable-seal","12":"product_tag-mining-transport-anti-theft-solutions","13":"product_tag-security-seal","14":"product_tag-safety-cable-seal","15":"product_tag-container-lock-seal","16":"product_tag-abs-cable-seal","17":"product_tag-steel-wire-seal","18":"product_tag-transport-cable-seal","19":"product_tag-cbs-009-steel-pp-cable-seal","20":"product_tag-pull-tight-container-seals","21":"product_tag-tamper-evident-truck-transport-seals","22":"product_tag-1-8mm-2mm-sealing-strip","23":"product_tag-high-security-trailer-cable-locks","25":"first","26":"instock","27":"shipping-taxable","28":"product-type-simple"},"_links":{"self":[{"href":"https:\/\/www.woseal.com\/pt\/wp-json\/wp\/v2\/product\/3732","targetHints":{"allow":["GET"]}}],"collection":[{"href":"https:\/\/www.woseal.com\/pt\/wp-json\/wp\/v2\/product"}],"about":[{"href":"https:\/\/www.woseal.com\/pt\/wp-json\/wp\/v2\/types\/product"}],"version-history":[{"count":3,"href":"https:\/\/www.woseal.com\/pt\/wp-json\/wp\/v2\/product\/3732\/revisions"}],"predecessor-version":[{"id":3841,"href":"https:\/\/www.woseal.com\/pt\/wp-json\/wp\/v2\/product\/3732\/revisions\/3841"}],"wp:featuredmedia":[{"embeddable":true,"href":"https:\/\/www.woseal.com\/pt\/wp-json\/wp\/v2\/media\/3737"}],"wp:attachment":[{"href":"https:\/\/www.woseal.com\/pt\/wp-json\/wp\/v2\/media?parent=3732"}],"wp:term":[{"taxonomy":"product_brand","embeddable":true,"href":"https:\/\/www.woseal.com\/pt\/wp-json\/wp\/v2\/product_brand?post=3732"},{"taxonomy":"product_cat","embeddable":true,"href":"https:\/\/www.woseal.com\/pt\/wp-json\/wp\/v2\/product_cat?post=3732"},{"taxonomy":"product_tag","embeddable":true,"href":"https:\/\/www.woseal.com\/pt\/wp-json\/wp\/v2\/product_tag?post=3732"}],"curies":[{"name":"wp","href":"https:\/\/api.w.org\/{rel}","templated":true}]}}