{"id":3753,"date":"2025-04-02T16:33:43","date_gmt":"2025-04-02T08:33:43","guid":{"rendered":"https:\/\/www.woseal.com\/?post_type=product&#038;p=3753"},"modified":"2025-04-11T11:28:46","modified_gmt":"2025-04-11T03:28:46","slug":"cbs-010-customized-cable-seals-hot-selling-container-security-seals-safe-transportation-steel-oil-tracked-trucks","status":"publish","type":"product","link":"https:\/\/www.woseal.com\/pt\/produto\/cbs-010-customized-cable-seals-hot-selling-container-security-seals-safe-transportation-steel-oil-tracked-trucks","title":{"rendered":"CBS-010 Selos de cabo personalizados Venda quente Selos de seguran\u00e7a de cont\u00eaineres Transporte seguro Caminh\u00f5es sobre trilhos de \u00f3leo de a\u00e7o"},"content":{"rendered":"<table class=\"has-title all magic-7\">\n<tbody>\n<tr>\n<td colspan=\"1\" rowspan=\"1\">\n<div class=\"magic-8\" data-spm-anchor-id=\"a2700.details.0.i74.2a2417b6m2fC0i\">Nome<\/div>\n<\/td>\n<td colspan=\"1\" rowspan=\"1\">\n<div class=\"magic-9\">CBS-010<\/div>\n<\/td>\n<\/tr>\n<tr>\n<td colspan=\"1\" rowspan=\"1\">\n<div class=\"magic-8\">Material<\/div>\n<\/td>\n<td colspan=\"1\" rowspan=\"1\">\n<div class=\"magic-9\">Metalurgia do p\u00f3, ABS, cabo de a\u00e7o A3, 7*7<\/div>\n<\/td>\n<\/tr>\n<tr>\n<td colspan=\"1\" rowspan=\"1\">\n<div class=\"magic-8\">Tamanho do corpo do cadeado<\/div>\n<\/td>\n<td colspan=\"1\" rowspan=\"1\">\n<div class=\"magic-9\">22*15*8mm<\/div>\n<\/td>\n<\/tr>\n<tr>\n<td colspan=\"1\" rowspan=\"1\">\n<div class=\"magic-8\">Di\u00e2metro<\/div>\n<\/td>\n<td colspan=\"1\" rowspan=\"1\">\n<div class=\"magic-9\">1,8 mm<\/div>\n<\/td>\n<\/tr>\n<tr>\n<td colspan=\"1\" rowspan=\"1\">\n<div class=\"magic-8\">Processo de fabrico<\/div>\n<\/td>\n<td colspan=\"1\" rowspan=\"1\">\n<div class=\"magic-9\">inje\u00e7\u00e3o\uff0cEstampagem<\/div>\n<\/td>\n<\/tr>\n<tr>\n<td colspan=\"1\" rowspan=\"1\">\n<div class=\"magic-8\">Cor<\/div>\n<\/td>\n<td colspan=\"1\" rowspan=\"1\">\n<div class=\"magic-9\">Vermelho, amarelo, outros, branco, azul, verde e assim por diante<\/div>\n<\/td>\n<\/tr>\n<tr>\n<td colspan=\"1\" rowspan=\"1\">\n<div class=\"magic-8\">Material do cabo<\/div>\n<\/td>\n<td colspan=\"1\" rowspan=\"1\">\n<div class=\"magic-9\">A\u00e7o A3<\/div>\n<\/td>\n<\/tr>\n<tr>\n<td colspan=\"1\" rowspan=\"1\">\n<div class=\"magic-8\">Comprimento do cabo<\/div>\n<\/td>\n<td colspan=\"1\" rowspan=\"1\">\n<div class=\"magic-9\">25cm, 30cm de comprimento, qualquer comprimento pode ser personalizado<\/div>\n<\/td>\n<\/tr>\n<tr>\n<td colspan=\"1\" rowspan=\"1\">\n<div class=\"magic-8\">Tipo de impress\u00e3o<\/div>\n<\/td>\n<td colspan=\"1\" rowspan=\"1\">\n<div class=\"magic-9\">Marca\u00e7\u00e3o a laser,tto<\/div>\n<\/td>\n<\/tr>\n<tr>\n<td colspan=\"1\" rowspan=\"1\">\n<div class=\"magic-8\">Marca\u00e7\u00e3o de conte\u00fados<\/div>\n<\/td>\n<td colspan=\"1\" rowspan=\"1\">\n<div class=\"magic-9\">N\u00fameros, letras, marcas, c\u00f3digos de barras<\/div>\n<\/td>\n<\/tr>\n<tr>\n<td colspan=\"1\" rowspan=\"1\">\n<div class=\"magic-8\">Aplica\u00e7\u00e3o<\/div>\n<\/td>\n<td colspan=\"1\" rowspan=\"1\">\n<div class=\"magic-9\">Supermercados, petr\u00f3leo, contentores, contentores ferrovi\u00e1rios, caixas de contadores, bolsas de banco, etc.<\/div>\n<\/td>\n<\/tr>\n<tr>\n<td colspan=\"1\" rowspan=\"1\">\n<div class=\"magic-8\">Embalagem<\/div>\n<\/td>\n<td colspan=\"1\" rowspan=\"1\">\n<div class=\"magic-9\">100 unidades\/saco de pl\u00e1stico, 1000 unidades\/caixa de cart\u00e3o, 2000 unidades\/caixa de cart\u00e3o<\/div>\n<\/td>\n<\/tr>\n<tr>\n<td colspan=\"1\" rowspan=\"1\">\n<div class=\"magic-8\">Certificado da empresa<\/div>\n<\/td>\n<td colspan=\"1\" rowspan=\"1\">\n<div class=\"magic-9\">ISO17712,ISO9001,ISO14001,ISO45001<\/div>\n<\/td>\n<\/tr>\n<\/tbody>\n<\/table>\n<p>Garanta a seguran\u00e7a do transporte de carga com o Selo de Cabo Personalizado CBS-010, uma solu\u00e7\u00e3o de alta seguran\u00e7a concebida para aplica\u00e7\u00f5es em contentores, cami\u00f5es e na ind\u00fastria petrol\u00edfera. Fabricado em a\u00e7o dur\u00e1vel e resistente \u00e0 corros\u00e3o, este selo inviol\u00e1vel proporciona uma prote\u00e7\u00e3o inigual\u00e1vel contra o acesso n\u00e3o autorizado durante o transporte. O seu design de cabo flex\u00edvel, mas robusto, permite uma f\u00e1cil instala\u00e7\u00e3o em contentores, reboques ou cami\u00f5es com lagartas, enquanto a numera\u00e7\u00e3o de s\u00e9rie \u00fanica garante a rastreabilidade e a conformidade com as normas internacionais de log\u00edstica. Personaliz\u00e1vel em cor, comprimento e marca, o CBS-010 \u00e9 ideal para proteger remessas de alto valor, materiais perigosos ou transporte de petr\u00f3leo. Constru\u00eddo para resistir a condi\u00e7\u00f5es clim\u00e1ticas extremas e tentativas de adultera\u00e7\u00e3o, ele garante tranquilidade para as cadeias de suprimentos globais.<\/p>","protected":false},"excerpt":{"rendered":"<p>O cabo de selagem CBS-010 oferece seguran\u00e7a \u00e0 prova de adultera\u00e7\u00e3o para contentores e cami\u00f5es com uma constru\u00e7\u00e3o em a\u00e7o dur\u00e1vel, op\u00e7\u00f5es personaliz\u00e1veis e n\u00fameros de s\u00e9rie rastre\u00e1veis - perfeito para o transporte seguro de petr\u00f3leo, carga e log\u00edstica.<\/p>","protected":false},"featured_media":3811,"template":"","meta":[],"product_brand":[],"product_cat":[168],"product_tag":[196,270,271,272,273,274,275,276,277],"class_list":{"0":"post-3753","1":"product","2":"type-product","3":"status-publish","4":"has-post-thumbnail","6":"product_cat-cable-seal","7":"product_tag-container-security-seals","8":"product_tag-high-security-cable-locks","9":"product_tag-tamper-proof-truck-seals","10":"product_tag-oil-industry-transportation-security","11":"product_tag-customized-steel-cable-seals","12":"product_tag-logistics-safety-seals","13":"product_tag-heavy-duty-container-locks","14":"product_tag-tracked-truck-security-seals","15":"product_tag-international-shipping-compliance-seals","17":"first","18":"instock","19":"shipping-taxable","20":"product-type-simple"},"_links":{"self":[{"href":"https:\/\/www.woseal.com\/pt\/wp-json\/wp\/v2\/product\/3753","targetHints":{"allow":["GET"]}}],"collection":[{"href":"https:\/\/www.woseal.com\/pt\/wp-json\/wp\/v2\/product"}],"about":[{"href":"https:\/\/www.woseal.com\/pt\/wp-json\/wp\/v2\/types\/product"}],"version-history":[{"count":2,"href":"https:\/\/www.woseal.com\/pt\/wp-json\/wp\/v2\/product\/3753\/revisions"}],"predecessor-version":[{"id":3820,"href":"https:\/\/www.woseal.com\/pt\/wp-json\/wp\/v2\/product\/3753\/revisions\/3820"}],"wp:featuredmedia":[{"embeddable":true,"href":"https:\/\/www.woseal.com\/pt\/wp-json\/wp\/v2\/media\/3811"}],"wp:attachment":[{"href":"https:\/\/www.woseal.com\/pt\/wp-json\/wp\/v2\/media?parent=3753"}],"wp:term":[{"taxonomy":"product_brand","embeddable":true,"href":"https:\/\/www.woseal.com\/pt\/wp-json\/wp\/v2\/product_brand?post=3753"},{"taxonomy":"product_cat","embeddable":true,"href":"https:\/\/www.woseal.com\/pt\/wp-json\/wp\/v2\/product_cat?post=3753"},{"taxonomy":"product_tag","embeddable":true,"href":"https:\/\/www.woseal.com\/pt\/wp-json\/wp\/v2\/product_tag?post=3753"}],"curies":[{"name":"wp","href":"https:\/\/api.w.org\/{rel}","templated":true}]}}